{"id":11940,"date":"2021-09-29T12:32:43","date_gmt":"2022-10-06T08:51:13","guid":{"rendered":"https:\/\/bridalfashion.com\/fara-categorie\/rochie-de-mireasa-cu-trena-regala-manuella-bf0102\/"},"modified":"2022-10-06T10:51:13","modified_gmt":"2022-10-06T08:51:13","slug":"rochie-de-mireasa-tren-regal-manuella-bf0102","status":"publish","type":"product","link":"https:\/\/bridalfashion.com\/ro\/monopoli-ro\/rochie-de-mireasa-tren-regal-manuella-bf0102\/","title":{"rendered":"Rochie de mireasa cu trena regala MANUELLA &#8211; BF0102"},"content":{"rendered":"<h2>Descrierea modelului MANUELLA rochie de mireas\u0103 superb\u0103 cu un d\u00e9cor de lux<\/h2>\n<p>Rochia de nunt\u0103 cu tren\u0103 regal\u0103 MANUELLA de culoare ivory este realizat\u0103 din materii de elit\u0103 \u0219i decorat\u0103 de m\u00e2n\u0103. Corsetul transparent cu m\u00e2neci lungi este brodat manual cu ornamente din dantel\u0103 din ghipur\u0103 francez\u0103 cu pietricele. La spate are o \u00eencheietoare stilat\u0103 vertical\u0103. Fusta din tul este prelucrat\u0103 jos cu o panglic\u0103 larg\u0103 \u0219i groas\u0103 care \u00eei men\u021bine forma frumoas\u0103, talia este eviden\u021biat\u0103 cu aplica\u021bii din dantel\u0103. Rochia de nunt\u0103 cu o tren\u0103 regal\u0103 MANUELLA este \u021binuta perfect\u0103 pentru cea mai frumoas\u0103 mires\u0103 \u015fi o nunta de lux.<\/p>\n","protected":false},"excerpt":{"rendered":"<p>Descrierea modelului MANUELLA rochie de mireas\u0103 superb\u0103 cu un d\u00e9cor de lux Rochia de nunt\u0103 cu tren\u0103 regal\u0103 MANUELLA de culoare ivory este realizat\u0103 din materii de elit\u0103 \u0219i decorat\u0103 de m\u00e2n\u0103. Corsetul transparent cu m\u00e2neci lungi este brodat manual cu ornamente din dantel\u0103 din ghipur\u0103 francez\u0103 cu pietricele. La spate are o \u00eencheietoare stilat\u0103&hellip;<\/p>\n","protected":false},"featured_media":6705,"comment_status":"open","ping_status":"closed","template":"","meta":[],"product_brand":[],"product_cat":[952],"product_tag":[],"class_list":{"0":"post-11940","1":"product","2":"type-product","3":"status-publish","4":"has-post-thumbnail","6":"product_cat-monopoli-ro","8":"first","9":"instock","10":"taxable","11":"shipping-taxable","12":"product-type-simple"},"yoast_head":"<!-- This site is optimized with the Yoast SEO plugin v27.5 - https:\/\/yoast.com\/product\/yoast-seo-wordpress\/ -->\n<title>Rochie de mireasa cu trena regala MANUELLA - BF0102 - BRIDAL FASHION \u2122 | Luxurious Wedding Dresses &amp; Fashionable Gowns for Women, Girls and Kids<\/title>\n<meta name=\"description\" content=\"Rochie de nunt\u0103 cu tren\u0103 regal\u0103 MANUELLA - BF0102 de culoare ivory. Bustul transparent cu m\u00e2neci lungi \u015fi fusta A-line sunt decorate cu aplic\u0163ii din dantel\u0103 \u015fi pietricele.\" \/>\n<meta name=\"robots\" content=\"index, follow, max-snippet:-1, max-image-preview:large, max-video-preview:-1\" \/>\n<link rel=\"canonical\" href=\"https:\/\/bridalfashion.com\/ro\/monopoli-ro\/rochie-de-mireasa-tren-regal-manuella-bf0102\/\" \/>\n<meta property=\"og:locale\" content=\"ro_RO\" \/>\n<meta property=\"og:type\" content=\"article\" \/>\n<meta property=\"og:title\" content=\"Rochie de mireasa cu trena regala MANUELLA - BF0102 - BRIDAL FASHION \u2122 | Luxurious Wedding Dresses &amp; Fashionable Gowns for Women, Girls and Kids\" \/>\n<meta property=\"og:description\" content=\"Rochie de nunt\u0103 cu tren\u0103 regal\u0103 MANUELLA - BF0102 de culoare ivory. Bustul transparent cu m\u00e2neci lungi \u015fi fusta A-line sunt decorate cu aplic\u0163ii din dantel\u0103 \u015fi pietricele.\" \/>\n<meta property=\"og:url\" content=\"https:\/\/bridalfashion.com\/ro\/monopoli-ro\/rochie-de-mireasa-tren-regal-manuella-bf0102\/\" \/>\n<meta property=\"og:site_name\" content=\"BRIDAL FASHION \u2122 | Luxurious Wedding Dresses &amp; Fashionable Gowns for Women, Girls and Kids\" \/>\n<meta property=\"og:image\" content=\"https:\/\/bridalfashion.com\/wp-content\/uploads\/2021\/09\/BF0102_C.jpg\" \/>\n\t<meta property=\"og:image:width\" content=\"1516\" \/>\n\t<meta property=\"og:image:height\" content=\"2000\" \/>\n\t<meta property=\"og:image:type\" content=\"image\/jpeg\" \/>\n<meta name=\"twitter:card\" content=\"summary_large_image\" \/>\n<meta name=\"twitter:label1\" content=\"Timp estimat pentru citire\" \/>\n\t<meta name=\"twitter:data1\" content=\"1 minut\" \/>\n<script type=\"application\/ld+json\" class=\"yoast-schema-graph\">{\"@context\":\"https:\\\/\\\/schema.org\",\"@graph\":[{\"@type\":\"WebPage\",\"@id\":\"https:\\\/\\\/bridalfashion.com\\\/ro\\\/monopoli-ro\\\/rochie-de-mireasa-tren-regal-manuella-bf0102\\\/\",\"url\":\"https:\\\/\\\/bridalfashion.com\\\/ro\\\/monopoli-ro\\\/rochie-de-mireasa-tren-regal-manuella-bf0102\\\/\",\"name\":\"Rochie de mireasa cu trena regala MANUELLA - BF0102 - BRIDAL FASHION \u2122 | Luxurious Wedding Dresses &amp; Fashionable Gowns for Women, Girls and Kids\",\"isPartOf\":{\"@id\":\"https:\\\/\\\/bridalfashion.com\\\/ro\\\/#website\"},\"primaryImageOfPage\":{\"@id\":\"https:\\\/\\\/bridalfashion.com\\\/ro\\\/monopoli-ro\\\/rochie-de-mireasa-tren-regal-manuella-bf0102\\\/#primaryimage\"},\"image\":{\"@id\":\"https:\\\/\\\/bridalfashion.com\\\/ro\\\/monopoli-ro\\\/rochie-de-mireasa-tren-regal-manuella-bf0102\\\/#primaryimage\"},\"thumbnailUrl\":\"https:\\\/\\\/bridalfashion.com\\\/wp-content\\\/uploads\\\/2021\\\/09\\\/BF0102_C.jpg\",\"datePublished\":\"2022-10-06T08:51:13+00:00\",\"description\":\"Rochie de nunt\u0103 cu tren\u0103 regal\u0103 MANUELLA - BF0102 de culoare ivory. Bustul transparent cu m\u00e2neci lungi \u015fi fusta A-line sunt decorate cu aplic\u0163ii din dantel\u0103 \u015fi pietricele.\",\"breadcrumb\":{\"@id\":\"https:\\\/\\\/bridalfashion.com\\\/ro\\\/monopoli-ro\\\/rochie-de-mireasa-tren-regal-manuella-bf0102\\\/#breadcrumb\"},\"inLanguage\":\"ro-RO\",\"potentialAction\":[{\"@type\":\"ReadAction\",\"target\":[\"https:\\\/\\\/bridalfashion.com\\\/ro\\\/monopoli-ro\\\/rochie-de-mireasa-tren-regal-manuella-bf0102\\\/\"]}]},{\"@type\":\"ImageObject\",\"inLanguage\":\"ro-RO\",\"@id\":\"https:\\\/\\\/bridalfashion.com\\\/ro\\\/monopoli-ro\\\/rochie-de-mireasa-tren-regal-manuella-bf0102\\\/#primaryimage\",\"url\":\"https:\\\/\\\/bridalfashion.com\\\/wp-content\\\/uploads\\\/2021\\\/09\\\/BF0102_C.jpg\",\"contentUrl\":\"https:\\\/\\\/bridalfashion.com\\\/wp-content\\\/uploads\\\/2021\\\/09\\\/BF0102_C.jpg\",\"width\":1516,\"height\":2000,\"caption\":\"Rochie de mireasa MANUELLA - BF0102 Foto 2 - BRIDAL FASHION\"},{\"@type\":\"BreadcrumbList\",\"@id\":\"https:\\\/\\\/bridalfashion.com\\\/ro\\\/monopoli-ro\\\/rochie-de-mireasa-tren-regal-manuella-bf0102\\\/#breadcrumb\",\"itemListElement\":[{\"@type\":\"ListItem\",\"position\":1,\"name\":\"Home\",\"item\":\"https:\\\/\\\/bridalfashion.com\\\/ro\\\/\"},{\"@type\":\"ListItem\",\"position\":2,\"name\":\"Shop\",\"item\":\"https:\\\/\\\/bridalfashion.com\\\/shop-2\\\/\"},{\"@type\":\"ListItem\",\"position\":3,\"name\":\"Rochie de mireasa cu trena regala MANUELLA &#8211; BF0102\"}]},{\"@type\":\"WebSite\",\"@id\":\"https:\\\/\\\/bridalfashion.com\\\/ro\\\/#website\",\"url\":\"https:\\\/\\\/bridalfashion.com\\\/ro\\\/\",\"name\":\"BRIDAL FASHION \u2122 | Luxurious Wedding Dresses &amp; Fashionable Gowns for Women, Girls and Kids\",\"description\":\"Welcome the leading manufacturer and supplier of wedding dresses. We offer in wholesale a large selection of high quality wedding dress collections and accessories for your business at competitive prices. Shop our full range of bridal products today!\",\"publisher\":{\"@id\":\"https:\\\/\\\/bridalfashion.com\\\/ro\\\/#organization\"},\"potentialAction\":[{\"@type\":\"SearchAction\",\"target\":{\"@type\":\"EntryPoint\",\"urlTemplate\":\"https:\\\/\\\/bridalfashion.com\\\/ro\\\/?s={search_term_string}\"},\"query-input\":{\"@type\":\"PropertyValueSpecification\",\"valueRequired\":true,\"valueName\":\"search_term_string\"}}],\"inLanguage\":\"ro-RO\"},{\"@type\":\"Organization\",\"@id\":\"https:\\\/\\\/bridalfashion.com\\\/ro\\\/#organization\",\"name\":\"BRIDAL FASHION \u2122 | Luxurious Wedding Dresses &amp; Fashionable Gowns for Women, Girls and Kids\",\"url\":\"https:\\\/\\\/bridalfashion.com\\\/ro\\\/\",\"logo\":{\"@type\":\"ImageObject\",\"inLanguage\":\"ro-RO\",\"@id\":\"https:\\\/\\\/bridalfashion.com\\\/ro\\\/#\\\/schema\\\/logo\\\/image\\\/\",\"url\":\"https:\\\/\\\/bridalfashion.com\\\/wp-content\\\/uploads\\\/2022\\\/05\\\/cropped-BFG.png\",\"contentUrl\":\"https:\\\/\\\/bridalfashion.com\\\/wp-content\\\/uploads\\\/2022\\\/05\\\/cropped-BFG.png\",\"width\":1771,\"height\":119,\"caption\":\"BRIDAL FASHION \u2122 | Luxurious Wedding Dresses &amp; Fashionable Gowns for Women, Girls and Kids\"},\"image\":{\"@id\":\"https:\\\/\\\/bridalfashion.com\\\/ro\\\/#\\\/schema\\\/logo\\\/image\\\/\"}}]}<\/script>\n<!-- \/ Yoast SEO plugin. -->","yoast_head_json":{"title":"Rochie de mireasa cu trena regala MANUELLA - BF0102 - BRIDAL FASHION \u2122 | Luxurious Wedding Dresses &amp; Fashionable Gowns for Women, Girls and Kids","description":"Rochie de nunt\u0103 cu tren\u0103 regal\u0103 MANUELLA - BF0102 de culoare ivory. Bustul transparent cu m\u00e2neci lungi \u015fi fusta A-line sunt decorate cu aplic\u0163ii din dantel\u0103 \u015fi pietricele.","robots":{"index":"index","follow":"follow","max-snippet":"max-snippet:-1","max-image-preview":"max-image-preview:large","max-video-preview":"max-video-preview:-1"},"canonical":"https:\/\/bridalfashion.com\/ro\/monopoli-ro\/rochie-de-mireasa-tren-regal-manuella-bf0102\/","og_locale":"ro_RO","og_type":"article","og_title":"Rochie de mireasa cu trena regala MANUELLA - BF0102 - BRIDAL FASHION \u2122 | Luxurious Wedding Dresses &amp; Fashionable Gowns for Women, Girls and Kids","og_description":"Rochie de nunt\u0103 cu tren\u0103 regal\u0103 MANUELLA - BF0102 de culoare ivory. Bustul transparent cu m\u00e2neci lungi \u015fi fusta A-line sunt decorate cu aplic\u0163ii din dantel\u0103 \u015fi pietricele.","og_url":"https:\/\/bridalfashion.com\/ro\/monopoli-ro\/rochie-de-mireasa-tren-regal-manuella-bf0102\/","og_site_name":"BRIDAL FASHION \u2122 | Luxurious Wedding Dresses &amp; Fashionable Gowns for Women, Girls and Kids","og_image":[{"width":1516,"height":2000,"url":"https:\/\/bridalfashion.com\/wp-content\/uploads\/2021\/09\/BF0102_C.jpg","type":"image\/jpeg"}],"twitter_card":"summary_large_image","twitter_misc":{"Timp estimat pentru citire":"1 minut"},"schema":{"@context":"https:\/\/schema.org","@graph":[{"@type":"WebPage","@id":"https:\/\/bridalfashion.com\/ro\/monopoli-ro\/rochie-de-mireasa-tren-regal-manuella-bf0102\/","url":"https:\/\/bridalfashion.com\/ro\/monopoli-ro\/rochie-de-mireasa-tren-regal-manuella-bf0102\/","name":"Rochie de mireasa cu trena regala MANUELLA - BF0102 - BRIDAL FASHION \u2122 | Luxurious Wedding Dresses &amp; Fashionable Gowns for Women, Girls and Kids","isPartOf":{"@id":"https:\/\/bridalfashion.com\/ro\/#website"},"primaryImageOfPage":{"@id":"https:\/\/bridalfashion.com\/ro\/monopoli-ro\/rochie-de-mireasa-tren-regal-manuella-bf0102\/#primaryimage"},"image":{"@id":"https:\/\/bridalfashion.com\/ro\/monopoli-ro\/rochie-de-mireasa-tren-regal-manuella-bf0102\/#primaryimage"},"thumbnailUrl":"https:\/\/bridalfashion.com\/wp-content\/uploads\/2021\/09\/BF0102_C.jpg","datePublished":"2022-10-06T08:51:13+00:00","description":"Rochie de nunt\u0103 cu tren\u0103 regal\u0103 MANUELLA - BF0102 de culoare ivory. Bustul transparent cu m\u00e2neci lungi \u015fi fusta A-line sunt decorate cu aplic\u0163ii din dantel\u0103 \u015fi pietricele.","breadcrumb":{"@id":"https:\/\/bridalfashion.com\/ro\/monopoli-ro\/rochie-de-mireasa-tren-regal-manuella-bf0102\/#breadcrumb"},"inLanguage":"ro-RO","potentialAction":[{"@type":"ReadAction","target":["https:\/\/bridalfashion.com\/ro\/monopoli-ro\/rochie-de-mireasa-tren-regal-manuella-bf0102\/"]}]},{"@type":"ImageObject","inLanguage":"ro-RO","@id":"https:\/\/bridalfashion.com\/ro\/monopoli-ro\/rochie-de-mireasa-tren-regal-manuella-bf0102\/#primaryimage","url":"https:\/\/bridalfashion.com\/wp-content\/uploads\/2021\/09\/BF0102_C.jpg","contentUrl":"https:\/\/bridalfashion.com\/wp-content\/uploads\/2021\/09\/BF0102_C.jpg","width":1516,"height":2000,"caption":"Rochie de mireasa MANUELLA - BF0102 Foto 2 - BRIDAL FASHION"},{"@type":"BreadcrumbList","@id":"https:\/\/bridalfashion.com\/ro\/monopoli-ro\/rochie-de-mireasa-tren-regal-manuella-bf0102\/#breadcrumb","itemListElement":[{"@type":"ListItem","position":1,"name":"Home","item":"https:\/\/bridalfashion.com\/ro\/"},{"@type":"ListItem","position":2,"name":"Shop","item":"https:\/\/bridalfashion.com\/shop-2\/"},{"@type":"ListItem","position":3,"name":"Rochie de mireasa cu trena regala MANUELLA &#8211; BF0102"}]},{"@type":"WebSite","@id":"https:\/\/bridalfashion.com\/ro\/#website","url":"https:\/\/bridalfashion.com\/ro\/","name":"BRIDAL FASHION \u2122 | Luxurious Wedding Dresses &amp; Fashionable Gowns for Women, Girls and Kids","description":"Welcome the leading manufacturer and supplier of wedding dresses. We offer in wholesale a large selection of high quality wedding dress collections and accessories for your business at competitive prices. Shop our full range of bridal products today!","publisher":{"@id":"https:\/\/bridalfashion.com\/ro\/#organization"},"potentialAction":[{"@type":"SearchAction","target":{"@type":"EntryPoint","urlTemplate":"https:\/\/bridalfashion.com\/ro\/?s={search_term_string}"},"query-input":{"@type":"PropertyValueSpecification","valueRequired":true,"valueName":"search_term_string"}}],"inLanguage":"ro-RO"},{"@type":"Organization","@id":"https:\/\/bridalfashion.com\/ro\/#organization","name":"BRIDAL FASHION \u2122 | Luxurious Wedding Dresses &amp; Fashionable Gowns for Women, Girls and Kids","url":"https:\/\/bridalfashion.com\/ro\/","logo":{"@type":"ImageObject","inLanguage":"ro-RO","@id":"https:\/\/bridalfashion.com\/ro\/#\/schema\/logo\/image\/","url":"https:\/\/bridalfashion.com\/wp-content\/uploads\/2022\/05\/cropped-BFG.png","contentUrl":"https:\/\/bridalfashion.com\/wp-content\/uploads\/2022\/05\/cropped-BFG.png","width":1771,"height":119,"caption":"BRIDAL FASHION \u2122 | Luxurious Wedding Dresses &amp; Fashionable Gowns for Women, Girls and Kids"},"image":{"@id":"https:\/\/bridalfashion.com\/ro\/#\/schema\/logo\/image\/"}}]}},"_links":{"self":[{"href":"https:\/\/bridalfashion.com\/ro\/wp-json\/wp\/v2\/product\/11940","targetHints":{"allow":["GET"]}}],"collection":[{"href":"https:\/\/bridalfashion.com\/ro\/wp-json\/wp\/v2\/product"}],"about":[{"href":"https:\/\/bridalfashion.com\/ro\/wp-json\/wp\/v2\/types\/product"}],"replies":[{"embeddable":true,"href":"https:\/\/bridalfashion.com\/ro\/wp-json\/wp\/v2\/comments?post=11940"}],"wp:featuredmedia":[{"embeddable":true,"href":"https:\/\/bridalfashion.com\/ro\/wp-json\/wp\/v2\/media\/6705"}],"wp:attachment":[{"href":"https:\/\/bridalfashion.com\/ro\/wp-json\/wp\/v2\/media?parent=11940"}],"wp:term":[{"taxonomy":"product_brand","embeddable":true,"href":"https:\/\/bridalfashion.com\/ro\/wp-json\/wp\/v2\/product_brand?post=11940"},{"taxonomy":"product_cat","embeddable":true,"href":"https:\/\/bridalfashion.com\/ro\/wp-json\/wp\/v2\/product_cat?post=11940"},{"taxonomy":"product_tag","embeddable":true,"href":"https:\/\/bridalfashion.com\/ro\/wp-json\/wp\/v2\/product_tag?post=11940"}],"curies":[{"name":"wp","href":"https:\/\/api.w.org\/{rel}","templated":true}]}}