{"id":11938,"date":"2021-09-29T12:20:49","date_gmt":"2022-10-06T08:40:38","guid":{"rendered":"https:\/\/bridalfashion.com\/fara-categorie\/rochie-de-mireasa-romantica-michelle-bf0101\/"},"modified":"2022-10-06T10:40:38","modified_gmt":"2022-10-06T08:40:38","slug":"tinuta-de-nunta-romantica-michelle-bf0101","status":"publish","type":"product","link":"https:\/\/bridalfashion.com\/ro\/monopoli-ro\/tinuta-de-nunta-romantica-michelle-bf0101\/","title":{"rendered":"Rochie de mireasa romantica MICHELLE &#8211; BF0101"},"content":{"rendered":"<h2>Descrierea modelului MICHELLE &#8211; o rochie aristocratic\u0103, cu un decor elegant realizat manual<\/h2>\n<p>O rochie impresionant\u0103 de culore ivory realizat\u0103 din materiale luxoase. Corsetul mulat, cu un decolteu ad\u00e2nc tip \u201einimioar\u0103\u201d, cu m\u00e2neci lungi, este acoperit cu tul transparent. Linia umerilor \u0219i decolteul sunt eviden\u0163ia\u0163i cu un ornament elegant. Partea de sus este decorat\u0103 manual cu ornamente din dantel\u0103, cristale \u0219i m\u0103rgele din sticl\u0103. Aceast\u0103 rochie romantic\u0103 de mireas\u0103 MICHELLE are o \u00eencheietoare vertical\u0103 din nasturi de cristal \u00een spate. Fusta A-line, cu pliuri mari opuse \u00een talie este realizat\u0103 dintr-un satin str\u0103lucitor perfect. Rochia de mireasa romantica MICHELLE este completat\u0103 cu o tren\u0103 luxoas\u0103. Voalul cu marginea din pietre de cristal se potrive\u015fte perfect cu aceast\u0103 rochie aristocratic\u0103.<\/p>\n","protected":false},"excerpt":{"rendered":"<p>Descrierea modelului MICHELLE &#8211; o rochie aristocratic\u0103, cu un decor elegant realizat manual O rochie impresionant\u0103 de culore ivory realizat\u0103 din materiale luxoase. Corsetul mulat, cu un decolteu ad\u00e2nc tip \u201einimioar\u0103\u201d, cu m\u00e2neci lungi, este acoperit cu tul transparent. Linia umerilor \u0219i decolteul sunt eviden\u0163ia\u0163i cu un ornament elegant. Partea de sus este decorat\u0103 manual&hellip;<\/p>\n","protected":false},"featured_media":6696,"comment_status":"open","ping_status":"closed","template":"","meta":[],"product_brand":[],"product_cat":[952],"product_tag":[],"class_list":{"0":"post-11938","1":"product","2":"type-product","3":"status-publish","4":"has-post-thumbnail","6":"product_cat-monopoli-ro","8":"first","9":"instock","10":"taxable","11":"shipping-taxable","12":"product-type-simple"},"yoast_head":"<!-- This site is optimized with the Yoast SEO plugin v27.5 - https:\/\/yoast.com\/product\/yoast-seo-wordpress\/ -->\n<title>Rochie de mireasa romantica MICHELLE - BF0101 - BRIDAL FASHION \u2122 | Luxurious Wedding Dresses &amp; Fashionable Gowns for Women, Girls and Kids<\/title>\n<meta name=\"description\" content=\"Rochia romantic\u0103 de nunt\u0103 MICHELLE - BF0101 are bustiera transparent\u0103, cu m\u00e2neci lungi \u0219i decorat\u0103 manual. Fusta este realizat\u0103 din satin str\u0103lucitor \u0219i completat\u0103 de o tren\u0103 frumoas\u0103.\" \/>\n<meta name=\"robots\" content=\"index, follow, max-snippet:-1, max-image-preview:large, max-video-preview:-1\" \/>\n<link rel=\"canonical\" href=\"https:\/\/bridalfashion.com\/ro\/monopoli-ro\/tinuta-de-nunta-romantica-michelle-bf0101\/\" \/>\n<meta property=\"og:locale\" content=\"ro_RO\" \/>\n<meta property=\"og:type\" content=\"article\" \/>\n<meta property=\"og:title\" content=\"Rochie de mireasa romantica MICHELLE - BF0101 - BRIDAL FASHION \u2122 | Luxurious Wedding Dresses &amp; Fashionable Gowns for Women, Girls and Kids\" \/>\n<meta property=\"og:description\" content=\"Rochia romantic\u0103 de nunt\u0103 MICHELLE - BF0101 are bustiera transparent\u0103, cu m\u00e2neci lungi \u0219i decorat\u0103 manual. Fusta este realizat\u0103 din satin str\u0103lucitor \u0219i completat\u0103 de o tren\u0103 frumoas\u0103.\" \/>\n<meta property=\"og:url\" content=\"https:\/\/bridalfashion.com\/ro\/monopoli-ro\/tinuta-de-nunta-romantica-michelle-bf0101\/\" \/>\n<meta property=\"og:site_name\" content=\"BRIDAL FASHION \u2122 | Luxurious Wedding Dresses &amp; Fashionable Gowns for Women, Girls and Kids\" \/>\n<meta property=\"og:image\" content=\"https:\/\/bridalfashion.com\/wp-content\/uploads\/2021\/09\/BF0101_B_H-scaled.jpg\" \/>\n\t<meta property=\"og:image:width\" content=\"2560\" \/>\n\t<meta property=\"og:image:height\" content=\"1707\" \/>\n\t<meta property=\"og:image:type\" content=\"image\/jpeg\" \/>\n<meta name=\"twitter:card\" content=\"summary_large_image\" \/>\n<meta name=\"twitter:label1\" content=\"Timp estimat pentru citire\" \/>\n\t<meta name=\"twitter:data1\" content=\"1 minut\" \/>\n<script type=\"application\/ld+json\" class=\"yoast-schema-graph\">{\"@context\":\"https:\\\/\\\/schema.org\",\"@graph\":[{\"@type\":\"WebPage\",\"@id\":\"https:\\\/\\\/bridalfashion.com\\\/ro\\\/monopoli-ro\\\/tinuta-de-nunta-romantica-michelle-bf0101\\\/\",\"url\":\"https:\\\/\\\/bridalfashion.com\\\/ro\\\/monopoli-ro\\\/tinuta-de-nunta-romantica-michelle-bf0101\\\/\",\"name\":\"Rochie de mireasa romantica MICHELLE - BF0101 - BRIDAL FASHION \u2122 | Luxurious Wedding Dresses &amp; Fashionable Gowns for Women, Girls and Kids\",\"isPartOf\":{\"@id\":\"https:\\\/\\\/bridalfashion.com\\\/ro\\\/#website\"},\"primaryImageOfPage\":{\"@id\":\"https:\\\/\\\/bridalfashion.com\\\/ro\\\/monopoli-ro\\\/tinuta-de-nunta-romantica-michelle-bf0101\\\/#primaryimage\"},\"image\":{\"@id\":\"https:\\\/\\\/bridalfashion.com\\\/ro\\\/monopoli-ro\\\/tinuta-de-nunta-romantica-michelle-bf0101\\\/#primaryimage\"},\"thumbnailUrl\":\"https:\\\/\\\/bridalfashion.com\\\/wp-content\\\/uploads\\\/2021\\\/09\\\/BF0101_B_H-scaled.jpg\",\"datePublished\":\"2022-10-06T08:40:38+00:00\",\"description\":\"Rochia romantic\u0103 de nunt\u0103 MICHELLE - BF0101 are bustiera transparent\u0103, cu m\u00e2neci lungi \u0219i decorat\u0103 manual. Fusta este realizat\u0103 din satin str\u0103lucitor \u0219i completat\u0103 de o tren\u0103 frumoas\u0103.\",\"breadcrumb\":{\"@id\":\"https:\\\/\\\/bridalfashion.com\\\/ro\\\/monopoli-ro\\\/tinuta-de-nunta-romantica-michelle-bf0101\\\/#breadcrumb\"},\"inLanguage\":\"ro-RO\",\"potentialAction\":[{\"@type\":\"ReadAction\",\"target\":[\"https:\\\/\\\/bridalfashion.com\\\/ro\\\/monopoli-ro\\\/tinuta-de-nunta-romantica-michelle-bf0101\\\/\"]}]},{\"@type\":\"ImageObject\",\"inLanguage\":\"ro-RO\",\"@id\":\"https:\\\/\\\/bridalfashion.com\\\/ro\\\/monopoli-ro\\\/tinuta-de-nunta-romantica-michelle-bf0101\\\/#primaryimage\",\"url\":\"https:\\\/\\\/bridalfashion.com\\\/wp-content\\\/uploads\\\/2021\\\/09\\\/BF0101_B_H-scaled.jpg\",\"contentUrl\":\"https:\\\/\\\/bridalfashion.com\\\/wp-content\\\/uploads\\\/2021\\\/09\\\/BF0101_B_H-scaled.jpg\",\"width\":2560,\"height\":1707,\"caption\":\"Rochie de mireasa MICHELLE - BF0101 Foto 3 - BRIDAL FASHION\"},{\"@type\":\"BreadcrumbList\",\"@id\":\"https:\\\/\\\/bridalfashion.com\\\/ro\\\/monopoli-ro\\\/tinuta-de-nunta-romantica-michelle-bf0101\\\/#breadcrumb\",\"itemListElement\":[{\"@type\":\"ListItem\",\"position\":1,\"name\":\"Home\",\"item\":\"https:\\\/\\\/bridalfashion.com\\\/ro\\\/\"},{\"@type\":\"ListItem\",\"position\":2,\"name\":\"Shop\",\"item\":\"https:\\\/\\\/bridalfashion.com\\\/shop-2\\\/\"},{\"@type\":\"ListItem\",\"position\":3,\"name\":\"Rochie de mireasa romantica MICHELLE &#8211; BF0101\"}]},{\"@type\":\"WebSite\",\"@id\":\"https:\\\/\\\/bridalfashion.com\\\/ro\\\/#website\",\"url\":\"https:\\\/\\\/bridalfashion.com\\\/ro\\\/\",\"name\":\"BRIDAL FASHION \u2122 | Luxurious Wedding Dresses &amp; Fashionable Gowns for Women, Girls and Kids\",\"description\":\"Welcome the leading manufacturer and supplier of wedding dresses. We offer in wholesale a large selection of high quality wedding dress collections and accessories for your business at competitive prices. Shop our full range of bridal products today!\",\"publisher\":{\"@id\":\"https:\\\/\\\/bridalfashion.com\\\/ro\\\/#organization\"},\"potentialAction\":[{\"@type\":\"SearchAction\",\"target\":{\"@type\":\"EntryPoint\",\"urlTemplate\":\"https:\\\/\\\/bridalfashion.com\\\/ro\\\/?s={search_term_string}\"},\"query-input\":{\"@type\":\"PropertyValueSpecification\",\"valueRequired\":true,\"valueName\":\"search_term_string\"}}],\"inLanguage\":\"ro-RO\"},{\"@type\":\"Organization\",\"@id\":\"https:\\\/\\\/bridalfashion.com\\\/ro\\\/#organization\",\"name\":\"BRIDAL FASHION \u2122 | Luxurious Wedding Dresses &amp; Fashionable Gowns for Women, Girls and Kids\",\"url\":\"https:\\\/\\\/bridalfashion.com\\\/ro\\\/\",\"logo\":{\"@type\":\"ImageObject\",\"inLanguage\":\"ro-RO\",\"@id\":\"https:\\\/\\\/bridalfashion.com\\\/ro\\\/#\\\/schema\\\/logo\\\/image\\\/\",\"url\":\"https:\\\/\\\/bridalfashion.com\\\/wp-content\\\/uploads\\\/2022\\\/05\\\/cropped-BFG.png\",\"contentUrl\":\"https:\\\/\\\/bridalfashion.com\\\/wp-content\\\/uploads\\\/2022\\\/05\\\/cropped-BFG.png\",\"width\":1771,\"height\":119,\"caption\":\"BRIDAL FASHION \u2122 | Luxurious Wedding Dresses &amp; Fashionable Gowns for Women, Girls and Kids\"},\"image\":{\"@id\":\"https:\\\/\\\/bridalfashion.com\\\/ro\\\/#\\\/schema\\\/logo\\\/image\\\/\"}}]}<\/script>\n<!-- \/ Yoast SEO plugin. -->","yoast_head_json":{"title":"Rochie de mireasa romantica MICHELLE - BF0101 - BRIDAL FASHION \u2122 | Luxurious Wedding Dresses &amp; Fashionable Gowns for Women, Girls and Kids","description":"Rochia romantic\u0103 de nunt\u0103 MICHELLE - BF0101 are bustiera transparent\u0103, cu m\u00e2neci lungi \u0219i decorat\u0103 manual. Fusta este realizat\u0103 din satin str\u0103lucitor \u0219i completat\u0103 de o tren\u0103 frumoas\u0103.","robots":{"index":"index","follow":"follow","max-snippet":"max-snippet:-1","max-image-preview":"max-image-preview:large","max-video-preview":"max-video-preview:-1"},"canonical":"https:\/\/bridalfashion.com\/ro\/monopoli-ro\/tinuta-de-nunta-romantica-michelle-bf0101\/","og_locale":"ro_RO","og_type":"article","og_title":"Rochie de mireasa romantica MICHELLE - BF0101 - BRIDAL FASHION \u2122 | Luxurious Wedding Dresses &amp; Fashionable Gowns for Women, Girls and Kids","og_description":"Rochia romantic\u0103 de nunt\u0103 MICHELLE - BF0101 are bustiera transparent\u0103, cu m\u00e2neci lungi \u0219i decorat\u0103 manual. Fusta este realizat\u0103 din satin str\u0103lucitor \u0219i completat\u0103 de o tren\u0103 frumoas\u0103.","og_url":"https:\/\/bridalfashion.com\/ro\/monopoli-ro\/tinuta-de-nunta-romantica-michelle-bf0101\/","og_site_name":"BRIDAL FASHION \u2122 | Luxurious Wedding Dresses &amp; Fashionable Gowns for Women, Girls and Kids","og_image":[{"width":2560,"height":1707,"url":"https:\/\/bridalfashion.com\/wp-content\/uploads\/2021\/09\/BF0101_B_H-scaled.jpg","type":"image\/jpeg"}],"twitter_card":"summary_large_image","twitter_misc":{"Timp estimat pentru citire":"1 minut"},"schema":{"@context":"https:\/\/schema.org","@graph":[{"@type":"WebPage","@id":"https:\/\/bridalfashion.com\/ro\/monopoli-ro\/tinuta-de-nunta-romantica-michelle-bf0101\/","url":"https:\/\/bridalfashion.com\/ro\/monopoli-ro\/tinuta-de-nunta-romantica-michelle-bf0101\/","name":"Rochie de mireasa romantica MICHELLE - BF0101 - BRIDAL FASHION \u2122 | Luxurious Wedding Dresses &amp; Fashionable Gowns for Women, Girls and Kids","isPartOf":{"@id":"https:\/\/bridalfashion.com\/ro\/#website"},"primaryImageOfPage":{"@id":"https:\/\/bridalfashion.com\/ro\/monopoli-ro\/tinuta-de-nunta-romantica-michelle-bf0101\/#primaryimage"},"image":{"@id":"https:\/\/bridalfashion.com\/ro\/monopoli-ro\/tinuta-de-nunta-romantica-michelle-bf0101\/#primaryimage"},"thumbnailUrl":"https:\/\/bridalfashion.com\/wp-content\/uploads\/2021\/09\/BF0101_B_H-scaled.jpg","datePublished":"2022-10-06T08:40:38+00:00","description":"Rochia romantic\u0103 de nunt\u0103 MICHELLE - BF0101 are bustiera transparent\u0103, cu m\u00e2neci lungi \u0219i decorat\u0103 manual. Fusta este realizat\u0103 din satin str\u0103lucitor \u0219i completat\u0103 de o tren\u0103 frumoas\u0103.","breadcrumb":{"@id":"https:\/\/bridalfashion.com\/ro\/monopoli-ro\/tinuta-de-nunta-romantica-michelle-bf0101\/#breadcrumb"},"inLanguage":"ro-RO","potentialAction":[{"@type":"ReadAction","target":["https:\/\/bridalfashion.com\/ro\/monopoli-ro\/tinuta-de-nunta-romantica-michelle-bf0101\/"]}]},{"@type":"ImageObject","inLanguage":"ro-RO","@id":"https:\/\/bridalfashion.com\/ro\/monopoli-ro\/tinuta-de-nunta-romantica-michelle-bf0101\/#primaryimage","url":"https:\/\/bridalfashion.com\/wp-content\/uploads\/2021\/09\/BF0101_B_H-scaled.jpg","contentUrl":"https:\/\/bridalfashion.com\/wp-content\/uploads\/2021\/09\/BF0101_B_H-scaled.jpg","width":2560,"height":1707,"caption":"Rochie de mireasa MICHELLE - BF0101 Foto 3 - BRIDAL FASHION"},{"@type":"BreadcrumbList","@id":"https:\/\/bridalfashion.com\/ro\/monopoli-ro\/tinuta-de-nunta-romantica-michelle-bf0101\/#breadcrumb","itemListElement":[{"@type":"ListItem","position":1,"name":"Home","item":"https:\/\/bridalfashion.com\/ro\/"},{"@type":"ListItem","position":2,"name":"Shop","item":"https:\/\/bridalfashion.com\/shop-2\/"},{"@type":"ListItem","position":3,"name":"Rochie de mireasa romantica MICHELLE &#8211; BF0101"}]},{"@type":"WebSite","@id":"https:\/\/bridalfashion.com\/ro\/#website","url":"https:\/\/bridalfashion.com\/ro\/","name":"BRIDAL FASHION \u2122 | Luxurious Wedding Dresses &amp; Fashionable Gowns for Women, Girls and Kids","description":"Welcome the leading manufacturer and supplier of wedding dresses. We offer in wholesale a large selection of high quality wedding dress collections and accessories for your business at competitive prices. Shop our full range of bridal products today!","publisher":{"@id":"https:\/\/bridalfashion.com\/ro\/#organization"},"potentialAction":[{"@type":"SearchAction","target":{"@type":"EntryPoint","urlTemplate":"https:\/\/bridalfashion.com\/ro\/?s={search_term_string}"},"query-input":{"@type":"PropertyValueSpecification","valueRequired":true,"valueName":"search_term_string"}}],"inLanguage":"ro-RO"},{"@type":"Organization","@id":"https:\/\/bridalfashion.com\/ro\/#organization","name":"BRIDAL FASHION \u2122 | Luxurious Wedding Dresses &amp; Fashionable Gowns for Women, Girls and Kids","url":"https:\/\/bridalfashion.com\/ro\/","logo":{"@type":"ImageObject","inLanguage":"ro-RO","@id":"https:\/\/bridalfashion.com\/ro\/#\/schema\/logo\/image\/","url":"https:\/\/bridalfashion.com\/wp-content\/uploads\/2022\/05\/cropped-BFG.png","contentUrl":"https:\/\/bridalfashion.com\/wp-content\/uploads\/2022\/05\/cropped-BFG.png","width":1771,"height":119,"caption":"BRIDAL FASHION \u2122 | Luxurious Wedding Dresses &amp; Fashionable Gowns for Women, Girls and Kids"},"image":{"@id":"https:\/\/bridalfashion.com\/ro\/#\/schema\/logo\/image\/"}}]}},"_links":{"self":[{"href":"https:\/\/bridalfashion.com\/ro\/wp-json\/wp\/v2\/product\/11938","targetHints":{"allow":["GET"]}}],"collection":[{"href":"https:\/\/bridalfashion.com\/ro\/wp-json\/wp\/v2\/product"}],"about":[{"href":"https:\/\/bridalfashion.com\/ro\/wp-json\/wp\/v2\/types\/product"}],"replies":[{"embeddable":true,"href":"https:\/\/bridalfashion.com\/ro\/wp-json\/wp\/v2\/comments?post=11938"}],"wp:featuredmedia":[{"embeddable":true,"href":"https:\/\/bridalfashion.com\/ro\/wp-json\/wp\/v2\/media\/6696"}],"wp:attachment":[{"href":"https:\/\/bridalfashion.com\/ro\/wp-json\/wp\/v2\/media?parent=11938"}],"wp:term":[{"taxonomy":"product_brand","embeddable":true,"href":"https:\/\/bridalfashion.com\/ro\/wp-json\/wp\/v2\/product_brand?post=11938"},{"taxonomy":"product_cat","embeddable":true,"href":"https:\/\/bridalfashion.com\/ro\/wp-json\/wp\/v2\/product_cat?post=11938"},{"taxonomy":"product_tag","embeddable":true,"href":"https:\/\/bridalfashion.com\/ro\/wp-json\/wp\/v2\/product_tag?post=11938"}],"curies":[{"name":"wp","href":"https:\/\/api.w.org\/{rel}","templated":true}]}}