{"id":11931,"date":"2021-09-27T15:28:38","date_gmt":"2022-10-05T11:31:49","guid":{"rendered":"https:\/\/bridalfashion.com\/fara-categorie\/rochie-foarte-pufoasa-din-satin-willow-wf0044\/"},"modified":"2022-10-05T13:31:49","modified_gmt":"2022-10-05T11:31:49","slug":"imbracaminte-incantatoare-din-satin-wf0044","status":"publish","type":"product","link":"https:\/\/bridalfashion.com\/ro\/white-flowers-2020-ro\/imbracaminte-incantatoare-din-satin-wf0044\/","title":{"rendered":"Rochie foarte pufoasa din satin WILLOW &#8211; WF0044"},"content":{"rendered":"<h2>Descrierea modelului <span style=\"font-size: 18px\">WILLOW &#8211; <\/span><span style=\"font-size: 1.15em\">WF0044 o rochie din satin foarte pufos, cu o fust\u0103 \u00een trei straturi \u0219i un decor din dantel\u0103<\/span>.<\/h2>\n<p>Rochie fascinant\u0103 din saten de o calitate elitar\u0103. Bustul bine potrivit cu un decolteu ad\u00e2nc la spate, este completat cu ni\u0219te m\u00e2necu\u021be-aripioare \u00een dou\u0103 r\u00e2nduri, partea de jos a fustei fiind ajustat\u0103 cu crinolin\u0103, care men\u021bine forma ampl\u0103. Pe umeri \u0219i \u00een talie \u2014 aplica\u021bii fine din perle \u0219i m\u0103rgelu\u021be. Rochia bogat\u0103 din saten cu o fust\u0103 cu trei niveluri este \u00eempodobit\u0103 cu dantele \u0219i completat\u0103 cu crinoline \u00een partea de jos a fiec\u0103rei borduri. Rochia este disponibil\u0103 pe alb \u0219i pe un ivory nobil.<\/p>\n","protected":false},"excerpt":{"rendered":"<p>Descrierea modelului WILLOW &#8211; WF0044 o rochie din satin foarte pufos, cu o fust\u0103 \u00een trei straturi \u0219i un decor din dantel\u0103. Rochie fascinant\u0103 din saten de o calitate elitar\u0103. Bustul bine potrivit cu un decolteu ad\u00e2nc la spate, este completat cu ni\u0219te m\u00e2necu\u021be-aripioare \u00een dou\u0103 r\u00e2nduri, partea de jos a fustei fiind ajustat\u0103 cu&hellip;<\/p>\n","protected":false},"featured_media":5658,"comment_status":"open","ping_status":"closed","template":"","meta":[],"product_brand":[],"product_cat":[939],"product_tag":[],"class_list":{"0":"post-11931","1":"product","2":"type-product","3":"status-publish","4":"has-post-thumbnail","6":"product_cat-white-flowers-2020-ro","8":"first","9":"instock","10":"taxable","11":"shipping-taxable","12":"product-type-simple"},"yoast_head":"<!-- This site is optimized with the Yoast SEO plugin v27.5 - https:\/\/yoast.com\/product\/yoast-seo-wordpress\/ -->\n<title>Rochie foarte pufoasa din satin WILLOW - WF0044 - BRIDAL FASHION \u2122 | Luxurious Wedding Dresses &amp; Fashionable Gowns for Women, Girls and Kids<\/title>\n<meta name=\"description\" content=\"Rochie luxoas\u0103 din saten cu fusta compus\u0103 din trei niveluri WILLOW - WF0044 poate fi comandat\u0103 pe alb \u0219i ivory. Bustul cu spatele dezgolit \u0219i cu m\u00e2necu\u021be-aripioare este decorat cu aplica\u021bii de perle, la fust\u0103 este ad\u0103ugat\u0103 crinolin\u0103\" \/>\n<meta name=\"robots\" content=\"index, follow, max-snippet:-1, max-image-preview:large, max-video-preview:-1\" \/>\n<link rel=\"canonical\" href=\"https:\/\/bridalfashion.com\/ro\/white-flowers-2020-ro\/imbracaminte-incantatoare-din-satin-wf0044\/\" \/>\n<meta property=\"og:locale\" content=\"ro_RO\" \/>\n<meta property=\"og:type\" content=\"article\" \/>\n<meta property=\"og:title\" content=\"Rochie foarte pufoasa din satin WILLOW - WF0044 - BRIDAL FASHION \u2122 | Luxurious Wedding Dresses &amp; Fashionable Gowns for Women, Girls and Kids\" \/>\n<meta property=\"og:description\" content=\"Rochie luxoas\u0103 din saten cu fusta compus\u0103 din trei niveluri WILLOW - WF0044 poate fi comandat\u0103 pe alb \u0219i ivory. Bustul cu spatele dezgolit \u0219i cu m\u00e2necu\u021be-aripioare este decorat cu aplica\u021bii de perle, la fust\u0103 este ad\u0103ugat\u0103 crinolin\u0103\" \/>\n<meta property=\"og:url\" content=\"https:\/\/bridalfashion.com\/ro\/white-flowers-2020-ro\/imbracaminte-incantatoare-din-satin-wf0044\/\" \/>\n<meta property=\"og:site_name\" content=\"BRIDAL FASHION \u2122 | Luxurious Wedding Dresses &amp; Fashionable Gowns for Women, Girls and Kids\" \/>\n<meta property=\"og:image\" content=\"https:\/\/bridalfashion.com\/wp-content\/uploads\/2021\/09\/WF0044_A.jpg\" \/>\n\t<meta property=\"og:image:width\" content=\"1516\" \/>\n\t<meta property=\"og:image:height\" content=\"2000\" \/>\n\t<meta property=\"og:image:type\" content=\"image\/jpeg\" \/>\n<meta name=\"twitter:card\" content=\"summary_large_image\" \/>\n<meta name=\"twitter:label1\" content=\"Timp estimat pentru citire\" \/>\n\t<meta name=\"twitter:data1\" content=\"1 minut\" \/>\n<script type=\"application\/ld+json\" class=\"yoast-schema-graph\">{\"@context\":\"https:\\\/\\\/schema.org\",\"@graph\":[{\"@type\":\"WebPage\",\"@id\":\"https:\\\/\\\/bridalfashion.com\\\/ro\\\/white-flowers-2020-ro\\\/imbracaminte-incantatoare-din-satin-wf0044\\\/\",\"url\":\"https:\\\/\\\/bridalfashion.com\\\/ro\\\/white-flowers-2020-ro\\\/imbracaminte-incantatoare-din-satin-wf0044\\\/\",\"name\":\"Rochie foarte pufoasa din satin WILLOW - WF0044 - BRIDAL FASHION \u2122 | Luxurious Wedding Dresses &amp; Fashionable Gowns for Women, Girls and Kids\",\"isPartOf\":{\"@id\":\"https:\\\/\\\/bridalfashion.com\\\/ro\\\/#website\"},\"primaryImageOfPage\":{\"@id\":\"https:\\\/\\\/bridalfashion.com\\\/ro\\\/white-flowers-2020-ro\\\/imbracaminte-incantatoare-din-satin-wf0044\\\/#primaryimage\"},\"image\":{\"@id\":\"https:\\\/\\\/bridalfashion.com\\\/ro\\\/white-flowers-2020-ro\\\/imbracaminte-incantatoare-din-satin-wf0044\\\/#primaryimage\"},\"thumbnailUrl\":\"https:\\\/\\\/bridalfashion.com\\\/wp-content\\\/uploads\\\/2021\\\/09\\\/WF0044_A.jpg\",\"datePublished\":\"2022-10-05T11:31:49+00:00\",\"description\":\"Rochie luxoas\u0103 din saten cu fusta compus\u0103 din trei niveluri WILLOW - WF0044 poate fi comandat\u0103 pe alb \u0219i ivory. Bustul cu spatele dezgolit \u0219i cu m\u00e2necu\u021be-aripioare este decorat cu aplica\u021bii de perle, la fust\u0103 este ad\u0103ugat\u0103 crinolin\u0103\",\"breadcrumb\":{\"@id\":\"https:\\\/\\\/bridalfashion.com\\\/ro\\\/white-flowers-2020-ro\\\/imbracaminte-incantatoare-din-satin-wf0044\\\/#breadcrumb\"},\"inLanguage\":\"ro-RO\",\"potentialAction\":[{\"@type\":\"ReadAction\",\"target\":[\"https:\\\/\\\/bridalfashion.com\\\/ro\\\/white-flowers-2020-ro\\\/imbracaminte-incantatoare-din-satin-wf0044\\\/\"]}]},{\"@type\":\"ImageObject\",\"inLanguage\":\"ro-RO\",\"@id\":\"https:\\\/\\\/bridalfashion.com\\\/ro\\\/white-flowers-2020-ro\\\/imbracaminte-incantatoare-din-satin-wf0044\\\/#primaryimage\",\"url\":\"https:\\\/\\\/bridalfashion.com\\\/wp-content\\\/uploads\\\/2021\\\/09\\\/WF0044_A.jpg\",\"contentUrl\":\"https:\\\/\\\/bridalfashion.com\\\/wp-content\\\/uploads\\\/2021\\\/09\\\/WF0044_A.jpg\",\"width\":1516,\"height\":2000,\"caption\":\"Rochie foarte pufoas\u0103 din satin WILLOW - WF0044 Vedere din fa\u021b\u0103 | BRIDAL FASHION\"},{\"@type\":\"BreadcrumbList\",\"@id\":\"https:\\\/\\\/bridalfashion.com\\\/ro\\\/white-flowers-2020-ro\\\/imbracaminte-incantatoare-din-satin-wf0044\\\/#breadcrumb\",\"itemListElement\":[{\"@type\":\"ListItem\",\"position\":1,\"name\":\"Home\",\"item\":\"https:\\\/\\\/bridalfashion.com\\\/ro\\\/\"},{\"@type\":\"ListItem\",\"position\":2,\"name\":\"Shop\",\"item\":\"https:\\\/\\\/bridalfashion.com\\\/shop-2\\\/\"},{\"@type\":\"ListItem\",\"position\":3,\"name\":\"Rochie foarte pufoasa din satin WILLOW &#8211; WF0044\"}]},{\"@type\":\"WebSite\",\"@id\":\"https:\\\/\\\/bridalfashion.com\\\/ro\\\/#website\",\"url\":\"https:\\\/\\\/bridalfashion.com\\\/ro\\\/\",\"name\":\"BRIDAL FASHION \u2122 | Luxurious Wedding Dresses &amp; Fashionable Gowns for Women, Girls and Kids\",\"description\":\"Welcome the leading manufacturer and supplier of wedding dresses. We offer in wholesale a large selection of high quality wedding dress collections and accessories for your business at competitive prices. Shop our full range of bridal products today!\",\"publisher\":{\"@id\":\"https:\\\/\\\/bridalfashion.com\\\/ro\\\/#organization\"},\"potentialAction\":[{\"@type\":\"SearchAction\",\"target\":{\"@type\":\"EntryPoint\",\"urlTemplate\":\"https:\\\/\\\/bridalfashion.com\\\/ro\\\/?s={search_term_string}\"},\"query-input\":{\"@type\":\"PropertyValueSpecification\",\"valueRequired\":true,\"valueName\":\"search_term_string\"}}],\"inLanguage\":\"ro-RO\"},{\"@type\":\"Organization\",\"@id\":\"https:\\\/\\\/bridalfashion.com\\\/ro\\\/#organization\",\"name\":\"BRIDAL FASHION \u2122 | Luxurious Wedding Dresses &amp; Fashionable Gowns for Women, Girls and Kids\",\"url\":\"https:\\\/\\\/bridalfashion.com\\\/ro\\\/\",\"logo\":{\"@type\":\"ImageObject\",\"inLanguage\":\"ro-RO\",\"@id\":\"https:\\\/\\\/bridalfashion.com\\\/ro\\\/#\\\/schema\\\/logo\\\/image\\\/\",\"url\":\"https:\\\/\\\/bridalfashion.com\\\/wp-content\\\/uploads\\\/2022\\\/05\\\/cropped-BFG.png\",\"contentUrl\":\"https:\\\/\\\/bridalfashion.com\\\/wp-content\\\/uploads\\\/2022\\\/05\\\/cropped-BFG.png\",\"width\":1771,\"height\":119,\"caption\":\"BRIDAL FASHION \u2122 | Luxurious Wedding Dresses &amp; Fashionable Gowns for Women, Girls and Kids\"},\"image\":{\"@id\":\"https:\\\/\\\/bridalfashion.com\\\/ro\\\/#\\\/schema\\\/logo\\\/image\\\/\"}}]}<\/script>\n<!-- \/ Yoast SEO plugin. -->","yoast_head_json":{"title":"Rochie foarte pufoasa din satin WILLOW - WF0044 - BRIDAL FASHION \u2122 | Luxurious Wedding Dresses &amp; Fashionable Gowns for Women, Girls and Kids","description":"Rochie luxoas\u0103 din saten cu fusta compus\u0103 din trei niveluri WILLOW - WF0044 poate fi comandat\u0103 pe alb \u0219i ivory. Bustul cu spatele dezgolit \u0219i cu m\u00e2necu\u021be-aripioare este decorat cu aplica\u021bii de perle, la fust\u0103 este ad\u0103ugat\u0103 crinolin\u0103","robots":{"index":"index","follow":"follow","max-snippet":"max-snippet:-1","max-image-preview":"max-image-preview:large","max-video-preview":"max-video-preview:-1"},"canonical":"https:\/\/bridalfashion.com\/ro\/white-flowers-2020-ro\/imbracaminte-incantatoare-din-satin-wf0044\/","og_locale":"ro_RO","og_type":"article","og_title":"Rochie foarte pufoasa din satin WILLOW - WF0044 - BRIDAL FASHION \u2122 | Luxurious Wedding Dresses &amp; Fashionable Gowns for Women, Girls and Kids","og_description":"Rochie luxoas\u0103 din saten cu fusta compus\u0103 din trei niveluri WILLOW - WF0044 poate fi comandat\u0103 pe alb \u0219i ivory. Bustul cu spatele dezgolit \u0219i cu m\u00e2necu\u021be-aripioare este decorat cu aplica\u021bii de perle, la fust\u0103 este ad\u0103ugat\u0103 crinolin\u0103","og_url":"https:\/\/bridalfashion.com\/ro\/white-flowers-2020-ro\/imbracaminte-incantatoare-din-satin-wf0044\/","og_site_name":"BRIDAL FASHION \u2122 | Luxurious Wedding Dresses &amp; Fashionable Gowns for Women, Girls and Kids","og_image":[{"width":1516,"height":2000,"url":"https:\/\/bridalfashion.com\/wp-content\/uploads\/2021\/09\/WF0044_A.jpg","type":"image\/jpeg"}],"twitter_card":"summary_large_image","twitter_misc":{"Timp estimat pentru citire":"1 minut"},"schema":{"@context":"https:\/\/schema.org","@graph":[{"@type":"WebPage","@id":"https:\/\/bridalfashion.com\/ro\/white-flowers-2020-ro\/imbracaminte-incantatoare-din-satin-wf0044\/","url":"https:\/\/bridalfashion.com\/ro\/white-flowers-2020-ro\/imbracaminte-incantatoare-din-satin-wf0044\/","name":"Rochie foarte pufoasa din satin WILLOW - WF0044 - BRIDAL FASHION \u2122 | Luxurious Wedding Dresses &amp; Fashionable Gowns for Women, Girls and Kids","isPartOf":{"@id":"https:\/\/bridalfashion.com\/ro\/#website"},"primaryImageOfPage":{"@id":"https:\/\/bridalfashion.com\/ro\/white-flowers-2020-ro\/imbracaminte-incantatoare-din-satin-wf0044\/#primaryimage"},"image":{"@id":"https:\/\/bridalfashion.com\/ro\/white-flowers-2020-ro\/imbracaminte-incantatoare-din-satin-wf0044\/#primaryimage"},"thumbnailUrl":"https:\/\/bridalfashion.com\/wp-content\/uploads\/2021\/09\/WF0044_A.jpg","datePublished":"2022-10-05T11:31:49+00:00","description":"Rochie luxoas\u0103 din saten cu fusta compus\u0103 din trei niveluri WILLOW - WF0044 poate fi comandat\u0103 pe alb \u0219i ivory. Bustul cu spatele dezgolit \u0219i cu m\u00e2necu\u021be-aripioare este decorat cu aplica\u021bii de perle, la fust\u0103 este ad\u0103ugat\u0103 crinolin\u0103","breadcrumb":{"@id":"https:\/\/bridalfashion.com\/ro\/white-flowers-2020-ro\/imbracaminte-incantatoare-din-satin-wf0044\/#breadcrumb"},"inLanguage":"ro-RO","potentialAction":[{"@type":"ReadAction","target":["https:\/\/bridalfashion.com\/ro\/white-flowers-2020-ro\/imbracaminte-incantatoare-din-satin-wf0044\/"]}]},{"@type":"ImageObject","inLanguage":"ro-RO","@id":"https:\/\/bridalfashion.com\/ro\/white-flowers-2020-ro\/imbracaminte-incantatoare-din-satin-wf0044\/#primaryimage","url":"https:\/\/bridalfashion.com\/wp-content\/uploads\/2021\/09\/WF0044_A.jpg","contentUrl":"https:\/\/bridalfashion.com\/wp-content\/uploads\/2021\/09\/WF0044_A.jpg","width":1516,"height":2000,"caption":"Rochie foarte pufoas\u0103 din satin WILLOW - WF0044 Vedere din fa\u021b\u0103 | BRIDAL FASHION"},{"@type":"BreadcrumbList","@id":"https:\/\/bridalfashion.com\/ro\/white-flowers-2020-ro\/imbracaminte-incantatoare-din-satin-wf0044\/#breadcrumb","itemListElement":[{"@type":"ListItem","position":1,"name":"Home","item":"https:\/\/bridalfashion.com\/ro\/"},{"@type":"ListItem","position":2,"name":"Shop","item":"https:\/\/bridalfashion.com\/shop-2\/"},{"@type":"ListItem","position":3,"name":"Rochie foarte pufoasa din satin WILLOW &#8211; WF0044"}]},{"@type":"WebSite","@id":"https:\/\/bridalfashion.com\/ro\/#website","url":"https:\/\/bridalfashion.com\/ro\/","name":"BRIDAL FASHION \u2122 | Luxurious Wedding Dresses &amp; Fashionable Gowns for Women, Girls and Kids","description":"Welcome the leading manufacturer and supplier of wedding dresses. We offer in wholesale a large selection of high quality wedding dress collections and accessories for your business at competitive prices. Shop our full range of bridal products today!","publisher":{"@id":"https:\/\/bridalfashion.com\/ro\/#organization"},"potentialAction":[{"@type":"SearchAction","target":{"@type":"EntryPoint","urlTemplate":"https:\/\/bridalfashion.com\/ro\/?s={search_term_string}"},"query-input":{"@type":"PropertyValueSpecification","valueRequired":true,"valueName":"search_term_string"}}],"inLanguage":"ro-RO"},{"@type":"Organization","@id":"https:\/\/bridalfashion.com\/ro\/#organization","name":"BRIDAL FASHION \u2122 | Luxurious Wedding Dresses &amp; Fashionable Gowns for Women, Girls and Kids","url":"https:\/\/bridalfashion.com\/ro\/","logo":{"@type":"ImageObject","inLanguage":"ro-RO","@id":"https:\/\/bridalfashion.com\/ro\/#\/schema\/logo\/image\/","url":"https:\/\/bridalfashion.com\/wp-content\/uploads\/2022\/05\/cropped-BFG.png","contentUrl":"https:\/\/bridalfashion.com\/wp-content\/uploads\/2022\/05\/cropped-BFG.png","width":1771,"height":119,"caption":"BRIDAL FASHION \u2122 | Luxurious Wedding Dresses &amp; Fashionable Gowns for Women, Girls and Kids"},"image":{"@id":"https:\/\/bridalfashion.com\/ro\/#\/schema\/logo\/image\/"}}]}},"_links":{"self":[{"href":"https:\/\/bridalfashion.com\/ro\/wp-json\/wp\/v2\/product\/11931","targetHints":{"allow":["GET"]}}],"collection":[{"href":"https:\/\/bridalfashion.com\/ro\/wp-json\/wp\/v2\/product"}],"about":[{"href":"https:\/\/bridalfashion.com\/ro\/wp-json\/wp\/v2\/types\/product"}],"replies":[{"embeddable":true,"href":"https:\/\/bridalfashion.com\/ro\/wp-json\/wp\/v2\/comments?post=11931"}],"wp:featuredmedia":[{"embeddable":true,"href":"https:\/\/bridalfashion.com\/ro\/wp-json\/wp\/v2\/media\/5658"}],"wp:attachment":[{"href":"https:\/\/bridalfashion.com\/ro\/wp-json\/wp\/v2\/media?parent=11931"}],"wp:term":[{"taxonomy":"product_brand","embeddable":true,"href":"https:\/\/bridalfashion.com\/ro\/wp-json\/wp\/v2\/product_brand?post=11931"},{"taxonomy":"product_cat","embeddable":true,"href":"https:\/\/bridalfashion.com\/ro\/wp-json\/wp\/v2\/product_cat?post=11931"},{"taxonomy":"product_tag","embeddable":true,"href":"https:\/\/bridalfashion.com\/ro\/wp-json\/wp\/v2\/product_tag?post=11931"}],"curies":[{"name":"wp","href":"https:\/\/api.w.org\/{rel}","templated":true}]}}