{"id":11924,"date":"2021-09-27T15:23:16","date_gmt":"2022-10-05T10:43:12","guid":{"rendered":"https:\/\/bridalfashion.com\/fara-categorie\/rochie-luxoasa-din-jacquard-wylie-wf0042\/"},"modified":"2022-10-05T12:43:12","modified_gmt":"2022-10-05T10:43:12","slug":"tinuta-de-seara-magnifica-pentru-o-tanara-frumusete-wf0042","status":"publish","type":"product","link":"https:\/\/bridalfashion.com\/ro\/white-flowers-2020-ro\/tinuta-de-seara-magnifica-pentru-o-tanara-frumusete-wf0042\/","title":{"rendered":"Rochie luxoas\u0103 din jacquard WYLIE &#8211; WF0042"},"content":{"rendered":"<h2>Descrierea modelului <span style=\"font-size: 18px\">WYLIE &#8211; <\/span><span style=\"font-size: 1.15em\">WF0042 o rochie de lux din jacquard \u00een tonuri de alb \u0219i albastru, cu o tren\u0103 frumoas\u0103<\/span>.<\/h2>\n<p>Rochie de ocazie minunat\u0103 pentru t\u00e2n\u0103ra frumoas\u0103, lucrat\u0103 fiind din jacquard cu decor floral. Bustul design original cu umerele dezgolite \u0219i cu rever se \u00eenchide pe fermoar. Fusta bogat\u0103 este adunat\u0103 \u00een pliuri simetrice. Br\u00e2ul \u00een spate are o fundi\u021b\u0103. Rochie elegant\u0103 din jacquard \u00een nuan\u021be alb-albastru, completat\u0103 cu o tren\u0103 spectaculoas\u0103.<\/p>\n","protected":false},"excerpt":{"rendered":"<p>Descrierea modelului WYLIE &#8211; WF0042 o rochie de lux din jacquard \u00een tonuri de alb \u0219i albastru, cu o tren\u0103 frumoas\u0103. Rochie de ocazie minunat\u0103 pentru t\u00e2n\u0103ra frumoas\u0103, lucrat\u0103 fiind din jacquard cu decor floral. Bustul design original cu umerele dezgolite \u0219i cu rever se \u00eenchide pe fermoar. Fusta bogat\u0103 este adunat\u0103 \u00een pliuri simetrice.&hellip;<\/p>\n","protected":false},"featured_media":5619,"comment_status":"open","ping_status":"closed","template":"","meta":[],"product_brand":[],"product_cat":[939],"product_tag":[],"class_list":{"0":"post-11924","1":"product","2":"type-product","3":"status-publish","4":"has-post-thumbnail","6":"product_cat-white-flowers-2020-ro","8":"first","9":"instock","10":"taxable","11":"shipping-taxable","12":"product-type-simple"},"yoast_head":"<!-- This site is optimized with the Yoast SEO plugin v27.5 - https:\/\/yoast.com\/product\/yoast-seo-wordpress\/ -->\n<title>Rochie luxoas\u0103 din jacquard WYLIE - WF0042 - BRIDAL FASHION \u2122 | Luxurious Wedding Dresses &amp; Fashionable Gowns for Women, Girls and Kids<\/title>\n<meta name=\"description\" content=\"Rochie din jacquard fascinant\u0103 \u00een nuan\u021be alb-albastru WYLIE - WF0042 cu o fundi\u021b\u0103 imens\u0103 la spate. Bustul \u00een design original cu umerele deschise, se \u00eenchide pe fermoar. Fusta bogat\u0103 cu tren\u0103\" \/>\n<meta name=\"robots\" content=\"index, follow, max-snippet:-1, max-image-preview:large, max-video-preview:-1\" \/>\n<link rel=\"canonical\" href=\"https:\/\/bridalfashion.com\/ro\/white-flowers-2020-ro\/tinuta-de-seara-magnifica-pentru-o-tanara-frumusete-wf0042\/\" \/>\n<meta property=\"og:locale\" content=\"ro_RO\" \/>\n<meta property=\"og:type\" content=\"article\" \/>\n<meta property=\"og:title\" content=\"Rochie luxoas\u0103 din jacquard WYLIE - WF0042 - BRIDAL FASHION \u2122 | Luxurious Wedding Dresses &amp; Fashionable Gowns for Women, Girls and Kids\" \/>\n<meta property=\"og:description\" content=\"Rochie din jacquard fascinant\u0103 \u00een nuan\u021be alb-albastru WYLIE - WF0042 cu o fundi\u021b\u0103 imens\u0103 la spate. Bustul \u00een design original cu umerele deschise, se \u00eenchide pe fermoar. Fusta bogat\u0103 cu tren\u0103\" \/>\n<meta property=\"og:url\" content=\"https:\/\/bridalfashion.com\/ro\/white-flowers-2020-ro\/tinuta-de-seara-magnifica-pentru-o-tanara-frumusete-wf0042\/\" \/>\n<meta property=\"og:site_name\" content=\"BRIDAL FASHION \u2122 | Luxurious Wedding Dresses &amp; Fashionable Gowns for Women, Girls and Kids\" \/>\n<meta property=\"og:image\" content=\"https:\/\/bridalfashion.com\/wp-content\/uploads\/2021\/09\/WF0042_A.jpg\" \/>\n\t<meta property=\"og:image:width\" content=\"1516\" \/>\n\t<meta property=\"og:image:height\" content=\"2000\" \/>\n\t<meta property=\"og:image:type\" content=\"image\/jpeg\" \/>\n<meta name=\"twitter:card\" content=\"summary_large_image\" \/>\n<script type=\"application\/ld+json\" class=\"yoast-schema-graph\">{\"@context\":\"https:\\\/\\\/schema.org\",\"@graph\":[{\"@type\":\"WebPage\",\"@id\":\"https:\\\/\\\/bridalfashion.com\\\/ro\\\/white-flowers-2020-ro\\\/tinuta-de-seara-magnifica-pentru-o-tanara-frumusete-wf0042\\\/\",\"url\":\"https:\\\/\\\/bridalfashion.com\\\/ro\\\/white-flowers-2020-ro\\\/tinuta-de-seara-magnifica-pentru-o-tanara-frumusete-wf0042\\\/\",\"name\":\"Rochie luxoas\u0103 din jacquard WYLIE - WF0042 - BRIDAL FASHION \u2122 | Luxurious Wedding Dresses &amp; Fashionable Gowns for Women, Girls and Kids\",\"isPartOf\":{\"@id\":\"https:\\\/\\\/bridalfashion.com\\\/ro\\\/#website\"},\"primaryImageOfPage\":{\"@id\":\"https:\\\/\\\/bridalfashion.com\\\/ro\\\/white-flowers-2020-ro\\\/tinuta-de-seara-magnifica-pentru-o-tanara-frumusete-wf0042\\\/#primaryimage\"},\"image\":{\"@id\":\"https:\\\/\\\/bridalfashion.com\\\/ro\\\/white-flowers-2020-ro\\\/tinuta-de-seara-magnifica-pentru-o-tanara-frumusete-wf0042\\\/#primaryimage\"},\"thumbnailUrl\":\"https:\\\/\\\/bridalfashion.com\\\/wp-content\\\/uploads\\\/2021\\\/09\\\/WF0042_A.jpg\",\"datePublished\":\"2022-10-05T10:43:12+00:00\",\"description\":\"Rochie din jacquard fascinant\u0103 \u00een nuan\u021be alb-albastru WYLIE - WF0042 cu o fundi\u021b\u0103 imens\u0103 la spate. Bustul \u00een design original cu umerele deschise, se \u00eenchide pe fermoar. Fusta bogat\u0103 cu tren\u0103\",\"breadcrumb\":{\"@id\":\"https:\\\/\\\/bridalfashion.com\\\/ro\\\/white-flowers-2020-ro\\\/tinuta-de-seara-magnifica-pentru-o-tanara-frumusete-wf0042\\\/#breadcrumb\"},\"inLanguage\":\"ro-RO\",\"potentialAction\":[{\"@type\":\"ReadAction\",\"target\":[\"https:\\\/\\\/bridalfashion.com\\\/ro\\\/white-flowers-2020-ro\\\/tinuta-de-seara-magnifica-pentru-o-tanara-frumusete-wf0042\\\/\"]}]},{\"@type\":\"ImageObject\",\"inLanguage\":\"ro-RO\",\"@id\":\"https:\\\/\\\/bridalfashion.com\\\/ro\\\/white-flowers-2020-ro\\\/tinuta-de-seara-magnifica-pentru-o-tanara-frumusete-wf0042\\\/#primaryimage\",\"url\":\"https:\\\/\\\/bridalfashion.com\\\/wp-content\\\/uploads\\\/2021\\\/09\\\/WF0042_A.jpg\",\"contentUrl\":\"https:\\\/\\\/bridalfashion.com\\\/wp-content\\\/uploads\\\/2021\\\/09\\\/WF0042_A.jpg\",\"width\":1516,\"height\":2000,\"caption\":\"Rochie jacquard luxoas\u0103 WYLIE - WF0042 Vedere frontal\u0103 | BRIDAL FASHION\"},{\"@type\":\"BreadcrumbList\",\"@id\":\"https:\\\/\\\/bridalfashion.com\\\/ro\\\/white-flowers-2020-ro\\\/tinuta-de-seara-magnifica-pentru-o-tanara-frumusete-wf0042\\\/#breadcrumb\",\"itemListElement\":[{\"@type\":\"ListItem\",\"position\":1,\"name\":\"Home\",\"item\":\"https:\\\/\\\/bridalfashion.com\\\/ro\\\/\"},{\"@type\":\"ListItem\",\"position\":2,\"name\":\"Shop\",\"item\":\"https:\\\/\\\/bridalfashion.com\\\/shop-2\\\/\"},{\"@type\":\"ListItem\",\"position\":3,\"name\":\"Rochie luxoas\u0103 din jacquard WYLIE &#8211; WF0042\"}]},{\"@type\":\"WebSite\",\"@id\":\"https:\\\/\\\/bridalfashion.com\\\/ro\\\/#website\",\"url\":\"https:\\\/\\\/bridalfashion.com\\\/ro\\\/\",\"name\":\"BRIDAL FASHION \u2122 | Luxurious Wedding Dresses &amp; Fashionable Gowns for Women, Girls and Kids\",\"description\":\"Welcome the leading manufacturer and supplier of wedding dresses. We offer in wholesale a large selection of high quality wedding dress collections and accessories for your business at competitive prices. Shop our full range of bridal products today!\",\"publisher\":{\"@id\":\"https:\\\/\\\/bridalfashion.com\\\/ro\\\/#organization\"},\"potentialAction\":[{\"@type\":\"SearchAction\",\"target\":{\"@type\":\"EntryPoint\",\"urlTemplate\":\"https:\\\/\\\/bridalfashion.com\\\/ro\\\/?s={search_term_string}\"},\"query-input\":{\"@type\":\"PropertyValueSpecification\",\"valueRequired\":true,\"valueName\":\"search_term_string\"}}],\"inLanguage\":\"ro-RO\"},{\"@type\":\"Organization\",\"@id\":\"https:\\\/\\\/bridalfashion.com\\\/ro\\\/#organization\",\"name\":\"BRIDAL FASHION \u2122 | Luxurious Wedding Dresses &amp; Fashionable Gowns for Women, Girls and Kids\",\"url\":\"https:\\\/\\\/bridalfashion.com\\\/ro\\\/\",\"logo\":{\"@type\":\"ImageObject\",\"inLanguage\":\"ro-RO\",\"@id\":\"https:\\\/\\\/bridalfashion.com\\\/ro\\\/#\\\/schema\\\/logo\\\/image\\\/\",\"url\":\"https:\\\/\\\/bridalfashion.com\\\/wp-content\\\/uploads\\\/2022\\\/05\\\/cropped-BFG.png\",\"contentUrl\":\"https:\\\/\\\/bridalfashion.com\\\/wp-content\\\/uploads\\\/2022\\\/05\\\/cropped-BFG.png\",\"width\":1771,\"height\":119,\"caption\":\"BRIDAL FASHION \u2122 | Luxurious Wedding Dresses &amp; Fashionable Gowns for Women, Girls and Kids\"},\"image\":{\"@id\":\"https:\\\/\\\/bridalfashion.com\\\/ro\\\/#\\\/schema\\\/logo\\\/image\\\/\"}}]}<\/script>\n<!-- \/ Yoast SEO plugin. -->","yoast_head_json":{"title":"Rochie luxoas\u0103 din jacquard WYLIE - WF0042 - BRIDAL FASHION \u2122 | Luxurious Wedding Dresses &amp; Fashionable Gowns for Women, Girls and Kids","description":"Rochie din jacquard fascinant\u0103 \u00een nuan\u021be alb-albastru WYLIE - WF0042 cu o fundi\u021b\u0103 imens\u0103 la spate. Bustul \u00een design original cu umerele deschise, se \u00eenchide pe fermoar. Fusta bogat\u0103 cu tren\u0103","robots":{"index":"index","follow":"follow","max-snippet":"max-snippet:-1","max-image-preview":"max-image-preview:large","max-video-preview":"max-video-preview:-1"},"canonical":"https:\/\/bridalfashion.com\/ro\/white-flowers-2020-ro\/tinuta-de-seara-magnifica-pentru-o-tanara-frumusete-wf0042\/","og_locale":"ro_RO","og_type":"article","og_title":"Rochie luxoas\u0103 din jacquard WYLIE - WF0042 - BRIDAL FASHION \u2122 | Luxurious Wedding Dresses &amp; Fashionable Gowns for Women, Girls and Kids","og_description":"Rochie din jacquard fascinant\u0103 \u00een nuan\u021be alb-albastru WYLIE - WF0042 cu o fundi\u021b\u0103 imens\u0103 la spate. Bustul \u00een design original cu umerele deschise, se \u00eenchide pe fermoar. Fusta bogat\u0103 cu tren\u0103","og_url":"https:\/\/bridalfashion.com\/ro\/white-flowers-2020-ro\/tinuta-de-seara-magnifica-pentru-o-tanara-frumusete-wf0042\/","og_site_name":"BRIDAL FASHION \u2122 | Luxurious Wedding Dresses &amp; Fashionable Gowns for Women, Girls and Kids","og_image":[{"width":1516,"height":2000,"url":"https:\/\/bridalfashion.com\/wp-content\/uploads\/2021\/09\/WF0042_A.jpg","type":"image\/jpeg"}],"twitter_card":"summary_large_image","schema":{"@context":"https:\/\/schema.org","@graph":[{"@type":"WebPage","@id":"https:\/\/bridalfashion.com\/ro\/white-flowers-2020-ro\/tinuta-de-seara-magnifica-pentru-o-tanara-frumusete-wf0042\/","url":"https:\/\/bridalfashion.com\/ro\/white-flowers-2020-ro\/tinuta-de-seara-magnifica-pentru-o-tanara-frumusete-wf0042\/","name":"Rochie luxoas\u0103 din jacquard WYLIE - WF0042 - BRIDAL FASHION \u2122 | Luxurious Wedding Dresses &amp; Fashionable Gowns for Women, Girls and Kids","isPartOf":{"@id":"https:\/\/bridalfashion.com\/ro\/#website"},"primaryImageOfPage":{"@id":"https:\/\/bridalfashion.com\/ro\/white-flowers-2020-ro\/tinuta-de-seara-magnifica-pentru-o-tanara-frumusete-wf0042\/#primaryimage"},"image":{"@id":"https:\/\/bridalfashion.com\/ro\/white-flowers-2020-ro\/tinuta-de-seara-magnifica-pentru-o-tanara-frumusete-wf0042\/#primaryimage"},"thumbnailUrl":"https:\/\/bridalfashion.com\/wp-content\/uploads\/2021\/09\/WF0042_A.jpg","datePublished":"2022-10-05T10:43:12+00:00","description":"Rochie din jacquard fascinant\u0103 \u00een nuan\u021be alb-albastru WYLIE - WF0042 cu o fundi\u021b\u0103 imens\u0103 la spate. Bustul \u00een design original cu umerele deschise, se \u00eenchide pe fermoar. Fusta bogat\u0103 cu tren\u0103","breadcrumb":{"@id":"https:\/\/bridalfashion.com\/ro\/white-flowers-2020-ro\/tinuta-de-seara-magnifica-pentru-o-tanara-frumusete-wf0042\/#breadcrumb"},"inLanguage":"ro-RO","potentialAction":[{"@type":"ReadAction","target":["https:\/\/bridalfashion.com\/ro\/white-flowers-2020-ro\/tinuta-de-seara-magnifica-pentru-o-tanara-frumusete-wf0042\/"]}]},{"@type":"ImageObject","inLanguage":"ro-RO","@id":"https:\/\/bridalfashion.com\/ro\/white-flowers-2020-ro\/tinuta-de-seara-magnifica-pentru-o-tanara-frumusete-wf0042\/#primaryimage","url":"https:\/\/bridalfashion.com\/wp-content\/uploads\/2021\/09\/WF0042_A.jpg","contentUrl":"https:\/\/bridalfashion.com\/wp-content\/uploads\/2021\/09\/WF0042_A.jpg","width":1516,"height":2000,"caption":"Rochie jacquard luxoas\u0103 WYLIE - WF0042 Vedere frontal\u0103 | BRIDAL FASHION"},{"@type":"BreadcrumbList","@id":"https:\/\/bridalfashion.com\/ro\/white-flowers-2020-ro\/tinuta-de-seara-magnifica-pentru-o-tanara-frumusete-wf0042\/#breadcrumb","itemListElement":[{"@type":"ListItem","position":1,"name":"Home","item":"https:\/\/bridalfashion.com\/ro\/"},{"@type":"ListItem","position":2,"name":"Shop","item":"https:\/\/bridalfashion.com\/shop-2\/"},{"@type":"ListItem","position":3,"name":"Rochie luxoas\u0103 din jacquard WYLIE &#8211; WF0042"}]},{"@type":"WebSite","@id":"https:\/\/bridalfashion.com\/ro\/#website","url":"https:\/\/bridalfashion.com\/ro\/","name":"BRIDAL FASHION \u2122 | Luxurious Wedding Dresses &amp; Fashionable Gowns for Women, Girls and Kids","description":"Welcome the leading manufacturer and supplier of wedding dresses. We offer in wholesale a large selection of high quality wedding dress collections and accessories for your business at competitive prices. Shop our full range of bridal products today!","publisher":{"@id":"https:\/\/bridalfashion.com\/ro\/#organization"},"potentialAction":[{"@type":"SearchAction","target":{"@type":"EntryPoint","urlTemplate":"https:\/\/bridalfashion.com\/ro\/?s={search_term_string}"},"query-input":{"@type":"PropertyValueSpecification","valueRequired":true,"valueName":"search_term_string"}}],"inLanguage":"ro-RO"},{"@type":"Organization","@id":"https:\/\/bridalfashion.com\/ro\/#organization","name":"BRIDAL FASHION \u2122 | Luxurious Wedding Dresses &amp; Fashionable Gowns for Women, Girls and Kids","url":"https:\/\/bridalfashion.com\/ro\/","logo":{"@type":"ImageObject","inLanguage":"ro-RO","@id":"https:\/\/bridalfashion.com\/ro\/#\/schema\/logo\/image\/","url":"https:\/\/bridalfashion.com\/wp-content\/uploads\/2022\/05\/cropped-BFG.png","contentUrl":"https:\/\/bridalfashion.com\/wp-content\/uploads\/2022\/05\/cropped-BFG.png","width":1771,"height":119,"caption":"BRIDAL FASHION \u2122 | Luxurious Wedding Dresses &amp; Fashionable Gowns for Women, Girls and Kids"},"image":{"@id":"https:\/\/bridalfashion.com\/ro\/#\/schema\/logo\/image\/"}}]}},"_links":{"self":[{"href":"https:\/\/bridalfashion.com\/ro\/wp-json\/wp\/v2\/product\/11924","targetHints":{"allow":["GET"]}}],"collection":[{"href":"https:\/\/bridalfashion.com\/ro\/wp-json\/wp\/v2\/product"}],"about":[{"href":"https:\/\/bridalfashion.com\/ro\/wp-json\/wp\/v2\/types\/product"}],"replies":[{"embeddable":true,"href":"https:\/\/bridalfashion.com\/ro\/wp-json\/wp\/v2\/comments?post=11924"}],"wp:featuredmedia":[{"embeddable":true,"href":"https:\/\/bridalfashion.com\/ro\/wp-json\/wp\/v2\/media\/5619"}],"wp:attachment":[{"href":"https:\/\/bridalfashion.com\/ro\/wp-json\/wp\/v2\/media?parent=11924"}],"wp:term":[{"taxonomy":"product_brand","embeddable":true,"href":"https:\/\/bridalfashion.com\/ro\/wp-json\/wp\/v2\/product_brand?post=11924"},{"taxonomy":"product_cat","embeddable":true,"href":"https:\/\/bridalfashion.com\/ro\/wp-json\/wp\/v2\/product_cat?post=11924"},{"taxonomy":"product_tag","embeddable":true,"href":"https:\/\/bridalfashion.com\/ro\/wp-json\/wp\/v2\/product_tag?post=11924"}],"curies":[{"name":"wp","href":"https:\/\/api.w.org\/{rel}","templated":true}]}}