{"id":11921,"date":"2021-09-27T15:19:33","date_gmt":"2022-10-05T10:33:01","guid":{"rendered":"https:\/\/bridalfashion.com\/fara-categorie\/rochie-uimitor-de-frumoasa-pentru-copii-francis-wf0041\/"},"modified":"2022-10-05T12:33:01","modified_gmt":"2022-10-05T10:33:01","slug":"rochie-cu-sclipici-si-decor-de-luxos-wf0041","status":"publish","type":"product","link":"https:\/\/bridalfashion.com\/ro\/white-flowers-2020-ro\/rochie-cu-sclipici-si-decor-de-luxos-wf0041\/","title":{"rendered":"Rochie uimitor de frumoasa pentru copii FRANCIS &#8211; WF0041"},"content":{"rendered":"<h2>Descrierea modelului FRANCIS &#8211; WF0041 rochie fascinant\u0103 pentru copii, cu sclipici \u0219i cu decor ales din pene \u0219i perle<\/h2>\n<p>Rochie elegant\u0103 \u00een nuan\u021be negru-zmeurie (c\u0103ptu\u0219eala zmeurie, tulul negru transparent). Bustul deschis pe bretele invizibile, \u00eempodobit cu pene \u0219i cu perle m\u0103\u0219cate \u00een partea de sus \u0219i la br\u00e2u. Spatele se \u00eenchide pe un \u0219iret elegant din saten negru. Pe fusta \u00een A de asemenea sunt cusute haotic pene \u0219i perle. Aceast\u0103 rochie aristocratic\u0103 cu str\u0103luci \u0219i cu decor bogat este completat\u0103 cu o tren\u0103 spectaculoas\u0103.<\/p>\n","protected":false},"excerpt":{"rendered":"<p>Descrierea modelului FRANCIS &#8211; WF0041 rochie fascinant\u0103 pentru copii, cu sclipici \u0219i cu decor ales din pene \u0219i perle Rochie elegant\u0103 \u00een nuan\u021be negru-zmeurie (c\u0103ptu\u0219eala zmeurie, tulul negru transparent). Bustul deschis pe bretele invizibile, \u00eempodobit cu pene \u0219i cu perle m\u0103\u0219cate \u00een partea de sus \u0219i la br\u00e2u. Spatele se \u00eenchide pe un \u0219iret elegant&hellip;<\/p>\n","protected":false},"featured_media":5595,"comment_status":"open","ping_status":"closed","template":"","meta":[],"product_brand":[],"product_cat":[939],"product_tag":[],"class_list":{"0":"post-11921","1":"product","2":"type-product","3":"status-publish","4":"has-post-thumbnail","6":"product_cat-white-flowers-2020-ro","8":"first","9":"instock","10":"taxable","11":"shipping-taxable","12":"product-type-simple"},"yoast_head":"<!-- This site is optimized with the Yoast SEO plugin v27.5 - https:\/\/yoast.com\/product\/yoast-seo-wordpress\/ -->\n<title>Rochie uimitor de frumoasa pentru copii FRANCIS - WF0041 - BRIDAL FASHION \u2122 | Luxurious Wedding Dresses &amp; Fashionable Gowns for Women, Girls and Kids<\/title>\n<meta name=\"description\" content=\"Rochie faimoas\u0103 cu sclipici \u0219i cu decor ales FRANCIS - WF0041 \u00een culori negru-zmeurie. Bustul deschis \u0219i fusta sunt \u00eempodobite cu pene, perle m\u0103\u0219cate \u00een partea de sus \u0219i la br\u00e2u. Imaginea este completat\u0103 cu o tren\u0103 elegant\u0103\" \/>\n<meta name=\"robots\" content=\"index, follow, max-snippet:-1, max-image-preview:large, max-video-preview:-1\" \/>\n<link rel=\"canonical\" href=\"https:\/\/bridalfashion.com\/ro\/white-flowers-2020-ro\/rochie-cu-sclipici-si-decor-de-luxos-wf0041\/\" \/>\n<meta property=\"og:locale\" content=\"ro_RO\" \/>\n<meta property=\"og:type\" content=\"article\" \/>\n<meta property=\"og:title\" content=\"Rochie uimitor de frumoasa pentru copii FRANCIS - WF0041 - BRIDAL FASHION \u2122 | Luxurious Wedding Dresses &amp; Fashionable Gowns for Women, Girls and Kids\" \/>\n<meta property=\"og:description\" content=\"Rochie faimoas\u0103 cu sclipici \u0219i cu decor ales FRANCIS - WF0041 \u00een culori negru-zmeurie. Bustul deschis \u0219i fusta sunt \u00eempodobite cu pene, perle m\u0103\u0219cate \u00een partea de sus \u0219i la br\u00e2u. Imaginea este completat\u0103 cu o tren\u0103 elegant\u0103\" \/>\n<meta property=\"og:url\" content=\"https:\/\/bridalfashion.com\/ro\/white-flowers-2020-ro\/rochie-cu-sclipici-si-decor-de-luxos-wf0041\/\" \/>\n<meta property=\"og:site_name\" content=\"BRIDAL FASHION \u2122 | Luxurious Wedding Dresses &amp; Fashionable Gowns for Women, Girls and Kids\" \/>\n<meta property=\"og:image\" content=\"https:\/\/bridalfashion.com\/wp-content\/uploads\/2021\/09\/WF0041_A.jpg\" \/>\n\t<meta property=\"og:image:width\" content=\"1516\" \/>\n\t<meta property=\"og:image:height\" content=\"2000\" \/>\n\t<meta property=\"og:image:type\" content=\"image\/jpeg\" \/>\n<meta name=\"twitter:card\" content=\"summary_large_image\" \/>\n<script type=\"application\/ld+json\" class=\"yoast-schema-graph\">{\"@context\":\"https:\\\/\\\/schema.org\",\"@graph\":[{\"@type\":\"WebPage\",\"@id\":\"https:\\\/\\\/bridalfashion.com\\\/ro\\\/white-flowers-2020-ro\\\/rochie-cu-sclipici-si-decor-de-luxos-wf0041\\\/\",\"url\":\"https:\\\/\\\/bridalfashion.com\\\/ro\\\/white-flowers-2020-ro\\\/rochie-cu-sclipici-si-decor-de-luxos-wf0041\\\/\",\"name\":\"Rochie uimitor de frumoasa pentru copii FRANCIS - WF0041 - BRIDAL FASHION \u2122 | Luxurious Wedding Dresses &amp; Fashionable Gowns for Women, Girls and Kids\",\"isPartOf\":{\"@id\":\"https:\\\/\\\/bridalfashion.com\\\/ro\\\/#website\"},\"primaryImageOfPage\":{\"@id\":\"https:\\\/\\\/bridalfashion.com\\\/ro\\\/white-flowers-2020-ro\\\/rochie-cu-sclipici-si-decor-de-luxos-wf0041\\\/#primaryimage\"},\"image\":{\"@id\":\"https:\\\/\\\/bridalfashion.com\\\/ro\\\/white-flowers-2020-ro\\\/rochie-cu-sclipici-si-decor-de-luxos-wf0041\\\/#primaryimage\"},\"thumbnailUrl\":\"https:\\\/\\\/bridalfashion.com\\\/wp-content\\\/uploads\\\/2021\\\/09\\\/WF0041_A.jpg\",\"datePublished\":\"2022-10-05T10:33:01+00:00\",\"description\":\"Rochie faimoas\u0103 cu sclipici \u0219i cu decor ales FRANCIS - WF0041 \u00een culori negru-zmeurie. Bustul deschis \u0219i fusta sunt \u00eempodobite cu pene, perle m\u0103\u0219cate \u00een partea de sus \u0219i la br\u00e2u. Imaginea este completat\u0103 cu o tren\u0103 elegant\u0103\",\"breadcrumb\":{\"@id\":\"https:\\\/\\\/bridalfashion.com\\\/ro\\\/white-flowers-2020-ro\\\/rochie-cu-sclipici-si-decor-de-luxos-wf0041\\\/#breadcrumb\"},\"inLanguage\":\"ro-RO\",\"potentialAction\":[{\"@type\":\"ReadAction\",\"target\":[\"https:\\\/\\\/bridalfashion.com\\\/ro\\\/white-flowers-2020-ro\\\/rochie-cu-sclipici-si-decor-de-luxos-wf0041\\\/\"]}]},{\"@type\":\"ImageObject\",\"inLanguage\":\"ro-RO\",\"@id\":\"https:\\\/\\\/bridalfashion.com\\\/ro\\\/white-flowers-2020-ro\\\/rochie-cu-sclipici-si-decor-de-luxos-wf0041\\\/#primaryimage\",\"url\":\"https:\\\/\\\/bridalfashion.com\\\/wp-content\\\/uploads\\\/2021\\\/09\\\/WF0041_A.jpg\",\"contentUrl\":\"https:\\\/\\\/bridalfashion.com\\\/wp-content\\\/uploads\\\/2021\\\/09\\\/WF0041_A.jpg\",\"width\":1516,\"height\":2000,\"caption\":\"Rochie uimitor de frumoas\u0103 pentru copii FRANCIS - WF0041 Vedere din fa\u021b\u0103 | BRIDAL FASHION\"},{\"@type\":\"BreadcrumbList\",\"@id\":\"https:\\\/\\\/bridalfashion.com\\\/ro\\\/white-flowers-2020-ro\\\/rochie-cu-sclipici-si-decor-de-luxos-wf0041\\\/#breadcrumb\",\"itemListElement\":[{\"@type\":\"ListItem\",\"position\":1,\"name\":\"Home\",\"item\":\"https:\\\/\\\/bridalfashion.com\\\/ro\\\/\"},{\"@type\":\"ListItem\",\"position\":2,\"name\":\"Shop\",\"item\":\"https:\\\/\\\/bridalfashion.com\\\/shop-2\\\/\"},{\"@type\":\"ListItem\",\"position\":3,\"name\":\"Rochie uimitor de frumoasa pentru copii FRANCIS &#8211; WF0041\"}]},{\"@type\":\"WebSite\",\"@id\":\"https:\\\/\\\/bridalfashion.com\\\/ro\\\/#website\",\"url\":\"https:\\\/\\\/bridalfashion.com\\\/ro\\\/\",\"name\":\"BRIDAL FASHION \u2122 | Luxurious Wedding Dresses &amp; Fashionable Gowns for Women, Girls and Kids\",\"description\":\"Welcome the leading manufacturer and supplier of wedding dresses. We offer in wholesale a large selection of high quality wedding dress collections and accessories for your business at competitive prices. Shop our full range of bridal products today!\",\"publisher\":{\"@id\":\"https:\\\/\\\/bridalfashion.com\\\/ro\\\/#organization\"},\"potentialAction\":[{\"@type\":\"SearchAction\",\"target\":{\"@type\":\"EntryPoint\",\"urlTemplate\":\"https:\\\/\\\/bridalfashion.com\\\/ro\\\/?s={search_term_string}\"},\"query-input\":{\"@type\":\"PropertyValueSpecification\",\"valueRequired\":true,\"valueName\":\"search_term_string\"}}],\"inLanguage\":\"ro-RO\"},{\"@type\":\"Organization\",\"@id\":\"https:\\\/\\\/bridalfashion.com\\\/ro\\\/#organization\",\"name\":\"BRIDAL FASHION \u2122 | Luxurious Wedding Dresses &amp; Fashionable Gowns for Women, Girls and Kids\",\"url\":\"https:\\\/\\\/bridalfashion.com\\\/ro\\\/\",\"logo\":{\"@type\":\"ImageObject\",\"inLanguage\":\"ro-RO\",\"@id\":\"https:\\\/\\\/bridalfashion.com\\\/ro\\\/#\\\/schema\\\/logo\\\/image\\\/\",\"url\":\"https:\\\/\\\/bridalfashion.com\\\/wp-content\\\/uploads\\\/2022\\\/05\\\/cropped-BFG.png\",\"contentUrl\":\"https:\\\/\\\/bridalfashion.com\\\/wp-content\\\/uploads\\\/2022\\\/05\\\/cropped-BFG.png\",\"width\":1771,\"height\":119,\"caption\":\"BRIDAL FASHION \u2122 | Luxurious Wedding Dresses &amp; Fashionable Gowns for Women, Girls and Kids\"},\"image\":{\"@id\":\"https:\\\/\\\/bridalfashion.com\\\/ro\\\/#\\\/schema\\\/logo\\\/image\\\/\"}}]}<\/script>\n<!-- \/ Yoast SEO plugin. -->","yoast_head_json":{"title":"Rochie uimitor de frumoasa pentru copii FRANCIS - WF0041 - BRIDAL FASHION \u2122 | Luxurious Wedding Dresses &amp; Fashionable Gowns for Women, Girls and Kids","description":"Rochie faimoas\u0103 cu sclipici \u0219i cu decor ales FRANCIS - WF0041 \u00een culori negru-zmeurie. Bustul deschis \u0219i fusta sunt \u00eempodobite cu pene, perle m\u0103\u0219cate \u00een partea de sus \u0219i la br\u00e2u. Imaginea este completat\u0103 cu o tren\u0103 elegant\u0103","robots":{"index":"index","follow":"follow","max-snippet":"max-snippet:-1","max-image-preview":"max-image-preview:large","max-video-preview":"max-video-preview:-1"},"canonical":"https:\/\/bridalfashion.com\/ro\/white-flowers-2020-ro\/rochie-cu-sclipici-si-decor-de-luxos-wf0041\/","og_locale":"ro_RO","og_type":"article","og_title":"Rochie uimitor de frumoasa pentru copii FRANCIS - WF0041 - BRIDAL FASHION \u2122 | Luxurious Wedding Dresses &amp; Fashionable Gowns for Women, Girls and Kids","og_description":"Rochie faimoas\u0103 cu sclipici \u0219i cu decor ales FRANCIS - WF0041 \u00een culori negru-zmeurie. Bustul deschis \u0219i fusta sunt \u00eempodobite cu pene, perle m\u0103\u0219cate \u00een partea de sus \u0219i la br\u00e2u. Imaginea este completat\u0103 cu o tren\u0103 elegant\u0103","og_url":"https:\/\/bridalfashion.com\/ro\/white-flowers-2020-ro\/rochie-cu-sclipici-si-decor-de-luxos-wf0041\/","og_site_name":"BRIDAL FASHION \u2122 | Luxurious Wedding Dresses &amp; Fashionable Gowns for Women, Girls and Kids","og_image":[{"width":1516,"height":2000,"url":"https:\/\/bridalfashion.com\/wp-content\/uploads\/2021\/09\/WF0041_A.jpg","type":"image\/jpeg"}],"twitter_card":"summary_large_image","schema":{"@context":"https:\/\/schema.org","@graph":[{"@type":"WebPage","@id":"https:\/\/bridalfashion.com\/ro\/white-flowers-2020-ro\/rochie-cu-sclipici-si-decor-de-luxos-wf0041\/","url":"https:\/\/bridalfashion.com\/ro\/white-flowers-2020-ro\/rochie-cu-sclipici-si-decor-de-luxos-wf0041\/","name":"Rochie uimitor de frumoasa pentru copii FRANCIS - WF0041 - BRIDAL FASHION \u2122 | Luxurious Wedding Dresses &amp; Fashionable Gowns for Women, Girls and Kids","isPartOf":{"@id":"https:\/\/bridalfashion.com\/ro\/#website"},"primaryImageOfPage":{"@id":"https:\/\/bridalfashion.com\/ro\/white-flowers-2020-ro\/rochie-cu-sclipici-si-decor-de-luxos-wf0041\/#primaryimage"},"image":{"@id":"https:\/\/bridalfashion.com\/ro\/white-flowers-2020-ro\/rochie-cu-sclipici-si-decor-de-luxos-wf0041\/#primaryimage"},"thumbnailUrl":"https:\/\/bridalfashion.com\/wp-content\/uploads\/2021\/09\/WF0041_A.jpg","datePublished":"2022-10-05T10:33:01+00:00","description":"Rochie faimoas\u0103 cu sclipici \u0219i cu decor ales FRANCIS - WF0041 \u00een culori negru-zmeurie. Bustul deschis \u0219i fusta sunt \u00eempodobite cu pene, perle m\u0103\u0219cate \u00een partea de sus \u0219i la br\u00e2u. Imaginea este completat\u0103 cu o tren\u0103 elegant\u0103","breadcrumb":{"@id":"https:\/\/bridalfashion.com\/ro\/white-flowers-2020-ro\/rochie-cu-sclipici-si-decor-de-luxos-wf0041\/#breadcrumb"},"inLanguage":"ro-RO","potentialAction":[{"@type":"ReadAction","target":["https:\/\/bridalfashion.com\/ro\/white-flowers-2020-ro\/rochie-cu-sclipici-si-decor-de-luxos-wf0041\/"]}]},{"@type":"ImageObject","inLanguage":"ro-RO","@id":"https:\/\/bridalfashion.com\/ro\/white-flowers-2020-ro\/rochie-cu-sclipici-si-decor-de-luxos-wf0041\/#primaryimage","url":"https:\/\/bridalfashion.com\/wp-content\/uploads\/2021\/09\/WF0041_A.jpg","contentUrl":"https:\/\/bridalfashion.com\/wp-content\/uploads\/2021\/09\/WF0041_A.jpg","width":1516,"height":2000,"caption":"Rochie uimitor de frumoas\u0103 pentru copii FRANCIS - WF0041 Vedere din fa\u021b\u0103 | BRIDAL FASHION"},{"@type":"BreadcrumbList","@id":"https:\/\/bridalfashion.com\/ro\/white-flowers-2020-ro\/rochie-cu-sclipici-si-decor-de-luxos-wf0041\/#breadcrumb","itemListElement":[{"@type":"ListItem","position":1,"name":"Home","item":"https:\/\/bridalfashion.com\/ro\/"},{"@type":"ListItem","position":2,"name":"Shop","item":"https:\/\/bridalfashion.com\/shop-2\/"},{"@type":"ListItem","position":3,"name":"Rochie uimitor de frumoasa pentru copii FRANCIS &#8211; WF0041"}]},{"@type":"WebSite","@id":"https:\/\/bridalfashion.com\/ro\/#website","url":"https:\/\/bridalfashion.com\/ro\/","name":"BRIDAL FASHION \u2122 | Luxurious Wedding Dresses &amp; Fashionable Gowns for Women, Girls and Kids","description":"Welcome the leading manufacturer and supplier of wedding dresses. We offer in wholesale a large selection of high quality wedding dress collections and accessories for your business at competitive prices. Shop our full range of bridal products today!","publisher":{"@id":"https:\/\/bridalfashion.com\/ro\/#organization"},"potentialAction":[{"@type":"SearchAction","target":{"@type":"EntryPoint","urlTemplate":"https:\/\/bridalfashion.com\/ro\/?s={search_term_string}"},"query-input":{"@type":"PropertyValueSpecification","valueRequired":true,"valueName":"search_term_string"}}],"inLanguage":"ro-RO"},{"@type":"Organization","@id":"https:\/\/bridalfashion.com\/ro\/#organization","name":"BRIDAL FASHION \u2122 | Luxurious Wedding Dresses &amp; Fashionable Gowns for Women, Girls and Kids","url":"https:\/\/bridalfashion.com\/ro\/","logo":{"@type":"ImageObject","inLanguage":"ro-RO","@id":"https:\/\/bridalfashion.com\/ro\/#\/schema\/logo\/image\/","url":"https:\/\/bridalfashion.com\/wp-content\/uploads\/2022\/05\/cropped-BFG.png","contentUrl":"https:\/\/bridalfashion.com\/wp-content\/uploads\/2022\/05\/cropped-BFG.png","width":1771,"height":119,"caption":"BRIDAL FASHION \u2122 | Luxurious Wedding Dresses &amp; Fashionable Gowns for Women, Girls and Kids"},"image":{"@id":"https:\/\/bridalfashion.com\/ro\/#\/schema\/logo\/image\/"}}]}},"_links":{"self":[{"href":"https:\/\/bridalfashion.com\/ro\/wp-json\/wp\/v2\/product\/11921","targetHints":{"allow":["GET"]}}],"collection":[{"href":"https:\/\/bridalfashion.com\/ro\/wp-json\/wp\/v2\/product"}],"about":[{"href":"https:\/\/bridalfashion.com\/ro\/wp-json\/wp\/v2\/types\/product"}],"replies":[{"embeddable":true,"href":"https:\/\/bridalfashion.com\/ro\/wp-json\/wp\/v2\/comments?post=11921"}],"wp:featuredmedia":[{"embeddable":true,"href":"https:\/\/bridalfashion.com\/ro\/wp-json\/wp\/v2\/media\/5595"}],"wp:attachment":[{"href":"https:\/\/bridalfashion.com\/ro\/wp-json\/wp\/v2\/media?parent=11921"}],"wp:term":[{"taxonomy":"product_brand","embeddable":true,"href":"https:\/\/bridalfashion.com\/ro\/wp-json\/wp\/v2\/product_brand?post=11921"},{"taxonomy":"product_cat","embeddable":true,"href":"https:\/\/bridalfashion.com\/ro\/wp-json\/wp\/v2\/product_cat?post=11921"},{"taxonomy":"product_tag","embeddable":true,"href":"https:\/\/bridalfashion.com\/ro\/wp-json\/wp\/v2\/product_tag?post=11921"}],"curies":[{"name":"wp","href":"https:\/\/api.w.org\/{rel}","templated":true}]}}