{"id":11918,"date":"2021-09-27T15:16:10","date_gmt":"2022-10-05T09:52:25","guid":{"rendered":"https:\/\/bridalfashion.com\/fara-categorie\/tinuta-eleganta-pentru-copii-winona-wf0040\/"},"modified":"2022-10-05T11:52:25","modified_gmt":"2022-10-05T09:52:25","slug":"haine-lurex-pentru-copii-cu-un-top-asimetric-wf0040","status":"publish","type":"product","link":"https:\/\/bridalfashion.com\/ro\/white-flowers-2020-ro\/haine-lurex-pentru-copii-cu-un-top-asimetric-wf0040\/","title":{"rendered":"Tinuta eleganta pentru copii WINONA &#8211; WF0040"},"content":{"rendered":"<h2>Descrierea modelului <span style=\"font-size: 18px\">WINONA &#8211; <\/span><span style=\"font-size: 1.15em\">WF0040 o \u021binut\u0103 elegant\u0103 pentru copii din material lurex cu dou\u0103 fundi\u021be mari<\/span>.<\/h2>\n<p>Rochie elegant\u0103 cu design deosebit. Bustul asimetric, cu o bretea pe um\u0103r, \u00eencheietoarea la spate pe fermoar. Dou\u0103 fundi\u021be mari \u00een fa\u021b\u0103 \u0219i la spate pe br\u00e2u \u00eempodobesc imaginea rochiei. Fusta ampl\u0103 cu o c\u0103ptu\u0219eal\u0103 alb\u0103, ajustat\u0103 cu rijelin\u0103 \u00een partea de jos, datorit\u0103 c\u0103rui fapt \u00ee\u0219i p\u0103streaz\u0103 forma impecabil\u0103. Acest model exclusiv pentru copii din lurex cu str\u0103luci \u2014 este punctul culminant al colec\u021biei White Flowers 2020.<\/p>\n","protected":false},"excerpt":{"rendered":"<p>Descrierea modelului WINONA &#8211; WF0040 o \u021binut\u0103 elegant\u0103 pentru copii din material lurex cu dou\u0103 fundi\u021be mari. Rochie elegant\u0103 cu design deosebit. Bustul asimetric, cu o bretea pe um\u0103r, \u00eencheietoarea la spate pe fermoar. Dou\u0103 fundi\u021be mari \u00een fa\u021b\u0103 \u0219i la spate pe br\u00e2u \u00eempodobesc imaginea rochiei. Fusta ampl\u0103 cu o c\u0103ptu\u0219eal\u0103 alb\u0103, ajustat\u0103 cu&hellip;<\/p>\n","protected":false},"featured_media":5550,"comment_status":"open","ping_status":"closed","template":"","meta":[],"product_brand":[],"product_cat":[939],"product_tag":[],"class_list":{"0":"post-11918","1":"product","2":"type-product","3":"status-publish","4":"has-post-thumbnail","6":"product_cat-white-flowers-2020-ro","8":"first","9":"instock","10":"taxable","11":"shipping-taxable","12":"product-type-simple"},"yoast_head":"<!-- This site is optimized with the Yoast SEO plugin v27.6 - https:\/\/yoast.com\/product\/yoast-seo-wordpress\/ -->\n<title>Tinuta eleganta pentru copii WINONA - WF0040 - BRIDAL FASHION \u2122 | Luxurious Wedding Dresses &amp; Fashionable Gowns for Women, Girls and Kids<\/title>\n<meta name=\"description\" content=\"Rochie pentru copii din lurex WINONA - WF0040 str\u0103luce\u0219te elegant \u00een timpul mi\u0219c\u0103rii. Bustul asimetric este decorat cu fundi\u021be mari \u00een fa\u021b\u0103 \u0219i la spate. Fusta bogat\u0103 este ajustat\u0103 cu rijelin\u0103\" \/>\n<meta name=\"robots\" content=\"index, follow, max-snippet:-1, max-image-preview:large, max-video-preview:-1\" \/>\n<link rel=\"canonical\" href=\"https:\/\/bridalfashion.com\/ro\/white-flowers-2020-ro\/haine-lurex-pentru-copii-cu-un-top-asimetric-wf0040\/\" \/>\n<meta property=\"og:locale\" content=\"ro_RO\" \/>\n<meta property=\"og:type\" content=\"article\" \/>\n<meta property=\"og:title\" content=\"Tinuta eleganta pentru copii WINONA - WF0040 - BRIDAL FASHION \u2122 | Luxurious Wedding Dresses &amp; Fashionable Gowns for Women, Girls and Kids\" \/>\n<meta property=\"og:description\" content=\"Rochie pentru copii din lurex WINONA - WF0040 str\u0103luce\u0219te elegant \u00een timpul mi\u0219c\u0103rii. Bustul asimetric este decorat cu fundi\u021be mari \u00een fa\u021b\u0103 \u0219i la spate. Fusta bogat\u0103 este ajustat\u0103 cu rijelin\u0103\" \/>\n<meta property=\"og:url\" content=\"https:\/\/bridalfashion.com\/ro\/white-flowers-2020-ro\/haine-lurex-pentru-copii-cu-un-top-asimetric-wf0040\/\" \/>\n<meta property=\"og:site_name\" content=\"BRIDAL FASHION \u2122 | Luxurious Wedding Dresses &amp; Fashionable Gowns for Women, Girls and Kids\" \/>\n<meta property=\"og:image\" content=\"https:\/\/bridalfashion.com\/wp-content\/uploads\/2021\/09\/WF0040_A_MH.jpg\" \/>\n\t<meta property=\"og:image:width\" content=\"1516\" \/>\n\t<meta property=\"og:image:height\" content=\"2000\" \/>\n\t<meta property=\"og:image:type\" content=\"image\/jpeg\" \/>\n<meta name=\"twitter:card\" content=\"summary_large_image\" \/>\n<script type=\"application\/ld+json\" class=\"yoast-schema-graph\">{\"@context\":\"https:\\\/\\\/schema.org\",\"@graph\":[{\"@type\":\"WebPage\",\"@id\":\"https:\\\/\\\/bridalfashion.com\\\/ro\\\/white-flowers-2020-ro\\\/haine-lurex-pentru-copii-cu-un-top-asimetric-wf0040\\\/\",\"url\":\"https:\\\/\\\/bridalfashion.com\\\/ro\\\/white-flowers-2020-ro\\\/haine-lurex-pentru-copii-cu-un-top-asimetric-wf0040\\\/\",\"name\":\"Tinuta eleganta pentru copii WINONA - WF0040 - BRIDAL FASHION \u2122 | Luxurious Wedding Dresses &amp; Fashionable Gowns for Women, Girls and Kids\",\"isPartOf\":{\"@id\":\"https:\\\/\\\/bridalfashion.com\\\/ro\\\/#website\"},\"primaryImageOfPage\":{\"@id\":\"https:\\\/\\\/bridalfashion.com\\\/ro\\\/white-flowers-2020-ro\\\/haine-lurex-pentru-copii-cu-un-top-asimetric-wf0040\\\/#primaryimage\"},\"image\":{\"@id\":\"https:\\\/\\\/bridalfashion.com\\\/ro\\\/white-flowers-2020-ro\\\/haine-lurex-pentru-copii-cu-un-top-asimetric-wf0040\\\/#primaryimage\"},\"thumbnailUrl\":\"https:\\\/\\\/bridalfashion.com\\\/wp-content\\\/uploads\\\/2021\\\/09\\\/WF0040_A_MH.jpg\",\"datePublished\":\"2022-10-05T09:52:25+00:00\",\"description\":\"Rochie pentru copii din lurex WINONA - WF0040 str\u0103luce\u0219te elegant \u00een timpul mi\u0219c\u0103rii. Bustul asimetric este decorat cu fundi\u021be mari \u00een fa\u021b\u0103 \u0219i la spate. Fusta bogat\u0103 este ajustat\u0103 cu rijelin\u0103\",\"breadcrumb\":{\"@id\":\"https:\\\/\\\/bridalfashion.com\\\/ro\\\/white-flowers-2020-ro\\\/haine-lurex-pentru-copii-cu-un-top-asimetric-wf0040\\\/#breadcrumb\"},\"inLanguage\":\"ro-RO\",\"potentialAction\":[{\"@type\":\"ReadAction\",\"target\":[\"https:\\\/\\\/bridalfashion.com\\\/ro\\\/white-flowers-2020-ro\\\/haine-lurex-pentru-copii-cu-un-top-asimetric-wf0040\\\/\"]}]},{\"@type\":\"ImageObject\",\"inLanguage\":\"ro-RO\",\"@id\":\"https:\\\/\\\/bridalfashion.com\\\/ro\\\/white-flowers-2020-ro\\\/haine-lurex-pentru-copii-cu-un-top-asimetric-wf0040\\\/#primaryimage\",\"url\":\"https:\\\/\\\/bridalfashion.com\\\/wp-content\\\/uploads\\\/2021\\\/09\\\/WF0040_A_MH.jpg\",\"contentUrl\":\"https:\\\/\\\/bridalfashion.com\\\/wp-content\\\/uploads\\\/2021\\\/09\\\/WF0040_A_MH.jpg\",\"width\":1516,\"height\":2000,\"caption\":\"\u021ainut\u0103 elegant\u0103 pentru copii WINONA - WF0040 Vedere frontal\u0103 | BRIDAL FASHION\"},{\"@type\":\"BreadcrumbList\",\"@id\":\"https:\\\/\\\/bridalfashion.com\\\/ro\\\/white-flowers-2020-ro\\\/haine-lurex-pentru-copii-cu-un-top-asimetric-wf0040\\\/#breadcrumb\",\"itemListElement\":[{\"@type\":\"ListItem\",\"position\":1,\"name\":\"Home\",\"item\":\"https:\\\/\\\/bridalfashion.com\\\/ro\\\/\"},{\"@type\":\"ListItem\",\"position\":2,\"name\":\"Shop\",\"item\":\"https:\\\/\\\/bridalfashion.com\\\/shop-2\\\/\"},{\"@type\":\"ListItem\",\"position\":3,\"name\":\"Tinuta eleganta pentru copii WINONA &#8211; WF0040\"}]},{\"@type\":\"WebSite\",\"@id\":\"https:\\\/\\\/bridalfashion.com\\\/ro\\\/#website\",\"url\":\"https:\\\/\\\/bridalfashion.com\\\/ro\\\/\",\"name\":\"BRIDAL FASHION \u2122 | Luxurious Wedding Dresses &amp; Fashionable Gowns for Women, Girls and Kids\",\"description\":\"Welcome the leading manufacturer and supplier of wedding dresses. We offer in wholesale a large selection of high quality wedding dress collections and accessories for your business at competitive prices. Shop our full range of bridal products today!\",\"publisher\":{\"@id\":\"https:\\\/\\\/bridalfashion.com\\\/ro\\\/#organization\"},\"potentialAction\":[{\"@type\":\"SearchAction\",\"target\":{\"@type\":\"EntryPoint\",\"urlTemplate\":\"https:\\\/\\\/bridalfashion.com\\\/ro\\\/?s={search_term_string}\"},\"query-input\":{\"@type\":\"PropertyValueSpecification\",\"valueRequired\":true,\"valueName\":\"search_term_string\"}}],\"inLanguage\":\"ro-RO\"},{\"@type\":\"Organization\",\"@id\":\"https:\\\/\\\/bridalfashion.com\\\/ro\\\/#organization\",\"name\":\"BRIDAL FASHION \u2122 | Luxurious Wedding Dresses &amp; Fashionable Gowns for Women, Girls and Kids\",\"url\":\"https:\\\/\\\/bridalfashion.com\\\/ro\\\/\",\"logo\":{\"@type\":\"ImageObject\",\"inLanguage\":\"ro-RO\",\"@id\":\"https:\\\/\\\/bridalfashion.com\\\/ro\\\/#\\\/schema\\\/logo\\\/image\\\/\",\"url\":\"https:\\\/\\\/bridalfashion.com\\\/wp-content\\\/uploads\\\/2022\\\/05\\\/cropped-BFG.png\",\"contentUrl\":\"https:\\\/\\\/bridalfashion.com\\\/wp-content\\\/uploads\\\/2022\\\/05\\\/cropped-BFG.png\",\"width\":1771,\"height\":119,\"caption\":\"BRIDAL FASHION \u2122 | Luxurious Wedding Dresses &amp; Fashionable Gowns for Women, Girls and Kids\"},\"image\":{\"@id\":\"https:\\\/\\\/bridalfashion.com\\\/ro\\\/#\\\/schema\\\/logo\\\/image\\\/\"}}]}<\/script>\n<!-- \/ Yoast SEO plugin. -->","yoast_head_json":{"title":"Tinuta eleganta pentru copii WINONA - WF0040 - BRIDAL FASHION \u2122 | Luxurious Wedding Dresses &amp; Fashionable Gowns for Women, Girls and Kids","description":"Rochie pentru copii din lurex WINONA - WF0040 str\u0103luce\u0219te elegant \u00een timpul mi\u0219c\u0103rii. Bustul asimetric este decorat cu fundi\u021be mari \u00een fa\u021b\u0103 \u0219i la spate. Fusta bogat\u0103 este ajustat\u0103 cu rijelin\u0103","robots":{"index":"index","follow":"follow","max-snippet":"max-snippet:-1","max-image-preview":"max-image-preview:large","max-video-preview":"max-video-preview:-1"},"canonical":"https:\/\/bridalfashion.com\/ro\/white-flowers-2020-ro\/haine-lurex-pentru-copii-cu-un-top-asimetric-wf0040\/","og_locale":"ro_RO","og_type":"article","og_title":"Tinuta eleganta pentru copii WINONA - WF0040 - BRIDAL FASHION \u2122 | Luxurious Wedding Dresses &amp; Fashionable Gowns for Women, Girls and Kids","og_description":"Rochie pentru copii din lurex WINONA - WF0040 str\u0103luce\u0219te elegant \u00een timpul mi\u0219c\u0103rii. Bustul asimetric este decorat cu fundi\u021be mari \u00een fa\u021b\u0103 \u0219i la spate. Fusta bogat\u0103 este ajustat\u0103 cu rijelin\u0103","og_url":"https:\/\/bridalfashion.com\/ro\/white-flowers-2020-ro\/haine-lurex-pentru-copii-cu-un-top-asimetric-wf0040\/","og_site_name":"BRIDAL FASHION \u2122 | Luxurious Wedding Dresses &amp; Fashionable Gowns for Women, Girls and Kids","og_image":[{"width":1516,"height":2000,"url":"https:\/\/bridalfashion.com\/wp-content\/uploads\/2021\/09\/WF0040_A_MH.jpg","type":"image\/jpeg"}],"twitter_card":"summary_large_image","schema":{"@context":"https:\/\/schema.org","@graph":[{"@type":"WebPage","@id":"https:\/\/bridalfashion.com\/ro\/white-flowers-2020-ro\/haine-lurex-pentru-copii-cu-un-top-asimetric-wf0040\/","url":"https:\/\/bridalfashion.com\/ro\/white-flowers-2020-ro\/haine-lurex-pentru-copii-cu-un-top-asimetric-wf0040\/","name":"Tinuta eleganta pentru copii WINONA - WF0040 - BRIDAL FASHION \u2122 | Luxurious Wedding Dresses &amp; Fashionable Gowns for Women, Girls and Kids","isPartOf":{"@id":"https:\/\/bridalfashion.com\/ro\/#website"},"primaryImageOfPage":{"@id":"https:\/\/bridalfashion.com\/ro\/white-flowers-2020-ro\/haine-lurex-pentru-copii-cu-un-top-asimetric-wf0040\/#primaryimage"},"image":{"@id":"https:\/\/bridalfashion.com\/ro\/white-flowers-2020-ro\/haine-lurex-pentru-copii-cu-un-top-asimetric-wf0040\/#primaryimage"},"thumbnailUrl":"https:\/\/bridalfashion.com\/wp-content\/uploads\/2021\/09\/WF0040_A_MH.jpg","datePublished":"2022-10-05T09:52:25+00:00","description":"Rochie pentru copii din lurex WINONA - WF0040 str\u0103luce\u0219te elegant \u00een timpul mi\u0219c\u0103rii. Bustul asimetric este decorat cu fundi\u021be mari \u00een fa\u021b\u0103 \u0219i la spate. Fusta bogat\u0103 este ajustat\u0103 cu rijelin\u0103","breadcrumb":{"@id":"https:\/\/bridalfashion.com\/ro\/white-flowers-2020-ro\/haine-lurex-pentru-copii-cu-un-top-asimetric-wf0040\/#breadcrumb"},"inLanguage":"ro-RO","potentialAction":[{"@type":"ReadAction","target":["https:\/\/bridalfashion.com\/ro\/white-flowers-2020-ro\/haine-lurex-pentru-copii-cu-un-top-asimetric-wf0040\/"]}]},{"@type":"ImageObject","inLanguage":"ro-RO","@id":"https:\/\/bridalfashion.com\/ro\/white-flowers-2020-ro\/haine-lurex-pentru-copii-cu-un-top-asimetric-wf0040\/#primaryimage","url":"https:\/\/bridalfashion.com\/wp-content\/uploads\/2021\/09\/WF0040_A_MH.jpg","contentUrl":"https:\/\/bridalfashion.com\/wp-content\/uploads\/2021\/09\/WF0040_A_MH.jpg","width":1516,"height":2000,"caption":"\u021ainut\u0103 elegant\u0103 pentru copii WINONA - WF0040 Vedere frontal\u0103 | BRIDAL FASHION"},{"@type":"BreadcrumbList","@id":"https:\/\/bridalfashion.com\/ro\/white-flowers-2020-ro\/haine-lurex-pentru-copii-cu-un-top-asimetric-wf0040\/#breadcrumb","itemListElement":[{"@type":"ListItem","position":1,"name":"Home","item":"https:\/\/bridalfashion.com\/ro\/"},{"@type":"ListItem","position":2,"name":"Shop","item":"https:\/\/bridalfashion.com\/shop-2\/"},{"@type":"ListItem","position":3,"name":"Tinuta eleganta pentru copii WINONA &#8211; WF0040"}]},{"@type":"WebSite","@id":"https:\/\/bridalfashion.com\/ro\/#website","url":"https:\/\/bridalfashion.com\/ro\/","name":"BRIDAL FASHION \u2122 | Luxurious Wedding Dresses &amp; Fashionable Gowns for Women, Girls and Kids","description":"Welcome the leading manufacturer and supplier of wedding dresses. We offer in wholesale a large selection of high quality wedding dress collections and accessories for your business at competitive prices. Shop our full range of bridal products today!","publisher":{"@id":"https:\/\/bridalfashion.com\/ro\/#organization"},"potentialAction":[{"@type":"SearchAction","target":{"@type":"EntryPoint","urlTemplate":"https:\/\/bridalfashion.com\/ro\/?s={search_term_string}"},"query-input":{"@type":"PropertyValueSpecification","valueRequired":true,"valueName":"search_term_string"}}],"inLanguage":"ro-RO"},{"@type":"Organization","@id":"https:\/\/bridalfashion.com\/ro\/#organization","name":"BRIDAL FASHION \u2122 | Luxurious Wedding Dresses &amp; Fashionable Gowns for Women, Girls and Kids","url":"https:\/\/bridalfashion.com\/ro\/","logo":{"@type":"ImageObject","inLanguage":"ro-RO","@id":"https:\/\/bridalfashion.com\/ro\/#\/schema\/logo\/image\/","url":"https:\/\/bridalfashion.com\/wp-content\/uploads\/2022\/05\/cropped-BFG.png","contentUrl":"https:\/\/bridalfashion.com\/wp-content\/uploads\/2022\/05\/cropped-BFG.png","width":1771,"height":119,"caption":"BRIDAL FASHION \u2122 | Luxurious Wedding Dresses &amp; Fashionable Gowns for Women, Girls and Kids"},"image":{"@id":"https:\/\/bridalfashion.com\/ro\/#\/schema\/logo\/image\/"}}]}},"_links":{"self":[{"href":"https:\/\/bridalfashion.com\/ro\/wp-json\/wp\/v2\/product\/11918","targetHints":{"allow":["GET"]}}],"collection":[{"href":"https:\/\/bridalfashion.com\/ro\/wp-json\/wp\/v2\/product"}],"about":[{"href":"https:\/\/bridalfashion.com\/ro\/wp-json\/wp\/v2\/types\/product"}],"replies":[{"embeddable":true,"href":"https:\/\/bridalfashion.com\/ro\/wp-json\/wp\/v2\/comments?post=11918"}],"wp:featuredmedia":[{"embeddable":true,"href":"https:\/\/bridalfashion.com\/ro\/wp-json\/wp\/v2\/media\/5550"}],"wp:attachment":[{"href":"https:\/\/bridalfashion.com\/ro\/wp-json\/wp\/v2\/media?parent=11918"}],"wp:term":[{"taxonomy":"product_brand","embeddable":true,"href":"https:\/\/bridalfashion.com\/ro\/wp-json\/wp\/v2\/product_brand?post=11918"},{"taxonomy":"product_cat","embeddable":true,"href":"https:\/\/bridalfashion.com\/ro\/wp-json\/wp\/v2\/product_cat?post=11918"},{"taxonomy":"product_tag","embeddable":true,"href":"https:\/\/bridalfashion.com\/ro\/wp-json\/wp\/v2\/product_tag?post=11918"}],"curies":[{"name":"wp","href":"https:\/\/api.w.org\/{rel}","templated":true}]}}