{"id":11915,"date":"2021-09-27T15:11:45","date_gmt":"2022-10-05T09:40:08","guid":{"rendered":"https:\/\/bridalfashion.com\/fara-categorie\/minunata-rochie-eleganta-fausta-wf0039\/"},"modified":"2022-10-05T11:40:08","modified_gmt":"2022-10-05T09:40:08","slug":"rochie-frumoasa-cu-o-fusta-care-aminteste-de-un-pin-wf0039","status":"publish","type":"product","link":"https:\/\/bridalfashion.com\/ro\/white-flowers-2020-ro\/rochie-frumoasa-cu-o-fusta-care-aminteste-de-un-pin-wf0039\/","title":{"rendered":"Minunata rochie eleganta FAUSTA &#8211; WF0039"},"content":{"rendered":"<h2>Descrierea modelului <span style=\"font-size: 18px\">FLORENTINA &#8211; <\/span><span style=\"font-size: 1.15em\">WF0039 o rochie minunat\u0103 \u0219i elegant\u0103, cu o fust\u0103 care aminte\u0219te de un pin \u0219i cu aplica\u021bii colorate<\/span>.<\/h2>\n<p>Model original \u00een culori la alegere: alb, ivory, cappuccino, roz pr\u0103fuit sau alte culori la comand\u0103. Bustul din saten este decorat cu dantele colorate, spatele cu un decolteu ad\u00e2nc este \u00eempodobit cu trei r\u00e2nduri de perle \u0219i cristale \u00een nuan\u021ba rochiei. Fusta bogat\u0103 din tul cu volane numeroase este completat\u0103 cu o tren\u0103 elegant\u0103. Aceast\u0103 rochie cu fusta \u00een form\u0103 de spic \u0219i cu aplica\u021bii colorate va \u00eembog\u0103\u021bi s\u0103rb\u0103toarea frumoasei micu\u021be.<\/p>\n","protected":false},"excerpt":{"rendered":"<p>Descrierea modelului FLORENTINA &#8211; WF0039 o rochie minunat\u0103 \u0219i elegant\u0103, cu o fust\u0103 care aminte\u0219te de un pin \u0219i cu aplica\u021bii colorate. Model original \u00een culori la alegere: alb, ivory, cappuccino, roz pr\u0103fuit sau alte culori la comand\u0103. Bustul din saten este decorat cu dantele colorate, spatele cu un decolteu ad\u00e2nc este \u00eempodobit cu trei&hellip;<\/p>\n","protected":false},"featured_media":5526,"comment_status":"open","ping_status":"closed","template":"","meta":[],"product_brand":[],"product_cat":[939],"product_tag":[],"class_list":{"0":"post-11915","1":"product","2":"type-product","3":"status-publish","4":"has-post-thumbnail","6":"product_cat-white-flowers-2020-ro","8":"first","9":"instock","10":"taxable","11":"shipping-taxable","12":"product-type-simple"},"yoast_head":"<!-- This site is optimized with the Yoast SEO plugin v27.5 - https:\/\/yoast.com\/product\/yoast-seo-wordpress\/ -->\n<title>Minunata rochie eleganta FAUSTA - WF0039 - BRIDAL FASHION \u2122 | Luxurious Wedding Dresses &amp; Fashionable Gowns for Women, Girls and Kids<\/title>\n<meta name=\"description\" content=\"Rochie bogat\u0103 cu fusta \u00een form\u0103 de spic \u0219i cu aplica\u021bii colorate FAUSTA - WF0039 \u00een nuan\u021be diferite la alegere. Bustul din saten, decorat cu dantele \u00een culori diverse, spatele este \u00eempodobit cu r\u00e2nduri de cristale. Fusta bogat\u0103 cu tren\u0103\" \/>\n<meta name=\"robots\" content=\"index, follow, max-snippet:-1, max-image-preview:large, max-video-preview:-1\" \/>\n<link rel=\"canonical\" href=\"https:\/\/bridalfashion.com\/ro\/white-flowers-2020-ro\/rochie-frumoasa-cu-o-fusta-care-aminteste-de-un-pin-wf0039\/\" \/>\n<meta property=\"og:locale\" content=\"ro_RO\" \/>\n<meta property=\"og:type\" content=\"article\" \/>\n<meta property=\"og:title\" content=\"Minunata rochie eleganta FAUSTA - WF0039 - BRIDAL FASHION \u2122 | Luxurious Wedding Dresses &amp; Fashionable Gowns for Women, Girls and Kids\" \/>\n<meta property=\"og:description\" content=\"Rochie bogat\u0103 cu fusta \u00een form\u0103 de spic \u0219i cu aplica\u021bii colorate FAUSTA - WF0039 \u00een nuan\u021be diferite la alegere. Bustul din saten, decorat cu dantele \u00een culori diverse, spatele este \u00eempodobit cu r\u00e2nduri de cristale. Fusta bogat\u0103 cu tren\u0103\" \/>\n<meta property=\"og:url\" content=\"https:\/\/bridalfashion.com\/ro\/white-flowers-2020-ro\/rochie-frumoasa-cu-o-fusta-care-aminteste-de-un-pin-wf0039\/\" \/>\n<meta property=\"og:site_name\" content=\"BRIDAL FASHION \u2122 | Luxurious Wedding Dresses &amp; Fashionable Gowns for Women, Girls and Kids\" \/>\n<meta property=\"og:image\" content=\"https:\/\/bridalfashion.com\/wp-content\/uploads\/2021\/09\/WF0039_H1_MH.jpg\" \/>\n\t<meta property=\"og:image:width\" content=\"1516\" \/>\n\t<meta property=\"og:image:height\" content=\"2000\" \/>\n\t<meta property=\"og:image:type\" content=\"image\/jpeg\" \/>\n<meta name=\"twitter:card\" content=\"summary_large_image\" \/>\n<meta name=\"twitter:label1\" content=\"Timp estimat pentru citire\" \/>\n\t<meta name=\"twitter:data1\" content=\"1 minut\" \/>\n<script type=\"application\/ld+json\" class=\"yoast-schema-graph\">{\"@context\":\"https:\\\/\\\/schema.org\",\"@graph\":[{\"@type\":\"WebPage\",\"@id\":\"https:\\\/\\\/bridalfashion.com\\\/ro\\\/white-flowers-2020-ro\\\/rochie-frumoasa-cu-o-fusta-care-aminteste-de-un-pin-wf0039\\\/\",\"url\":\"https:\\\/\\\/bridalfashion.com\\\/ro\\\/white-flowers-2020-ro\\\/rochie-frumoasa-cu-o-fusta-care-aminteste-de-un-pin-wf0039\\\/\",\"name\":\"Minunata rochie eleganta FAUSTA - WF0039 - BRIDAL FASHION \u2122 | Luxurious Wedding Dresses &amp; Fashionable Gowns for Women, Girls and Kids\",\"isPartOf\":{\"@id\":\"https:\\\/\\\/bridalfashion.com\\\/ro\\\/#website\"},\"primaryImageOfPage\":{\"@id\":\"https:\\\/\\\/bridalfashion.com\\\/ro\\\/white-flowers-2020-ro\\\/rochie-frumoasa-cu-o-fusta-care-aminteste-de-un-pin-wf0039\\\/#primaryimage\"},\"image\":{\"@id\":\"https:\\\/\\\/bridalfashion.com\\\/ro\\\/white-flowers-2020-ro\\\/rochie-frumoasa-cu-o-fusta-care-aminteste-de-un-pin-wf0039\\\/#primaryimage\"},\"thumbnailUrl\":\"https:\\\/\\\/bridalfashion.com\\\/wp-content\\\/uploads\\\/2021\\\/09\\\/WF0039_H1_MH.jpg\",\"datePublished\":\"2022-10-05T09:40:08+00:00\",\"description\":\"Rochie bogat\u0103 cu fusta \u00een form\u0103 de spic \u0219i cu aplica\u021bii colorate FAUSTA - WF0039 \u00een nuan\u021be diferite la alegere. Bustul din saten, decorat cu dantele \u00een culori diverse, spatele este \u00eempodobit cu r\u00e2nduri de cristale. Fusta bogat\u0103 cu tren\u0103\",\"breadcrumb\":{\"@id\":\"https:\\\/\\\/bridalfashion.com\\\/ro\\\/white-flowers-2020-ro\\\/rochie-frumoasa-cu-o-fusta-care-aminteste-de-un-pin-wf0039\\\/#breadcrumb\"},\"inLanguage\":\"ro-RO\",\"potentialAction\":[{\"@type\":\"ReadAction\",\"target\":[\"https:\\\/\\\/bridalfashion.com\\\/ro\\\/white-flowers-2020-ro\\\/rochie-frumoasa-cu-o-fusta-care-aminteste-de-un-pin-wf0039\\\/\"]}]},{\"@type\":\"ImageObject\",\"inLanguage\":\"ro-RO\",\"@id\":\"https:\\\/\\\/bridalfashion.com\\\/ro\\\/white-flowers-2020-ro\\\/rochie-frumoasa-cu-o-fusta-care-aminteste-de-un-pin-wf0039\\\/#primaryimage\",\"url\":\"https:\\\/\\\/bridalfashion.com\\\/wp-content\\\/uploads\\\/2021\\\/09\\\/WF0039_H1_MH.jpg\",\"contentUrl\":\"https:\\\/\\\/bridalfashion.com\\\/wp-content\\\/uploads\\\/2021\\\/09\\\/WF0039_H1_MH.jpg\",\"width\":1516,\"height\":2000,\"caption\":\"Minunata rochie eleganta FAUSTA - WF0039 Vedere fata zoom | BRIDAL FASHION\"},{\"@type\":\"BreadcrumbList\",\"@id\":\"https:\\\/\\\/bridalfashion.com\\\/ro\\\/white-flowers-2020-ro\\\/rochie-frumoasa-cu-o-fusta-care-aminteste-de-un-pin-wf0039\\\/#breadcrumb\",\"itemListElement\":[{\"@type\":\"ListItem\",\"position\":1,\"name\":\"Home\",\"item\":\"https:\\\/\\\/bridalfashion.com\\\/ro\\\/\"},{\"@type\":\"ListItem\",\"position\":2,\"name\":\"Shop\",\"item\":\"https:\\\/\\\/bridalfashion.com\\\/shop-2\\\/\"},{\"@type\":\"ListItem\",\"position\":3,\"name\":\"Minunata rochie eleganta FAUSTA &#8211; WF0039\"}]},{\"@type\":\"WebSite\",\"@id\":\"https:\\\/\\\/bridalfashion.com\\\/ro\\\/#website\",\"url\":\"https:\\\/\\\/bridalfashion.com\\\/ro\\\/\",\"name\":\"BRIDAL FASHION \u2122 | Luxurious Wedding Dresses &amp; Fashionable Gowns for Women, Girls and Kids\",\"description\":\"Welcome the leading manufacturer and supplier of wedding dresses. We offer in wholesale a large selection of high quality wedding dress collections and accessories for your business at competitive prices. Shop our full range of bridal products today!\",\"publisher\":{\"@id\":\"https:\\\/\\\/bridalfashion.com\\\/ro\\\/#organization\"},\"potentialAction\":[{\"@type\":\"SearchAction\",\"target\":{\"@type\":\"EntryPoint\",\"urlTemplate\":\"https:\\\/\\\/bridalfashion.com\\\/ro\\\/?s={search_term_string}\"},\"query-input\":{\"@type\":\"PropertyValueSpecification\",\"valueRequired\":true,\"valueName\":\"search_term_string\"}}],\"inLanguage\":\"ro-RO\"},{\"@type\":\"Organization\",\"@id\":\"https:\\\/\\\/bridalfashion.com\\\/ro\\\/#organization\",\"name\":\"BRIDAL FASHION \u2122 | Luxurious Wedding Dresses &amp; Fashionable Gowns for Women, Girls and Kids\",\"url\":\"https:\\\/\\\/bridalfashion.com\\\/ro\\\/\",\"logo\":{\"@type\":\"ImageObject\",\"inLanguage\":\"ro-RO\",\"@id\":\"https:\\\/\\\/bridalfashion.com\\\/ro\\\/#\\\/schema\\\/logo\\\/image\\\/\",\"url\":\"https:\\\/\\\/bridalfashion.com\\\/wp-content\\\/uploads\\\/2022\\\/05\\\/cropped-BFG.png\",\"contentUrl\":\"https:\\\/\\\/bridalfashion.com\\\/wp-content\\\/uploads\\\/2022\\\/05\\\/cropped-BFG.png\",\"width\":1771,\"height\":119,\"caption\":\"BRIDAL FASHION \u2122 | Luxurious Wedding Dresses &amp; Fashionable Gowns for Women, Girls and Kids\"},\"image\":{\"@id\":\"https:\\\/\\\/bridalfashion.com\\\/ro\\\/#\\\/schema\\\/logo\\\/image\\\/\"}}]}<\/script>\n<!-- \/ Yoast SEO plugin. -->","yoast_head_json":{"title":"Minunata rochie eleganta FAUSTA - WF0039 - BRIDAL FASHION \u2122 | Luxurious Wedding Dresses &amp; Fashionable Gowns for Women, Girls and Kids","description":"Rochie bogat\u0103 cu fusta \u00een form\u0103 de spic \u0219i cu aplica\u021bii colorate FAUSTA - WF0039 \u00een nuan\u021be diferite la alegere. Bustul din saten, decorat cu dantele \u00een culori diverse, spatele este \u00eempodobit cu r\u00e2nduri de cristale. Fusta bogat\u0103 cu tren\u0103","robots":{"index":"index","follow":"follow","max-snippet":"max-snippet:-1","max-image-preview":"max-image-preview:large","max-video-preview":"max-video-preview:-1"},"canonical":"https:\/\/bridalfashion.com\/ro\/white-flowers-2020-ro\/rochie-frumoasa-cu-o-fusta-care-aminteste-de-un-pin-wf0039\/","og_locale":"ro_RO","og_type":"article","og_title":"Minunata rochie eleganta FAUSTA - WF0039 - BRIDAL FASHION \u2122 | Luxurious Wedding Dresses &amp; Fashionable Gowns for Women, Girls and Kids","og_description":"Rochie bogat\u0103 cu fusta \u00een form\u0103 de spic \u0219i cu aplica\u021bii colorate FAUSTA - WF0039 \u00een nuan\u021be diferite la alegere. Bustul din saten, decorat cu dantele \u00een culori diverse, spatele este \u00eempodobit cu r\u00e2nduri de cristale. Fusta bogat\u0103 cu tren\u0103","og_url":"https:\/\/bridalfashion.com\/ro\/white-flowers-2020-ro\/rochie-frumoasa-cu-o-fusta-care-aminteste-de-un-pin-wf0039\/","og_site_name":"BRIDAL FASHION \u2122 | Luxurious Wedding Dresses &amp; Fashionable Gowns for Women, Girls and Kids","og_image":[{"width":1516,"height":2000,"url":"https:\/\/bridalfashion.com\/wp-content\/uploads\/2021\/09\/WF0039_H1_MH.jpg","type":"image\/jpeg"}],"twitter_card":"summary_large_image","twitter_misc":{"Timp estimat pentru citire":"1 minut"},"schema":{"@context":"https:\/\/schema.org","@graph":[{"@type":"WebPage","@id":"https:\/\/bridalfashion.com\/ro\/white-flowers-2020-ro\/rochie-frumoasa-cu-o-fusta-care-aminteste-de-un-pin-wf0039\/","url":"https:\/\/bridalfashion.com\/ro\/white-flowers-2020-ro\/rochie-frumoasa-cu-o-fusta-care-aminteste-de-un-pin-wf0039\/","name":"Minunata rochie eleganta FAUSTA - WF0039 - BRIDAL FASHION \u2122 | Luxurious Wedding Dresses &amp; Fashionable Gowns for Women, Girls and Kids","isPartOf":{"@id":"https:\/\/bridalfashion.com\/ro\/#website"},"primaryImageOfPage":{"@id":"https:\/\/bridalfashion.com\/ro\/white-flowers-2020-ro\/rochie-frumoasa-cu-o-fusta-care-aminteste-de-un-pin-wf0039\/#primaryimage"},"image":{"@id":"https:\/\/bridalfashion.com\/ro\/white-flowers-2020-ro\/rochie-frumoasa-cu-o-fusta-care-aminteste-de-un-pin-wf0039\/#primaryimage"},"thumbnailUrl":"https:\/\/bridalfashion.com\/wp-content\/uploads\/2021\/09\/WF0039_H1_MH.jpg","datePublished":"2022-10-05T09:40:08+00:00","description":"Rochie bogat\u0103 cu fusta \u00een form\u0103 de spic \u0219i cu aplica\u021bii colorate FAUSTA - WF0039 \u00een nuan\u021be diferite la alegere. Bustul din saten, decorat cu dantele \u00een culori diverse, spatele este \u00eempodobit cu r\u00e2nduri de cristale. Fusta bogat\u0103 cu tren\u0103","breadcrumb":{"@id":"https:\/\/bridalfashion.com\/ro\/white-flowers-2020-ro\/rochie-frumoasa-cu-o-fusta-care-aminteste-de-un-pin-wf0039\/#breadcrumb"},"inLanguage":"ro-RO","potentialAction":[{"@type":"ReadAction","target":["https:\/\/bridalfashion.com\/ro\/white-flowers-2020-ro\/rochie-frumoasa-cu-o-fusta-care-aminteste-de-un-pin-wf0039\/"]}]},{"@type":"ImageObject","inLanguage":"ro-RO","@id":"https:\/\/bridalfashion.com\/ro\/white-flowers-2020-ro\/rochie-frumoasa-cu-o-fusta-care-aminteste-de-un-pin-wf0039\/#primaryimage","url":"https:\/\/bridalfashion.com\/wp-content\/uploads\/2021\/09\/WF0039_H1_MH.jpg","contentUrl":"https:\/\/bridalfashion.com\/wp-content\/uploads\/2021\/09\/WF0039_H1_MH.jpg","width":1516,"height":2000,"caption":"Minunata rochie eleganta FAUSTA - WF0039 Vedere fata zoom | BRIDAL FASHION"},{"@type":"BreadcrumbList","@id":"https:\/\/bridalfashion.com\/ro\/white-flowers-2020-ro\/rochie-frumoasa-cu-o-fusta-care-aminteste-de-un-pin-wf0039\/#breadcrumb","itemListElement":[{"@type":"ListItem","position":1,"name":"Home","item":"https:\/\/bridalfashion.com\/ro\/"},{"@type":"ListItem","position":2,"name":"Shop","item":"https:\/\/bridalfashion.com\/shop-2\/"},{"@type":"ListItem","position":3,"name":"Minunata rochie eleganta FAUSTA &#8211; WF0039"}]},{"@type":"WebSite","@id":"https:\/\/bridalfashion.com\/ro\/#website","url":"https:\/\/bridalfashion.com\/ro\/","name":"BRIDAL FASHION \u2122 | Luxurious Wedding Dresses &amp; Fashionable Gowns for Women, Girls and Kids","description":"Welcome the leading manufacturer and supplier of wedding dresses. We offer in wholesale a large selection of high quality wedding dress collections and accessories for your business at competitive prices. Shop our full range of bridal products today!","publisher":{"@id":"https:\/\/bridalfashion.com\/ro\/#organization"},"potentialAction":[{"@type":"SearchAction","target":{"@type":"EntryPoint","urlTemplate":"https:\/\/bridalfashion.com\/ro\/?s={search_term_string}"},"query-input":{"@type":"PropertyValueSpecification","valueRequired":true,"valueName":"search_term_string"}}],"inLanguage":"ro-RO"},{"@type":"Organization","@id":"https:\/\/bridalfashion.com\/ro\/#organization","name":"BRIDAL FASHION \u2122 | Luxurious Wedding Dresses &amp; Fashionable Gowns for Women, Girls and Kids","url":"https:\/\/bridalfashion.com\/ro\/","logo":{"@type":"ImageObject","inLanguage":"ro-RO","@id":"https:\/\/bridalfashion.com\/ro\/#\/schema\/logo\/image\/","url":"https:\/\/bridalfashion.com\/wp-content\/uploads\/2022\/05\/cropped-BFG.png","contentUrl":"https:\/\/bridalfashion.com\/wp-content\/uploads\/2022\/05\/cropped-BFG.png","width":1771,"height":119,"caption":"BRIDAL FASHION \u2122 | Luxurious Wedding Dresses &amp; Fashionable Gowns for Women, Girls and Kids"},"image":{"@id":"https:\/\/bridalfashion.com\/ro\/#\/schema\/logo\/image\/"}}]}},"_links":{"self":[{"href":"https:\/\/bridalfashion.com\/ro\/wp-json\/wp\/v2\/product\/11915","targetHints":{"allow":["GET"]}}],"collection":[{"href":"https:\/\/bridalfashion.com\/ro\/wp-json\/wp\/v2\/product"}],"about":[{"href":"https:\/\/bridalfashion.com\/ro\/wp-json\/wp\/v2\/types\/product"}],"replies":[{"embeddable":true,"href":"https:\/\/bridalfashion.com\/ro\/wp-json\/wp\/v2\/comments?post=11915"}],"wp:featuredmedia":[{"embeddable":true,"href":"https:\/\/bridalfashion.com\/ro\/wp-json\/wp\/v2\/media\/5526"}],"wp:attachment":[{"href":"https:\/\/bridalfashion.com\/ro\/wp-json\/wp\/v2\/media?parent=11915"}],"wp:term":[{"taxonomy":"product_brand","embeddable":true,"href":"https:\/\/bridalfashion.com\/ro\/wp-json\/wp\/v2\/product_brand?post=11915"},{"taxonomy":"product_cat","embeddable":true,"href":"https:\/\/bridalfashion.com\/ro\/wp-json\/wp\/v2\/product_cat?post=11915"},{"taxonomy":"product_tag","embeddable":true,"href":"https:\/\/bridalfashion.com\/ro\/wp-json\/wp\/v2\/product_tag?post=11915"}],"curies":[{"name":"wp","href":"https:\/\/api.w.org\/{rel}","templated":true}]}}