{"id":11912,"date":"2021-09-27T15:08:54","date_gmt":"2022-10-05T09:24:42","guid":{"rendered":"https:\/\/bridalfashion.com\/fara-categorie\/rochie-eleganta-de-lux-florentina-wf0038\/"},"modified":"2022-10-05T11:24:42","modified_gmt":"2022-10-05T09:24:42","slug":"rochie-eleganta-copii-in-stil-royal-wf0038","status":"publish","type":"product","link":"https:\/\/bridalfashion.com\/ro\/white-flowers-2020-ro\/rochie-eleganta-copii-in-stil-royal-wf0038\/","title":{"rendered":"Rochie eleganta de lux FLORENTINA &#8211; WF0038"},"content":{"rendered":"<h2>Descrierea modelului <span style=\"font-size: 18px\">FLORENTINA<\/span><span style=\"font-size: 1.15em\"> &#8211; WF0038 o rochie elegant\u0103 \u0219i luxoas\u0103 de stil regal cu tren\u0103 lung\u0103<\/span>.<\/h2>\n<p>Rochie bogat\u0103 pentru mica prin\u021bes\u0103. Bustul lucrat din saten \u0219i \u00eempodobit cu aplica\u021bii florale din dantel\u0103. Spatele se \u00eenchide pe fermoar, la br\u00e2u festoane de dantel\u0103. Bretelele din tul pe umeri are fundi\u021be. Fusta ampl\u0103 este completat\u0103 cu o tren\u0103 faimoas\u0103. Fusta foarte pufoas\u0103 este completat\u0103 de o tren\u0103 frumoas\u0103. Aceast\u0103 rochie elegant\u0103 cu o \u021binut\u0103 regal\u0103 poate fi executat\u0103 \u00een culori diferite la comand\u0103: alb, roz, albastru, ivory, cappuccino, roz-pr\u0103fuit, ment\u0103 \u0219i altele.<\/p>\n","protected":false},"excerpt":{"rendered":"<p>Descrierea modelului FLORENTINA &#8211; WF0038 o rochie elegant\u0103 \u0219i luxoas\u0103 de stil regal cu tren\u0103 lung\u0103. Rochie bogat\u0103 pentru mica prin\u021bes\u0103. Bustul lucrat din saten \u0219i \u00eempodobit cu aplica\u021bii florale din dantel\u0103. Spatele se \u00eenchide pe fermoar, la br\u00e2u festoane de dantel\u0103. Bretelele din tul pe umeri are fundi\u021be. Fusta ampl\u0103 este completat\u0103 cu o&hellip;<\/p>\n","protected":false},"featured_media":5508,"comment_status":"open","ping_status":"closed","template":"","meta":[],"product_brand":[],"product_cat":[939],"product_tag":[],"class_list":{"0":"post-11912","1":"product","2":"type-product","3":"status-publish","4":"has-post-thumbnail","6":"product_cat-white-flowers-2020-ro","8":"first","9":"instock","10":"taxable","11":"shipping-taxable","12":"product-type-simple"},"yoast_head":"<!-- This site is optimized with the Yoast SEO plugin v27.5 - https:\/\/yoast.com\/product\/yoast-seo-wordpress\/ -->\n<title>Rochie eleganta de lux FLORENTINA - WF0038 - BRIDAL FASHION \u2122 | Luxurious Wedding Dresses &amp; Fashionable Gowns for Women, Girls and Kids<\/title>\n<meta name=\"description\" content=\"Rochie elegant\u0103 pentru copii cu o \u021binut\u0103 regal\u0103 FLORENTINA - WF0038, disponibil\u0103 \u00een culori diferite. Bustul din saten, \u00eempodobit cu aplica\u021bii florale, bretelele din tul, decorate cu fundi\u021be. Fusta bogat\u0103 cu tren\u0103\" \/>\n<meta name=\"robots\" content=\"index, follow, max-snippet:-1, max-image-preview:large, max-video-preview:-1\" \/>\n<link rel=\"canonical\" href=\"https:\/\/bridalfashion.com\/ro\/white-flowers-2020-ro\/rochie-eleganta-copii-in-stil-royal-wf0038\/\" \/>\n<meta property=\"og:locale\" content=\"ro_RO\" \/>\n<meta property=\"og:type\" content=\"article\" \/>\n<meta property=\"og:title\" content=\"Rochie eleganta de lux FLORENTINA - WF0038 - BRIDAL FASHION \u2122 | Luxurious Wedding Dresses &amp; Fashionable Gowns for Women, Girls and Kids\" \/>\n<meta property=\"og:description\" content=\"Rochie elegant\u0103 pentru copii cu o \u021binut\u0103 regal\u0103 FLORENTINA - WF0038, disponibil\u0103 \u00een culori diferite. Bustul din saten, \u00eempodobit cu aplica\u021bii florale, bretelele din tul, decorate cu fundi\u021be. Fusta bogat\u0103 cu tren\u0103\" \/>\n<meta property=\"og:url\" content=\"https:\/\/bridalfashion.com\/ro\/white-flowers-2020-ro\/rochie-eleganta-copii-in-stil-royal-wf0038\/\" \/>\n<meta property=\"og:site_name\" content=\"BRIDAL FASHION \u2122 | Luxurious Wedding Dresses &amp; Fashionable Gowns for Women, Girls and Kids\" \/>\n<meta property=\"og:image\" content=\"https:\/\/bridalfashion.com\/wp-content\/uploads\/2021\/09\/WF0038_A.jpg\" \/>\n\t<meta property=\"og:image:width\" content=\"1516\" \/>\n\t<meta property=\"og:image:height\" content=\"2000\" \/>\n\t<meta property=\"og:image:type\" content=\"image\/jpeg\" \/>\n<meta name=\"twitter:card\" content=\"summary_large_image\" \/>\n<script type=\"application\/ld+json\" class=\"yoast-schema-graph\">{\"@context\":\"https:\\\/\\\/schema.org\",\"@graph\":[{\"@type\":\"WebPage\",\"@id\":\"https:\\\/\\\/bridalfashion.com\\\/ro\\\/white-flowers-2020-ro\\\/rochie-eleganta-copii-in-stil-royal-wf0038\\\/\",\"url\":\"https:\\\/\\\/bridalfashion.com\\\/ro\\\/white-flowers-2020-ro\\\/rochie-eleganta-copii-in-stil-royal-wf0038\\\/\",\"name\":\"Rochie eleganta de lux FLORENTINA - WF0038 - BRIDAL FASHION \u2122 | Luxurious Wedding Dresses &amp; Fashionable Gowns for Women, Girls and Kids\",\"isPartOf\":{\"@id\":\"https:\\\/\\\/bridalfashion.com\\\/ro\\\/#website\"},\"primaryImageOfPage\":{\"@id\":\"https:\\\/\\\/bridalfashion.com\\\/ro\\\/white-flowers-2020-ro\\\/rochie-eleganta-copii-in-stil-royal-wf0038\\\/#primaryimage\"},\"image\":{\"@id\":\"https:\\\/\\\/bridalfashion.com\\\/ro\\\/white-flowers-2020-ro\\\/rochie-eleganta-copii-in-stil-royal-wf0038\\\/#primaryimage\"},\"thumbnailUrl\":\"https:\\\/\\\/bridalfashion.com\\\/wp-content\\\/uploads\\\/2021\\\/09\\\/WF0038_A.jpg\",\"datePublished\":\"2022-10-05T09:24:42+00:00\",\"description\":\"Rochie elegant\u0103 pentru copii cu o \u021binut\u0103 regal\u0103 FLORENTINA - WF0038, disponibil\u0103 \u00een culori diferite. Bustul din saten, \u00eempodobit cu aplica\u021bii florale, bretelele din tul, decorate cu fundi\u021be. Fusta bogat\u0103 cu tren\u0103\",\"breadcrumb\":{\"@id\":\"https:\\\/\\\/bridalfashion.com\\\/ro\\\/white-flowers-2020-ro\\\/rochie-eleganta-copii-in-stil-royal-wf0038\\\/#breadcrumb\"},\"inLanguage\":\"ro-RO\",\"potentialAction\":[{\"@type\":\"ReadAction\",\"target\":[\"https:\\\/\\\/bridalfashion.com\\\/ro\\\/white-flowers-2020-ro\\\/rochie-eleganta-copii-in-stil-royal-wf0038\\\/\"]}]},{\"@type\":\"ImageObject\",\"inLanguage\":\"ro-RO\",\"@id\":\"https:\\\/\\\/bridalfashion.com\\\/ro\\\/white-flowers-2020-ro\\\/rochie-eleganta-copii-in-stil-royal-wf0038\\\/#primaryimage\",\"url\":\"https:\\\/\\\/bridalfashion.com\\\/wp-content\\\/uploads\\\/2021\\\/09\\\/WF0038_A.jpg\",\"contentUrl\":\"https:\\\/\\\/bridalfashion.com\\\/wp-content\\\/uploads\\\/2021\\\/09\\\/WF0038_A.jpg\",\"width\":1516,\"height\":2000,\"caption\":\"Rochie eleganta de lux FLORENTINA - WF0038 Vedere fata | BRIDAL FASHION\"},{\"@type\":\"BreadcrumbList\",\"@id\":\"https:\\\/\\\/bridalfashion.com\\\/ro\\\/white-flowers-2020-ro\\\/rochie-eleganta-copii-in-stil-royal-wf0038\\\/#breadcrumb\",\"itemListElement\":[{\"@type\":\"ListItem\",\"position\":1,\"name\":\"Home\",\"item\":\"https:\\\/\\\/bridalfashion.com\\\/ro\\\/\"},{\"@type\":\"ListItem\",\"position\":2,\"name\":\"Shop\",\"item\":\"https:\\\/\\\/bridalfashion.com\\\/shop-2\\\/\"},{\"@type\":\"ListItem\",\"position\":3,\"name\":\"Rochie eleganta de lux FLORENTINA &#8211; WF0038\"}]},{\"@type\":\"WebSite\",\"@id\":\"https:\\\/\\\/bridalfashion.com\\\/ro\\\/#website\",\"url\":\"https:\\\/\\\/bridalfashion.com\\\/ro\\\/\",\"name\":\"BRIDAL FASHION \u2122 | Luxurious Wedding Dresses &amp; Fashionable Gowns for Women, Girls and Kids\",\"description\":\"Welcome the leading manufacturer and supplier of wedding dresses. We offer in wholesale a large selection of high quality wedding dress collections and accessories for your business at competitive prices. Shop our full range of bridal products today!\",\"publisher\":{\"@id\":\"https:\\\/\\\/bridalfashion.com\\\/ro\\\/#organization\"},\"potentialAction\":[{\"@type\":\"SearchAction\",\"target\":{\"@type\":\"EntryPoint\",\"urlTemplate\":\"https:\\\/\\\/bridalfashion.com\\\/ro\\\/?s={search_term_string}\"},\"query-input\":{\"@type\":\"PropertyValueSpecification\",\"valueRequired\":true,\"valueName\":\"search_term_string\"}}],\"inLanguage\":\"ro-RO\"},{\"@type\":\"Organization\",\"@id\":\"https:\\\/\\\/bridalfashion.com\\\/ro\\\/#organization\",\"name\":\"BRIDAL FASHION \u2122 | Luxurious Wedding Dresses &amp; Fashionable Gowns for Women, Girls and Kids\",\"url\":\"https:\\\/\\\/bridalfashion.com\\\/ro\\\/\",\"logo\":{\"@type\":\"ImageObject\",\"inLanguage\":\"ro-RO\",\"@id\":\"https:\\\/\\\/bridalfashion.com\\\/ro\\\/#\\\/schema\\\/logo\\\/image\\\/\",\"url\":\"https:\\\/\\\/bridalfashion.com\\\/wp-content\\\/uploads\\\/2022\\\/05\\\/cropped-BFG.png\",\"contentUrl\":\"https:\\\/\\\/bridalfashion.com\\\/wp-content\\\/uploads\\\/2022\\\/05\\\/cropped-BFG.png\",\"width\":1771,\"height\":119,\"caption\":\"BRIDAL FASHION \u2122 | Luxurious Wedding Dresses &amp; Fashionable Gowns for Women, Girls and Kids\"},\"image\":{\"@id\":\"https:\\\/\\\/bridalfashion.com\\\/ro\\\/#\\\/schema\\\/logo\\\/image\\\/\"}}]}<\/script>\n<!-- \/ Yoast SEO plugin. -->","yoast_head_json":{"title":"Rochie eleganta de lux FLORENTINA - WF0038 - BRIDAL FASHION \u2122 | Luxurious Wedding Dresses &amp; Fashionable Gowns for Women, Girls and Kids","description":"Rochie elegant\u0103 pentru copii cu o \u021binut\u0103 regal\u0103 FLORENTINA - WF0038, disponibil\u0103 \u00een culori diferite. Bustul din saten, \u00eempodobit cu aplica\u021bii florale, bretelele din tul, decorate cu fundi\u021be. Fusta bogat\u0103 cu tren\u0103","robots":{"index":"index","follow":"follow","max-snippet":"max-snippet:-1","max-image-preview":"max-image-preview:large","max-video-preview":"max-video-preview:-1"},"canonical":"https:\/\/bridalfashion.com\/ro\/white-flowers-2020-ro\/rochie-eleganta-copii-in-stil-royal-wf0038\/","og_locale":"ro_RO","og_type":"article","og_title":"Rochie eleganta de lux FLORENTINA - WF0038 - BRIDAL FASHION \u2122 | Luxurious Wedding Dresses &amp; Fashionable Gowns for Women, Girls and Kids","og_description":"Rochie elegant\u0103 pentru copii cu o \u021binut\u0103 regal\u0103 FLORENTINA - WF0038, disponibil\u0103 \u00een culori diferite. Bustul din saten, \u00eempodobit cu aplica\u021bii florale, bretelele din tul, decorate cu fundi\u021be. Fusta bogat\u0103 cu tren\u0103","og_url":"https:\/\/bridalfashion.com\/ro\/white-flowers-2020-ro\/rochie-eleganta-copii-in-stil-royal-wf0038\/","og_site_name":"BRIDAL FASHION \u2122 | Luxurious Wedding Dresses &amp; Fashionable Gowns for Women, Girls and Kids","og_image":[{"width":1516,"height":2000,"url":"https:\/\/bridalfashion.com\/wp-content\/uploads\/2021\/09\/WF0038_A.jpg","type":"image\/jpeg"}],"twitter_card":"summary_large_image","schema":{"@context":"https:\/\/schema.org","@graph":[{"@type":"WebPage","@id":"https:\/\/bridalfashion.com\/ro\/white-flowers-2020-ro\/rochie-eleganta-copii-in-stil-royal-wf0038\/","url":"https:\/\/bridalfashion.com\/ro\/white-flowers-2020-ro\/rochie-eleganta-copii-in-stil-royal-wf0038\/","name":"Rochie eleganta de lux FLORENTINA - WF0038 - BRIDAL FASHION \u2122 | Luxurious Wedding Dresses &amp; Fashionable Gowns for Women, Girls and Kids","isPartOf":{"@id":"https:\/\/bridalfashion.com\/ro\/#website"},"primaryImageOfPage":{"@id":"https:\/\/bridalfashion.com\/ro\/white-flowers-2020-ro\/rochie-eleganta-copii-in-stil-royal-wf0038\/#primaryimage"},"image":{"@id":"https:\/\/bridalfashion.com\/ro\/white-flowers-2020-ro\/rochie-eleganta-copii-in-stil-royal-wf0038\/#primaryimage"},"thumbnailUrl":"https:\/\/bridalfashion.com\/wp-content\/uploads\/2021\/09\/WF0038_A.jpg","datePublished":"2022-10-05T09:24:42+00:00","description":"Rochie elegant\u0103 pentru copii cu o \u021binut\u0103 regal\u0103 FLORENTINA - WF0038, disponibil\u0103 \u00een culori diferite. Bustul din saten, \u00eempodobit cu aplica\u021bii florale, bretelele din tul, decorate cu fundi\u021be. Fusta bogat\u0103 cu tren\u0103","breadcrumb":{"@id":"https:\/\/bridalfashion.com\/ro\/white-flowers-2020-ro\/rochie-eleganta-copii-in-stil-royal-wf0038\/#breadcrumb"},"inLanguage":"ro-RO","potentialAction":[{"@type":"ReadAction","target":["https:\/\/bridalfashion.com\/ro\/white-flowers-2020-ro\/rochie-eleganta-copii-in-stil-royal-wf0038\/"]}]},{"@type":"ImageObject","inLanguage":"ro-RO","@id":"https:\/\/bridalfashion.com\/ro\/white-flowers-2020-ro\/rochie-eleganta-copii-in-stil-royal-wf0038\/#primaryimage","url":"https:\/\/bridalfashion.com\/wp-content\/uploads\/2021\/09\/WF0038_A.jpg","contentUrl":"https:\/\/bridalfashion.com\/wp-content\/uploads\/2021\/09\/WF0038_A.jpg","width":1516,"height":2000,"caption":"Rochie eleganta de lux FLORENTINA - WF0038 Vedere fata | BRIDAL FASHION"},{"@type":"BreadcrumbList","@id":"https:\/\/bridalfashion.com\/ro\/white-flowers-2020-ro\/rochie-eleganta-copii-in-stil-royal-wf0038\/#breadcrumb","itemListElement":[{"@type":"ListItem","position":1,"name":"Home","item":"https:\/\/bridalfashion.com\/ro\/"},{"@type":"ListItem","position":2,"name":"Shop","item":"https:\/\/bridalfashion.com\/shop-2\/"},{"@type":"ListItem","position":3,"name":"Rochie eleganta de lux FLORENTINA &#8211; WF0038"}]},{"@type":"WebSite","@id":"https:\/\/bridalfashion.com\/ro\/#website","url":"https:\/\/bridalfashion.com\/ro\/","name":"BRIDAL FASHION \u2122 | Luxurious Wedding Dresses &amp; Fashionable Gowns for Women, Girls and Kids","description":"Welcome the leading manufacturer and supplier of wedding dresses. We offer in wholesale a large selection of high quality wedding dress collections and accessories for your business at competitive prices. Shop our full range of bridal products today!","publisher":{"@id":"https:\/\/bridalfashion.com\/ro\/#organization"},"potentialAction":[{"@type":"SearchAction","target":{"@type":"EntryPoint","urlTemplate":"https:\/\/bridalfashion.com\/ro\/?s={search_term_string}"},"query-input":{"@type":"PropertyValueSpecification","valueRequired":true,"valueName":"search_term_string"}}],"inLanguage":"ro-RO"},{"@type":"Organization","@id":"https:\/\/bridalfashion.com\/ro\/#organization","name":"BRIDAL FASHION \u2122 | Luxurious Wedding Dresses &amp; Fashionable Gowns for Women, Girls and Kids","url":"https:\/\/bridalfashion.com\/ro\/","logo":{"@type":"ImageObject","inLanguage":"ro-RO","@id":"https:\/\/bridalfashion.com\/ro\/#\/schema\/logo\/image\/","url":"https:\/\/bridalfashion.com\/wp-content\/uploads\/2022\/05\/cropped-BFG.png","contentUrl":"https:\/\/bridalfashion.com\/wp-content\/uploads\/2022\/05\/cropped-BFG.png","width":1771,"height":119,"caption":"BRIDAL FASHION \u2122 | Luxurious Wedding Dresses &amp; Fashionable Gowns for Women, Girls and Kids"},"image":{"@id":"https:\/\/bridalfashion.com\/ro\/#\/schema\/logo\/image\/"}}]}},"_links":{"self":[{"href":"https:\/\/bridalfashion.com\/ro\/wp-json\/wp\/v2\/product\/11912","targetHints":{"allow":["GET"]}}],"collection":[{"href":"https:\/\/bridalfashion.com\/ro\/wp-json\/wp\/v2\/product"}],"about":[{"href":"https:\/\/bridalfashion.com\/ro\/wp-json\/wp\/v2\/types\/product"}],"replies":[{"embeddable":true,"href":"https:\/\/bridalfashion.com\/ro\/wp-json\/wp\/v2\/comments?post=11912"}],"wp:featuredmedia":[{"embeddable":true,"href":"https:\/\/bridalfashion.com\/ro\/wp-json\/wp\/v2\/media\/5508"}],"wp:attachment":[{"href":"https:\/\/bridalfashion.com\/ro\/wp-json\/wp\/v2\/media?parent=11912"}],"wp:term":[{"taxonomy":"product_brand","embeddable":true,"href":"https:\/\/bridalfashion.com\/ro\/wp-json\/wp\/v2\/product_brand?post=11912"},{"taxonomy":"product_cat","embeddable":true,"href":"https:\/\/bridalfashion.com\/ro\/wp-json\/wp\/v2\/product_cat?post=11912"},{"taxonomy":"product_tag","embeddable":true,"href":"https:\/\/bridalfashion.com\/ro\/wp-json\/wp\/v2\/product_tag?post=11912"}],"curies":[{"name":"wp","href":"https:\/\/api.w.org\/{rel}","templated":true}]}}