{"id":11909,"date":"2021-09-27T15:05:51","date_gmt":"2022-10-05T09:12:13","guid":{"rendered":"https:\/\/bridalfashion.com\/fara-categorie\/rochie-de-bal-eleganta-wynona-wf0037\/"},"modified":"2022-10-05T11:12:13","modified_gmt":"2022-10-05T09:12:13","slug":"minunata-rochie-de-bal-cu-decor-perla-wf0037","status":"publish","type":"product","link":"https:\/\/bridalfashion.com\/ro\/white-flowers-2020-ro\/minunata-rochie-de-bal-cu-decor-perla-wf0037\/","title":{"rendered":"Rochie de bal eleganta WYNONA &#8211; WF0037"},"content":{"rendered":"<h2>Descrierea modelului <span style=\"font-size: 18px\">WYNONA &#8211; <\/span><span style=\"font-size: 1.15em\">WF0037 o rochie de bal elegant\u0103, cu decor de perle \u0219i fust\u0103 foarte pufoas\u0103<\/span>.<\/h2>\n<p>Rochie de ocazie faimoas\u0103 pentru feti\u021be. Bustul cu t\u0103ietur\u0103 triunghiular\u0103, decorat asimetric cu perle de culoarea rochiei. \u00cencheietoarea la spate pe fermoar. Fusta foarte ampl\u0103 \u00een partea de jos ajustat\u0103 cu rijelin\u0103, datorit\u0103 c\u0103rui fapt se p\u0103streaz\u0103 forma regal\u0103. Aceast\u0103 rochie de bal cu decor de perle este prezentat\u0103 \u00een diverse culori: alb, ivory, albastru, roz pr\u0103fuit, cappuccino \u0219i alte culori la comand\u0103.<\/p>\n","protected":false},"excerpt":{"rendered":"<p>Descrierea modelului WYNONA &#8211; WF0037 o rochie de bal elegant\u0103, cu decor de perle \u0219i fust\u0103 foarte pufoas\u0103. Rochie de ocazie faimoas\u0103 pentru feti\u021be. Bustul cu t\u0103ietur\u0103 triunghiular\u0103, decorat asimetric cu perle de culoarea rochiei. \u00cencheietoarea la spate pe fermoar. Fusta foarte ampl\u0103 \u00een partea de jos ajustat\u0103 cu rijelin\u0103, datorit\u0103 c\u0103rui fapt se p\u0103streaz\u0103&hellip;<\/p>\n","protected":false},"featured_media":5448,"comment_status":"open","ping_status":"closed","template":"","meta":[],"product_brand":[],"product_cat":[939],"product_tag":[],"class_list":{"0":"post-11909","1":"product","2":"type-product","3":"status-publish","4":"has-post-thumbnail","6":"product_cat-white-flowers-2020-ro","8":"first","9":"instock","10":"taxable","11":"shipping-taxable","12":"product-type-simple"},"yoast_head":"<!-- This site is optimized with the Yoast SEO plugin v27.5 - https:\/\/yoast.com\/product\/yoast-seo-wordpress\/ -->\n<title>Rochie de bal eleganta WYNONA - WF0037 - BRIDAL FASHION \u2122 | Luxurious Wedding Dresses &amp; Fashionable Gowns for Women, Girls and Kids<\/title>\n<meta name=\"description\" content=\"Rochie pentru copii \u00een A cu m\u00e2neci lungi WYNONA - WF0037 poate fi realizat\u0103 la comand\u0103 \u00een diverse culori. Bustul este \u00eempodobit generos cu perle de culoarea rochiei, fusta deosebit de ampl\u0103 \u00ee\u0219i p\u0103streaz\u0103 forma impecabil\u0103 datorit\u0103 crinolinei\" \/>\n<meta name=\"robots\" content=\"index, follow, max-snippet:-1, max-image-preview:large, max-video-preview:-1\" \/>\n<link rel=\"canonical\" href=\"https:\/\/bridalfashion.com\/ro\/white-flowers-2020-ro\/minunata-rochie-de-bal-cu-decor-perla-wf0037\/\" \/>\n<meta property=\"og:locale\" content=\"ro_RO\" \/>\n<meta property=\"og:type\" content=\"article\" \/>\n<meta property=\"og:title\" content=\"Rochie de bal eleganta WYNONA - WF0037 - BRIDAL FASHION \u2122 | Luxurious Wedding Dresses &amp; Fashionable Gowns for Women, Girls and Kids\" \/>\n<meta property=\"og:description\" content=\"Rochie pentru copii \u00een A cu m\u00e2neci lungi WYNONA - WF0037 poate fi realizat\u0103 la comand\u0103 \u00een diverse culori. Bustul este \u00eempodobit generos cu perle de culoarea rochiei, fusta deosebit de ampl\u0103 \u00ee\u0219i p\u0103streaz\u0103 forma impecabil\u0103 datorit\u0103 crinolinei\" \/>\n<meta property=\"og:url\" content=\"https:\/\/bridalfashion.com\/ro\/white-flowers-2020-ro\/minunata-rochie-de-bal-cu-decor-perla-wf0037\/\" \/>\n<meta property=\"og:site_name\" content=\"BRIDAL FASHION \u2122 | Luxurious Wedding Dresses &amp; Fashionable Gowns for Women, Girls and Kids\" \/>\n<meta property=\"og:image\" content=\"https:\/\/bridalfashion.com\/wp-content\/uploads\/2021\/09\/WF0037_Apowder_MH.jpg\" \/>\n\t<meta property=\"og:image:width\" content=\"1516\" \/>\n\t<meta property=\"og:image:height\" content=\"2000\" \/>\n\t<meta property=\"og:image:type\" content=\"image\/jpeg\" \/>\n<meta name=\"twitter:card\" content=\"summary_large_image\" \/>\n<script type=\"application\/ld+json\" class=\"yoast-schema-graph\">{\"@context\":\"https:\\\/\\\/schema.org\",\"@graph\":[{\"@type\":\"WebPage\",\"@id\":\"https:\\\/\\\/bridalfashion.com\\\/ro\\\/white-flowers-2020-ro\\\/minunata-rochie-de-bal-cu-decor-perla-wf0037\\\/\",\"url\":\"https:\\\/\\\/bridalfashion.com\\\/ro\\\/white-flowers-2020-ro\\\/minunata-rochie-de-bal-cu-decor-perla-wf0037\\\/\",\"name\":\"Rochie de bal eleganta WYNONA - WF0037 - BRIDAL FASHION \u2122 | Luxurious Wedding Dresses &amp; Fashionable Gowns for Women, Girls and Kids\",\"isPartOf\":{\"@id\":\"https:\\\/\\\/bridalfashion.com\\\/ro\\\/#website\"},\"primaryImageOfPage\":{\"@id\":\"https:\\\/\\\/bridalfashion.com\\\/ro\\\/white-flowers-2020-ro\\\/minunata-rochie-de-bal-cu-decor-perla-wf0037\\\/#primaryimage\"},\"image\":{\"@id\":\"https:\\\/\\\/bridalfashion.com\\\/ro\\\/white-flowers-2020-ro\\\/minunata-rochie-de-bal-cu-decor-perla-wf0037\\\/#primaryimage\"},\"thumbnailUrl\":\"https:\\\/\\\/bridalfashion.com\\\/wp-content\\\/uploads\\\/2021\\\/09\\\/WF0037_Apowder_MH.jpg\",\"datePublished\":\"2022-10-05T09:12:13+00:00\",\"description\":\"Rochie pentru copii \u00een A cu m\u00e2neci lungi WYNONA - WF0037 poate fi realizat\u0103 la comand\u0103 \u00een diverse culori. Bustul este \u00eempodobit generos cu perle de culoarea rochiei, fusta deosebit de ampl\u0103 \u00ee\u0219i p\u0103streaz\u0103 forma impecabil\u0103 datorit\u0103 crinolinei\",\"breadcrumb\":{\"@id\":\"https:\\\/\\\/bridalfashion.com\\\/ro\\\/white-flowers-2020-ro\\\/minunata-rochie-de-bal-cu-decor-perla-wf0037\\\/#breadcrumb\"},\"inLanguage\":\"ro-RO\",\"potentialAction\":[{\"@type\":\"ReadAction\",\"target\":[\"https:\\\/\\\/bridalfashion.com\\\/ro\\\/white-flowers-2020-ro\\\/minunata-rochie-de-bal-cu-decor-perla-wf0037\\\/\"]}]},{\"@type\":\"ImageObject\",\"inLanguage\":\"ro-RO\",\"@id\":\"https:\\\/\\\/bridalfashion.com\\\/ro\\\/white-flowers-2020-ro\\\/minunata-rochie-de-bal-cu-decor-perla-wf0037\\\/#primaryimage\",\"url\":\"https:\\\/\\\/bridalfashion.com\\\/wp-content\\\/uploads\\\/2021\\\/09\\\/WF0037_Apowder_MH.jpg\",\"contentUrl\":\"https:\\\/\\\/bridalfashion.com\\\/wp-content\\\/uploads\\\/2021\\\/09\\\/WF0037_Apowder_MH.jpg\",\"width\":1516,\"height\":2000,\"caption\":\"Rochie de bal elegant\u0103 WYNONA - WF0037 Vedere frontal\u0103 | BRIDAL FASHION\"},{\"@type\":\"BreadcrumbList\",\"@id\":\"https:\\\/\\\/bridalfashion.com\\\/ro\\\/white-flowers-2020-ro\\\/minunata-rochie-de-bal-cu-decor-perla-wf0037\\\/#breadcrumb\",\"itemListElement\":[{\"@type\":\"ListItem\",\"position\":1,\"name\":\"Home\",\"item\":\"https:\\\/\\\/bridalfashion.com\\\/ro\\\/\"},{\"@type\":\"ListItem\",\"position\":2,\"name\":\"Shop\",\"item\":\"https:\\\/\\\/bridalfashion.com\\\/shop-2\\\/\"},{\"@type\":\"ListItem\",\"position\":3,\"name\":\"Rochie de bal eleganta WYNONA &#8211; WF0037\"}]},{\"@type\":\"WebSite\",\"@id\":\"https:\\\/\\\/bridalfashion.com\\\/ro\\\/#website\",\"url\":\"https:\\\/\\\/bridalfashion.com\\\/ro\\\/\",\"name\":\"BRIDAL FASHION \u2122 | Luxurious Wedding Dresses &amp; Fashionable Gowns for Women, Girls and Kids\",\"description\":\"Welcome the leading manufacturer and supplier of wedding dresses. We offer in wholesale a large selection of high quality wedding dress collections and accessories for your business at competitive prices. Shop our full range of bridal products today!\",\"publisher\":{\"@id\":\"https:\\\/\\\/bridalfashion.com\\\/ro\\\/#organization\"},\"potentialAction\":[{\"@type\":\"SearchAction\",\"target\":{\"@type\":\"EntryPoint\",\"urlTemplate\":\"https:\\\/\\\/bridalfashion.com\\\/ro\\\/?s={search_term_string}\"},\"query-input\":{\"@type\":\"PropertyValueSpecification\",\"valueRequired\":true,\"valueName\":\"search_term_string\"}}],\"inLanguage\":\"ro-RO\"},{\"@type\":\"Organization\",\"@id\":\"https:\\\/\\\/bridalfashion.com\\\/ro\\\/#organization\",\"name\":\"BRIDAL FASHION \u2122 | Luxurious Wedding Dresses &amp; Fashionable Gowns for Women, Girls and Kids\",\"url\":\"https:\\\/\\\/bridalfashion.com\\\/ro\\\/\",\"logo\":{\"@type\":\"ImageObject\",\"inLanguage\":\"ro-RO\",\"@id\":\"https:\\\/\\\/bridalfashion.com\\\/ro\\\/#\\\/schema\\\/logo\\\/image\\\/\",\"url\":\"https:\\\/\\\/bridalfashion.com\\\/wp-content\\\/uploads\\\/2022\\\/05\\\/cropped-BFG.png\",\"contentUrl\":\"https:\\\/\\\/bridalfashion.com\\\/wp-content\\\/uploads\\\/2022\\\/05\\\/cropped-BFG.png\",\"width\":1771,\"height\":119,\"caption\":\"BRIDAL FASHION \u2122 | Luxurious Wedding Dresses &amp; Fashionable Gowns for Women, Girls and Kids\"},\"image\":{\"@id\":\"https:\\\/\\\/bridalfashion.com\\\/ro\\\/#\\\/schema\\\/logo\\\/image\\\/\"}}]}<\/script>\n<!-- \/ Yoast SEO plugin. -->","yoast_head_json":{"title":"Rochie de bal eleganta WYNONA - WF0037 - BRIDAL FASHION \u2122 | Luxurious Wedding Dresses &amp; Fashionable Gowns for Women, Girls and Kids","description":"Rochie pentru copii \u00een A cu m\u00e2neci lungi WYNONA - WF0037 poate fi realizat\u0103 la comand\u0103 \u00een diverse culori. Bustul este \u00eempodobit generos cu perle de culoarea rochiei, fusta deosebit de ampl\u0103 \u00ee\u0219i p\u0103streaz\u0103 forma impecabil\u0103 datorit\u0103 crinolinei","robots":{"index":"index","follow":"follow","max-snippet":"max-snippet:-1","max-image-preview":"max-image-preview:large","max-video-preview":"max-video-preview:-1"},"canonical":"https:\/\/bridalfashion.com\/ro\/white-flowers-2020-ro\/minunata-rochie-de-bal-cu-decor-perla-wf0037\/","og_locale":"ro_RO","og_type":"article","og_title":"Rochie de bal eleganta WYNONA - WF0037 - BRIDAL FASHION \u2122 | Luxurious Wedding Dresses &amp; Fashionable Gowns for Women, Girls and Kids","og_description":"Rochie pentru copii \u00een A cu m\u00e2neci lungi WYNONA - WF0037 poate fi realizat\u0103 la comand\u0103 \u00een diverse culori. Bustul este \u00eempodobit generos cu perle de culoarea rochiei, fusta deosebit de ampl\u0103 \u00ee\u0219i p\u0103streaz\u0103 forma impecabil\u0103 datorit\u0103 crinolinei","og_url":"https:\/\/bridalfashion.com\/ro\/white-flowers-2020-ro\/minunata-rochie-de-bal-cu-decor-perla-wf0037\/","og_site_name":"BRIDAL FASHION \u2122 | Luxurious Wedding Dresses &amp; Fashionable Gowns for Women, Girls and Kids","og_image":[{"width":1516,"height":2000,"url":"https:\/\/bridalfashion.com\/wp-content\/uploads\/2021\/09\/WF0037_Apowder_MH.jpg","type":"image\/jpeg"}],"twitter_card":"summary_large_image","schema":{"@context":"https:\/\/schema.org","@graph":[{"@type":"WebPage","@id":"https:\/\/bridalfashion.com\/ro\/white-flowers-2020-ro\/minunata-rochie-de-bal-cu-decor-perla-wf0037\/","url":"https:\/\/bridalfashion.com\/ro\/white-flowers-2020-ro\/minunata-rochie-de-bal-cu-decor-perla-wf0037\/","name":"Rochie de bal eleganta WYNONA - WF0037 - BRIDAL FASHION \u2122 | Luxurious Wedding Dresses &amp; Fashionable Gowns for Women, Girls and Kids","isPartOf":{"@id":"https:\/\/bridalfashion.com\/ro\/#website"},"primaryImageOfPage":{"@id":"https:\/\/bridalfashion.com\/ro\/white-flowers-2020-ro\/minunata-rochie-de-bal-cu-decor-perla-wf0037\/#primaryimage"},"image":{"@id":"https:\/\/bridalfashion.com\/ro\/white-flowers-2020-ro\/minunata-rochie-de-bal-cu-decor-perla-wf0037\/#primaryimage"},"thumbnailUrl":"https:\/\/bridalfashion.com\/wp-content\/uploads\/2021\/09\/WF0037_Apowder_MH.jpg","datePublished":"2022-10-05T09:12:13+00:00","description":"Rochie pentru copii \u00een A cu m\u00e2neci lungi WYNONA - WF0037 poate fi realizat\u0103 la comand\u0103 \u00een diverse culori. Bustul este \u00eempodobit generos cu perle de culoarea rochiei, fusta deosebit de ampl\u0103 \u00ee\u0219i p\u0103streaz\u0103 forma impecabil\u0103 datorit\u0103 crinolinei","breadcrumb":{"@id":"https:\/\/bridalfashion.com\/ro\/white-flowers-2020-ro\/minunata-rochie-de-bal-cu-decor-perla-wf0037\/#breadcrumb"},"inLanguage":"ro-RO","potentialAction":[{"@type":"ReadAction","target":["https:\/\/bridalfashion.com\/ro\/white-flowers-2020-ro\/minunata-rochie-de-bal-cu-decor-perla-wf0037\/"]}]},{"@type":"ImageObject","inLanguage":"ro-RO","@id":"https:\/\/bridalfashion.com\/ro\/white-flowers-2020-ro\/minunata-rochie-de-bal-cu-decor-perla-wf0037\/#primaryimage","url":"https:\/\/bridalfashion.com\/wp-content\/uploads\/2021\/09\/WF0037_Apowder_MH.jpg","contentUrl":"https:\/\/bridalfashion.com\/wp-content\/uploads\/2021\/09\/WF0037_Apowder_MH.jpg","width":1516,"height":2000,"caption":"Rochie de bal elegant\u0103 WYNONA - WF0037 Vedere frontal\u0103 | BRIDAL FASHION"},{"@type":"BreadcrumbList","@id":"https:\/\/bridalfashion.com\/ro\/white-flowers-2020-ro\/minunata-rochie-de-bal-cu-decor-perla-wf0037\/#breadcrumb","itemListElement":[{"@type":"ListItem","position":1,"name":"Home","item":"https:\/\/bridalfashion.com\/ro\/"},{"@type":"ListItem","position":2,"name":"Shop","item":"https:\/\/bridalfashion.com\/shop-2\/"},{"@type":"ListItem","position":3,"name":"Rochie de bal eleganta WYNONA &#8211; WF0037"}]},{"@type":"WebSite","@id":"https:\/\/bridalfashion.com\/ro\/#website","url":"https:\/\/bridalfashion.com\/ro\/","name":"BRIDAL FASHION \u2122 | Luxurious Wedding Dresses &amp; Fashionable Gowns for Women, Girls and Kids","description":"Welcome the leading manufacturer and supplier of wedding dresses. We offer in wholesale a large selection of high quality wedding dress collections and accessories for your business at competitive prices. Shop our full range of bridal products today!","publisher":{"@id":"https:\/\/bridalfashion.com\/ro\/#organization"},"potentialAction":[{"@type":"SearchAction","target":{"@type":"EntryPoint","urlTemplate":"https:\/\/bridalfashion.com\/ro\/?s={search_term_string}"},"query-input":{"@type":"PropertyValueSpecification","valueRequired":true,"valueName":"search_term_string"}}],"inLanguage":"ro-RO"},{"@type":"Organization","@id":"https:\/\/bridalfashion.com\/ro\/#organization","name":"BRIDAL FASHION \u2122 | Luxurious Wedding Dresses &amp; Fashionable Gowns for Women, Girls and Kids","url":"https:\/\/bridalfashion.com\/ro\/","logo":{"@type":"ImageObject","inLanguage":"ro-RO","@id":"https:\/\/bridalfashion.com\/ro\/#\/schema\/logo\/image\/","url":"https:\/\/bridalfashion.com\/wp-content\/uploads\/2022\/05\/cropped-BFG.png","contentUrl":"https:\/\/bridalfashion.com\/wp-content\/uploads\/2022\/05\/cropped-BFG.png","width":1771,"height":119,"caption":"BRIDAL FASHION \u2122 | Luxurious Wedding Dresses &amp; Fashionable Gowns for Women, Girls and Kids"},"image":{"@id":"https:\/\/bridalfashion.com\/ro\/#\/schema\/logo\/image\/"}}]}},"_links":{"self":[{"href":"https:\/\/bridalfashion.com\/ro\/wp-json\/wp\/v2\/product\/11909","targetHints":{"allow":["GET"]}}],"collection":[{"href":"https:\/\/bridalfashion.com\/ro\/wp-json\/wp\/v2\/product"}],"about":[{"href":"https:\/\/bridalfashion.com\/ro\/wp-json\/wp\/v2\/types\/product"}],"replies":[{"embeddable":true,"href":"https:\/\/bridalfashion.com\/ro\/wp-json\/wp\/v2\/comments?post=11909"}],"wp:featuredmedia":[{"embeddable":true,"href":"https:\/\/bridalfashion.com\/ro\/wp-json\/wp\/v2\/media\/5448"}],"wp:attachment":[{"href":"https:\/\/bridalfashion.com\/ro\/wp-json\/wp\/v2\/media?parent=11909"}],"wp:term":[{"taxonomy":"product_brand","embeddable":true,"href":"https:\/\/bridalfashion.com\/ro\/wp-json\/wp\/v2\/product_brand?post=11909"},{"taxonomy":"product_cat","embeddable":true,"href":"https:\/\/bridalfashion.com\/ro\/wp-json\/wp\/v2\/product_cat?post=11909"},{"taxonomy":"product_tag","embeddable":true,"href":"https:\/\/bridalfashion.com\/ro\/wp-json\/wp\/v2\/product_tag?post=11909"}],"curies":[{"name":"wp","href":"https:\/\/api.w.org\/{rel}","templated":true}]}}