{"id":11906,"date":"2021-09-27T14:59:55","date_gmt":"2022-10-04T17:52:18","guid":{"rendered":"https:\/\/bridalfashion.com\/fara-categorie\/rochie-fermecatoare-pentru-copii-fifi-wf0036\/"},"modified":"2022-10-04T19:52:18","modified_gmt":"2022-10-04T17:52:18","slug":"tinuta-delicata-pentru-vacanta-design-original-wf0036","status":"publish","type":"product","link":"https:\/\/bridalfashion.com\/ro\/white-flowers-2020-ro\/tinuta-delicata-pentru-vacanta-design-original-wf0036\/","title":{"rendered":"Rochie fermec\u0103toare pentru copii FIFI &#8211; WF0036"},"content":{"rendered":"<h2>Descrierea modelului FIFI &#8211; WF0036 rochie fermec\u0103toare pentru copii cu bust asimetric \u0219i cu o fundi\u021b\u0103 mare.<\/h2>\n<p>Rochie ginga\u0219\u0103 pentru festivit\u0103\u021bi \u00een design original, lucrat\u0103 din tul nobil, aranjat \u00een pliuri. Bustul din saten form\u0103 asimetric\u0103 pe o bretea. Deasupra \u2013 o fundi\u021b\u0103 mare \u00een r\u00e2nduri numeroase, spatele este pe \u0219iret din saten. Br\u00e2ul este lucrat din perle m\u0103\u0219cate \u00een nuan\u021ba rochiei. Fusta din tul, foarte bogat\u0103, silueta \u00een A. Aceast\u0103 rochie pentru copii fermec\u0103toare cu bust asimetric poate fi comandat\u0103 \u00een culori diferite: alb, ivory roz pr\u0103fuit \u0219i cappuccino.<\/p>\n","protected":false},"excerpt":{"rendered":"<p>Descrierea modelului FIFI &#8211; WF0036 rochie fermec\u0103toare pentru copii cu bust asimetric \u0219i cu o fundi\u021b\u0103 mare. Rochie ginga\u0219\u0103 pentru festivit\u0103\u021bi \u00een design original, lucrat\u0103 din tul nobil, aranjat \u00een pliuri. Bustul din saten form\u0103 asimetric\u0103 pe o bretea. Deasupra \u2013 o fundi\u021b\u0103 mare \u00een r\u00e2nduri numeroase, spatele este pe \u0219iret din saten. Br\u00e2ul este&hellip;<\/p>\n","protected":false},"featured_media":5433,"comment_status":"open","ping_status":"closed","template":"","meta":[],"product_brand":[],"product_cat":[939],"product_tag":[],"class_list":{"0":"post-11906","1":"product","2":"type-product","3":"status-publish","4":"has-post-thumbnail","6":"product_cat-white-flowers-2020-ro","8":"first","9":"instock","10":"taxable","11":"shipping-taxable","12":"product-type-simple"},"yoast_head":"<!-- This site is optimized with the Yoast SEO plugin v27.6 - https:\/\/yoast.com\/product\/yoast-seo-wordpress\/ -->\n<title>Rochie fermec\u0103toare pentru copii FIFI - WF0036 - BRIDAL FASHION \u2122 | Luxurious Wedding Dresses &amp; Fashionable Gowns for Women, Girls and Kids<\/title>\n<meta name=\"description\" content=\"Rochie pentru copii deosebit\u0103 cu bust asimetric FIFI - WF0036 din tul, disponibil\u0103 \u00een patru culori: alb, ivory roz pr\u0103fuit \u0219i cappuccino. Pe um\u0103r are o fundi\u021b\u0103, \u00een talie un br\u00e2u din perle de culoarea rochiei, fusta bogat\u0103 cu tren\u0103\" \/>\n<meta name=\"robots\" content=\"index, follow, max-snippet:-1, max-image-preview:large, max-video-preview:-1\" \/>\n<link rel=\"canonical\" href=\"https:\/\/bridalfashion.com\/ro\/white-flowers-2020-ro\/tinuta-delicata-pentru-vacanta-design-original-wf0036\/\" \/>\n<meta property=\"og:locale\" content=\"ro_RO\" \/>\n<meta property=\"og:type\" content=\"article\" \/>\n<meta property=\"og:title\" content=\"Rochie fermec\u0103toare pentru copii FIFI - WF0036 - BRIDAL FASHION \u2122 | Luxurious Wedding Dresses &amp; Fashionable Gowns for Women, Girls and Kids\" \/>\n<meta property=\"og:description\" content=\"Rochie pentru copii deosebit\u0103 cu bust asimetric FIFI - WF0036 din tul, disponibil\u0103 \u00een patru culori: alb, ivory roz pr\u0103fuit \u0219i cappuccino. Pe um\u0103r are o fundi\u021b\u0103, \u00een talie un br\u00e2u din perle de culoarea rochiei, fusta bogat\u0103 cu tren\u0103\" \/>\n<meta property=\"og:url\" content=\"https:\/\/bridalfashion.com\/ro\/white-flowers-2020-ro\/tinuta-delicata-pentru-vacanta-design-original-wf0036\/\" \/>\n<meta property=\"og:site_name\" content=\"BRIDAL FASHION \u2122 | Luxurious Wedding Dresses &amp; Fashionable Gowns for Women, Girls and Kids\" \/>\n<meta property=\"og:image\" content=\"https:\/\/bridalfashion.com\/wp-content\/uploads\/2021\/09\/WF0036_A.jpg\" \/>\n\t<meta property=\"og:image:width\" content=\"1516\" \/>\n\t<meta property=\"og:image:height\" content=\"2000\" \/>\n\t<meta property=\"og:image:type\" content=\"image\/jpeg\" \/>\n<meta name=\"twitter:card\" content=\"summary_large_image\" \/>\n<script type=\"application\/ld+json\" class=\"yoast-schema-graph\">{\"@context\":\"https:\\\/\\\/schema.org\",\"@graph\":[{\"@type\":\"WebPage\",\"@id\":\"https:\\\/\\\/bridalfashion.com\\\/ro\\\/white-flowers-2020-ro\\\/tinuta-delicata-pentru-vacanta-design-original-wf0036\\\/\",\"url\":\"https:\\\/\\\/bridalfashion.com\\\/ro\\\/white-flowers-2020-ro\\\/tinuta-delicata-pentru-vacanta-design-original-wf0036\\\/\",\"name\":\"Rochie fermec\u0103toare pentru copii FIFI - WF0036 - BRIDAL FASHION \u2122 | Luxurious Wedding Dresses &amp; Fashionable Gowns for Women, Girls and Kids\",\"isPartOf\":{\"@id\":\"https:\\\/\\\/bridalfashion.com\\\/ro\\\/#website\"},\"primaryImageOfPage\":{\"@id\":\"https:\\\/\\\/bridalfashion.com\\\/ro\\\/white-flowers-2020-ro\\\/tinuta-delicata-pentru-vacanta-design-original-wf0036\\\/#primaryimage\"},\"image\":{\"@id\":\"https:\\\/\\\/bridalfashion.com\\\/ro\\\/white-flowers-2020-ro\\\/tinuta-delicata-pentru-vacanta-design-original-wf0036\\\/#primaryimage\"},\"thumbnailUrl\":\"https:\\\/\\\/bridalfashion.com\\\/wp-content\\\/uploads\\\/2021\\\/09\\\/WF0036_A.jpg\",\"datePublished\":\"2022-10-04T17:52:18+00:00\",\"description\":\"Rochie pentru copii deosebit\u0103 cu bust asimetric FIFI - WF0036 din tul, disponibil\u0103 \u00een patru culori: alb, ivory roz pr\u0103fuit \u0219i cappuccino. Pe um\u0103r are o fundi\u021b\u0103, \u00een talie un br\u00e2u din perle de culoarea rochiei, fusta bogat\u0103 cu tren\u0103\",\"breadcrumb\":{\"@id\":\"https:\\\/\\\/bridalfashion.com\\\/ro\\\/white-flowers-2020-ro\\\/tinuta-delicata-pentru-vacanta-design-original-wf0036\\\/#breadcrumb\"},\"inLanguage\":\"ro-RO\",\"potentialAction\":[{\"@type\":\"ReadAction\",\"target\":[\"https:\\\/\\\/bridalfashion.com\\\/ro\\\/white-flowers-2020-ro\\\/tinuta-delicata-pentru-vacanta-design-original-wf0036\\\/\"]}]},{\"@type\":\"ImageObject\",\"inLanguage\":\"ro-RO\",\"@id\":\"https:\\\/\\\/bridalfashion.com\\\/ro\\\/white-flowers-2020-ro\\\/tinuta-delicata-pentru-vacanta-design-original-wf0036\\\/#primaryimage\",\"url\":\"https:\\\/\\\/bridalfashion.com\\\/wp-content\\\/uploads\\\/2021\\\/09\\\/WF0036_A.jpg\",\"contentUrl\":\"https:\\\/\\\/bridalfashion.com\\\/wp-content\\\/uploads\\\/2021\\\/09\\\/WF0036_A.jpg\",\"width\":1516,\"height\":2000,\"caption\":\"Rochie fermec\u0103toare pentru copii FIFI - WF0036 Vedere frontal\u0103 | BRIDAL FASHION\"},{\"@type\":\"BreadcrumbList\",\"@id\":\"https:\\\/\\\/bridalfashion.com\\\/ro\\\/white-flowers-2020-ro\\\/tinuta-delicata-pentru-vacanta-design-original-wf0036\\\/#breadcrumb\",\"itemListElement\":[{\"@type\":\"ListItem\",\"position\":1,\"name\":\"Home\",\"item\":\"https:\\\/\\\/bridalfashion.com\\\/ro\\\/\"},{\"@type\":\"ListItem\",\"position\":2,\"name\":\"Shop\",\"item\":\"https:\\\/\\\/bridalfashion.com\\\/shop-2\\\/\"},{\"@type\":\"ListItem\",\"position\":3,\"name\":\"Rochie fermec\u0103toare pentru copii FIFI &#8211; WF0036\"}]},{\"@type\":\"WebSite\",\"@id\":\"https:\\\/\\\/bridalfashion.com\\\/ro\\\/#website\",\"url\":\"https:\\\/\\\/bridalfashion.com\\\/ro\\\/\",\"name\":\"BRIDAL FASHION \u2122 | Luxurious Wedding Dresses &amp; Fashionable Gowns for Women, Girls and Kids\",\"description\":\"Welcome the leading manufacturer and supplier of wedding dresses. We offer in wholesale a large selection of high quality wedding dress collections and accessories for your business at competitive prices. Shop our full range of bridal products today!\",\"publisher\":{\"@id\":\"https:\\\/\\\/bridalfashion.com\\\/ro\\\/#organization\"},\"potentialAction\":[{\"@type\":\"SearchAction\",\"target\":{\"@type\":\"EntryPoint\",\"urlTemplate\":\"https:\\\/\\\/bridalfashion.com\\\/ro\\\/?s={search_term_string}\"},\"query-input\":{\"@type\":\"PropertyValueSpecification\",\"valueRequired\":true,\"valueName\":\"search_term_string\"}}],\"inLanguage\":\"ro-RO\"},{\"@type\":\"Organization\",\"@id\":\"https:\\\/\\\/bridalfashion.com\\\/ro\\\/#organization\",\"name\":\"BRIDAL FASHION \u2122 | Luxurious Wedding Dresses &amp; Fashionable Gowns for Women, Girls and Kids\",\"url\":\"https:\\\/\\\/bridalfashion.com\\\/ro\\\/\",\"logo\":{\"@type\":\"ImageObject\",\"inLanguage\":\"ro-RO\",\"@id\":\"https:\\\/\\\/bridalfashion.com\\\/ro\\\/#\\\/schema\\\/logo\\\/image\\\/\",\"url\":\"https:\\\/\\\/bridalfashion.com\\\/wp-content\\\/uploads\\\/2022\\\/05\\\/cropped-BFG.png\",\"contentUrl\":\"https:\\\/\\\/bridalfashion.com\\\/wp-content\\\/uploads\\\/2022\\\/05\\\/cropped-BFG.png\",\"width\":1771,\"height\":119,\"caption\":\"BRIDAL FASHION \u2122 | Luxurious Wedding Dresses &amp; Fashionable Gowns for Women, Girls and Kids\"},\"image\":{\"@id\":\"https:\\\/\\\/bridalfashion.com\\\/ro\\\/#\\\/schema\\\/logo\\\/image\\\/\"}}]}<\/script>\n<!-- \/ Yoast SEO plugin. -->","yoast_head_json":{"title":"Rochie fermec\u0103toare pentru copii FIFI - WF0036 - BRIDAL FASHION \u2122 | Luxurious Wedding Dresses &amp; Fashionable Gowns for Women, Girls and Kids","description":"Rochie pentru copii deosebit\u0103 cu bust asimetric FIFI - WF0036 din tul, disponibil\u0103 \u00een patru culori: alb, ivory roz pr\u0103fuit \u0219i cappuccino. Pe um\u0103r are o fundi\u021b\u0103, \u00een talie un br\u00e2u din perle de culoarea rochiei, fusta bogat\u0103 cu tren\u0103","robots":{"index":"index","follow":"follow","max-snippet":"max-snippet:-1","max-image-preview":"max-image-preview:large","max-video-preview":"max-video-preview:-1"},"canonical":"https:\/\/bridalfashion.com\/ro\/white-flowers-2020-ro\/tinuta-delicata-pentru-vacanta-design-original-wf0036\/","og_locale":"ro_RO","og_type":"article","og_title":"Rochie fermec\u0103toare pentru copii FIFI - WF0036 - BRIDAL FASHION \u2122 | Luxurious Wedding Dresses &amp; Fashionable Gowns for Women, Girls and Kids","og_description":"Rochie pentru copii deosebit\u0103 cu bust asimetric FIFI - WF0036 din tul, disponibil\u0103 \u00een patru culori: alb, ivory roz pr\u0103fuit \u0219i cappuccino. Pe um\u0103r are o fundi\u021b\u0103, \u00een talie un br\u00e2u din perle de culoarea rochiei, fusta bogat\u0103 cu tren\u0103","og_url":"https:\/\/bridalfashion.com\/ro\/white-flowers-2020-ro\/tinuta-delicata-pentru-vacanta-design-original-wf0036\/","og_site_name":"BRIDAL FASHION \u2122 | Luxurious Wedding Dresses &amp; Fashionable Gowns for Women, Girls and Kids","og_image":[{"width":1516,"height":2000,"url":"https:\/\/bridalfashion.com\/wp-content\/uploads\/2021\/09\/WF0036_A.jpg","type":"image\/jpeg"}],"twitter_card":"summary_large_image","schema":{"@context":"https:\/\/schema.org","@graph":[{"@type":"WebPage","@id":"https:\/\/bridalfashion.com\/ro\/white-flowers-2020-ro\/tinuta-delicata-pentru-vacanta-design-original-wf0036\/","url":"https:\/\/bridalfashion.com\/ro\/white-flowers-2020-ro\/tinuta-delicata-pentru-vacanta-design-original-wf0036\/","name":"Rochie fermec\u0103toare pentru copii FIFI - WF0036 - BRIDAL FASHION \u2122 | Luxurious Wedding Dresses &amp; Fashionable Gowns for Women, Girls and Kids","isPartOf":{"@id":"https:\/\/bridalfashion.com\/ro\/#website"},"primaryImageOfPage":{"@id":"https:\/\/bridalfashion.com\/ro\/white-flowers-2020-ro\/tinuta-delicata-pentru-vacanta-design-original-wf0036\/#primaryimage"},"image":{"@id":"https:\/\/bridalfashion.com\/ro\/white-flowers-2020-ro\/tinuta-delicata-pentru-vacanta-design-original-wf0036\/#primaryimage"},"thumbnailUrl":"https:\/\/bridalfashion.com\/wp-content\/uploads\/2021\/09\/WF0036_A.jpg","datePublished":"2022-10-04T17:52:18+00:00","description":"Rochie pentru copii deosebit\u0103 cu bust asimetric FIFI - WF0036 din tul, disponibil\u0103 \u00een patru culori: alb, ivory roz pr\u0103fuit \u0219i cappuccino. Pe um\u0103r are o fundi\u021b\u0103, \u00een talie un br\u00e2u din perle de culoarea rochiei, fusta bogat\u0103 cu tren\u0103","breadcrumb":{"@id":"https:\/\/bridalfashion.com\/ro\/white-flowers-2020-ro\/tinuta-delicata-pentru-vacanta-design-original-wf0036\/#breadcrumb"},"inLanguage":"ro-RO","potentialAction":[{"@type":"ReadAction","target":["https:\/\/bridalfashion.com\/ro\/white-flowers-2020-ro\/tinuta-delicata-pentru-vacanta-design-original-wf0036\/"]}]},{"@type":"ImageObject","inLanguage":"ro-RO","@id":"https:\/\/bridalfashion.com\/ro\/white-flowers-2020-ro\/tinuta-delicata-pentru-vacanta-design-original-wf0036\/#primaryimage","url":"https:\/\/bridalfashion.com\/wp-content\/uploads\/2021\/09\/WF0036_A.jpg","contentUrl":"https:\/\/bridalfashion.com\/wp-content\/uploads\/2021\/09\/WF0036_A.jpg","width":1516,"height":2000,"caption":"Rochie fermec\u0103toare pentru copii FIFI - WF0036 Vedere frontal\u0103 | BRIDAL FASHION"},{"@type":"BreadcrumbList","@id":"https:\/\/bridalfashion.com\/ro\/white-flowers-2020-ro\/tinuta-delicata-pentru-vacanta-design-original-wf0036\/#breadcrumb","itemListElement":[{"@type":"ListItem","position":1,"name":"Home","item":"https:\/\/bridalfashion.com\/ro\/"},{"@type":"ListItem","position":2,"name":"Shop","item":"https:\/\/bridalfashion.com\/shop-2\/"},{"@type":"ListItem","position":3,"name":"Rochie fermec\u0103toare pentru copii FIFI &#8211; WF0036"}]},{"@type":"WebSite","@id":"https:\/\/bridalfashion.com\/ro\/#website","url":"https:\/\/bridalfashion.com\/ro\/","name":"BRIDAL FASHION \u2122 | Luxurious Wedding Dresses &amp; Fashionable Gowns for Women, Girls and Kids","description":"Welcome the leading manufacturer and supplier of wedding dresses. We offer in wholesale a large selection of high quality wedding dress collections and accessories for your business at competitive prices. Shop our full range of bridal products today!","publisher":{"@id":"https:\/\/bridalfashion.com\/ro\/#organization"},"potentialAction":[{"@type":"SearchAction","target":{"@type":"EntryPoint","urlTemplate":"https:\/\/bridalfashion.com\/ro\/?s={search_term_string}"},"query-input":{"@type":"PropertyValueSpecification","valueRequired":true,"valueName":"search_term_string"}}],"inLanguage":"ro-RO"},{"@type":"Organization","@id":"https:\/\/bridalfashion.com\/ro\/#organization","name":"BRIDAL FASHION \u2122 | Luxurious Wedding Dresses &amp; Fashionable Gowns for Women, Girls and Kids","url":"https:\/\/bridalfashion.com\/ro\/","logo":{"@type":"ImageObject","inLanguage":"ro-RO","@id":"https:\/\/bridalfashion.com\/ro\/#\/schema\/logo\/image\/","url":"https:\/\/bridalfashion.com\/wp-content\/uploads\/2022\/05\/cropped-BFG.png","contentUrl":"https:\/\/bridalfashion.com\/wp-content\/uploads\/2022\/05\/cropped-BFG.png","width":1771,"height":119,"caption":"BRIDAL FASHION \u2122 | Luxurious Wedding Dresses &amp; Fashionable Gowns for Women, Girls and Kids"},"image":{"@id":"https:\/\/bridalfashion.com\/ro\/#\/schema\/logo\/image\/"}}]}},"_links":{"self":[{"href":"https:\/\/bridalfashion.com\/ro\/wp-json\/wp\/v2\/product\/11906","targetHints":{"allow":["GET"]}}],"collection":[{"href":"https:\/\/bridalfashion.com\/ro\/wp-json\/wp\/v2\/product"}],"about":[{"href":"https:\/\/bridalfashion.com\/ro\/wp-json\/wp\/v2\/types\/product"}],"replies":[{"embeddable":true,"href":"https:\/\/bridalfashion.com\/ro\/wp-json\/wp\/v2\/comments?post=11906"}],"wp:featuredmedia":[{"embeddable":true,"href":"https:\/\/bridalfashion.com\/ro\/wp-json\/wp\/v2\/media\/5433"}],"wp:attachment":[{"href":"https:\/\/bridalfashion.com\/ro\/wp-json\/wp\/v2\/media?parent=11906"}],"wp:term":[{"taxonomy":"product_brand","embeddable":true,"href":"https:\/\/bridalfashion.com\/ro\/wp-json\/wp\/v2\/product_brand?post=11906"},{"taxonomy":"product_cat","embeddable":true,"href":"https:\/\/bridalfashion.com\/ro\/wp-json\/wp\/v2\/product_cat?post=11906"},{"taxonomy":"product_tag","embeddable":true,"href":"https:\/\/bridalfashion.com\/ro\/wp-json\/wp\/v2\/product_tag?post=11906"}],"curies":[{"name":"wp","href":"https:\/\/api.w.org\/{rel}","templated":true}]}}