{"id":11903,"date":"2021-09-27T14:06:11","date_gmt":"2022-10-04T17:20:19","guid":{"rendered":"https:\/\/bridalfashion.com\/fara-categorie\/rochie-eleganta-printesa-fatima-wf0035\/"},"modified":"2022-10-04T19:20:19","modified_gmt":"2022-10-04T17:20:19","slug":"tinuta-eleganta-cu-o-fusta-pufoasa-a-line-wf0035","status":"publish","type":"product","link":"https:\/\/bridalfashion.com\/ro\/white-flowers-2020-ro\/tinuta-eleganta-cu-o-fusta-pufoasa-a-line-wf0035\/","title":{"rendered":"Rochie eleganta printesa FATIMA &#8211; WF0035"},"content":{"rendered":"<h2>Descrierea modelului <span style=\"font-size: 18px\">FATIMA &#8211; <\/span><span style=\"font-size: 1.15em\">WF0035 o rochie elegant\u0103 de prin\u021bes\u0103 cu bolero deta\u0219abil din tul cu buline frumoase<\/span>.<\/h2>\n<p>Rochie elegant\u0103 cu fusta bogat\u0103 \u00een A, \u00eempodobit\u0103 cu volane. Corsetul bine potrivit cu partea de sus dezgolit\u0103 este lucrat din saten. La spate se \u00eenchide pe fermoar cu \u0219iret larg din saten. Rochia este completat\u0103 cu un bolero cu decor de dantel\u0103, cu guler ridicat, av\u00e2nd \u00eencheietoarea la spate. Rochia \u00een \u00eentregime este lucrat\u0103 din tul fin cu buline \u00een nuan\u021b\u0103 mat\u0103. Rochie ginga\u0219\u0103 \u0219i romantic\u0103 cu bolero deta\u0219abil, fiind pe alb \u0219i ivory.<\/p>\n","protected":false},"excerpt":{"rendered":"<p>Descrierea modelului FATIMA &#8211; WF0035 o rochie elegant\u0103 de prin\u021bes\u0103 cu bolero deta\u0219abil din tul cu buline frumoase. Rochie elegant\u0103 cu fusta bogat\u0103 \u00een A, \u00eempodobit\u0103 cu volane. Corsetul bine potrivit cu partea de sus dezgolit\u0103 este lucrat din saten. La spate se \u00eenchide pe fermoar cu \u0219iret larg din saten. Rochia este completat\u0103 cu&hellip;<\/p>\n","protected":false},"featured_media":5400,"comment_status":"open","ping_status":"closed","template":"","meta":[],"product_brand":[],"product_cat":[939],"product_tag":[],"class_list":{"0":"post-11903","1":"product","2":"type-product","3":"status-publish","4":"has-post-thumbnail","6":"product_cat-white-flowers-2020-ro","8":"first","9":"instock","10":"taxable","11":"shipping-taxable","12":"product-type-simple"},"yoast_head":"<!-- This site is optimized with the Yoast SEO plugin v27.6 - https:\/\/yoast.com\/product\/yoast-seo-wordpress\/ -->\n<title>Rochie eleganta printesa FATIMA - WF0035 - BRIDAL FASHION \u2122 | Luxurious Wedding Dresses &amp; Fashionable Gowns for Women, Girls and Kids<\/title>\n<meta name=\"description\" content=\"Rochie-prin\u021bes\u0103 minunat\u0103 cu bolero deta\u0219abil FATIMA - WF0035 disponibil pe alb \u0219i ivory. Bustul din saten cu \u0219iret la spate, fusta cu volane, boleroul av\u00e2nd un decor impecabil \u00een partea de jos\" \/>\n<meta name=\"robots\" content=\"index, follow, max-snippet:-1, max-image-preview:large, max-video-preview:-1\" \/>\n<link rel=\"canonical\" href=\"https:\/\/bridalfashion.com\/ro\/white-flowers-2020-ro\/tinuta-eleganta-cu-o-fusta-pufoasa-a-line-wf0035\/\" \/>\n<meta property=\"og:locale\" content=\"ro_RO\" \/>\n<meta property=\"og:type\" content=\"article\" \/>\n<meta property=\"og:title\" content=\"Rochie eleganta printesa FATIMA - WF0035 - BRIDAL FASHION \u2122 | Luxurious Wedding Dresses &amp; Fashionable Gowns for Women, Girls and Kids\" \/>\n<meta property=\"og:description\" content=\"Rochie-prin\u021bes\u0103 minunat\u0103 cu bolero deta\u0219abil FATIMA - WF0035 disponibil pe alb \u0219i ivory. Bustul din saten cu \u0219iret la spate, fusta cu volane, boleroul av\u00e2nd un decor impecabil \u00een partea de jos\" \/>\n<meta property=\"og:url\" content=\"https:\/\/bridalfashion.com\/ro\/white-flowers-2020-ro\/tinuta-eleganta-cu-o-fusta-pufoasa-a-line-wf0035\/\" \/>\n<meta property=\"og:site_name\" content=\"BRIDAL FASHION \u2122 | Luxurious Wedding Dresses &amp; Fashionable Gowns for Women, Girls and Kids\" \/>\n<meta property=\"og:image\" content=\"https:\/\/bridalfashion.com\/wp-content\/uploads\/2021\/09\/WF0035_A.jpg\" \/>\n\t<meta property=\"og:image:width\" content=\"1516\" \/>\n\t<meta property=\"og:image:height\" content=\"2000\" \/>\n\t<meta property=\"og:image:type\" content=\"image\/jpeg\" \/>\n<meta name=\"twitter:card\" content=\"summary_large_image\" \/>\n<script type=\"application\/ld+json\" class=\"yoast-schema-graph\">{\"@context\":\"https:\\\/\\\/schema.org\",\"@graph\":[{\"@type\":\"WebPage\",\"@id\":\"https:\\\/\\\/bridalfashion.com\\\/ro\\\/white-flowers-2020-ro\\\/tinuta-eleganta-cu-o-fusta-pufoasa-a-line-wf0035\\\/\",\"url\":\"https:\\\/\\\/bridalfashion.com\\\/ro\\\/white-flowers-2020-ro\\\/tinuta-eleganta-cu-o-fusta-pufoasa-a-line-wf0035\\\/\",\"name\":\"Rochie eleganta printesa FATIMA - WF0035 - BRIDAL FASHION \u2122 | Luxurious Wedding Dresses &amp; Fashionable Gowns for Women, Girls and Kids\",\"isPartOf\":{\"@id\":\"https:\\\/\\\/bridalfashion.com\\\/ro\\\/#website\"},\"primaryImageOfPage\":{\"@id\":\"https:\\\/\\\/bridalfashion.com\\\/ro\\\/white-flowers-2020-ro\\\/tinuta-eleganta-cu-o-fusta-pufoasa-a-line-wf0035\\\/#primaryimage\"},\"image\":{\"@id\":\"https:\\\/\\\/bridalfashion.com\\\/ro\\\/white-flowers-2020-ro\\\/tinuta-eleganta-cu-o-fusta-pufoasa-a-line-wf0035\\\/#primaryimage\"},\"thumbnailUrl\":\"https:\\\/\\\/bridalfashion.com\\\/wp-content\\\/uploads\\\/2021\\\/09\\\/WF0035_A.jpg\",\"datePublished\":\"2022-10-04T17:20:19+00:00\",\"description\":\"Rochie-prin\u021bes\u0103 minunat\u0103 cu bolero deta\u0219abil FATIMA - WF0035 disponibil pe alb \u0219i ivory. Bustul din saten cu \u0219iret la spate, fusta cu volane, boleroul av\u00e2nd un decor impecabil \u00een partea de jos\",\"breadcrumb\":{\"@id\":\"https:\\\/\\\/bridalfashion.com\\\/ro\\\/white-flowers-2020-ro\\\/tinuta-eleganta-cu-o-fusta-pufoasa-a-line-wf0035\\\/#breadcrumb\"},\"inLanguage\":\"ro-RO\",\"potentialAction\":[{\"@type\":\"ReadAction\",\"target\":[\"https:\\\/\\\/bridalfashion.com\\\/ro\\\/white-flowers-2020-ro\\\/tinuta-eleganta-cu-o-fusta-pufoasa-a-line-wf0035\\\/\"]}]},{\"@type\":\"ImageObject\",\"inLanguage\":\"ro-RO\",\"@id\":\"https:\\\/\\\/bridalfashion.com\\\/ro\\\/white-flowers-2020-ro\\\/tinuta-eleganta-cu-o-fusta-pufoasa-a-line-wf0035\\\/#primaryimage\",\"url\":\"https:\\\/\\\/bridalfashion.com\\\/wp-content\\\/uploads\\\/2021\\\/09\\\/WF0035_A.jpg\",\"contentUrl\":\"https:\\\/\\\/bridalfashion.com\\\/wp-content\\\/uploads\\\/2021\\\/09\\\/WF0035_A.jpg\",\"width\":1516,\"height\":2000,\"caption\":\"Rochie eleganta Printesa FATIMA - WF0035 Vedere fata | BRIDAL FASHION\"},{\"@type\":\"BreadcrumbList\",\"@id\":\"https:\\\/\\\/bridalfashion.com\\\/ro\\\/white-flowers-2020-ro\\\/tinuta-eleganta-cu-o-fusta-pufoasa-a-line-wf0035\\\/#breadcrumb\",\"itemListElement\":[{\"@type\":\"ListItem\",\"position\":1,\"name\":\"Home\",\"item\":\"https:\\\/\\\/bridalfashion.com\\\/ro\\\/\"},{\"@type\":\"ListItem\",\"position\":2,\"name\":\"Shop\",\"item\":\"https:\\\/\\\/bridalfashion.com\\\/shop-2\\\/\"},{\"@type\":\"ListItem\",\"position\":3,\"name\":\"Rochie eleganta printesa FATIMA &#8211; WF0035\"}]},{\"@type\":\"WebSite\",\"@id\":\"https:\\\/\\\/bridalfashion.com\\\/ro\\\/#website\",\"url\":\"https:\\\/\\\/bridalfashion.com\\\/ro\\\/\",\"name\":\"BRIDAL FASHION \u2122 | Luxurious Wedding Dresses &amp; Fashionable Gowns for Women, Girls and Kids\",\"description\":\"Welcome the leading manufacturer and supplier of wedding dresses. We offer in wholesale a large selection of high quality wedding dress collections and accessories for your business at competitive prices. Shop our full range of bridal products today!\",\"publisher\":{\"@id\":\"https:\\\/\\\/bridalfashion.com\\\/ro\\\/#organization\"},\"potentialAction\":[{\"@type\":\"SearchAction\",\"target\":{\"@type\":\"EntryPoint\",\"urlTemplate\":\"https:\\\/\\\/bridalfashion.com\\\/ro\\\/?s={search_term_string}\"},\"query-input\":{\"@type\":\"PropertyValueSpecification\",\"valueRequired\":true,\"valueName\":\"search_term_string\"}}],\"inLanguage\":\"ro-RO\"},{\"@type\":\"Organization\",\"@id\":\"https:\\\/\\\/bridalfashion.com\\\/ro\\\/#organization\",\"name\":\"BRIDAL FASHION \u2122 | Luxurious Wedding Dresses &amp; Fashionable Gowns for Women, Girls and Kids\",\"url\":\"https:\\\/\\\/bridalfashion.com\\\/ro\\\/\",\"logo\":{\"@type\":\"ImageObject\",\"inLanguage\":\"ro-RO\",\"@id\":\"https:\\\/\\\/bridalfashion.com\\\/ro\\\/#\\\/schema\\\/logo\\\/image\\\/\",\"url\":\"https:\\\/\\\/bridalfashion.com\\\/wp-content\\\/uploads\\\/2022\\\/05\\\/cropped-BFG.png\",\"contentUrl\":\"https:\\\/\\\/bridalfashion.com\\\/wp-content\\\/uploads\\\/2022\\\/05\\\/cropped-BFG.png\",\"width\":1771,\"height\":119,\"caption\":\"BRIDAL FASHION \u2122 | Luxurious Wedding Dresses &amp; Fashionable Gowns for Women, Girls and Kids\"},\"image\":{\"@id\":\"https:\\\/\\\/bridalfashion.com\\\/ro\\\/#\\\/schema\\\/logo\\\/image\\\/\"}}]}<\/script>\n<!-- \/ Yoast SEO plugin. -->","yoast_head_json":{"title":"Rochie eleganta printesa FATIMA - WF0035 - BRIDAL FASHION \u2122 | Luxurious Wedding Dresses &amp; Fashionable Gowns for Women, Girls and Kids","description":"Rochie-prin\u021bes\u0103 minunat\u0103 cu bolero deta\u0219abil FATIMA - WF0035 disponibil pe alb \u0219i ivory. Bustul din saten cu \u0219iret la spate, fusta cu volane, boleroul av\u00e2nd un decor impecabil \u00een partea de jos","robots":{"index":"index","follow":"follow","max-snippet":"max-snippet:-1","max-image-preview":"max-image-preview:large","max-video-preview":"max-video-preview:-1"},"canonical":"https:\/\/bridalfashion.com\/ro\/white-flowers-2020-ro\/tinuta-eleganta-cu-o-fusta-pufoasa-a-line-wf0035\/","og_locale":"ro_RO","og_type":"article","og_title":"Rochie eleganta printesa FATIMA - WF0035 - BRIDAL FASHION \u2122 | Luxurious Wedding Dresses &amp; Fashionable Gowns for Women, Girls and Kids","og_description":"Rochie-prin\u021bes\u0103 minunat\u0103 cu bolero deta\u0219abil FATIMA - WF0035 disponibil pe alb \u0219i ivory. Bustul din saten cu \u0219iret la spate, fusta cu volane, boleroul av\u00e2nd un decor impecabil \u00een partea de jos","og_url":"https:\/\/bridalfashion.com\/ro\/white-flowers-2020-ro\/tinuta-eleganta-cu-o-fusta-pufoasa-a-line-wf0035\/","og_site_name":"BRIDAL FASHION \u2122 | Luxurious Wedding Dresses &amp; Fashionable Gowns for Women, Girls and Kids","og_image":[{"width":1516,"height":2000,"url":"https:\/\/bridalfashion.com\/wp-content\/uploads\/2021\/09\/WF0035_A.jpg","type":"image\/jpeg"}],"twitter_card":"summary_large_image","schema":{"@context":"https:\/\/schema.org","@graph":[{"@type":"WebPage","@id":"https:\/\/bridalfashion.com\/ro\/white-flowers-2020-ro\/tinuta-eleganta-cu-o-fusta-pufoasa-a-line-wf0035\/","url":"https:\/\/bridalfashion.com\/ro\/white-flowers-2020-ro\/tinuta-eleganta-cu-o-fusta-pufoasa-a-line-wf0035\/","name":"Rochie eleganta printesa FATIMA - WF0035 - BRIDAL FASHION \u2122 | Luxurious Wedding Dresses &amp; Fashionable Gowns for Women, Girls and Kids","isPartOf":{"@id":"https:\/\/bridalfashion.com\/ro\/#website"},"primaryImageOfPage":{"@id":"https:\/\/bridalfashion.com\/ro\/white-flowers-2020-ro\/tinuta-eleganta-cu-o-fusta-pufoasa-a-line-wf0035\/#primaryimage"},"image":{"@id":"https:\/\/bridalfashion.com\/ro\/white-flowers-2020-ro\/tinuta-eleganta-cu-o-fusta-pufoasa-a-line-wf0035\/#primaryimage"},"thumbnailUrl":"https:\/\/bridalfashion.com\/wp-content\/uploads\/2021\/09\/WF0035_A.jpg","datePublished":"2022-10-04T17:20:19+00:00","description":"Rochie-prin\u021bes\u0103 minunat\u0103 cu bolero deta\u0219abil FATIMA - WF0035 disponibil pe alb \u0219i ivory. Bustul din saten cu \u0219iret la spate, fusta cu volane, boleroul av\u00e2nd un decor impecabil \u00een partea de jos","breadcrumb":{"@id":"https:\/\/bridalfashion.com\/ro\/white-flowers-2020-ro\/tinuta-eleganta-cu-o-fusta-pufoasa-a-line-wf0035\/#breadcrumb"},"inLanguage":"ro-RO","potentialAction":[{"@type":"ReadAction","target":["https:\/\/bridalfashion.com\/ro\/white-flowers-2020-ro\/tinuta-eleganta-cu-o-fusta-pufoasa-a-line-wf0035\/"]}]},{"@type":"ImageObject","inLanguage":"ro-RO","@id":"https:\/\/bridalfashion.com\/ro\/white-flowers-2020-ro\/tinuta-eleganta-cu-o-fusta-pufoasa-a-line-wf0035\/#primaryimage","url":"https:\/\/bridalfashion.com\/wp-content\/uploads\/2021\/09\/WF0035_A.jpg","contentUrl":"https:\/\/bridalfashion.com\/wp-content\/uploads\/2021\/09\/WF0035_A.jpg","width":1516,"height":2000,"caption":"Rochie eleganta Printesa FATIMA - WF0035 Vedere fata | BRIDAL FASHION"},{"@type":"BreadcrumbList","@id":"https:\/\/bridalfashion.com\/ro\/white-flowers-2020-ro\/tinuta-eleganta-cu-o-fusta-pufoasa-a-line-wf0035\/#breadcrumb","itemListElement":[{"@type":"ListItem","position":1,"name":"Home","item":"https:\/\/bridalfashion.com\/ro\/"},{"@type":"ListItem","position":2,"name":"Shop","item":"https:\/\/bridalfashion.com\/shop-2\/"},{"@type":"ListItem","position":3,"name":"Rochie eleganta printesa FATIMA &#8211; WF0035"}]},{"@type":"WebSite","@id":"https:\/\/bridalfashion.com\/ro\/#website","url":"https:\/\/bridalfashion.com\/ro\/","name":"BRIDAL FASHION \u2122 | Luxurious Wedding Dresses &amp; Fashionable Gowns for Women, Girls and Kids","description":"Welcome the leading manufacturer and supplier of wedding dresses. We offer in wholesale a large selection of high quality wedding dress collections and accessories for your business at competitive prices. Shop our full range of bridal products today!","publisher":{"@id":"https:\/\/bridalfashion.com\/ro\/#organization"},"potentialAction":[{"@type":"SearchAction","target":{"@type":"EntryPoint","urlTemplate":"https:\/\/bridalfashion.com\/ro\/?s={search_term_string}"},"query-input":{"@type":"PropertyValueSpecification","valueRequired":true,"valueName":"search_term_string"}}],"inLanguage":"ro-RO"},{"@type":"Organization","@id":"https:\/\/bridalfashion.com\/ro\/#organization","name":"BRIDAL FASHION \u2122 | Luxurious Wedding Dresses &amp; Fashionable Gowns for Women, Girls and Kids","url":"https:\/\/bridalfashion.com\/ro\/","logo":{"@type":"ImageObject","inLanguage":"ro-RO","@id":"https:\/\/bridalfashion.com\/ro\/#\/schema\/logo\/image\/","url":"https:\/\/bridalfashion.com\/wp-content\/uploads\/2022\/05\/cropped-BFG.png","contentUrl":"https:\/\/bridalfashion.com\/wp-content\/uploads\/2022\/05\/cropped-BFG.png","width":1771,"height":119,"caption":"BRIDAL FASHION \u2122 | Luxurious Wedding Dresses &amp; Fashionable Gowns for Women, Girls and Kids"},"image":{"@id":"https:\/\/bridalfashion.com\/ro\/#\/schema\/logo\/image\/"}}]}},"_links":{"self":[{"href":"https:\/\/bridalfashion.com\/ro\/wp-json\/wp\/v2\/product\/11903","targetHints":{"allow":["GET"]}}],"collection":[{"href":"https:\/\/bridalfashion.com\/ro\/wp-json\/wp\/v2\/product"}],"about":[{"href":"https:\/\/bridalfashion.com\/ro\/wp-json\/wp\/v2\/types\/product"}],"replies":[{"embeddable":true,"href":"https:\/\/bridalfashion.com\/ro\/wp-json\/wp\/v2\/comments?post=11903"}],"wp:featuredmedia":[{"embeddable":true,"href":"https:\/\/bridalfashion.com\/ro\/wp-json\/wp\/v2\/media\/5400"}],"wp:attachment":[{"href":"https:\/\/bridalfashion.com\/ro\/wp-json\/wp\/v2\/media?parent=11903"}],"wp:term":[{"taxonomy":"product_brand","embeddable":true,"href":"https:\/\/bridalfashion.com\/ro\/wp-json\/wp\/v2\/product_brand?post=11903"},{"taxonomy":"product_cat","embeddable":true,"href":"https:\/\/bridalfashion.com\/ro\/wp-json\/wp\/v2\/product_cat?post=11903"},{"taxonomy":"product_tag","embeddable":true,"href":"https:\/\/bridalfashion.com\/ro\/wp-json\/wp\/v2\/product_tag?post=11903"}],"curies":[{"name":"wp","href":"https:\/\/api.w.org\/{rel}","templated":true}]}}