{"id":11900,"date":"2021-09-27T14:02:32","date_gmt":"2022-10-04T16:39:55","guid":{"rendered":"https:\/\/bridalfashion.com\/fara-categorie\/rochie-eleganta-in-linie-a-flutura-wf0034\/"},"modified":"2022-10-04T18:39:55","modified_gmt":"2022-10-04T16:39:55","slug":"tinuta-blanda-si-romantica-pentru-putin-frumusete-wf0034","status":"publish","type":"product","link":"https:\/\/bridalfashion.com\/ro\/white-flowers-2020-ro\/tinuta-blanda-si-romantica-pentru-putin-frumusete-wf0034\/","title":{"rendered":"Rochie eleganta in linie A FLUTURA &#8211; WF0034"},"content":{"rendered":"<h2>Descrierea modelului <span style=\"font-size: 18px\">FLUTURA &#8211; <\/span><span style=\"font-size: 1.15em\">WF0034 o rochie elegant\u0103 \u00een linie A cu aplica\u021bii florale \u0219i m\u00e2neci vaporoase<\/span>.<\/h2>\n<p>Rochie ginga\u0219\u0103 \u0219i romantic\u0103 pentru frumoasa micu\u021b\u0103. Corsetul este realizat din satin. Bustul din saten pe bretele din tul cu fundi\u021be mari pe umeri, ce trec \u00een m\u00e2neci lungi bufante. Bustul \u00een \u00eentregime \u0219i partea de sus a fustei sunt \u00eempodobite cu aplica\u021bii de dantel\u0103. Fusta gen prin\u021bes\u0103 din tul are un volan fermec\u0103tor pe centru. Aceast\u0103 rochie fermec\u0103toare \u00een A cu aplica\u021bii colorate poate fi pe albastru, roz, alb sau pe nuan\u021be ginga\u0219e ivory, roz pr\u0103fuit, cappuccino.<\/p>\n","protected":false},"excerpt":{"rendered":"<p>Descrierea modelului FLUTURA &#8211; WF0034 o rochie elegant\u0103 \u00een linie A cu aplica\u021bii florale \u0219i m\u00e2neci vaporoase. Rochie ginga\u0219\u0103 \u0219i romantic\u0103 pentru frumoasa micu\u021b\u0103. Corsetul este realizat din satin. Bustul din saten pe bretele din tul cu fundi\u021be mari pe umeri, ce trec \u00een m\u00e2neci lungi bufante. Bustul \u00een \u00eentregime \u0219i partea de sus a&hellip;<\/p>\n","protected":false},"featured_media":5358,"comment_status":"open","ping_status":"closed","template":"","meta":[],"product_brand":[],"product_cat":[939],"product_tag":[],"class_list":{"0":"post-11900","1":"product","2":"type-product","3":"status-publish","4":"has-post-thumbnail","6":"product_cat-white-flowers-2020-ro","8":"first","9":"instock","10":"taxable","11":"shipping-taxable","12":"product-type-simple"},"yoast_head":"<!-- This site is optimized with the Yoast SEO plugin v27.4 - https:\/\/yoast.com\/product\/yoast-seo-wordpress\/ -->\n<title>Rochie eleganta in linie A FLUTURA - WF0034 - BRIDAL FASHION \u2122 | Luxurious Wedding Dresses &amp; Fashionable Gowns for Women, Girls and Kids<\/title>\n<meta name=\"description\" content=\"Rochie \u00een A cu aplica\u021bii colorate FLUTURA - WF0034 disponibil\u0103 \u00een culori diferite. Bustul din saten pe bretele cu fundi\u021be, \u00eempodobit cu dantele, pe fusta din tul volane bogate\" \/>\n<meta name=\"robots\" content=\"index, follow, max-snippet:-1, max-image-preview:large, max-video-preview:-1\" \/>\n<link rel=\"canonical\" href=\"https:\/\/bridalfashion.com\/ro\/white-flowers-2020-ro\/tinuta-blanda-si-romantica-pentru-putin-frumusete-wf0034\/\" \/>\n<meta property=\"og:locale\" content=\"ro_RO\" \/>\n<meta property=\"og:type\" content=\"article\" \/>\n<meta property=\"og:title\" content=\"Rochie eleganta in linie A FLUTURA - WF0034 - BRIDAL FASHION \u2122 | Luxurious Wedding Dresses &amp; Fashionable Gowns for Women, Girls and Kids\" \/>\n<meta property=\"og:description\" content=\"Rochie \u00een A cu aplica\u021bii colorate FLUTURA - WF0034 disponibil\u0103 \u00een culori diferite. Bustul din saten pe bretele cu fundi\u021be, \u00eempodobit cu dantele, pe fusta din tul volane bogate\" \/>\n<meta property=\"og:url\" content=\"https:\/\/bridalfashion.com\/ro\/white-flowers-2020-ro\/tinuta-blanda-si-romantica-pentru-putin-frumusete-wf0034\/\" \/>\n<meta property=\"og:site_name\" content=\"BRIDAL FASHION \u2122 | Luxurious Wedding Dresses &amp; Fashionable Gowns for Women, Girls and Kids\" \/>\n<meta property=\"og:image\" content=\"https:\/\/bridalfashion.com\/wp-content\/uploads\/2021\/09\/WF0034_A1blue_MH.jpg\" \/>\n\t<meta property=\"og:image:width\" content=\"1516\" \/>\n\t<meta property=\"og:image:height\" content=\"2000\" \/>\n\t<meta property=\"og:image:type\" content=\"image\/jpeg\" \/>\n<meta name=\"twitter:card\" content=\"summary_large_image\" \/>\n<meta name=\"twitter:label1\" content=\"Timp estimat pentru citire\" \/>\n\t<meta name=\"twitter:data1\" content=\"1 minut\" \/>\n<script type=\"application\/ld+json\" class=\"yoast-schema-graph\">{\"@context\":\"https:\\\/\\\/schema.org\",\"@graph\":[{\"@type\":\"WebPage\",\"@id\":\"https:\\\/\\\/bridalfashion.com\\\/ro\\\/white-flowers-2020-ro\\\/tinuta-blanda-si-romantica-pentru-putin-frumusete-wf0034\\\/\",\"url\":\"https:\\\/\\\/bridalfashion.com\\\/ro\\\/white-flowers-2020-ro\\\/tinuta-blanda-si-romantica-pentru-putin-frumusete-wf0034\\\/\",\"name\":\"Rochie eleganta in linie A FLUTURA - WF0034 - BRIDAL FASHION \u2122 | Luxurious Wedding Dresses &amp; Fashionable Gowns for Women, Girls and Kids\",\"isPartOf\":{\"@id\":\"https:\\\/\\\/bridalfashion.com\\\/ro\\\/#website\"},\"primaryImageOfPage\":{\"@id\":\"https:\\\/\\\/bridalfashion.com\\\/ro\\\/white-flowers-2020-ro\\\/tinuta-blanda-si-romantica-pentru-putin-frumusete-wf0034\\\/#primaryimage\"},\"image\":{\"@id\":\"https:\\\/\\\/bridalfashion.com\\\/ro\\\/white-flowers-2020-ro\\\/tinuta-blanda-si-romantica-pentru-putin-frumusete-wf0034\\\/#primaryimage\"},\"thumbnailUrl\":\"https:\\\/\\\/bridalfashion.com\\\/wp-content\\\/uploads\\\/2021\\\/09\\\/WF0034_A1blue_MH.jpg\",\"datePublished\":\"2022-10-04T16:39:55+00:00\",\"description\":\"Rochie \u00een A cu aplica\u021bii colorate FLUTURA - WF0034 disponibil\u0103 \u00een culori diferite. Bustul din saten pe bretele cu fundi\u021be, \u00eempodobit cu dantele, pe fusta din tul volane bogate\",\"breadcrumb\":{\"@id\":\"https:\\\/\\\/bridalfashion.com\\\/ro\\\/white-flowers-2020-ro\\\/tinuta-blanda-si-romantica-pentru-putin-frumusete-wf0034\\\/#breadcrumb\"},\"inLanguage\":\"ro-RO\",\"potentialAction\":[{\"@type\":\"ReadAction\",\"target\":[\"https:\\\/\\\/bridalfashion.com\\\/ro\\\/white-flowers-2020-ro\\\/tinuta-blanda-si-romantica-pentru-putin-frumusete-wf0034\\\/\"]}]},{\"@type\":\"ImageObject\",\"inLanguage\":\"ro-RO\",\"@id\":\"https:\\\/\\\/bridalfashion.com\\\/ro\\\/white-flowers-2020-ro\\\/tinuta-blanda-si-romantica-pentru-putin-frumusete-wf0034\\\/#primaryimage\",\"url\":\"https:\\\/\\\/bridalfashion.com\\\/wp-content\\\/uploads\\\/2021\\\/09\\\/WF0034_A1blue_MH.jpg\",\"contentUrl\":\"https:\\\/\\\/bridalfashion.com\\\/wp-content\\\/uploads\\\/2021\\\/09\\\/WF0034_A1blue_MH.jpg\",\"width\":1516,\"height\":2000,\"caption\":\"Rochie elegant\u0103 \u00een linie A FLUTURA - WF0034 Vedere frontal\u0103 | BRIDAL FASHION\"},{\"@type\":\"BreadcrumbList\",\"@id\":\"https:\\\/\\\/bridalfashion.com\\\/ro\\\/white-flowers-2020-ro\\\/tinuta-blanda-si-romantica-pentru-putin-frumusete-wf0034\\\/#breadcrumb\",\"itemListElement\":[{\"@type\":\"ListItem\",\"position\":1,\"name\":\"Home\",\"item\":\"https:\\\/\\\/bridalfashion.com\\\/ro\\\/\"},{\"@type\":\"ListItem\",\"position\":2,\"name\":\"Shop\",\"item\":\"https:\\\/\\\/bridalfashion.com\\\/shop-2\\\/\"},{\"@type\":\"ListItem\",\"position\":3,\"name\":\"Rochie eleganta in linie A FLUTURA &#8211; WF0034\"}]},{\"@type\":\"WebSite\",\"@id\":\"https:\\\/\\\/bridalfashion.com\\\/ro\\\/#website\",\"url\":\"https:\\\/\\\/bridalfashion.com\\\/ro\\\/\",\"name\":\"BRIDAL FASHION \u2122 | Luxurious Wedding Dresses &amp; Fashionable Gowns for Women, Girls and Kids\",\"description\":\"Welcome the leading manufacturer and supplier of wedding dresses. We offer in wholesale a large selection of high quality wedding dress collections and accessories for your business at competitive prices. Shop our full range of bridal products today!\",\"publisher\":{\"@id\":\"https:\\\/\\\/bridalfashion.com\\\/ro\\\/#organization\"},\"potentialAction\":[{\"@type\":\"SearchAction\",\"target\":{\"@type\":\"EntryPoint\",\"urlTemplate\":\"https:\\\/\\\/bridalfashion.com\\\/ro\\\/?s={search_term_string}\"},\"query-input\":{\"@type\":\"PropertyValueSpecification\",\"valueRequired\":true,\"valueName\":\"search_term_string\"}}],\"inLanguage\":\"ro-RO\"},{\"@type\":\"Organization\",\"@id\":\"https:\\\/\\\/bridalfashion.com\\\/ro\\\/#organization\",\"name\":\"BRIDAL FASHION \u2122 | Luxurious Wedding Dresses &amp; Fashionable Gowns for Women, Girls and Kids\",\"url\":\"https:\\\/\\\/bridalfashion.com\\\/ro\\\/\",\"logo\":{\"@type\":\"ImageObject\",\"inLanguage\":\"ro-RO\",\"@id\":\"https:\\\/\\\/bridalfashion.com\\\/ro\\\/#\\\/schema\\\/logo\\\/image\\\/\",\"url\":\"https:\\\/\\\/bridalfashion.com\\\/wp-content\\\/uploads\\\/2022\\\/05\\\/cropped-BFG.png\",\"contentUrl\":\"https:\\\/\\\/bridalfashion.com\\\/wp-content\\\/uploads\\\/2022\\\/05\\\/cropped-BFG.png\",\"width\":1771,\"height\":119,\"caption\":\"BRIDAL FASHION \u2122 | Luxurious Wedding Dresses &amp; Fashionable Gowns for Women, Girls and Kids\"},\"image\":{\"@id\":\"https:\\\/\\\/bridalfashion.com\\\/ro\\\/#\\\/schema\\\/logo\\\/image\\\/\"}}]}<\/script>\n<!-- \/ Yoast SEO plugin. -->","yoast_head_json":{"title":"Rochie eleganta in linie A FLUTURA - WF0034 - BRIDAL FASHION \u2122 | Luxurious Wedding Dresses &amp; Fashionable Gowns for Women, Girls and Kids","description":"Rochie \u00een A cu aplica\u021bii colorate FLUTURA - WF0034 disponibil\u0103 \u00een culori diferite. Bustul din saten pe bretele cu fundi\u021be, \u00eempodobit cu dantele, pe fusta din tul volane bogate","robots":{"index":"index","follow":"follow","max-snippet":"max-snippet:-1","max-image-preview":"max-image-preview:large","max-video-preview":"max-video-preview:-1"},"canonical":"https:\/\/bridalfashion.com\/ro\/white-flowers-2020-ro\/tinuta-blanda-si-romantica-pentru-putin-frumusete-wf0034\/","og_locale":"ro_RO","og_type":"article","og_title":"Rochie eleganta in linie A FLUTURA - WF0034 - BRIDAL FASHION \u2122 | Luxurious Wedding Dresses &amp; Fashionable Gowns for Women, Girls and Kids","og_description":"Rochie \u00een A cu aplica\u021bii colorate FLUTURA - WF0034 disponibil\u0103 \u00een culori diferite. Bustul din saten pe bretele cu fundi\u021be, \u00eempodobit cu dantele, pe fusta din tul volane bogate","og_url":"https:\/\/bridalfashion.com\/ro\/white-flowers-2020-ro\/tinuta-blanda-si-romantica-pentru-putin-frumusete-wf0034\/","og_site_name":"BRIDAL FASHION \u2122 | Luxurious Wedding Dresses &amp; Fashionable Gowns for Women, Girls and Kids","og_image":[{"width":1516,"height":2000,"url":"https:\/\/bridalfashion.com\/wp-content\/uploads\/2021\/09\/WF0034_A1blue_MH.jpg","type":"image\/jpeg"}],"twitter_card":"summary_large_image","twitter_misc":{"Timp estimat pentru citire":"1 minut"},"schema":{"@context":"https:\/\/schema.org","@graph":[{"@type":"WebPage","@id":"https:\/\/bridalfashion.com\/ro\/white-flowers-2020-ro\/tinuta-blanda-si-romantica-pentru-putin-frumusete-wf0034\/","url":"https:\/\/bridalfashion.com\/ro\/white-flowers-2020-ro\/tinuta-blanda-si-romantica-pentru-putin-frumusete-wf0034\/","name":"Rochie eleganta in linie A FLUTURA - WF0034 - BRIDAL FASHION \u2122 | Luxurious Wedding Dresses &amp; Fashionable Gowns for Women, Girls and Kids","isPartOf":{"@id":"https:\/\/bridalfashion.com\/ro\/#website"},"primaryImageOfPage":{"@id":"https:\/\/bridalfashion.com\/ro\/white-flowers-2020-ro\/tinuta-blanda-si-romantica-pentru-putin-frumusete-wf0034\/#primaryimage"},"image":{"@id":"https:\/\/bridalfashion.com\/ro\/white-flowers-2020-ro\/tinuta-blanda-si-romantica-pentru-putin-frumusete-wf0034\/#primaryimage"},"thumbnailUrl":"https:\/\/bridalfashion.com\/wp-content\/uploads\/2021\/09\/WF0034_A1blue_MH.jpg","datePublished":"2022-10-04T16:39:55+00:00","description":"Rochie \u00een A cu aplica\u021bii colorate FLUTURA - WF0034 disponibil\u0103 \u00een culori diferite. Bustul din saten pe bretele cu fundi\u021be, \u00eempodobit cu dantele, pe fusta din tul volane bogate","breadcrumb":{"@id":"https:\/\/bridalfashion.com\/ro\/white-flowers-2020-ro\/tinuta-blanda-si-romantica-pentru-putin-frumusete-wf0034\/#breadcrumb"},"inLanguage":"ro-RO","potentialAction":[{"@type":"ReadAction","target":["https:\/\/bridalfashion.com\/ro\/white-flowers-2020-ro\/tinuta-blanda-si-romantica-pentru-putin-frumusete-wf0034\/"]}]},{"@type":"ImageObject","inLanguage":"ro-RO","@id":"https:\/\/bridalfashion.com\/ro\/white-flowers-2020-ro\/tinuta-blanda-si-romantica-pentru-putin-frumusete-wf0034\/#primaryimage","url":"https:\/\/bridalfashion.com\/wp-content\/uploads\/2021\/09\/WF0034_A1blue_MH.jpg","contentUrl":"https:\/\/bridalfashion.com\/wp-content\/uploads\/2021\/09\/WF0034_A1blue_MH.jpg","width":1516,"height":2000,"caption":"Rochie elegant\u0103 \u00een linie A FLUTURA - WF0034 Vedere frontal\u0103 | BRIDAL FASHION"},{"@type":"BreadcrumbList","@id":"https:\/\/bridalfashion.com\/ro\/white-flowers-2020-ro\/tinuta-blanda-si-romantica-pentru-putin-frumusete-wf0034\/#breadcrumb","itemListElement":[{"@type":"ListItem","position":1,"name":"Home","item":"https:\/\/bridalfashion.com\/ro\/"},{"@type":"ListItem","position":2,"name":"Shop","item":"https:\/\/bridalfashion.com\/shop-2\/"},{"@type":"ListItem","position":3,"name":"Rochie eleganta in linie A FLUTURA &#8211; WF0034"}]},{"@type":"WebSite","@id":"https:\/\/bridalfashion.com\/ro\/#website","url":"https:\/\/bridalfashion.com\/ro\/","name":"BRIDAL FASHION \u2122 | Luxurious Wedding Dresses &amp; Fashionable Gowns for Women, Girls and Kids","description":"Welcome the leading manufacturer and supplier of wedding dresses. We offer in wholesale a large selection of high quality wedding dress collections and accessories for your business at competitive prices. Shop our full range of bridal products today!","publisher":{"@id":"https:\/\/bridalfashion.com\/ro\/#organization"},"potentialAction":[{"@type":"SearchAction","target":{"@type":"EntryPoint","urlTemplate":"https:\/\/bridalfashion.com\/ro\/?s={search_term_string}"},"query-input":{"@type":"PropertyValueSpecification","valueRequired":true,"valueName":"search_term_string"}}],"inLanguage":"ro-RO"},{"@type":"Organization","@id":"https:\/\/bridalfashion.com\/ro\/#organization","name":"BRIDAL FASHION \u2122 | Luxurious Wedding Dresses &amp; Fashionable Gowns for Women, Girls and Kids","url":"https:\/\/bridalfashion.com\/ro\/","logo":{"@type":"ImageObject","inLanguage":"ro-RO","@id":"https:\/\/bridalfashion.com\/ro\/#\/schema\/logo\/image\/","url":"https:\/\/bridalfashion.com\/wp-content\/uploads\/2022\/05\/cropped-BFG.png","contentUrl":"https:\/\/bridalfashion.com\/wp-content\/uploads\/2022\/05\/cropped-BFG.png","width":1771,"height":119,"caption":"BRIDAL FASHION \u2122 | Luxurious Wedding Dresses &amp; Fashionable Gowns for Women, Girls and Kids"},"image":{"@id":"https:\/\/bridalfashion.com\/ro\/#\/schema\/logo\/image\/"}}]}},"_links":{"self":[{"href":"https:\/\/bridalfashion.com\/ro\/wp-json\/wp\/v2\/product\/11900","targetHints":{"allow":["GET"]}}],"collection":[{"href":"https:\/\/bridalfashion.com\/ro\/wp-json\/wp\/v2\/product"}],"about":[{"href":"https:\/\/bridalfashion.com\/ro\/wp-json\/wp\/v2\/types\/product"}],"replies":[{"embeddable":true,"href":"https:\/\/bridalfashion.com\/ro\/wp-json\/wp\/v2\/comments?post=11900"}],"wp:featuredmedia":[{"embeddable":true,"href":"https:\/\/bridalfashion.com\/ro\/wp-json\/wp\/v2\/media\/5358"}],"wp:attachment":[{"href":"https:\/\/bridalfashion.com\/ro\/wp-json\/wp\/v2\/media?parent=11900"}],"wp:term":[{"taxonomy":"product_brand","embeddable":true,"href":"https:\/\/bridalfashion.com\/ro\/wp-json\/wp\/v2\/product_brand?post=11900"},{"taxonomy":"product_cat","embeddable":true,"href":"https:\/\/bridalfashion.com\/ro\/wp-json\/wp\/v2\/product_cat?post=11900"},{"taxonomy":"product_tag","embeddable":true,"href":"https:\/\/bridalfashion.com\/ro\/wp-json\/wp\/v2\/product_tag?post=11900"}],"curies":[{"name":"wp","href":"https:\/\/api.w.org\/{rel}","templated":true}]}}