{"id":11894,"date":"2021-09-27T13:45:50","date_gmt":"2022-10-04T15:18:58","guid":{"rendered":"https:\/\/bridalfashion.com\/fara-categorie\/tinuta-eleganta-pentru-copii-faryda-wf0032\/"},"modified":"2022-10-04T17:18:58","modified_gmt":"2022-10-04T15:18:58","slug":"rochie-neobisnuita-eleganta-pentru-o-vacanta-frumoasa-wf0032","status":"publish","type":"product","link":"https:\/\/bridalfashion.com\/ro\/white-flowers-2020-ro\/rochie-neobisnuita-eleganta-pentru-o-vacanta-frumoasa-wf0032\/","title":{"rendered":"\u021ainut\u0103 elegant\u0103 pentru copii FARYDA &#8211; WF0032"},"content":{"rendered":"<h2>Descrierea modelului <span style=\"font-size: 18px\">FARYDA &#8211; <\/span><span style=\"font-size: 1.15em\">WF0032 o \u021binut\u0103 elegant\u0103 pentru copii cu decor de perle<\/span><\/h2>\n<p>Rochie original\u0103 pentru festivit\u0103\u021bi deosebite. Partea de sus \u2013 corset din saten, acoperit cu paiete, \u00eenchis \u00een fa\u021b\u0103, la spate av\u00e2nd o t\u0103ietur\u0103 elegant\u0103, se inchide pe fermoar. Deasupra are un bust creativ din tul, adunat \u00een pliuri. Partea de sus a bustului \u0219i br\u00e2ul sunt \u00eempodobite cu perle m\u0103\u0219cate. Fusta ampl\u0103 cu trei niveluri este lucrat\u0103 din tul fin. Aceast\u0103 rochie nemaipomenit\u0103 pentru copii \u00een design original poate fi comandat\u0103 pe alb sau ivory.<\/p>\n","protected":false},"excerpt":{"rendered":"<p>Descrierea modelului FARYDA &#8211; WF0032 o \u021binut\u0103 elegant\u0103 pentru copii cu decor de perle Rochie original\u0103 pentru festivit\u0103\u021bi deosebite. Partea de sus \u2013 corset din saten, acoperit cu paiete, \u00eenchis \u00een fa\u021b\u0103, la spate av\u00e2nd o t\u0103ietur\u0103 elegant\u0103, se inchide pe fermoar. Deasupra are un bust creativ din tul, adunat \u00een pliuri. Partea de sus&hellip;<\/p>\n","protected":false},"featured_media":5247,"comment_status":"open","ping_status":"closed","template":"","meta":[],"product_brand":[],"product_cat":[939],"product_tag":[],"class_list":{"0":"post-11894","1":"product","2":"type-product","3":"status-publish","4":"has-post-thumbnail","6":"product_cat-white-flowers-2020-ro","8":"first","9":"instock","10":"taxable","11":"shipping-taxable","12":"product-type-simple"},"yoast_head":"<!-- This site is optimized with the Yoast SEO plugin v27.4 - https:\/\/yoast.com\/product\/yoast-seo-wordpress\/ -->\n<title>\u021ainut\u0103 elegant\u0103 pentru copii FARYDA - WF0032 - BRIDAL FASHION \u2122 | Luxurious Wedding Dresses &amp; Fashionable Gowns for Women, Girls and Kids<\/title>\n<meta name=\"description\" content=\"Rochie minunat\u0103 pentru copii \u00een design original FARYDA - WF0032, culoarea la alegere: ivory \u0219i alb. Corsetul dublat este \u00eempodobit cu paiete, bustul din tul este lucrat cu perle. Fusta ampl\u0103 din tul, modelat\u0103 \u00een trei niveluri\" \/>\n<meta name=\"robots\" content=\"index, follow, max-snippet:-1, max-image-preview:large, max-video-preview:-1\" \/>\n<link rel=\"canonical\" href=\"https:\/\/bridalfashion.com\/ro\/white-flowers-2020-ro\/rochie-neobisnuita-eleganta-pentru-o-vacanta-frumoasa-wf0032\/\" \/>\n<meta property=\"og:locale\" content=\"ro_RO\" \/>\n<meta property=\"og:type\" content=\"article\" \/>\n<meta property=\"og:title\" content=\"\u021ainut\u0103 elegant\u0103 pentru copii FARYDA - WF0032 - BRIDAL FASHION \u2122 | Luxurious Wedding Dresses &amp; Fashionable Gowns for Women, Girls and Kids\" \/>\n<meta property=\"og:description\" content=\"Rochie minunat\u0103 pentru copii \u00een design original FARYDA - WF0032, culoarea la alegere: ivory \u0219i alb. Corsetul dublat este \u00eempodobit cu paiete, bustul din tul este lucrat cu perle. Fusta ampl\u0103 din tul, modelat\u0103 \u00een trei niveluri\" \/>\n<meta property=\"og:url\" content=\"https:\/\/bridalfashion.com\/ro\/white-flowers-2020-ro\/rochie-neobisnuita-eleganta-pentru-o-vacanta-frumoasa-wf0032\/\" \/>\n<meta property=\"og:site_name\" content=\"BRIDAL FASHION \u2122 | Luxurious Wedding Dresses &amp; Fashionable Gowns for Women, Girls and Kids\" \/>\n<meta property=\"og:image\" content=\"https:\/\/bridalfashion.com\/wp-content\/uploads\/2021\/09\/WF0032_A_MH.jpg\" \/>\n\t<meta property=\"og:image:width\" content=\"1516\" \/>\n\t<meta property=\"og:image:height\" content=\"2000\" \/>\n\t<meta property=\"og:image:type\" content=\"image\/jpeg\" \/>\n<meta name=\"twitter:card\" content=\"summary_large_image\" \/>\n<script type=\"application\/ld+json\" class=\"yoast-schema-graph\">{\"@context\":\"https:\\\/\\\/schema.org\",\"@graph\":[{\"@type\":\"WebPage\",\"@id\":\"https:\\\/\\\/bridalfashion.com\\\/ro\\\/white-flowers-2020-ro\\\/rochie-neobisnuita-eleganta-pentru-o-vacanta-frumoasa-wf0032\\\/\",\"url\":\"https:\\\/\\\/bridalfashion.com\\\/ro\\\/white-flowers-2020-ro\\\/rochie-neobisnuita-eleganta-pentru-o-vacanta-frumoasa-wf0032\\\/\",\"name\":\"\u021ainut\u0103 elegant\u0103 pentru copii FARYDA - WF0032 - BRIDAL FASHION \u2122 | Luxurious Wedding Dresses &amp; Fashionable Gowns for Women, Girls and Kids\",\"isPartOf\":{\"@id\":\"https:\\\/\\\/bridalfashion.com\\\/ro\\\/#website\"},\"primaryImageOfPage\":{\"@id\":\"https:\\\/\\\/bridalfashion.com\\\/ro\\\/white-flowers-2020-ro\\\/rochie-neobisnuita-eleganta-pentru-o-vacanta-frumoasa-wf0032\\\/#primaryimage\"},\"image\":{\"@id\":\"https:\\\/\\\/bridalfashion.com\\\/ro\\\/white-flowers-2020-ro\\\/rochie-neobisnuita-eleganta-pentru-o-vacanta-frumoasa-wf0032\\\/#primaryimage\"},\"thumbnailUrl\":\"https:\\\/\\\/bridalfashion.com\\\/wp-content\\\/uploads\\\/2021\\\/09\\\/WF0032_A_MH.jpg\",\"datePublished\":\"2022-10-04T15:18:58+00:00\",\"description\":\"Rochie minunat\u0103 pentru copii \u00een design original FARYDA - WF0032, culoarea la alegere: ivory \u0219i alb. Corsetul dublat este \u00eempodobit cu paiete, bustul din tul este lucrat cu perle. Fusta ampl\u0103 din tul, modelat\u0103 \u00een trei niveluri\",\"breadcrumb\":{\"@id\":\"https:\\\/\\\/bridalfashion.com\\\/ro\\\/white-flowers-2020-ro\\\/rochie-neobisnuita-eleganta-pentru-o-vacanta-frumoasa-wf0032\\\/#breadcrumb\"},\"inLanguage\":\"ro-RO\",\"potentialAction\":[{\"@type\":\"ReadAction\",\"target\":[\"https:\\\/\\\/bridalfashion.com\\\/ro\\\/white-flowers-2020-ro\\\/rochie-neobisnuita-eleganta-pentru-o-vacanta-frumoasa-wf0032\\\/\"]}]},{\"@type\":\"ImageObject\",\"inLanguage\":\"ro-RO\",\"@id\":\"https:\\\/\\\/bridalfashion.com\\\/ro\\\/white-flowers-2020-ro\\\/rochie-neobisnuita-eleganta-pentru-o-vacanta-frumoasa-wf0032\\\/#primaryimage\",\"url\":\"https:\\\/\\\/bridalfashion.com\\\/wp-content\\\/uploads\\\/2021\\\/09\\\/WF0032_A_MH.jpg\",\"contentUrl\":\"https:\\\/\\\/bridalfashion.com\\\/wp-content\\\/uploads\\\/2021\\\/09\\\/WF0032_A_MH.jpg\",\"width\":1516,\"height\":2000,\"caption\":\"\u00cembr\u0103c\u0103minte elegant\u0103 pentru copii FARYDA - WF0032 Vedere frontal\u0103 | BRIDAL FASHION\"},{\"@type\":\"BreadcrumbList\",\"@id\":\"https:\\\/\\\/bridalfashion.com\\\/ro\\\/white-flowers-2020-ro\\\/rochie-neobisnuita-eleganta-pentru-o-vacanta-frumoasa-wf0032\\\/#breadcrumb\",\"itemListElement\":[{\"@type\":\"ListItem\",\"position\":1,\"name\":\"Home\",\"item\":\"https:\\\/\\\/bridalfashion.com\\\/ro\\\/\"},{\"@type\":\"ListItem\",\"position\":2,\"name\":\"Shop\",\"item\":\"https:\\\/\\\/bridalfashion.com\\\/shop-2\\\/\"},{\"@type\":\"ListItem\",\"position\":3,\"name\":\"\u021ainut\u0103 elegant\u0103 pentru copii FARYDA &#8211; WF0032\"}]},{\"@type\":\"WebSite\",\"@id\":\"https:\\\/\\\/bridalfashion.com\\\/ro\\\/#website\",\"url\":\"https:\\\/\\\/bridalfashion.com\\\/ro\\\/\",\"name\":\"BRIDAL FASHION \u2122 | Luxurious Wedding Dresses &amp; Fashionable Gowns for Women, Girls and Kids\",\"description\":\"Welcome the leading manufacturer and supplier of wedding dresses. We offer in wholesale a large selection of high quality wedding dress collections and accessories for your business at competitive prices. Shop our full range of bridal products today!\",\"publisher\":{\"@id\":\"https:\\\/\\\/bridalfashion.com\\\/ro\\\/#organization\"},\"potentialAction\":[{\"@type\":\"SearchAction\",\"target\":{\"@type\":\"EntryPoint\",\"urlTemplate\":\"https:\\\/\\\/bridalfashion.com\\\/ro\\\/?s={search_term_string}\"},\"query-input\":{\"@type\":\"PropertyValueSpecification\",\"valueRequired\":true,\"valueName\":\"search_term_string\"}}],\"inLanguage\":\"ro-RO\"},{\"@type\":\"Organization\",\"@id\":\"https:\\\/\\\/bridalfashion.com\\\/ro\\\/#organization\",\"name\":\"BRIDAL FASHION \u2122 | Luxurious Wedding Dresses &amp; Fashionable Gowns for Women, Girls and Kids\",\"url\":\"https:\\\/\\\/bridalfashion.com\\\/ro\\\/\",\"logo\":{\"@type\":\"ImageObject\",\"inLanguage\":\"ro-RO\",\"@id\":\"https:\\\/\\\/bridalfashion.com\\\/ro\\\/#\\\/schema\\\/logo\\\/image\\\/\",\"url\":\"https:\\\/\\\/bridalfashion.com\\\/wp-content\\\/uploads\\\/2022\\\/05\\\/cropped-BFG.png\",\"contentUrl\":\"https:\\\/\\\/bridalfashion.com\\\/wp-content\\\/uploads\\\/2022\\\/05\\\/cropped-BFG.png\",\"width\":1771,\"height\":119,\"caption\":\"BRIDAL FASHION \u2122 | Luxurious Wedding Dresses &amp; Fashionable Gowns for Women, Girls and Kids\"},\"image\":{\"@id\":\"https:\\\/\\\/bridalfashion.com\\\/ro\\\/#\\\/schema\\\/logo\\\/image\\\/\"}}]}<\/script>\n<!-- \/ Yoast SEO plugin. -->","yoast_head_json":{"title":"\u021ainut\u0103 elegant\u0103 pentru copii FARYDA - WF0032 - BRIDAL FASHION \u2122 | Luxurious Wedding Dresses &amp; Fashionable Gowns for Women, Girls and Kids","description":"Rochie minunat\u0103 pentru copii \u00een design original FARYDA - WF0032, culoarea la alegere: ivory \u0219i alb. Corsetul dublat este \u00eempodobit cu paiete, bustul din tul este lucrat cu perle. Fusta ampl\u0103 din tul, modelat\u0103 \u00een trei niveluri","robots":{"index":"index","follow":"follow","max-snippet":"max-snippet:-1","max-image-preview":"max-image-preview:large","max-video-preview":"max-video-preview:-1"},"canonical":"https:\/\/bridalfashion.com\/ro\/white-flowers-2020-ro\/rochie-neobisnuita-eleganta-pentru-o-vacanta-frumoasa-wf0032\/","og_locale":"ro_RO","og_type":"article","og_title":"\u021ainut\u0103 elegant\u0103 pentru copii FARYDA - WF0032 - BRIDAL FASHION \u2122 | Luxurious Wedding Dresses &amp; Fashionable Gowns for Women, Girls and Kids","og_description":"Rochie minunat\u0103 pentru copii \u00een design original FARYDA - WF0032, culoarea la alegere: ivory \u0219i alb. Corsetul dublat este \u00eempodobit cu paiete, bustul din tul este lucrat cu perle. Fusta ampl\u0103 din tul, modelat\u0103 \u00een trei niveluri","og_url":"https:\/\/bridalfashion.com\/ro\/white-flowers-2020-ro\/rochie-neobisnuita-eleganta-pentru-o-vacanta-frumoasa-wf0032\/","og_site_name":"BRIDAL FASHION \u2122 | Luxurious Wedding Dresses &amp; Fashionable Gowns for Women, Girls and Kids","og_image":[{"width":1516,"height":2000,"url":"https:\/\/bridalfashion.com\/wp-content\/uploads\/2021\/09\/WF0032_A_MH.jpg","type":"image\/jpeg"}],"twitter_card":"summary_large_image","schema":{"@context":"https:\/\/schema.org","@graph":[{"@type":"WebPage","@id":"https:\/\/bridalfashion.com\/ro\/white-flowers-2020-ro\/rochie-neobisnuita-eleganta-pentru-o-vacanta-frumoasa-wf0032\/","url":"https:\/\/bridalfashion.com\/ro\/white-flowers-2020-ro\/rochie-neobisnuita-eleganta-pentru-o-vacanta-frumoasa-wf0032\/","name":"\u021ainut\u0103 elegant\u0103 pentru copii FARYDA - WF0032 - BRIDAL FASHION \u2122 | Luxurious Wedding Dresses &amp; Fashionable Gowns for Women, Girls and Kids","isPartOf":{"@id":"https:\/\/bridalfashion.com\/ro\/#website"},"primaryImageOfPage":{"@id":"https:\/\/bridalfashion.com\/ro\/white-flowers-2020-ro\/rochie-neobisnuita-eleganta-pentru-o-vacanta-frumoasa-wf0032\/#primaryimage"},"image":{"@id":"https:\/\/bridalfashion.com\/ro\/white-flowers-2020-ro\/rochie-neobisnuita-eleganta-pentru-o-vacanta-frumoasa-wf0032\/#primaryimage"},"thumbnailUrl":"https:\/\/bridalfashion.com\/wp-content\/uploads\/2021\/09\/WF0032_A_MH.jpg","datePublished":"2022-10-04T15:18:58+00:00","description":"Rochie minunat\u0103 pentru copii \u00een design original FARYDA - WF0032, culoarea la alegere: ivory \u0219i alb. Corsetul dublat este \u00eempodobit cu paiete, bustul din tul este lucrat cu perle. Fusta ampl\u0103 din tul, modelat\u0103 \u00een trei niveluri","breadcrumb":{"@id":"https:\/\/bridalfashion.com\/ro\/white-flowers-2020-ro\/rochie-neobisnuita-eleganta-pentru-o-vacanta-frumoasa-wf0032\/#breadcrumb"},"inLanguage":"ro-RO","potentialAction":[{"@type":"ReadAction","target":["https:\/\/bridalfashion.com\/ro\/white-flowers-2020-ro\/rochie-neobisnuita-eleganta-pentru-o-vacanta-frumoasa-wf0032\/"]}]},{"@type":"ImageObject","inLanguage":"ro-RO","@id":"https:\/\/bridalfashion.com\/ro\/white-flowers-2020-ro\/rochie-neobisnuita-eleganta-pentru-o-vacanta-frumoasa-wf0032\/#primaryimage","url":"https:\/\/bridalfashion.com\/wp-content\/uploads\/2021\/09\/WF0032_A_MH.jpg","contentUrl":"https:\/\/bridalfashion.com\/wp-content\/uploads\/2021\/09\/WF0032_A_MH.jpg","width":1516,"height":2000,"caption":"\u00cembr\u0103c\u0103minte elegant\u0103 pentru copii FARYDA - WF0032 Vedere frontal\u0103 | BRIDAL FASHION"},{"@type":"BreadcrumbList","@id":"https:\/\/bridalfashion.com\/ro\/white-flowers-2020-ro\/rochie-neobisnuita-eleganta-pentru-o-vacanta-frumoasa-wf0032\/#breadcrumb","itemListElement":[{"@type":"ListItem","position":1,"name":"Home","item":"https:\/\/bridalfashion.com\/ro\/"},{"@type":"ListItem","position":2,"name":"Shop","item":"https:\/\/bridalfashion.com\/shop-2\/"},{"@type":"ListItem","position":3,"name":"\u021ainut\u0103 elegant\u0103 pentru copii FARYDA &#8211; WF0032"}]},{"@type":"WebSite","@id":"https:\/\/bridalfashion.com\/ro\/#website","url":"https:\/\/bridalfashion.com\/ro\/","name":"BRIDAL FASHION \u2122 | Luxurious Wedding Dresses &amp; Fashionable Gowns for Women, Girls and Kids","description":"Welcome the leading manufacturer and supplier of wedding dresses. We offer in wholesale a large selection of high quality wedding dress collections and accessories for your business at competitive prices. Shop our full range of bridal products today!","publisher":{"@id":"https:\/\/bridalfashion.com\/ro\/#organization"},"potentialAction":[{"@type":"SearchAction","target":{"@type":"EntryPoint","urlTemplate":"https:\/\/bridalfashion.com\/ro\/?s={search_term_string}"},"query-input":{"@type":"PropertyValueSpecification","valueRequired":true,"valueName":"search_term_string"}}],"inLanguage":"ro-RO"},{"@type":"Organization","@id":"https:\/\/bridalfashion.com\/ro\/#organization","name":"BRIDAL FASHION \u2122 | Luxurious Wedding Dresses &amp; Fashionable Gowns for Women, Girls and Kids","url":"https:\/\/bridalfashion.com\/ro\/","logo":{"@type":"ImageObject","inLanguage":"ro-RO","@id":"https:\/\/bridalfashion.com\/ro\/#\/schema\/logo\/image\/","url":"https:\/\/bridalfashion.com\/wp-content\/uploads\/2022\/05\/cropped-BFG.png","contentUrl":"https:\/\/bridalfashion.com\/wp-content\/uploads\/2022\/05\/cropped-BFG.png","width":1771,"height":119,"caption":"BRIDAL FASHION \u2122 | Luxurious Wedding Dresses &amp; Fashionable Gowns for Women, Girls and Kids"},"image":{"@id":"https:\/\/bridalfashion.com\/ro\/#\/schema\/logo\/image\/"}}]}},"_links":{"self":[{"href":"https:\/\/bridalfashion.com\/ro\/wp-json\/wp\/v2\/product\/11894","targetHints":{"allow":["GET"]}}],"collection":[{"href":"https:\/\/bridalfashion.com\/ro\/wp-json\/wp\/v2\/product"}],"about":[{"href":"https:\/\/bridalfashion.com\/ro\/wp-json\/wp\/v2\/types\/product"}],"replies":[{"embeddable":true,"href":"https:\/\/bridalfashion.com\/ro\/wp-json\/wp\/v2\/comments?post=11894"}],"wp:featuredmedia":[{"embeddable":true,"href":"https:\/\/bridalfashion.com\/ro\/wp-json\/wp\/v2\/media\/5247"}],"wp:attachment":[{"href":"https:\/\/bridalfashion.com\/ro\/wp-json\/wp\/v2\/media?parent=11894"}],"wp:term":[{"taxonomy":"product_brand","embeddable":true,"href":"https:\/\/bridalfashion.com\/ro\/wp-json\/wp\/v2\/product_brand?post=11894"},{"taxonomy":"product_cat","embeddable":true,"href":"https:\/\/bridalfashion.com\/ro\/wp-json\/wp\/v2\/product_cat?post=11894"},{"taxonomy":"product_tag","embeddable":true,"href":"https:\/\/bridalfashion.com\/ro\/wp-json\/wp\/v2\/product_tag?post=11894"}],"curies":[{"name":"wp","href":"https:\/\/api.w.org\/{rel}","templated":true}]}}