{"id":11891,"date":"2021-09-27T13:40:19","date_gmt":"2022-10-04T15:07:41","guid":{"rendered":"https:\/\/bridalfashion.com\/fara-categorie\/tinuta-fermecatoare-in-linie-a-pentru-copii-fiva-wf0031\/"},"modified":"2022-10-04T17:07:41","modified_gmt":"2022-10-04T15:07:41","slug":"rochie-eleganta-pentru-o-vacanta-stil-prinesa-wf0031","status":"publish","type":"product","link":"https:\/\/bridalfashion.com\/ro\/white-flowers-2020-ro\/rochie-eleganta-pentru-o-vacanta-stil-prinesa-wf0031\/","title":{"rendered":"\u021ainut\u0103 fermec\u0103toare \u00een linie A pentru copii FIVA &#8211; WF0031"},"content":{"rendered":"<h2>Descrierea modelului <span style=\"font-size: 18px\">FIVA &#8211; <\/span><span style=\"font-size: 1.15em\">WF0031 o fermec\u0103toare \u021binut\u0103 pentru copii \u00een linie A, cu m\u00e2neci lungi \u0219i o fust\u0103 frumoas\u0103<\/span>.<\/h2>\n<p>Rochie elegant\u0103 pentru festivit\u0103\u021bi gen \u00abprin\u021bes\u0103\u00bb. Baza p\u0103r\u021bii de sus \u2014 corset dublat din saten cu spatele deschis \u0219i cu decolteu \u00een form\u0103 de \u00abinimioar\u0103\u00bb. Bustul semitransparent este lucrat din tul italian nuan\u021b\u0103 mat\u0103, decorat cu broderie din macrame cu paiete m\u0103\u0219cate. Fusta lung\u0103 \u00een form\u0103 de \u00abspic\u00bb cu volane este lucrat\u0103 din tul fin \u0219i completat\u0103 cu o tren\u0103 bogat\u0103. \u00cen talie rochia are un br\u00e2ule\u021b din saten, partea de sus a bustului \u0219i m\u00e2necile la margini sunt \u00eempodobite cu m\u0103rgelu\u021be. Aceast\u0103 rochie pentru copii cu silueta \u00een \u0410 \u0219i cu m\u00e2neci lungi poate fi aleas\u0103 \u00een ivory \u0219i alb clasic.<\/p>\n","protected":false},"excerpt":{"rendered":"<p>Descrierea modelului FIVA &#8211; WF0031 o fermec\u0103toare \u021binut\u0103 pentru copii \u00een linie A, cu m\u00e2neci lungi \u0219i o fust\u0103 frumoas\u0103. Rochie elegant\u0103 pentru festivit\u0103\u021bi gen \u00abprin\u021bes\u0103\u00bb. Baza p\u0103r\u021bii de sus \u2014 corset dublat din saten cu spatele deschis \u0219i cu decolteu \u00een form\u0103 de \u00abinimioar\u0103\u00bb. Bustul semitransparent este lucrat din tul italian nuan\u021b\u0103 mat\u0103, decorat&hellip;<\/p>\n","protected":false},"featured_media":5214,"comment_status":"open","ping_status":"closed","template":"","meta":[],"product_brand":[],"product_cat":[939],"product_tag":[],"class_list":{"0":"post-11891","1":"product","2":"type-product","3":"status-publish","4":"has-post-thumbnail","6":"product_cat-white-flowers-2020-ro","8":"first","9":"instock","10":"taxable","11":"shipping-taxable","12":"product-type-simple"},"yoast_head":"<!-- This site is optimized with the Yoast SEO plugin v27.5 - https:\/\/yoast.com\/product\/yoast-seo-wordpress\/ -->\n<title>\u021ainut\u0103 fermec\u0103toare \u00een linie A pentru copii FIVA - WF0031 - BRIDAL FASHION \u2122 | Luxurious Wedding Dresses &amp; Fashionable Gowns for Women, Girls and Kids<\/title>\n<meta name=\"description\" content=\"Rochie pentru feti\u021be silueta \u00een A cu m\u00e2neci lungi FIVA - WF0031 pe alb sau ivory. Bustul transparent cu decor macrame este \u00eempodobit cu perlu\u021be pe linia t\u0103ieturii \u0219i m\u00e2necile la margini, fusta cu volane \u0219i tren\u0103\" \/>\n<meta name=\"robots\" content=\"index, follow, max-snippet:-1, max-image-preview:large, max-video-preview:-1\" \/>\n<link rel=\"canonical\" href=\"https:\/\/bridalfashion.com\/ro\/white-flowers-2020-ro\/rochie-eleganta-pentru-o-vacanta-stil-prinesa-wf0031\/\" \/>\n<meta property=\"og:locale\" content=\"ro_RO\" \/>\n<meta property=\"og:type\" content=\"article\" \/>\n<meta property=\"og:title\" content=\"\u021ainut\u0103 fermec\u0103toare \u00een linie A pentru copii FIVA - WF0031 - BRIDAL FASHION \u2122 | Luxurious Wedding Dresses &amp; Fashionable Gowns for Women, Girls and Kids\" \/>\n<meta property=\"og:description\" content=\"Rochie pentru feti\u021be silueta \u00een A cu m\u00e2neci lungi FIVA - WF0031 pe alb sau ivory. Bustul transparent cu decor macrame este \u00eempodobit cu perlu\u021be pe linia t\u0103ieturii \u0219i m\u00e2necile la margini, fusta cu volane \u0219i tren\u0103\" \/>\n<meta property=\"og:url\" content=\"https:\/\/bridalfashion.com\/ro\/white-flowers-2020-ro\/rochie-eleganta-pentru-o-vacanta-stil-prinesa-wf0031\/\" \/>\n<meta property=\"og:site_name\" content=\"BRIDAL FASHION \u2122 | Luxurious Wedding Dresses &amp; Fashionable Gowns for Women, Girls and Kids\" \/>\n<meta property=\"og:image\" content=\"https:\/\/bridalfashion.com\/wp-content\/uploads\/2021\/09\/WF0031_H1_MH.jpg\" \/>\n\t<meta property=\"og:image:width\" content=\"1516\" \/>\n\t<meta property=\"og:image:height\" content=\"2000\" \/>\n\t<meta property=\"og:image:type\" content=\"image\/jpeg\" \/>\n<meta name=\"twitter:card\" content=\"summary_large_image\" \/>\n<meta name=\"twitter:label1\" content=\"Timp estimat pentru citire\" \/>\n\t<meta name=\"twitter:data1\" content=\"1 minut\" \/>\n<script type=\"application\/ld+json\" class=\"yoast-schema-graph\">{\"@context\":\"https:\\\/\\\/schema.org\",\"@graph\":[{\"@type\":\"WebPage\",\"@id\":\"https:\\\/\\\/bridalfashion.com\\\/ro\\\/white-flowers-2020-ro\\\/rochie-eleganta-pentru-o-vacanta-stil-prinesa-wf0031\\\/\",\"url\":\"https:\\\/\\\/bridalfashion.com\\\/ro\\\/white-flowers-2020-ro\\\/rochie-eleganta-pentru-o-vacanta-stil-prinesa-wf0031\\\/\",\"name\":\"\u021ainut\u0103 fermec\u0103toare \u00een linie A pentru copii FIVA - WF0031 - BRIDAL FASHION \u2122 | Luxurious Wedding Dresses &amp; Fashionable Gowns for Women, Girls and Kids\",\"isPartOf\":{\"@id\":\"https:\\\/\\\/bridalfashion.com\\\/ro\\\/#website\"},\"primaryImageOfPage\":{\"@id\":\"https:\\\/\\\/bridalfashion.com\\\/ro\\\/white-flowers-2020-ro\\\/rochie-eleganta-pentru-o-vacanta-stil-prinesa-wf0031\\\/#primaryimage\"},\"image\":{\"@id\":\"https:\\\/\\\/bridalfashion.com\\\/ro\\\/white-flowers-2020-ro\\\/rochie-eleganta-pentru-o-vacanta-stil-prinesa-wf0031\\\/#primaryimage\"},\"thumbnailUrl\":\"https:\\\/\\\/bridalfashion.com\\\/wp-content\\\/uploads\\\/2021\\\/09\\\/WF0031_H1_MH.jpg\",\"datePublished\":\"2022-10-04T15:07:41+00:00\",\"description\":\"Rochie pentru feti\u021be silueta \u00een A cu m\u00e2neci lungi FIVA - WF0031 pe alb sau ivory. Bustul transparent cu decor macrame este \u00eempodobit cu perlu\u021be pe linia t\u0103ieturii \u0219i m\u00e2necile la margini, fusta cu volane \u0219i tren\u0103\",\"breadcrumb\":{\"@id\":\"https:\\\/\\\/bridalfashion.com\\\/ro\\\/white-flowers-2020-ro\\\/rochie-eleganta-pentru-o-vacanta-stil-prinesa-wf0031\\\/#breadcrumb\"},\"inLanguage\":\"ro-RO\",\"potentialAction\":[{\"@type\":\"ReadAction\",\"target\":[\"https:\\\/\\\/bridalfashion.com\\\/ro\\\/white-flowers-2020-ro\\\/rochie-eleganta-pentru-o-vacanta-stil-prinesa-wf0031\\\/\"]}]},{\"@type\":\"ImageObject\",\"inLanguage\":\"ro-RO\",\"@id\":\"https:\\\/\\\/bridalfashion.com\\\/ro\\\/white-flowers-2020-ro\\\/rochie-eleganta-pentru-o-vacanta-stil-prinesa-wf0031\\\/#primaryimage\",\"url\":\"https:\\\/\\\/bridalfashion.com\\\/wp-content\\\/uploads\\\/2021\\\/09\\\/WF0031_H1_MH.jpg\",\"contentUrl\":\"https:\\\/\\\/bridalfashion.com\\\/wp-content\\\/uploads\\\/2021\\\/09\\\/WF0031_H1_MH.jpg\",\"width\":1516,\"height\":2000,\"caption\":\"\u021ainut\u0103 \u00eenc\u00e2nt\u0103toare pentru copii FIVA - WF0031 Vedere lateral\u0103 cu zoom | BRIDAL FASHION\"},{\"@type\":\"BreadcrumbList\",\"@id\":\"https:\\\/\\\/bridalfashion.com\\\/ro\\\/white-flowers-2020-ro\\\/rochie-eleganta-pentru-o-vacanta-stil-prinesa-wf0031\\\/#breadcrumb\",\"itemListElement\":[{\"@type\":\"ListItem\",\"position\":1,\"name\":\"Home\",\"item\":\"https:\\\/\\\/bridalfashion.com\\\/ro\\\/\"},{\"@type\":\"ListItem\",\"position\":2,\"name\":\"Shop\",\"item\":\"https:\\\/\\\/bridalfashion.com\\\/shop-2\\\/\"},{\"@type\":\"ListItem\",\"position\":3,\"name\":\"\u021ainut\u0103 fermec\u0103toare \u00een linie A pentru copii FIVA &#8211; WF0031\"}]},{\"@type\":\"WebSite\",\"@id\":\"https:\\\/\\\/bridalfashion.com\\\/ro\\\/#website\",\"url\":\"https:\\\/\\\/bridalfashion.com\\\/ro\\\/\",\"name\":\"BRIDAL FASHION \u2122 | Luxurious Wedding Dresses &amp; Fashionable Gowns for Women, Girls and Kids\",\"description\":\"Welcome the leading manufacturer and supplier of wedding dresses. We offer in wholesale a large selection of high quality wedding dress collections and accessories for your business at competitive prices. Shop our full range of bridal products today!\",\"publisher\":{\"@id\":\"https:\\\/\\\/bridalfashion.com\\\/ro\\\/#organization\"},\"potentialAction\":[{\"@type\":\"SearchAction\",\"target\":{\"@type\":\"EntryPoint\",\"urlTemplate\":\"https:\\\/\\\/bridalfashion.com\\\/ro\\\/?s={search_term_string}\"},\"query-input\":{\"@type\":\"PropertyValueSpecification\",\"valueRequired\":true,\"valueName\":\"search_term_string\"}}],\"inLanguage\":\"ro-RO\"},{\"@type\":\"Organization\",\"@id\":\"https:\\\/\\\/bridalfashion.com\\\/ro\\\/#organization\",\"name\":\"BRIDAL FASHION \u2122 | Luxurious Wedding Dresses &amp; Fashionable Gowns for Women, Girls and Kids\",\"url\":\"https:\\\/\\\/bridalfashion.com\\\/ro\\\/\",\"logo\":{\"@type\":\"ImageObject\",\"inLanguage\":\"ro-RO\",\"@id\":\"https:\\\/\\\/bridalfashion.com\\\/ro\\\/#\\\/schema\\\/logo\\\/image\\\/\",\"url\":\"https:\\\/\\\/bridalfashion.com\\\/wp-content\\\/uploads\\\/2022\\\/05\\\/cropped-BFG.png\",\"contentUrl\":\"https:\\\/\\\/bridalfashion.com\\\/wp-content\\\/uploads\\\/2022\\\/05\\\/cropped-BFG.png\",\"width\":1771,\"height\":119,\"caption\":\"BRIDAL FASHION \u2122 | Luxurious Wedding Dresses &amp; Fashionable Gowns for Women, Girls and Kids\"},\"image\":{\"@id\":\"https:\\\/\\\/bridalfashion.com\\\/ro\\\/#\\\/schema\\\/logo\\\/image\\\/\"}}]}<\/script>\n<!-- \/ Yoast SEO plugin. -->","yoast_head_json":{"title":"\u021ainut\u0103 fermec\u0103toare \u00een linie A pentru copii FIVA - WF0031 - BRIDAL FASHION \u2122 | Luxurious Wedding Dresses &amp; Fashionable Gowns for Women, Girls and Kids","description":"Rochie pentru feti\u021be silueta \u00een A cu m\u00e2neci lungi FIVA - WF0031 pe alb sau ivory. Bustul transparent cu decor macrame este \u00eempodobit cu perlu\u021be pe linia t\u0103ieturii \u0219i m\u00e2necile la margini, fusta cu volane \u0219i tren\u0103","robots":{"index":"index","follow":"follow","max-snippet":"max-snippet:-1","max-image-preview":"max-image-preview:large","max-video-preview":"max-video-preview:-1"},"canonical":"https:\/\/bridalfashion.com\/ro\/white-flowers-2020-ro\/rochie-eleganta-pentru-o-vacanta-stil-prinesa-wf0031\/","og_locale":"ro_RO","og_type":"article","og_title":"\u021ainut\u0103 fermec\u0103toare \u00een linie A pentru copii FIVA - WF0031 - BRIDAL FASHION \u2122 | Luxurious Wedding Dresses &amp; Fashionable Gowns for Women, Girls and Kids","og_description":"Rochie pentru feti\u021be silueta \u00een A cu m\u00e2neci lungi FIVA - WF0031 pe alb sau ivory. Bustul transparent cu decor macrame este \u00eempodobit cu perlu\u021be pe linia t\u0103ieturii \u0219i m\u00e2necile la margini, fusta cu volane \u0219i tren\u0103","og_url":"https:\/\/bridalfashion.com\/ro\/white-flowers-2020-ro\/rochie-eleganta-pentru-o-vacanta-stil-prinesa-wf0031\/","og_site_name":"BRIDAL FASHION \u2122 | Luxurious Wedding Dresses &amp; Fashionable Gowns for Women, Girls and Kids","og_image":[{"width":1516,"height":2000,"url":"https:\/\/bridalfashion.com\/wp-content\/uploads\/2021\/09\/WF0031_H1_MH.jpg","type":"image\/jpeg"}],"twitter_card":"summary_large_image","twitter_misc":{"Timp estimat pentru citire":"1 minut"},"schema":{"@context":"https:\/\/schema.org","@graph":[{"@type":"WebPage","@id":"https:\/\/bridalfashion.com\/ro\/white-flowers-2020-ro\/rochie-eleganta-pentru-o-vacanta-stil-prinesa-wf0031\/","url":"https:\/\/bridalfashion.com\/ro\/white-flowers-2020-ro\/rochie-eleganta-pentru-o-vacanta-stil-prinesa-wf0031\/","name":"\u021ainut\u0103 fermec\u0103toare \u00een linie A pentru copii FIVA - WF0031 - BRIDAL FASHION \u2122 | Luxurious Wedding Dresses &amp; Fashionable Gowns for Women, Girls and Kids","isPartOf":{"@id":"https:\/\/bridalfashion.com\/ro\/#website"},"primaryImageOfPage":{"@id":"https:\/\/bridalfashion.com\/ro\/white-flowers-2020-ro\/rochie-eleganta-pentru-o-vacanta-stil-prinesa-wf0031\/#primaryimage"},"image":{"@id":"https:\/\/bridalfashion.com\/ro\/white-flowers-2020-ro\/rochie-eleganta-pentru-o-vacanta-stil-prinesa-wf0031\/#primaryimage"},"thumbnailUrl":"https:\/\/bridalfashion.com\/wp-content\/uploads\/2021\/09\/WF0031_H1_MH.jpg","datePublished":"2022-10-04T15:07:41+00:00","description":"Rochie pentru feti\u021be silueta \u00een A cu m\u00e2neci lungi FIVA - WF0031 pe alb sau ivory. Bustul transparent cu decor macrame este \u00eempodobit cu perlu\u021be pe linia t\u0103ieturii \u0219i m\u00e2necile la margini, fusta cu volane \u0219i tren\u0103","breadcrumb":{"@id":"https:\/\/bridalfashion.com\/ro\/white-flowers-2020-ro\/rochie-eleganta-pentru-o-vacanta-stil-prinesa-wf0031\/#breadcrumb"},"inLanguage":"ro-RO","potentialAction":[{"@type":"ReadAction","target":["https:\/\/bridalfashion.com\/ro\/white-flowers-2020-ro\/rochie-eleganta-pentru-o-vacanta-stil-prinesa-wf0031\/"]}]},{"@type":"ImageObject","inLanguage":"ro-RO","@id":"https:\/\/bridalfashion.com\/ro\/white-flowers-2020-ro\/rochie-eleganta-pentru-o-vacanta-stil-prinesa-wf0031\/#primaryimage","url":"https:\/\/bridalfashion.com\/wp-content\/uploads\/2021\/09\/WF0031_H1_MH.jpg","contentUrl":"https:\/\/bridalfashion.com\/wp-content\/uploads\/2021\/09\/WF0031_H1_MH.jpg","width":1516,"height":2000,"caption":"\u021ainut\u0103 \u00eenc\u00e2nt\u0103toare pentru copii FIVA - WF0031 Vedere lateral\u0103 cu zoom | BRIDAL FASHION"},{"@type":"BreadcrumbList","@id":"https:\/\/bridalfashion.com\/ro\/white-flowers-2020-ro\/rochie-eleganta-pentru-o-vacanta-stil-prinesa-wf0031\/#breadcrumb","itemListElement":[{"@type":"ListItem","position":1,"name":"Home","item":"https:\/\/bridalfashion.com\/ro\/"},{"@type":"ListItem","position":2,"name":"Shop","item":"https:\/\/bridalfashion.com\/shop-2\/"},{"@type":"ListItem","position":3,"name":"\u021ainut\u0103 fermec\u0103toare \u00een linie A pentru copii FIVA &#8211; WF0031"}]},{"@type":"WebSite","@id":"https:\/\/bridalfashion.com\/ro\/#website","url":"https:\/\/bridalfashion.com\/ro\/","name":"BRIDAL FASHION \u2122 | Luxurious Wedding Dresses &amp; Fashionable Gowns for Women, Girls and Kids","description":"Welcome the leading manufacturer and supplier of wedding dresses. We offer in wholesale a large selection of high quality wedding dress collections and accessories for your business at competitive prices. Shop our full range of bridal products today!","publisher":{"@id":"https:\/\/bridalfashion.com\/ro\/#organization"},"potentialAction":[{"@type":"SearchAction","target":{"@type":"EntryPoint","urlTemplate":"https:\/\/bridalfashion.com\/ro\/?s={search_term_string}"},"query-input":{"@type":"PropertyValueSpecification","valueRequired":true,"valueName":"search_term_string"}}],"inLanguage":"ro-RO"},{"@type":"Organization","@id":"https:\/\/bridalfashion.com\/ro\/#organization","name":"BRIDAL FASHION \u2122 | Luxurious Wedding Dresses &amp; Fashionable Gowns for Women, Girls and Kids","url":"https:\/\/bridalfashion.com\/ro\/","logo":{"@type":"ImageObject","inLanguage":"ro-RO","@id":"https:\/\/bridalfashion.com\/ro\/#\/schema\/logo\/image\/","url":"https:\/\/bridalfashion.com\/wp-content\/uploads\/2022\/05\/cropped-BFG.png","contentUrl":"https:\/\/bridalfashion.com\/wp-content\/uploads\/2022\/05\/cropped-BFG.png","width":1771,"height":119,"caption":"BRIDAL FASHION \u2122 | Luxurious Wedding Dresses &amp; Fashionable Gowns for Women, Girls and Kids"},"image":{"@id":"https:\/\/bridalfashion.com\/ro\/#\/schema\/logo\/image\/"}}]}},"_links":{"self":[{"href":"https:\/\/bridalfashion.com\/ro\/wp-json\/wp\/v2\/product\/11891","targetHints":{"allow":["GET"]}}],"collection":[{"href":"https:\/\/bridalfashion.com\/ro\/wp-json\/wp\/v2\/product"}],"about":[{"href":"https:\/\/bridalfashion.com\/ro\/wp-json\/wp\/v2\/types\/product"}],"replies":[{"embeddable":true,"href":"https:\/\/bridalfashion.com\/ro\/wp-json\/wp\/v2\/comments?post=11891"}],"wp:featuredmedia":[{"embeddable":true,"href":"https:\/\/bridalfashion.com\/ro\/wp-json\/wp\/v2\/media\/5214"}],"wp:attachment":[{"href":"https:\/\/bridalfashion.com\/ro\/wp-json\/wp\/v2\/media?parent=11891"}],"wp:term":[{"taxonomy":"product_brand","embeddable":true,"href":"https:\/\/bridalfashion.com\/ro\/wp-json\/wp\/v2\/product_brand?post=11891"},{"taxonomy":"product_cat","embeddable":true,"href":"https:\/\/bridalfashion.com\/ro\/wp-json\/wp\/v2\/product_cat?post=11891"},{"taxonomy":"product_tag","embeddable":true,"href":"https:\/\/bridalfashion.com\/ro\/wp-json\/wp\/v2\/product_tag?post=11891"}],"curies":[{"name":"wp","href":"https:\/\/api.w.org\/{rel}","templated":true}]}}