{"id":11888,"date":"2021-09-27T13:32:39","date_gmt":"2022-10-04T14:43:30","guid":{"rendered":"https:\/\/bridalfashion.com\/fara-categorie\/rochie-rafinata-de-printesa-welma-wf0030\/"},"modified":"2022-10-04T16:43:30","modified_gmt":"2022-10-04T14:43:30","slug":"rochie-eleganta-printesa-cu-o-fusta-wf0030","status":"publish","type":"product","link":"https:\/\/bridalfashion.com\/ro\/white-flowers-2020-ro\/rochie-eleganta-printesa-cu-o-fusta-wf0030\/","title":{"rendered":"Rochie rafinata de printesa WELMA &#8211; WF0030"},"content":{"rendered":"<h2>Descrierea modelului <span style=\"font-size: 18px\">WELMA &#8211; <\/span><span style=\"font-size: 1.15em\">WF0030 o rochie de prin\u021bes\u0103 rafinat\u0103 cu fust\u0103 care aminte\u0219te de un pin \u0219i cu o tren\u0103 \u00een alb sau filde\u0219<\/span>&#8230;<\/h2>\n<p>Rochie fascinant\u0103 pentru t\u00e2n\u0103ra la mod\u0103, poate fi aleas\u0103 pe alb \u0219i ivory ginga\u0219. Partea de sus din saten cu decolteu ad\u00e2nc, acoperit cu tul culoare mat\u0103. Decorul lucrat manual \u2013 broderie cu aplica\u021bii de dantel\u0103 \u0219i sclipici. Pe umeri m\u00e2necu\u021be de dantel\u0103. Fusta minunat\u0103 \u00een A cu volane este lucrat\u0103 din tul fin. La br\u00e2u \u2013 un decor de dantel\u0103. Aceast\u0103 rochie-prin\u021bes\u0103 minunat\u0103 cu fust\u0103 \u00een form\u0103 de \u00abspic\u00bb \u0219i cu tren\u0103, se va potrivi pentru festivitatea multa\u0219teptat\u0103.<\/p>\n","protected":false},"excerpt":{"rendered":"<p>Descrierea modelului WELMA &#8211; WF0030 o rochie de prin\u021bes\u0103 rafinat\u0103 cu fust\u0103 care aminte\u0219te de un pin \u0219i cu o tren\u0103 \u00een alb sau filde\u0219&#8230; Rochie fascinant\u0103 pentru t\u00e2n\u0103ra la mod\u0103, poate fi aleas\u0103 pe alb \u0219i ivory ginga\u0219. Partea de sus din saten cu decolteu ad\u00e2nc, acoperit cu tul culoare mat\u0103. Decorul lucrat manual&hellip;<\/p>\n","protected":false},"featured_media":5187,"comment_status":"open","ping_status":"closed","template":"","meta":[],"product_brand":[],"product_cat":[939],"product_tag":[],"class_list":{"0":"post-11888","1":"product","2":"type-product","3":"status-publish","4":"has-post-thumbnail","6":"product_cat-white-flowers-2020-ro","8":"first","9":"instock","10":"taxable","11":"shipping-taxable","12":"product-type-simple"},"yoast_head":"<!-- This site is optimized with the Yoast SEO plugin v27.3 - https:\/\/yoast.com\/product\/yoast-seo-wordpress\/ -->\n<title>Rochie rafinata de printesa WELMA - WF0030 - BRIDAL FASHION \u2122 | Luxurious Wedding Dresses &amp; Fashionable Gowns for Women, Girls and Kids<\/title>\n<meta name=\"robots\" content=\"index, follow, max-snippet:-1, max-image-preview:large, max-video-preview:-1\" \/>\n<link rel=\"canonical\" href=\"https:\/\/bridalfashion.com\/ro\/white-flowers-2020-ro\/rochie-eleganta-printesa-cu-o-fusta-wf0030\/\" \/>\n<meta property=\"og:locale\" content=\"ro_RO\" \/>\n<meta property=\"og:type\" content=\"article\" \/>\n<meta property=\"og:title\" content=\"Rochie rafinata de printesa WELMA - WF0030 - BRIDAL FASHION \u2122 | Luxurious Wedding Dresses &amp; Fashionable Gowns for Women, Girls and Kids\" \/>\n<meta property=\"og:description\" content=\"Descrierea modelului WELMA &#8211; WF0030 o rochie de prin\u021bes\u0103 rafinat\u0103 cu fust\u0103 care aminte\u0219te de un pin \u0219i cu o tren\u0103 \u00een alb sau filde\u0219&#8230; Rochie fascinant\u0103 pentru t\u00e2n\u0103ra la mod\u0103, poate fi aleas\u0103 pe alb \u0219i ivory ginga\u0219. Partea de sus din saten cu decolteu ad\u00e2nc, acoperit cu tul culoare mat\u0103. Decorul lucrat manual&hellip;\" \/>\n<meta property=\"og:url\" content=\"https:\/\/bridalfashion.com\/ro\/white-flowers-2020-ro\/rochie-eleganta-printesa-cu-o-fusta-wf0030\/\" \/>\n<meta property=\"og:site_name\" content=\"BRIDAL FASHION \u2122 | Luxurious Wedding Dresses &amp; Fashionable Gowns for Women, Girls and Kids\" \/>\n<meta name=\"twitter:card\" content=\"summary_large_image\" \/>\n<meta name=\"twitter:label1\" content=\"Timp estimat pentru citire\" \/>\n\t<meta name=\"twitter:data1\" content=\"1 minut\" \/>\n<script type=\"application\/ld+json\" class=\"yoast-schema-graph\">{\"@context\":\"https:\\\/\\\/schema.org\",\"@graph\":[{\"@type\":\"WebPage\",\"@id\":\"https:\\\/\\\/bridalfashion.com\\\/ro\\\/white-flowers-2020-ro\\\/rochie-eleganta-printesa-cu-o-fusta-wf0030\\\/\",\"url\":\"https:\\\/\\\/bridalfashion.com\\\/ro\\\/white-flowers-2020-ro\\\/rochie-eleganta-printesa-cu-o-fusta-wf0030\\\/\",\"name\":\"Rochie rafinata de printesa WELMA - WF0030 - BRIDAL FASHION \u2122 | Luxurious Wedding Dresses &amp; Fashionable Gowns for Women, Girls and Kids\",\"isPartOf\":{\"@id\":\"https:\\\/\\\/bridalfashion.com\\\/ro\\\/#website\"},\"primaryImageOfPage\":{\"@id\":\"https:\\\/\\\/bridalfashion.com\\\/ro\\\/white-flowers-2020-ro\\\/rochie-eleganta-printesa-cu-o-fusta-wf0030\\\/#primaryimage\"},\"image\":{\"@id\":\"https:\\\/\\\/bridalfashion.com\\\/ro\\\/white-flowers-2020-ro\\\/rochie-eleganta-printesa-cu-o-fusta-wf0030\\\/#primaryimage\"},\"thumbnailUrl\":\"https:\\\/\\\/bridalfashion.com\\\/wp-content\\\/uploads\\\/2021\\\/09\\\/WF0030_A.jpg\",\"datePublished\":\"2022-10-04T14:43:30+00:00\",\"breadcrumb\":{\"@id\":\"https:\\\/\\\/bridalfashion.com\\\/ro\\\/white-flowers-2020-ro\\\/rochie-eleganta-printesa-cu-o-fusta-wf0030\\\/#breadcrumb\"},\"inLanguage\":\"ro-RO\",\"potentialAction\":[{\"@type\":\"ReadAction\",\"target\":[\"https:\\\/\\\/bridalfashion.com\\\/ro\\\/white-flowers-2020-ro\\\/rochie-eleganta-printesa-cu-o-fusta-wf0030\\\/\"]}]},{\"@type\":\"ImageObject\",\"inLanguage\":\"ro-RO\",\"@id\":\"https:\\\/\\\/bridalfashion.com\\\/ro\\\/white-flowers-2020-ro\\\/rochie-eleganta-printesa-cu-o-fusta-wf0030\\\/#primaryimage\",\"url\":\"https:\\\/\\\/bridalfashion.com\\\/wp-content\\\/uploads\\\/2021\\\/09\\\/WF0030_A.jpg\",\"contentUrl\":\"https:\\\/\\\/bridalfashion.com\\\/wp-content\\\/uploads\\\/2021\\\/09\\\/WF0030_A.jpg\",\"width\":1516,\"height\":2000,\"caption\":\"Rochie de prin\u021bes\u0103 rafinat\u0103 WELMA - WF0030 Vedere din fa\u021b\u0103 | BRIDAL FASHION\"},{\"@type\":\"BreadcrumbList\",\"@id\":\"https:\\\/\\\/bridalfashion.com\\\/ro\\\/white-flowers-2020-ro\\\/rochie-eleganta-printesa-cu-o-fusta-wf0030\\\/#breadcrumb\",\"itemListElement\":[{\"@type\":\"ListItem\",\"position\":1,\"name\":\"Home\",\"item\":\"https:\\\/\\\/bridalfashion.com\\\/ro\\\/\"},{\"@type\":\"ListItem\",\"position\":2,\"name\":\"Shop\",\"item\":\"https:\\\/\\\/bridalfashion.com\\\/shop-2\\\/\"},{\"@type\":\"ListItem\",\"position\":3,\"name\":\"Rochie rafinata de printesa WELMA &#8211; WF0030\"}]},{\"@type\":\"WebSite\",\"@id\":\"https:\\\/\\\/bridalfashion.com\\\/ro\\\/#website\",\"url\":\"https:\\\/\\\/bridalfashion.com\\\/ro\\\/\",\"name\":\"BRIDAL FASHION \u2122 | Luxurious Wedding Dresses &amp; Fashionable Gowns for Women, Girls and Kids\",\"description\":\"Welcome the leading manufacturer and supplier of wedding dresses. We offer in wholesale a large selection of high quality wedding dress collections and accessories for your business at competitive prices. Shop our full range of bridal products today!\",\"publisher\":{\"@id\":\"https:\\\/\\\/bridalfashion.com\\\/ro\\\/#organization\"},\"potentialAction\":[{\"@type\":\"SearchAction\",\"target\":{\"@type\":\"EntryPoint\",\"urlTemplate\":\"https:\\\/\\\/bridalfashion.com\\\/ro\\\/?s={search_term_string}\"},\"query-input\":{\"@type\":\"PropertyValueSpecification\",\"valueRequired\":true,\"valueName\":\"search_term_string\"}}],\"inLanguage\":\"ro-RO\"},{\"@type\":\"Organization\",\"@id\":\"https:\\\/\\\/bridalfashion.com\\\/ro\\\/#organization\",\"name\":\"BRIDAL FASHION \u2122 | Luxurious Wedding Dresses &amp; Fashionable Gowns for Women, Girls and Kids\",\"url\":\"https:\\\/\\\/bridalfashion.com\\\/ro\\\/\",\"logo\":{\"@type\":\"ImageObject\",\"inLanguage\":\"ro-RO\",\"@id\":\"https:\\\/\\\/bridalfashion.com\\\/ro\\\/#\\\/schema\\\/logo\\\/image\\\/\",\"url\":\"https:\\\/\\\/bridalfashion.com\\\/wp-content\\\/uploads\\\/2022\\\/05\\\/cropped-BFG.png\",\"contentUrl\":\"https:\\\/\\\/bridalfashion.com\\\/wp-content\\\/uploads\\\/2022\\\/05\\\/cropped-BFG.png\",\"width\":1771,\"height\":119,\"caption\":\"BRIDAL FASHION \u2122 | Luxurious Wedding Dresses &amp; Fashionable Gowns for Women, Girls and Kids\"},\"image\":{\"@id\":\"https:\\\/\\\/bridalfashion.com\\\/ro\\\/#\\\/schema\\\/logo\\\/image\\\/\"}}]}<\/script>\n<!-- \/ Yoast SEO plugin. -->","yoast_head_json":{"title":"Rochie rafinata de printesa WELMA - WF0030 - BRIDAL FASHION \u2122 | Luxurious Wedding Dresses &amp; Fashionable Gowns for Women, Girls and Kids","robots":{"index":"index","follow":"follow","max-snippet":"max-snippet:-1","max-image-preview":"max-image-preview:large","max-video-preview":"max-video-preview:-1"},"canonical":"https:\/\/bridalfashion.com\/ro\/white-flowers-2020-ro\/rochie-eleganta-printesa-cu-o-fusta-wf0030\/","og_locale":"ro_RO","og_type":"article","og_title":"Rochie rafinata de printesa WELMA - WF0030 - BRIDAL FASHION \u2122 | Luxurious Wedding Dresses &amp; Fashionable Gowns for Women, Girls and Kids","og_description":"Descrierea modelului WELMA &#8211; WF0030 o rochie de prin\u021bes\u0103 rafinat\u0103 cu fust\u0103 care aminte\u0219te de un pin \u0219i cu o tren\u0103 \u00een alb sau filde\u0219&#8230; Rochie fascinant\u0103 pentru t\u00e2n\u0103ra la mod\u0103, poate fi aleas\u0103 pe alb \u0219i ivory ginga\u0219. Partea de sus din saten cu decolteu ad\u00e2nc, acoperit cu tul culoare mat\u0103. Decorul lucrat manual&hellip;","og_url":"https:\/\/bridalfashion.com\/ro\/white-flowers-2020-ro\/rochie-eleganta-printesa-cu-o-fusta-wf0030\/","og_site_name":"BRIDAL FASHION \u2122 | Luxurious Wedding Dresses &amp; Fashionable Gowns for Women, Girls and Kids","twitter_card":"summary_large_image","twitter_misc":{"Timp estimat pentru citire":"1 minut"},"schema":{"@context":"https:\/\/schema.org","@graph":[{"@type":"WebPage","@id":"https:\/\/bridalfashion.com\/ro\/white-flowers-2020-ro\/rochie-eleganta-printesa-cu-o-fusta-wf0030\/","url":"https:\/\/bridalfashion.com\/ro\/white-flowers-2020-ro\/rochie-eleganta-printesa-cu-o-fusta-wf0030\/","name":"Rochie rafinata de printesa WELMA - WF0030 - BRIDAL FASHION \u2122 | Luxurious Wedding Dresses &amp; Fashionable Gowns for Women, Girls and Kids","isPartOf":{"@id":"https:\/\/bridalfashion.com\/ro\/#website"},"primaryImageOfPage":{"@id":"https:\/\/bridalfashion.com\/ro\/white-flowers-2020-ro\/rochie-eleganta-printesa-cu-o-fusta-wf0030\/#primaryimage"},"image":{"@id":"https:\/\/bridalfashion.com\/ro\/white-flowers-2020-ro\/rochie-eleganta-printesa-cu-o-fusta-wf0030\/#primaryimage"},"thumbnailUrl":"https:\/\/bridalfashion.com\/wp-content\/uploads\/2021\/09\/WF0030_A.jpg","datePublished":"2022-10-04T14:43:30+00:00","breadcrumb":{"@id":"https:\/\/bridalfashion.com\/ro\/white-flowers-2020-ro\/rochie-eleganta-printesa-cu-o-fusta-wf0030\/#breadcrumb"},"inLanguage":"ro-RO","potentialAction":[{"@type":"ReadAction","target":["https:\/\/bridalfashion.com\/ro\/white-flowers-2020-ro\/rochie-eleganta-printesa-cu-o-fusta-wf0030\/"]}]},{"@type":"ImageObject","inLanguage":"ro-RO","@id":"https:\/\/bridalfashion.com\/ro\/white-flowers-2020-ro\/rochie-eleganta-printesa-cu-o-fusta-wf0030\/#primaryimage","url":"https:\/\/bridalfashion.com\/wp-content\/uploads\/2021\/09\/WF0030_A.jpg","contentUrl":"https:\/\/bridalfashion.com\/wp-content\/uploads\/2021\/09\/WF0030_A.jpg","width":1516,"height":2000,"caption":"Rochie de prin\u021bes\u0103 rafinat\u0103 WELMA - WF0030 Vedere din fa\u021b\u0103 | BRIDAL FASHION"},{"@type":"BreadcrumbList","@id":"https:\/\/bridalfashion.com\/ro\/white-flowers-2020-ro\/rochie-eleganta-printesa-cu-o-fusta-wf0030\/#breadcrumb","itemListElement":[{"@type":"ListItem","position":1,"name":"Home","item":"https:\/\/bridalfashion.com\/ro\/"},{"@type":"ListItem","position":2,"name":"Shop","item":"https:\/\/bridalfashion.com\/shop-2\/"},{"@type":"ListItem","position":3,"name":"Rochie rafinata de printesa WELMA &#8211; WF0030"}]},{"@type":"WebSite","@id":"https:\/\/bridalfashion.com\/ro\/#website","url":"https:\/\/bridalfashion.com\/ro\/","name":"BRIDAL FASHION \u2122 | Luxurious Wedding Dresses &amp; Fashionable Gowns for Women, Girls and Kids","description":"Welcome the leading manufacturer and supplier of wedding dresses. We offer in wholesale a large selection of high quality wedding dress collections and accessories for your business at competitive prices. Shop our full range of bridal products today!","publisher":{"@id":"https:\/\/bridalfashion.com\/ro\/#organization"},"potentialAction":[{"@type":"SearchAction","target":{"@type":"EntryPoint","urlTemplate":"https:\/\/bridalfashion.com\/ro\/?s={search_term_string}"},"query-input":{"@type":"PropertyValueSpecification","valueRequired":true,"valueName":"search_term_string"}}],"inLanguage":"ro-RO"},{"@type":"Organization","@id":"https:\/\/bridalfashion.com\/ro\/#organization","name":"BRIDAL FASHION \u2122 | Luxurious Wedding Dresses &amp; Fashionable Gowns for Women, Girls and Kids","url":"https:\/\/bridalfashion.com\/ro\/","logo":{"@type":"ImageObject","inLanguage":"ro-RO","@id":"https:\/\/bridalfashion.com\/ro\/#\/schema\/logo\/image\/","url":"https:\/\/bridalfashion.com\/wp-content\/uploads\/2022\/05\/cropped-BFG.png","contentUrl":"https:\/\/bridalfashion.com\/wp-content\/uploads\/2022\/05\/cropped-BFG.png","width":1771,"height":119,"caption":"BRIDAL FASHION \u2122 | Luxurious Wedding Dresses &amp; Fashionable Gowns for Women, Girls and Kids"},"image":{"@id":"https:\/\/bridalfashion.com\/ro\/#\/schema\/logo\/image\/"}}]}},"_links":{"self":[{"href":"https:\/\/bridalfashion.com\/ro\/wp-json\/wp\/v2\/product\/11888","targetHints":{"allow":["GET"]}}],"collection":[{"href":"https:\/\/bridalfashion.com\/ro\/wp-json\/wp\/v2\/product"}],"about":[{"href":"https:\/\/bridalfashion.com\/ro\/wp-json\/wp\/v2\/types\/product"}],"replies":[{"embeddable":true,"href":"https:\/\/bridalfashion.com\/ro\/wp-json\/wp\/v2\/comments?post=11888"}],"wp:featuredmedia":[{"embeddable":true,"href":"https:\/\/bridalfashion.com\/ro\/wp-json\/wp\/v2\/media\/5187"}],"wp:attachment":[{"href":"https:\/\/bridalfashion.com\/ro\/wp-json\/wp\/v2\/media?parent=11888"}],"wp:term":[{"taxonomy":"product_brand","embeddable":true,"href":"https:\/\/bridalfashion.com\/ro\/wp-json\/wp\/v2\/product_brand?post=11888"},{"taxonomy":"product_cat","embeddable":true,"href":"https:\/\/bridalfashion.com\/ro\/wp-json\/wp\/v2\/product_cat?post=11888"},{"taxonomy":"product_tag","embeddable":true,"href":"https:\/\/bridalfashion.com\/ro\/wp-json\/wp\/v2\/product_tag?post=11888"}],"curies":[{"name":"wp","href":"https:\/\/api.w.org\/{rel}","templated":true}]}}