{"id":11885,"date":"2021-09-27T13:23:34","date_gmt":"2022-10-04T10:00:01","guid":{"rendered":"https:\/\/bridalfashion.com\/fara-categorie\/uimitoare-rochie-scurta-eleganta-winnie-wf0029\/"},"modified":"2022-10-04T12:00:01","modified_gmt":"2022-10-04T10:00:01","slug":"tinuta-fermecatoare-pentru-o-fata-elegant-wf0029","status":"publish","type":"product","link":"https:\/\/bridalfashion.com\/ro\/white-flowers-2020-ro\/tinuta-fermecatoare-pentru-o-fata-elegant-wf0029\/","title":{"rendered":"Uimitoare rochie scurta eleganta WINNIE &#8211; WF0029"},"content":{"rendered":"<h2>Descrierea modelului <span style=\"font-size: 18px\">WINNIE &#8211; <\/span><span style=\"font-size: 1.15em\">WF0029 o rochie scurt\u0103 \u0219i elegant\u0103, cu un decor rafinat \u0219i o fust\u0103 stratificat\u0103<\/span>.<\/h2>\n<p>Rochie fermec\u0103toare pentru t\u00e2n\u0103ra la mod\u0103, culoarea fiind la alegere alb sau ivory. Corsetul din saten cu spatele decoltat, deasupra acoperit cu tul italian de culoare mat\u0103. Decorul \u2013 aplica\u021bii de dantel\u0103, flori \u0219i pene imponderabile. Pe umeri \u2014 m\u00e2neci mici de dantel\u0103, rochia se \u00eenchide pe un r\u00e2nd vertical de nasturi. Fusta bogat\u0103 cu volane este lucrat\u0103 din tul. Aceast\u0103 rochie scurt\u0103 pentru festivit\u0103\u021bi cu decor ales poate fi completat\u0103 cu o cap\u0103 elegant\u0103.<\/p>\n","protected":false},"excerpt":{"rendered":"<p>Descrierea modelului WINNIE &#8211; WF0029 o rochie scurt\u0103 \u0219i elegant\u0103, cu un decor rafinat \u0219i o fust\u0103 stratificat\u0103. Rochie fermec\u0103toare pentru t\u00e2n\u0103ra la mod\u0103, culoarea fiind la alegere alb sau ivory. Corsetul din saten cu spatele decoltat, deasupra acoperit cu tul italian de culoare mat\u0103. Decorul \u2013 aplica\u021bii de dantel\u0103, flori \u0219i pene imponderabile. Pe&hellip;<\/p>\n","protected":false},"featured_media":5094,"comment_status":"open","ping_status":"closed","template":"","meta":[],"product_brand":[],"product_cat":[939],"product_tag":[],"class_list":{"0":"post-11885","1":"product","2":"type-product","3":"status-publish","4":"has-post-thumbnail","6":"product_cat-white-flowers-2020-ro","8":"first","9":"instock","10":"taxable","11":"shipping-taxable","12":"product-type-simple"},"yoast_head":"<!-- This site is optimized with the Yoast SEO plugin v27.5 - https:\/\/yoast.com\/product\/yoast-seo-wordpress\/ -->\n<title>Uimitoare rochie scurta eleganta WINNIE - WF0029 - BRIDAL FASHION \u2122 | Luxurious Wedding Dresses &amp; Fashionable Gowns for Women, Girls and Kids<\/title>\n<meta name=\"description\" content=\"Rochie scurt\u0103 fascinant\u0103 cu decor ales WINNIE - WF0029 disponibil\u0103 pe alb \u0219i ivory. Bustul din tul italian culoare mat\u0103 este \u00eempodobit cu dantele \u0219i pene. Fusta cu volane din tul\" \/>\n<meta name=\"robots\" content=\"index, follow, max-snippet:-1, max-image-preview:large, max-video-preview:-1\" \/>\n<link rel=\"canonical\" href=\"https:\/\/bridalfashion.com\/ro\/white-flowers-2020-ro\/tinuta-fermecatoare-pentru-o-fata-elegant-wf0029\/\" \/>\n<meta property=\"og:locale\" content=\"ro_RO\" \/>\n<meta property=\"og:type\" content=\"article\" \/>\n<meta property=\"og:title\" content=\"Uimitoare rochie scurta eleganta WINNIE - WF0029 - BRIDAL FASHION \u2122 | Luxurious Wedding Dresses &amp; Fashionable Gowns for Women, Girls and Kids\" \/>\n<meta property=\"og:description\" content=\"Rochie scurt\u0103 fascinant\u0103 cu decor ales WINNIE - WF0029 disponibil\u0103 pe alb \u0219i ivory. Bustul din tul italian culoare mat\u0103 este \u00eempodobit cu dantele \u0219i pene. Fusta cu volane din tul\" \/>\n<meta property=\"og:url\" content=\"https:\/\/bridalfashion.com\/ro\/white-flowers-2020-ro\/tinuta-fermecatoare-pentru-o-fata-elegant-wf0029\/\" \/>\n<meta property=\"og:site_name\" content=\"BRIDAL FASHION \u2122 | Luxurious Wedding Dresses &amp; Fashionable Gowns for Women, Girls and Kids\" \/>\n<meta property=\"og:image\" content=\"https:\/\/bridalfashion.com\/wp-content\/uploads\/2021\/09\/WF0029_A1_MH.jpg\" \/>\n\t<meta property=\"og:image:width\" content=\"1516\" \/>\n\t<meta property=\"og:image:height\" content=\"2000\" \/>\n\t<meta property=\"og:image:type\" content=\"image\/jpeg\" \/>\n<meta name=\"twitter:card\" content=\"summary_large_image\" \/>\n<script type=\"application\/ld+json\" class=\"yoast-schema-graph\">{\"@context\":\"https:\\\/\\\/schema.org\",\"@graph\":[{\"@type\":\"WebPage\",\"@id\":\"https:\\\/\\\/bridalfashion.com\\\/ro\\\/white-flowers-2020-ro\\\/tinuta-fermecatoare-pentru-o-fata-elegant-wf0029\\\/\",\"url\":\"https:\\\/\\\/bridalfashion.com\\\/ro\\\/white-flowers-2020-ro\\\/tinuta-fermecatoare-pentru-o-fata-elegant-wf0029\\\/\",\"name\":\"Uimitoare rochie scurta eleganta WINNIE - WF0029 - BRIDAL FASHION \u2122 | Luxurious Wedding Dresses &amp; Fashionable Gowns for Women, Girls and Kids\",\"isPartOf\":{\"@id\":\"https:\\\/\\\/bridalfashion.com\\\/ro\\\/#website\"},\"primaryImageOfPage\":{\"@id\":\"https:\\\/\\\/bridalfashion.com\\\/ro\\\/white-flowers-2020-ro\\\/tinuta-fermecatoare-pentru-o-fata-elegant-wf0029\\\/#primaryimage\"},\"image\":{\"@id\":\"https:\\\/\\\/bridalfashion.com\\\/ro\\\/white-flowers-2020-ro\\\/tinuta-fermecatoare-pentru-o-fata-elegant-wf0029\\\/#primaryimage\"},\"thumbnailUrl\":\"https:\\\/\\\/bridalfashion.com\\\/wp-content\\\/uploads\\\/2021\\\/09\\\/WF0029_A1_MH.jpg\",\"datePublished\":\"2022-10-04T10:00:01+00:00\",\"description\":\"Rochie scurt\u0103 fascinant\u0103 cu decor ales WINNIE - WF0029 disponibil\u0103 pe alb \u0219i ivory. Bustul din tul italian culoare mat\u0103 este \u00eempodobit cu dantele \u0219i pene. Fusta cu volane din tul\",\"breadcrumb\":{\"@id\":\"https:\\\/\\\/bridalfashion.com\\\/ro\\\/white-flowers-2020-ro\\\/tinuta-fermecatoare-pentru-o-fata-elegant-wf0029\\\/#breadcrumb\"},\"inLanguage\":\"ro-RO\",\"potentialAction\":[{\"@type\":\"ReadAction\",\"target\":[\"https:\\\/\\\/bridalfashion.com\\\/ro\\\/white-flowers-2020-ro\\\/tinuta-fermecatoare-pentru-o-fata-elegant-wf0029\\\/\"]}]},{\"@type\":\"ImageObject\",\"inLanguage\":\"ro-RO\",\"@id\":\"https:\\\/\\\/bridalfashion.com\\\/ro\\\/white-flowers-2020-ro\\\/tinuta-fermecatoare-pentru-o-fata-elegant-wf0029\\\/#primaryimage\",\"url\":\"https:\\\/\\\/bridalfashion.com\\\/wp-content\\\/uploads\\\/2021\\\/09\\\/WF0029_A1_MH.jpg\",\"contentUrl\":\"https:\\\/\\\/bridalfashion.com\\\/wp-content\\\/uploads\\\/2021\\\/09\\\/WF0029_A1_MH.jpg\",\"width\":1516,\"height\":2000,\"caption\":\"Uimitoare rochie scurt\u0103 elegant\u0103 WINNIE - WF0029 Vedere frontal\u0103 | BRIDAL FASHION\"},{\"@type\":\"BreadcrumbList\",\"@id\":\"https:\\\/\\\/bridalfashion.com\\\/ro\\\/white-flowers-2020-ro\\\/tinuta-fermecatoare-pentru-o-fata-elegant-wf0029\\\/#breadcrumb\",\"itemListElement\":[{\"@type\":\"ListItem\",\"position\":1,\"name\":\"Home\",\"item\":\"https:\\\/\\\/bridalfashion.com\\\/ro\\\/\"},{\"@type\":\"ListItem\",\"position\":2,\"name\":\"Shop\",\"item\":\"https:\\\/\\\/bridalfashion.com\\\/shop-2\\\/\"},{\"@type\":\"ListItem\",\"position\":3,\"name\":\"Uimitoare rochie scurta eleganta WINNIE &#8211; WF0029\"}]},{\"@type\":\"WebSite\",\"@id\":\"https:\\\/\\\/bridalfashion.com\\\/ro\\\/#website\",\"url\":\"https:\\\/\\\/bridalfashion.com\\\/ro\\\/\",\"name\":\"BRIDAL FASHION \u2122 | Luxurious Wedding Dresses &amp; Fashionable Gowns for Women, Girls and Kids\",\"description\":\"Welcome the leading manufacturer and supplier of wedding dresses. We offer in wholesale a large selection of high quality wedding dress collections and accessories for your business at competitive prices. Shop our full range of bridal products today!\",\"publisher\":{\"@id\":\"https:\\\/\\\/bridalfashion.com\\\/ro\\\/#organization\"},\"potentialAction\":[{\"@type\":\"SearchAction\",\"target\":{\"@type\":\"EntryPoint\",\"urlTemplate\":\"https:\\\/\\\/bridalfashion.com\\\/ro\\\/?s={search_term_string}\"},\"query-input\":{\"@type\":\"PropertyValueSpecification\",\"valueRequired\":true,\"valueName\":\"search_term_string\"}}],\"inLanguage\":\"ro-RO\"},{\"@type\":\"Organization\",\"@id\":\"https:\\\/\\\/bridalfashion.com\\\/ro\\\/#organization\",\"name\":\"BRIDAL FASHION \u2122 | Luxurious Wedding Dresses &amp; Fashionable Gowns for Women, Girls and Kids\",\"url\":\"https:\\\/\\\/bridalfashion.com\\\/ro\\\/\",\"logo\":{\"@type\":\"ImageObject\",\"inLanguage\":\"ro-RO\",\"@id\":\"https:\\\/\\\/bridalfashion.com\\\/ro\\\/#\\\/schema\\\/logo\\\/image\\\/\",\"url\":\"https:\\\/\\\/bridalfashion.com\\\/wp-content\\\/uploads\\\/2022\\\/05\\\/cropped-BFG.png\",\"contentUrl\":\"https:\\\/\\\/bridalfashion.com\\\/wp-content\\\/uploads\\\/2022\\\/05\\\/cropped-BFG.png\",\"width\":1771,\"height\":119,\"caption\":\"BRIDAL FASHION \u2122 | Luxurious Wedding Dresses &amp; Fashionable Gowns for Women, Girls and Kids\"},\"image\":{\"@id\":\"https:\\\/\\\/bridalfashion.com\\\/ro\\\/#\\\/schema\\\/logo\\\/image\\\/\"}}]}<\/script>\n<!-- \/ Yoast SEO plugin. -->","yoast_head_json":{"title":"Uimitoare rochie scurta eleganta WINNIE - WF0029 - BRIDAL FASHION \u2122 | Luxurious Wedding Dresses &amp; Fashionable Gowns for Women, Girls and Kids","description":"Rochie scurt\u0103 fascinant\u0103 cu decor ales WINNIE - WF0029 disponibil\u0103 pe alb \u0219i ivory. Bustul din tul italian culoare mat\u0103 este \u00eempodobit cu dantele \u0219i pene. Fusta cu volane din tul","robots":{"index":"index","follow":"follow","max-snippet":"max-snippet:-1","max-image-preview":"max-image-preview:large","max-video-preview":"max-video-preview:-1"},"canonical":"https:\/\/bridalfashion.com\/ro\/white-flowers-2020-ro\/tinuta-fermecatoare-pentru-o-fata-elegant-wf0029\/","og_locale":"ro_RO","og_type":"article","og_title":"Uimitoare rochie scurta eleganta WINNIE - WF0029 - BRIDAL FASHION \u2122 | Luxurious Wedding Dresses &amp; Fashionable Gowns for Women, Girls and Kids","og_description":"Rochie scurt\u0103 fascinant\u0103 cu decor ales WINNIE - WF0029 disponibil\u0103 pe alb \u0219i ivory. Bustul din tul italian culoare mat\u0103 este \u00eempodobit cu dantele \u0219i pene. Fusta cu volane din tul","og_url":"https:\/\/bridalfashion.com\/ro\/white-flowers-2020-ro\/tinuta-fermecatoare-pentru-o-fata-elegant-wf0029\/","og_site_name":"BRIDAL FASHION \u2122 | Luxurious Wedding Dresses &amp; Fashionable Gowns for Women, Girls and Kids","og_image":[{"width":1516,"height":2000,"url":"https:\/\/bridalfashion.com\/wp-content\/uploads\/2021\/09\/WF0029_A1_MH.jpg","type":"image\/jpeg"}],"twitter_card":"summary_large_image","schema":{"@context":"https:\/\/schema.org","@graph":[{"@type":"WebPage","@id":"https:\/\/bridalfashion.com\/ro\/white-flowers-2020-ro\/tinuta-fermecatoare-pentru-o-fata-elegant-wf0029\/","url":"https:\/\/bridalfashion.com\/ro\/white-flowers-2020-ro\/tinuta-fermecatoare-pentru-o-fata-elegant-wf0029\/","name":"Uimitoare rochie scurta eleganta WINNIE - WF0029 - BRIDAL FASHION \u2122 | Luxurious Wedding Dresses &amp; Fashionable Gowns for Women, Girls and Kids","isPartOf":{"@id":"https:\/\/bridalfashion.com\/ro\/#website"},"primaryImageOfPage":{"@id":"https:\/\/bridalfashion.com\/ro\/white-flowers-2020-ro\/tinuta-fermecatoare-pentru-o-fata-elegant-wf0029\/#primaryimage"},"image":{"@id":"https:\/\/bridalfashion.com\/ro\/white-flowers-2020-ro\/tinuta-fermecatoare-pentru-o-fata-elegant-wf0029\/#primaryimage"},"thumbnailUrl":"https:\/\/bridalfashion.com\/wp-content\/uploads\/2021\/09\/WF0029_A1_MH.jpg","datePublished":"2022-10-04T10:00:01+00:00","description":"Rochie scurt\u0103 fascinant\u0103 cu decor ales WINNIE - WF0029 disponibil\u0103 pe alb \u0219i ivory. Bustul din tul italian culoare mat\u0103 este \u00eempodobit cu dantele \u0219i pene. Fusta cu volane din tul","breadcrumb":{"@id":"https:\/\/bridalfashion.com\/ro\/white-flowers-2020-ro\/tinuta-fermecatoare-pentru-o-fata-elegant-wf0029\/#breadcrumb"},"inLanguage":"ro-RO","potentialAction":[{"@type":"ReadAction","target":["https:\/\/bridalfashion.com\/ro\/white-flowers-2020-ro\/tinuta-fermecatoare-pentru-o-fata-elegant-wf0029\/"]}]},{"@type":"ImageObject","inLanguage":"ro-RO","@id":"https:\/\/bridalfashion.com\/ro\/white-flowers-2020-ro\/tinuta-fermecatoare-pentru-o-fata-elegant-wf0029\/#primaryimage","url":"https:\/\/bridalfashion.com\/wp-content\/uploads\/2021\/09\/WF0029_A1_MH.jpg","contentUrl":"https:\/\/bridalfashion.com\/wp-content\/uploads\/2021\/09\/WF0029_A1_MH.jpg","width":1516,"height":2000,"caption":"Uimitoare rochie scurt\u0103 elegant\u0103 WINNIE - WF0029 Vedere frontal\u0103 | BRIDAL FASHION"},{"@type":"BreadcrumbList","@id":"https:\/\/bridalfashion.com\/ro\/white-flowers-2020-ro\/tinuta-fermecatoare-pentru-o-fata-elegant-wf0029\/#breadcrumb","itemListElement":[{"@type":"ListItem","position":1,"name":"Home","item":"https:\/\/bridalfashion.com\/ro\/"},{"@type":"ListItem","position":2,"name":"Shop","item":"https:\/\/bridalfashion.com\/shop-2\/"},{"@type":"ListItem","position":3,"name":"Uimitoare rochie scurta eleganta WINNIE &#8211; WF0029"}]},{"@type":"WebSite","@id":"https:\/\/bridalfashion.com\/ro\/#website","url":"https:\/\/bridalfashion.com\/ro\/","name":"BRIDAL FASHION \u2122 | Luxurious Wedding Dresses &amp; Fashionable Gowns for Women, Girls and Kids","description":"Welcome the leading manufacturer and supplier of wedding dresses. We offer in wholesale a large selection of high quality wedding dress collections and accessories for your business at competitive prices. Shop our full range of bridal products today!","publisher":{"@id":"https:\/\/bridalfashion.com\/ro\/#organization"},"potentialAction":[{"@type":"SearchAction","target":{"@type":"EntryPoint","urlTemplate":"https:\/\/bridalfashion.com\/ro\/?s={search_term_string}"},"query-input":{"@type":"PropertyValueSpecification","valueRequired":true,"valueName":"search_term_string"}}],"inLanguage":"ro-RO"},{"@type":"Organization","@id":"https:\/\/bridalfashion.com\/ro\/#organization","name":"BRIDAL FASHION \u2122 | Luxurious Wedding Dresses &amp; Fashionable Gowns for Women, Girls and Kids","url":"https:\/\/bridalfashion.com\/ro\/","logo":{"@type":"ImageObject","inLanguage":"ro-RO","@id":"https:\/\/bridalfashion.com\/ro\/#\/schema\/logo\/image\/","url":"https:\/\/bridalfashion.com\/wp-content\/uploads\/2022\/05\/cropped-BFG.png","contentUrl":"https:\/\/bridalfashion.com\/wp-content\/uploads\/2022\/05\/cropped-BFG.png","width":1771,"height":119,"caption":"BRIDAL FASHION \u2122 | Luxurious Wedding Dresses &amp; Fashionable Gowns for Women, Girls and Kids"},"image":{"@id":"https:\/\/bridalfashion.com\/ro\/#\/schema\/logo\/image\/"}}]}},"_links":{"self":[{"href":"https:\/\/bridalfashion.com\/ro\/wp-json\/wp\/v2\/product\/11885","targetHints":{"allow":["GET"]}}],"collection":[{"href":"https:\/\/bridalfashion.com\/ro\/wp-json\/wp\/v2\/product"}],"about":[{"href":"https:\/\/bridalfashion.com\/ro\/wp-json\/wp\/v2\/types\/product"}],"replies":[{"embeddable":true,"href":"https:\/\/bridalfashion.com\/ro\/wp-json\/wp\/v2\/comments?post=11885"}],"wp:featuredmedia":[{"embeddable":true,"href":"https:\/\/bridalfashion.com\/ro\/wp-json\/wp\/v2\/media\/5094"}],"wp:attachment":[{"href":"https:\/\/bridalfashion.com\/ro\/wp-json\/wp\/v2\/media?parent=11885"}],"wp:term":[{"taxonomy":"product_brand","embeddable":true,"href":"https:\/\/bridalfashion.com\/ro\/wp-json\/wp\/v2\/product_brand?post=11885"},{"taxonomy":"product_cat","embeddable":true,"href":"https:\/\/bridalfashion.com\/ro\/wp-json\/wp\/v2\/product_cat?post=11885"},{"taxonomy":"product_tag","embeddable":true,"href":"https:\/\/bridalfashion.com\/ro\/wp-json\/wp\/v2\/product_tag?post=11885"}],"curies":[{"name":"wp","href":"https:\/\/api.w.org\/{rel}","templated":true}]}}