{"id":11882,"date":"2021-09-27T13:12:41","date_gmt":"2022-10-04T09:19:35","guid":{"rendered":"https:\/\/bridalfashion.com\/fara-categorie\/fermecatoare-rochie-scurta-eleganta-weslee-wf0028\/"},"modified":"2022-10-04T11:19:35","modified_gmt":"2022-10-04T09:19:35","slug":"rochie-scurta-eleganta-cu-o-trena-detasabila-wf0028","status":"publish","type":"product","link":"https:\/\/bridalfashion.com\/ro\/white-flowers-2020-ro\/rochie-scurta-eleganta-cu-o-trena-detasabila-wf0028\/","title":{"rendered":"Fermecatoare rochie scurta eleganta WESLEE &#8211; WF0028"},"content":{"rendered":"<h2>Descrierea modelului WESLEE &#8211; WF0028 rochie fermec\u0103toare scurt\u0103 cu tren\u0103 deta\u0219abil\u0103 \u0219i cu partea de sus dantelat\u0103<\/h2>\n<p>Rochie-transformer original\u0103 pe alb sau ivory la alegere. Partea de sus are dou\u0103 r\u00e2nduri: corsetul din saten, acoperit cu dantele fran\u021buze\u0219ti transparente chantilly, la spate fermoar invizibil, \u0219iret \u0219i un r\u00e2nd vertical de nasturi. Fusta foarte bogat\u0103 cu partea de jos zdren\u021buit\u0103, m\u00e2neci originale \u0219i trena sunt lucrate din tul pre\u021bios. Trena este lucrat\u0103 astfel, ca ea s\u0103 poat\u0103 fi folosit\u0103 \u0219i \u00een calitate de cap\u0103 pe umeri. Aceast\u0103 rochie scurt\u0103 elegant\u0103 cu tren\u0103 deta\u0219abil\u0103 este \u00eempodobit\u0103 cu cristale \u00een zona decolteului \u0219i la talie.<\/p>\n","protected":false},"excerpt":{"rendered":"<p>Descrierea modelului WESLEE &#8211; WF0028 rochie fermec\u0103toare scurt\u0103 cu tren\u0103 deta\u0219abil\u0103 \u0219i cu partea de sus dantelat\u0103 Rochie-transformer original\u0103 pe alb sau ivory la alegere. Partea de sus are dou\u0103 r\u00e2nduri: corsetul din saten, acoperit cu dantele fran\u021buze\u0219ti transparente chantilly, la spate fermoar invizibil, \u0219iret \u0219i un r\u00e2nd vertical de nasturi. Fusta foarte bogat\u0103 cu&hellip;<\/p>\n","protected":false},"featured_media":5034,"comment_status":"open","ping_status":"closed","template":"","meta":[],"product_brand":[],"product_cat":[939],"product_tag":[],"class_list":{"0":"post-11882","1":"product","2":"type-product","3":"status-publish","4":"has-post-thumbnail","6":"product_cat-white-flowers-2020-ro","8":"first","9":"instock","10":"taxable","11":"shipping-taxable","12":"product-type-simple"},"yoast_head":"<!-- This site is optimized with the Yoast SEO plugin v27.4 - https:\/\/yoast.com\/product\/yoast-seo-wordpress\/ -->\n<title>Fermecatoare rochie scurta eleganta WESLEE - WF0028 - BRIDAL FASHION \u2122 | Luxurious Wedding Dresses &amp; Fashionable Gowns for Women, Girls and Kids<\/title>\n<meta name=\"description\" content=\"Rochie scurt\u0103 elegant\u0103 cu tren\u0103 deta\u0219abil\u0103 WESLEE - WF0028 la alegere pe alb \u0219i ivory. Bustul din dantele chantilly, \u00eempodobit cu cristale \u00een zona decolteului \u0219i la br\u00e2u, fusta bogat\u0103, m\u00e2neci \u0219i tren\u0103 din tul\" \/>\n<meta name=\"robots\" content=\"index, follow, max-snippet:-1, max-image-preview:large, max-video-preview:-1\" \/>\n<link rel=\"canonical\" href=\"https:\/\/bridalfashion.com\/ro\/white-flowers-2020-ro\/rochie-scurta-eleganta-cu-o-trena-detasabila-wf0028\/\" \/>\n<meta property=\"og:locale\" content=\"ro_RO\" \/>\n<meta property=\"og:type\" content=\"article\" \/>\n<meta property=\"og:title\" content=\"Fermecatoare rochie scurta eleganta WESLEE - WF0028 - BRIDAL FASHION \u2122 | Luxurious Wedding Dresses &amp; Fashionable Gowns for Women, Girls and Kids\" \/>\n<meta property=\"og:description\" content=\"Rochie scurt\u0103 elegant\u0103 cu tren\u0103 deta\u0219abil\u0103 WESLEE - WF0028 la alegere pe alb \u0219i ivory. Bustul din dantele chantilly, \u00eempodobit cu cristale \u00een zona decolteului \u0219i la br\u00e2u, fusta bogat\u0103, m\u00e2neci \u0219i tren\u0103 din tul\" \/>\n<meta property=\"og:url\" content=\"https:\/\/bridalfashion.com\/ro\/white-flowers-2020-ro\/rochie-scurta-eleganta-cu-o-trena-detasabila-wf0028\/\" \/>\n<meta property=\"og:site_name\" content=\"BRIDAL FASHION \u2122 | Luxurious Wedding Dresses &amp; Fashionable Gowns for Women, Girls and Kids\" \/>\n<meta property=\"og:image\" content=\"https:\/\/bridalfashion.com\/wp-content\/uploads\/2021\/09\/WF0028_A2_MH.jpg\" \/>\n\t<meta property=\"og:image:width\" content=\"1516\" \/>\n\t<meta property=\"og:image:height\" content=\"2000\" \/>\n\t<meta property=\"og:image:type\" content=\"image\/jpeg\" \/>\n<meta name=\"twitter:card\" content=\"summary_large_image\" \/>\n<meta name=\"twitter:label1\" content=\"Timp estimat pentru citire\" \/>\n\t<meta name=\"twitter:data1\" content=\"1 minut\" \/>\n<script type=\"application\/ld+json\" class=\"yoast-schema-graph\">{\"@context\":\"https:\\\/\\\/schema.org\",\"@graph\":[{\"@type\":\"WebPage\",\"@id\":\"https:\\\/\\\/bridalfashion.com\\\/ro\\\/white-flowers-2020-ro\\\/rochie-scurta-eleganta-cu-o-trena-detasabila-wf0028\\\/\",\"url\":\"https:\\\/\\\/bridalfashion.com\\\/ro\\\/white-flowers-2020-ro\\\/rochie-scurta-eleganta-cu-o-trena-detasabila-wf0028\\\/\",\"name\":\"Fermecatoare rochie scurta eleganta WESLEE - WF0028 - BRIDAL FASHION \u2122 | Luxurious Wedding Dresses &amp; Fashionable Gowns for Women, Girls and Kids\",\"isPartOf\":{\"@id\":\"https:\\\/\\\/bridalfashion.com\\\/ro\\\/#website\"},\"primaryImageOfPage\":{\"@id\":\"https:\\\/\\\/bridalfashion.com\\\/ro\\\/white-flowers-2020-ro\\\/rochie-scurta-eleganta-cu-o-trena-detasabila-wf0028\\\/#primaryimage\"},\"image\":{\"@id\":\"https:\\\/\\\/bridalfashion.com\\\/ro\\\/white-flowers-2020-ro\\\/rochie-scurta-eleganta-cu-o-trena-detasabila-wf0028\\\/#primaryimage\"},\"thumbnailUrl\":\"https:\\\/\\\/bridalfashion.com\\\/wp-content\\\/uploads\\\/2021\\\/09\\\/WF0028_A2_MH.jpg\",\"datePublished\":\"2022-10-04T09:19:35+00:00\",\"description\":\"Rochie scurt\u0103 elegant\u0103 cu tren\u0103 deta\u0219abil\u0103 WESLEE - WF0028 la alegere pe alb \u0219i ivory. Bustul din dantele chantilly, \u00eempodobit cu cristale \u00een zona decolteului \u0219i la br\u00e2u, fusta bogat\u0103, m\u00e2neci \u0219i tren\u0103 din tul\",\"breadcrumb\":{\"@id\":\"https:\\\/\\\/bridalfashion.com\\\/ro\\\/white-flowers-2020-ro\\\/rochie-scurta-eleganta-cu-o-trena-detasabila-wf0028\\\/#breadcrumb\"},\"inLanguage\":\"ro-RO\",\"potentialAction\":[{\"@type\":\"ReadAction\",\"target\":[\"https:\\\/\\\/bridalfashion.com\\\/ro\\\/white-flowers-2020-ro\\\/rochie-scurta-eleganta-cu-o-trena-detasabila-wf0028\\\/\"]}]},{\"@type\":\"ImageObject\",\"inLanguage\":\"ro-RO\",\"@id\":\"https:\\\/\\\/bridalfashion.com\\\/ro\\\/white-flowers-2020-ro\\\/rochie-scurta-eleganta-cu-o-trena-detasabila-wf0028\\\/#primaryimage\",\"url\":\"https:\\\/\\\/bridalfashion.com\\\/wp-content\\\/uploads\\\/2021\\\/09\\\/WF0028_A2_MH.jpg\",\"contentUrl\":\"https:\\\/\\\/bridalfashion.com\\\/wp-content\\\/uploads\\\/2021\\\/09\\\/WF0028_A2_MH.jpg\",\"width\":1516,\"height\":2000,\"caption\":\"Fermecatoare rochie scurta eleganta WESLEE - WF0028 Vedere fata | BRIDAL FASHION\"},{\"@type\":\"BreadcrumbList\",\"@id\":\"https:\\\/\\\/bridalfashion.com\\\/ro\\\/white-flowers-2020-ro\\\/rochie-scurta-eleganta-cu-o-trena-detasabila-wf0028\\\/#breadcrumb\",\"itemListElement\":[{\"@type\":\"ListItem\",\"position\":1,\"name\":\"Home\",\"item\":\"https:\\\/\\\/bridalfashion.com\\\/ro\\\/\"},{\"@type\":\"ListItem\",\"position\":2,\"name\":\"Shop\",\"item\":\"https:\\\/\\\/bridalfashion.com\\\/shop-2\\\/\"},{\"@type\":\"ListItem\",\"position\":3,\"name\":\"Fermecatoare rochie scurta eleganta WESLEE &#8211; WF0028\"}]},{\"@type\":\"WebSite\",\"@id\":\"https:\\\/\\\/bridalfashion.com\\\/ro\\\/#website\",\"url\":\"https:\\\/\\\/bridalfashion.com\\\/ro\\\/\",\"name\":\"BRIDAL FASHION \u2122 | Luxurious Wedding Dresses &amp; Fashionable Gowns for Women, Girls and Kids\",\"description\":\"Welcome the leading manufacturer and supplier of wedding dresses. We offer in wholesale a large selection of high quality wedding dress collections and accessories for your business at competitive prices. Shop our full range of bridal products today!\",\"publisher\":{\"@id\":\"https:\\\/\\\/bridalfashion.com\\\/ro\\\/#organization\"},\"potentialAction\":[{\"@type\":\"SearchAction\",\"target\":{\"@type\":\"EntryPoint\",\"urlTemplate\":\"https:\\\/\\\/bridalfashion.com\\\/ro\\\/?s={search_term_string}\"},\"query-input\":{\"@type\":\"PropertyValueSpecification\",\"valueRequired\":true,\"valueName\":\"search_term_string\"}}],\"inLanguage\":\"ro-RO\"},{\"@type\":\"Organization\",\"@id\":\"https:\\\/\\\/bridalfashion.com\\\/ro\\\/#organization\",\"name\":\"BRIDAL FASHION \u2122 | Luxurious Wedding Dresses &amp; Fashionable Gowns for Women, Girls and Kids\",\"url\":\"https:\\\/\\\/bridalfashion.com\\\/ro\\\/\",\"logo\":{\"@type\":\"ImageObject\",\"inLanguage\":\"ro-RO\",\"@id\":\"https:\\\/\\\/bridalfashion.com\\\/ro\\\/#\\\/schema\\\/logo\\\/image\\\/\",\"url\":\"https:\\\/\\\/bridalfashion.com\\\/wp-content\\\/uploads\\\/2022\\\/05\\\/cropped-BFG.png\",\"contentUrl\":\"https:\\\/\\\/bridalfashion.com\\\/wp-content\\\/uploads\\\/2022\\\/05\\\/cropped-BFG.png\",\"width\":1771,\"height\":119,\"caption\":\"BRIDAL FASHION \u2122 | Luxurious Wedding Dresses &amp; Fashionable Gowns for Women, Girls and Kids\"},\"image\":{\"@id\":\"https:\\\/\\\/bridalfashion.com\\\/ro\\\/#\\\/schema\\\/logo\\\/image\\\/\"}}]}<\/script>\n<!-- \/ Yoast SEO plugin. -->","yoast_head_json":{"title":"Fermecatoare rochie scurta eleganta WESLEE - WF0028 - BRIDAL FASHION \u2122 | Luxurious Wedding Dresses &amp; Fashionable Gowns for Women, Girls and Kids","description":"Rochie scurt\u0103 elegant\u0103 cu tren\u0103 deta\u0219abil\u0103 WESLEE - WF0028 la alegere pe alb \u0219i ivory. Bustul din dantele chantilly, \u00eempodobit cu cristale \u00een zona decolteului \u0219i la br\u00e2u, fusta bogat\u0103, m\u00e2neci \u0219i tren\u0103 din tul","robots":{"index":"index","follow":"follow","max-snippet":"max-snippet:-1","max-image-preview":"max-image-preview:large","max-video-preview":"max-video-preview:-1"},"canonical":"https:\/\/bridalfashion.com\/ro\/white-flowers-2020-ro\/rochie-scurta-eleganta-cu-o-trena-detasabila-wf0028\/","og_locale":"ro_RO","og_type":"article","og_title":"Fermecatoare rochie scurta eleganta WESLEE - WF0028 - BRIDAL FASHION \u2122 | Luxurious Wedding Dresses &amp; Fashionable Gowns for Women, Girls and Kids","og_description":"Rochie scurt\u0103 elegant\u0103 cu tren\u0103 deta\u0219abil\u0103 WESLEE - WF0028 la alegere pe alb \u0219i ivory. Bustul din dantele chantilly, \u00eempodobit cu cristale \u00een zona decolteului \u0219i la br\u00e2u, fusta bogat\u0103, m\u00e2neci \u0219i tren\u0103 din tul","og_url":"https:\/\/bridalfashion.com\/ro\/white-flowers-2020-ro\/rochie-scurta-eleganta-cu-o-trena-detasabila-wf0028\/","og_site_name":"BRIDAL FASHION \u2122 | Luxurious Wedding Dresses &amp; Fashionable Gowns for Women, Girls and Kids","og_image":[{"width":1516,"height":2000,"url":"https:\/\/bridalfashion.com\/wp-content\/uploads\/2021\/09\/WF0028_A2_MH.jpg","type":"image\/jpeg"}],"twitter_card":"summary_large_image","twitter_misc":{"Timp estimat pentru citire":"1 minut"},"schema":{"@context":"https:\/\/schema.org","@graph":[{"@type":"WebPage","@id":"https:\/\/bridalfashion.com\/ro\/white-flowers-2020-ro\/rochie-scurta-eleganta-cu-o-trena-detasabila-wf0028\/","url":"https:\/\/bridalfashion.com\/ro\/white-flowers-2020-ro\/rochie-scurta-eleganta-cu-o-trena-detasabila-wf0028\/","name":"Fermecatoare rochie scurta eleganta WESLEE - WF0028 - BRIDAL FASHION \u2122 | Luxurious Wedding Dresses &amp; Fashionable Gowns for Women, Girls and Kids","isPartOf":{"@id":"https:\/\/bridalfashion.com\/ro\/#website"},"primaryImageOfPage":{"@id":"https:\/\/bridalfashion.com\/ro\/white-flowers-2020-ro\/rochie-scurta-eleganta-cu-o-trena-detasabila-wf0028\/#primaryimage"},"image":{"@id":"https:\/\/bridalfashion.com\/ro\/white-flowers-2020-ro\/rochie-scurta-eleganta-cu-o-trena-detasabila-wf0028\/#primaryimage"},"thumbnailUrl":"https:\/\/bridalfashion.com\/wp-content\/uploads\/2021\/09\/WF0028_A2_MH.jpg","datePublished":"2022-10-04T09:19:35+00:00","description":"Rochie scurt\u0103 elegant\u0103 cu tren\u0103 deta\u0219abil\u0103 WESLEE - WF0028 la alegere pe alb \u0219i ivory. Bustul din dantele chantilly, \u00eempodobit cu cristale \u00een zona decolteului \u0219i la br\u00e2u, fusta bogat\u0103, m\u00e2neci \u0219i tren\u0103 din tul","breadcrumb":{"@id":"https:\/\/bridalfashion.com\/ro\/white-flowers-2020-ro\/rochie-scurta-eleganta-cu-o-trena-detasabila-wf0028\/#breadcrumb"},"inLanguage":"ro-RO","potentialAction":[{"@type":"ReadAction","target":["https:\/\/bridalfashion.com\/ro\/white-flowers-2020-ro\/rochie-scurta-eleganta-cu-o-trena-detasabila-wf0028\/"]}]},{"@type":"ImageObject","inLanguage":"ro-RO","@id":"https:\/\/bridalfashion.com\/ro\/white-flowers-2020-ro\/rochie-scurta-eleganta-cu-o-trena-detasabila-wf0028\/#primaryimage","url":"https:\/\/bridalfashion.com\/wp-content\/uploads\/2021\/09\/WF0028_A2_MH.jpg","contentUrl":"https:\/\/bridalfashion.com\/wp-content\/uploads\/2021\/09\/WF0028_A2_MH.jpg","width":1516,"height":2000,"caption":"Fermecatoare rochie scurta eleganta WESLEE - WF0028 Vedere fata | BRIDAL FASHION"},{"@type":"BreadcrumbList","@id":"https:\/\/bridalfashion.com\/ro\/white-flowers-2020-ro\/rochie-scurta-eleganta-cu-o-trena-detasabila-wf0028\/#breadcrumb","itemListElement":[{"@type":"ListItem","position":1,"name":"Home","item":"https:\/\/bridalfashion.com\/ro\/"},{"@type":"ListItem","position":2,"name":"Shop","item":"https:\/\/bridalfashion.com\/shop-2\/"},{"@type":"ListItem","position":3,"name":"Fermecatoare rochie scurta eleganta WESLEE &#8211; WF0028"}]},{"@type":"WebSite","@id":"https:\/\/bridalfashion.com\/ro\/#website","url":"https:\/\/bridalfashion.com\/ro\/","name":"BRIDAL FASHION \u2122 | Luxurious Wedding Dresses &amp; Fashionable Gowns for Women, Girls and Kids","description":"Welcome the leading manufacturer and supplier of wedding dresses. We offer in wholesale a large selection of high quality wedding dress collections and accessories for your business at competitive prices. Shop our full range of bridal products today!","publisher":{"@id":"https:\/\/bridalfashion.com\/ro\/#organization"},"potentialAction":[{"@type":"SearchAction","target":{"@type":"EntryPoint","urlTemplate":"https:\/\/bridalfashion.com\/ro\/?s={search_term_string}"},"query-input":{"@type":"PropertyValueSpecification","valueRequired":true,"valueName":"search_term_string"}}],"inLanguage":"ro-RO"},{"@type":"Organization","@id":"https:\/\/bridalfashion.com\/ro\/#organization","name":"BRIDAL FASHION \u2122 | Luxurious Wedding Dresses &amp; Fashionable Gowns for Women, Girls and Kids","url":"https:\/\/bridalfashion.com\/ro\/","logo":{"@type":"ImageObject","inLanguage":"ro-RO","@id":"https:\/\/bridalfashion.com\/ro\/#\/schema\/logo\/image\/","url":"https:\/\/bridalfashion.com\/wp-content\/uploads\/2022\/05\/cropped-BFG.png","contentUrl":"https:\/\/bridalfashion.com\/wp-content\/uploads\/2022\/05\/cropped-BFG.png","width":1771,"height":119,"caption":"BRIDAL FASHION \u2122 | Luxurious Wedding Dresses &amp; Fashionable Gowns for Women, Girls and Kids"},"image":{"@id":"https:\/\/bridalfashion.com\/ro\/#\/schema\/logo\/image\/"}}]}},"_links":{"self":[{"href":"https:\/\/bridalfashion.com\/ro\/wp-json\/wp\/v2\/product\/11882","targetHints":{"allow":["GET"]}}],"collection":[{"href":"https:\/\/bridalfashion.com\/ro\/wp-json\/wp\/v2\/product"}],"about":[{"href":"https:\/\/bridalfashion.com\/ro\/wp-json\/wp\/v2\/types\/product"}],"replies":[{"embeddable":true,"href":"https:\/\/bridalfashion.com\/ro\/wp-json\/wp\/v2\/comments?post=11882"}],"wp:featuredmedia":[{"embeddable":true,"href":"https:\/\/bridalfashion.com\/ro\/wp-json\/wp\/v2\/media\/5034"}],"wp:attachment":[{"href":"https:\/\/bridalfashion.com\/ro\/wp-json\/wp\/v2\/media?parent=11882"}],"wp:term":[{"taxonomy":"product_brand","embeddable":true,"href":"https:\/\/bridalfashion.com\/ro\/wp-json\/wp\/v2\/product_brand?post=11882"},{"taxonomy":"product_cat","embeddable":true,"href":"https:\/\/bridalfashion.com\/ro\/wp-json\/wp\/v2\/product_cat?post=11882"},{"taxonomy":"product_tag","embeddable":true,"href":"https:\/\/bridalfashion.com\/ro\/wp-json\/wp\/v2\/product_tag?post=11882"}],"curies":[{"name":"wp","href":"https:\/\/api.w.org\/{rel}","templated":true}]}}