{"id":11879,"date":"2021-09-27T13:05:47","date_gmt":"2022-10-04T08:45:03","guid":{"rendered":"https:\/\/bridalfashion.com\/fara-categorie\/rochie-pufoasa-exclusiva-pentru-copii-whitney-wf0027\/"},"modified":"2022-10-04T10:45:03","modified_gmt":"2022-10-04T08:45:03","slug":"tinuta-originala-de-designer-pentru-o-tanara-prinesa-wf0027","status":"publish","type":"product","link":"https:\/\/bridalfashion.com\/ro\/white-flowers-2020-ro\/tinuta-originala-de-designer-pentru-o-tanara-prinesa-wf0027\/","title":{"rendered":"Rochie pufoas\u0103 exclusiv\u0103 pentru copii WHITNEY &#8211; WF0027"},"content":{"rendered":"<h2>Descrierea modelului <span style=\"font-size: 18px\">WHITNEY &#8211; <\/span><span style=\"font-size: 1.15em\">WF0027 o rochie pufoas\u0103 exclusivist\u0103 pentru copii, cu fust\u0103 stratificat\u0103<\/span><\/h2>\n<p>Rochie \u00een design original pentru t\u00e2n\u0103ra prin\u021bes\u0103. Bustul este lucrat din saten, \u00eempodobit manual \u00een \u00eentregime cu cristale. La spate rochia are un decolteu elegant, \u00eencheietoare pe fermoar practic invizibil\u0103. Fusta minunat\u0103 este lucrat\u0103 din tul lejer, fiecare r\u00e2nd \u00een partea de jos fiind ajustat cu crinolin\u0103, pentru ca \u021bes\u0103tura volant\u0103 s\u0103-\u0219i p\u0103streze forma ampl\u0103. Culoarea la alegere poate fi pe alb \u0219i ivory. Aceast\u0103 rochie bogat\u0103 cu o fust\u0103 imens\u0103 nu va l\u0103sa pe nimeni indiferent, iar pozele frumoasei mici vor fi ca din poveste.<\/p>\n","protected":false},"excerpt":{"rendered":"<p>Descrierea modelului WHITNEY &#8211; WF0027 o rochie pufoas\u0103 exclusivist\u0103 pentru copii, cu fust\u0103 stratificat\u0103 Rochie \u00een design original pentru t\u00e2n\u0103ra prin\u021bes\u0103. Bustul este lucrat din saten, \u00eempodobit manual \u00een \u00eentregime cu cristale. La spate rochia are un decolteu elegant, \u00eencheietoare pe fermoar practic invizibil\u0103. Fusta minunat\u0103 este lucrat\u0103 din tul lejer, fiecare r\u00e2nd \u00een partea&hellip;<\/p>\n","protected":false},"featured_media":5010,"comment_status":"open","ping_status":"closed","template":"","meta":[],"product_brand":[],"product_cat":[939],"product_tag":[],"class_list":{"0":"post-11879","1":"product","2":"type-product","3":"status-publish","4":"has-post-thumbnail","6":"product_cat-white-flowers-2020-ro","8":"first","9":"instock","10":"taxable","11":"shipping-taxable","12":"product-type-simple"},"yoast_head":"<!-- This site is optimized with the Yoast SEO plugin v27.5 - https:\/\/yoast.com\/product\/yoast-seo-wordpress\/ -->\n<title>Rochie pufoas\u0103 exclusiv\u0103 pentru copii WHITNEY - WF0027 - BRIDAL FASHION \u2122 | Luxurious Wedding Dresses &amp; Fashionable Gowns for Women, Girls and Kids<\/title>\n<meta name=\"description\" content=\"Rochie faimoas\u0103 cu o fust\u0103 ampl\u0103 \u00een r\u00e2nduri numeroase WHITNEY - WF0027, poate fi aleas\u0103 pe ab \u0219i ivory. Bustul din saten este decorat cu cristale, fustele \u00een partea de jos au crinoline cusute pentru a p\u0103stra forma impecabil\u0103\" \/>\n<meta name=\"robots\" content=\"index, follow, max-snippet:-1, max-image-preview:large, max-video-preview:-1\" \/>\n<link rel=\"canonical\" href=\"https:\/\/bridalfashion.com\/ro\/white-flowers-2020-ro\/tinuta-originala-de-designer-pentru-o-tanara-prinesa-wf0027\/\" \/>\n<meta property=\"og:locale\" content=\"ro_RO\" \/>\n<meta property=\"og:type\" content=\"article\" \/>\n<meta property=\"og:title\" content=\"Rochie pufoas\u0103 exclusiv\u0103 pentru copii WHITNEY - WF0027 - BRIDAL FASHION \u2122 | Luxurious Wedding Dresses &amp; Fashionable Gowns for Women, Girls and Kids\" \/>\n<meta property=\"og:description\" content=\"Rochie faimoas\u0103 cu o fust\u0103 ampl\u0103 \u00een r\u00e2nduri numeroase WHITNEY - WF0027, poate fi aleas\u0103 pe ab \u0219i ivory. Bustul din saten este decorat cu cristale, fustele \u00een partea de jos au crinoline cusute pentru a p\u0103stra forma impecabil\u0103\" \/>\n<meta property=\"og:url\" content=\"https:\/\/bridalfashion.com\/ro\/white-flowers-2020-ro\/tinuta-originala-de-designer-pentru-o-tanara-prinesa-wf0027\/\" \/>\n<meta property=\"og:site_name\" content=\"BRIDAL FASHION \u2122 | Luxurious Wedding Dresses &amp; Fashionable Gowns for Women, Girls and Kids\" \/>\n<meta property=\"og:image\" content=\"https:\/\/bridalfashion.com\/wp-content\/uploads\/2021\/09\/WF0027_C_MH.jpg\" \/>\n\t<meta property=\"og:image:width\" content=\"1516\" \/>\n\t<meta property=\"og:image:height\" content=\"2000\" \/>\n\t<meta property=\"og:image:type\" content=\"image\/jpeg\" \/>\n<meta name=\"twitter:card\" content=\"summary_large_image\" \/>\n<meta name=\"twitter:label1\" content=\"Timp estimat pentru citire\" \/>\n\t<meta name=\"twitter:data1\" content=\"1 minut\" \/>\n<script type=\"application\/ld+json\" class=\"yoast-schema-graph\">{\"@context\":\"https:\\\/\\\/schema.org\",\"@graph\":[{\"@type\":\"WebPage\",\"@id\":\"https:\\\/\\\/bridalfashion.com\\\/ro\\\/white-flowers-2020-ro\\\/tinuta-originala-de-designer-pentru-o-tanara-prinesa-wf0027\\\/\",\"url\":\"https:\\\/\\\/bridalfashion.com\\\/ro\\\/white-flowers-2020-ro\\\/tinuta-originala-de-designer-pentru-o-tanara-prinesa-wf0027\\\/\",\"name\":\"Rochie pufoas\u0103 exclusiv\u0103 pentru copii WHITNEY - WF0027 - BRIDAL FASHION \u2122 | Luxurious Wedding Dresses &amp; Fashionable Gowns for Women, Girls and Kids\",\"isPartOf\":{\"@id\":\"https:\\\/\\\/bridalfashion.com\\\/ro\\\/#website\"},\"primaryImageOfPage\":{\"@id\":\"https:\\\/\\\/bridalfashion.com\\\/ro\\\/white-flowers-2020-ro\\\/tinuta-originala-de-designer-pentru-o-tanara-prinesa-wf0027\\\/#primaryimage\"},\"image\":{\"@id\":\"https:\\\/\\\/bridalfashion.com\\\/ro\\\/white-flowers-2020-ro\\\/tinuta-originala-de-designer-pentru-o-tanara-prinesa-wf0027\\\/#primaryimage\"},\"thumbnailUrl\":\"https:\\\/\\\/bridalfashion.com\\\/wp-content\\\/uploads\\\/2021\\\/09\\\/WF0027_C_MH.jpg\",\"datePublished\":\"2022-10-04T08:45:03+00:00\",\"description\":\"Rochie faimoas\u0103 cu o fust\u0103 ampl\u0103 \u00een r\u00e2nduri numeroase WHITNEY - WF0027, poate fi aleas\u0103 pe ab \u0219i ivory. Bustul din saten este decorat cu cristale, fustele \u00een partea de jos au crinoline cusute pentru a p\u0103stra forma impecabil\u0103\",\"breadcrumb\":{\"@id\":\"https:\\\/\\\/bridalfashion.com\\\/ro\\\/white-flowers-2020-ro\\\/tinuta-originala-de-designer-pentru-o-tanara-prinesa-wf0027\\\/#breadcrumb\"},\"inLanguage\":\"ro-RO\",\"potentialAction\":[{\"@type\":\"ReadAction\",\"target\":[\"https:\\\/\\\/bridalfashion.com\\\/ro\\\/white-flowers-2020-ro\\\/tinuta-originala-de-designer-pentru-o-tanara-prinesa-wf0027\\\/\"]}]},{\"@type\":\"ImageObject\",\"inLanguage\":\"ro-RO\",\"@id\":\"https:\\\/\\\/bridalfashion.com\\\/ro\\\/white-flowers-2020-ro\\\/tinuta-originala-de-designer-pentru-o-tanara-prinesa-wf0027\\\/#primaryimage\",\"url\":\"https:\\\/\\\/bridalfashion.com\\\/wp-content\\\/uploads\\\/2021\\\/09\\\/WF0027_C_MH.jpg\",\"contentUrl\":\"https:\\\/\\\/bridalfashion.com\\\/wp-content\\\/uploads\\\/2021\\\/09\\\/WF0027_C_MH.jpg\",\"width\":1516,\"height\":2000,\"caption\":\"Rochie pufoas\u0103 exclusiv\u0103 pentru copii WHITNEY - WF0027 Vizualizare zoom din spate | BRIDAL FASHION\"},{\"@type\":\"BreadcrumbList\",\"@id\":\"https:\\\/\\\/bridalfashion.com\\\/ro\\\/white-flowers-2020-ro\\\/tinuta-originala-de-designer-pentru-o-tanara-prinesa-wf0027\\\/#breadcrumb\",\"itemListElement\":[{\"@type\":\"ListItem\",\"position\":1,\"name\":\"Home\",\"item\":\"https:\\\/\\\/bridalfashion.com\\\/ro\\\/\"},{\"@type\":\"ListItem\",\"position\":2,\"name\":\"Shop\",\"item\":\"https:\\\/\\\/bridalfashion.com\\\/shop-2\\\/\"},{\"@type\":\"ListItem\",\"position\":3,\"name\":\"Rochie pufoas\u0103 exclusiv\u0103 pentru copii WHITNEY &#8211; WF0027\"}]},{\"@type\":\"WebSite\",\"@id\":\"https:\\\/\\\/bridalfashion.com\\\/ro\\\/#website\",\"url\":\"https:\\\/\\\/bridalfashion.com\\\/ro\\\/\",\"name\":\"BRIDAL FASHION \u2122 | Luxurious Wedding Dresses &amp; Fashionable Gowns for Women, Girls and Kids\",\"description\":\"Welcome the leading manufacturer and supplier of wedding dresses. We offer in wholesale a large selection of high quality wedding dress collections and accessories for your business at competitive prices. Shop our full range of bridal products today!\",\"publisher\":{\"@id\":\"https:\\\/\\\/bridalfashion.com\\\/ro\\\/#organization\"},\"potentialAction\":[{\"@type\":\"SearchAction\",\"target\":{\"@type\":\"EntryPoint\",\"urlTemplate\":\"https:\\\/\\\/bridalfashion.com\\\/ro\\\/?s={search_term_string}\"},\"query-input\":{\"@type\":\"PropertyValueSpecification\",\"valueRequired\":true,\"valueName\":\"search_term_string\"}}],\"inLanguage\":\"ro-RO\"},{\"@type\":\"Organization\",\"@id\":\"https:\\\/\\\/bridalfashion.com\\\/ro\\\/#organization\",\"name\":\"BRIDAL FASHION \u2122 | Luxurious Wedding Dresses &amp; Fashionable Gowns for Women, Girls and Kids\",\"url\":\"https:\\\/\\\/bridalfashion.com\\\/ro\\\/\",\"logo\":{\"@type\":\"ImageObject\",\"inLanguage\":\"ro-RO\",\"@id\":\"https:\\\/\\\/bridalfashion.com\\\/ro\\\/#\\\/schema\\\/logo\\\/image\\\/\",\"url\":\"https:\\\/\\\/bridalfashion.com\\\/wp-content\\\/uploads\\\/2022\\\/05\\\/cropped-BFG.png\",\"contentUrl\":\"https:\\\/\\\/bridalfashion.com\\\/wp-content\\\/uploads\\\/2022\\\/05\\\/cropped-BFG.png\",\"width\":1771,\"height\":119,\"caption\":\"BRIDAL FASHION \u2122 | Luxurious Wedding Dresses &amp; Fashionable Gowns for Women, Girls and Kids\"},\"image\":{\"@id\":\"https:\\\/\\\/bridalfashion.com\\\/ro\\\/#\\\/schema\\\/logo\\\/image\\\/\"}}]}<\/script>\n<!-- \/ Yoast SEO plugin. -->","yoast_head_json":{"title":"Rochie pufoas\u0103 exclusiv\u0103 pentru copii WHITNEY - WF0027 - BRIDAL FASHION \u2122 | Luxurious Wedding Dresses &amp; Fashionable Gowns for Women, Girls and Kids","description":"Rochie faimoas\u0103 cu o fust\u0103 ampl\u0103 \u00een r\u00e2nduri numeroase WHITNEY - WF0027, poate fi aleas\u0103 pe ab \u0219i ivory. Bustul din saten este decorat cu cristale, fustele \u00een partea de jos au crinoline cusute pentru a p\u0103stra forma impecabil\u0103","robots":{"index":"index","follow":"follow","max-snippet":"max-snippet:-1","max-image-preview":"max-image-preview:large","max-video-preview":"max-video-preview:-1"},"canonical":"https:\/\/bridalfashion.com\/ro\/white-flowers-2020-ro\/tinuta-originala-de-designer-pentru-o-tanara-prinesa-wf0027\/","og_locale":"ro_RO","og_type":"article","og_title":"Rochie pufoas\u0103 exclusiv\u0103 pentru copii WHITNEY - WF0027 - BRIDAL FASHION \u2122 | Luxurious Wedding Dresses &amp; Fashionable Gowns for Women, Girls and Kids","og_description":"Rochie faimoas\u0103 cu o fust\u0103 ampl\u0103 \u00een r\u00e2nduri numeroase WHITNEY - WF0027, poate fi aleas\u0103 pe ab \u0219i ivory. Bustul din saten este decorat cu cristale, fustele \u00een partea de jos au crinoline cusute pentru a p\u0103stra forma impecabil\u0103","og_url":"https:\/\/bridalfashion.com\/ro\/white-flowers-2020-ro\/tinuta-originala-de-designer-pentru-o-tanara-prinesa-wf0027\/","og_site_name":"BRIDAL FASHION \u2122 | Luxurious Wedding Dresses &amp; Fashionable Gowns for Women, Girls and Kids","og_image":[{"width":1516,"height":2000,"url":"https:\/\/bridalfashion.com\/wp-content\/uploads\/2021\/09\/WF0027_C_MH.jpg","type":"image\/jpeg"}],"twitter_card":"summary_large_image","twitter_misc":{"Timp estimat pentru citire":"1 minut"},"schema":{"@context":"https:\/\/schema.org","@graph":[{"@type":"WebPage","@id":"https:\/\/bridalfashion.com\/ro\/white-flowers-2020-ro\/tinuta-originala-de-designer-pentru-o-tanara-prinesa-wf0027\/","url":"https:\/\/bridalfashion.com\/ro\/white-flowers-2020-ro\/tinuta-originala-de-designer-pentru-o-tanara-prinesa-wf0027\/","name":"Rochie pufoas\u0103 exclusiv\u0103 pentru copii WHITNEY - WF0027 - BRIDAL FASHION \u2122 | Luxurious Wedding Dresses &amp; Fashionable Gowns for Women, Girls and Kids","isPartOf":{"@id":"https:\/\/bridalfashion.com\/ro\/#website"},"primaryImageOfPage":{"@id":"https:\/\/bridalfashion.com\/ro\/white-flowers-2020-ro\/tinuta-originala-de-designer-pentru-o-tanara-prinesa-wf0027\/#primaryimage"},"image":{"@id":"https:\/\/bridalfashion.com\/ro\/white-flowers-2020-ro\/tinuta-originala-de-designer-pentru-o-tanara-prinesa-wf0027\/#primaryimage"},"thumbnailUrl":"https:\/\/bridalfashion.com\/wp-content\/uploads\/2021\/09\/WF0027_C_MH.jpg","datePublished":"2022-10-04T08:45:03+00:00","description":"Rochie faimoas\u0103 cu o fust\u0103 ampl\u0103 \u00een r\u00e2nduri numeroase WHITNEY - WF0027, poate fi aleas\u0103 pe ab \u0219i ivory. Bustul din saten este decorat cu cristale, fustele \u00een partea de jos au crinoline cusute pentru a p\u0103stra forma impecabil\u0103","breadcrumb":{"@id":"https:\/\/bridalfashion.com\/ro\/white-flowers-2020-ro\/tinuta-originala-de-designer-pentru-o-tanara-prinesa-wf0027\/#breadcrumb"},"inLanguage":"ro-RO","potentialAction":[{"@type":"ReadAction","target":["https:\/\/bridalfashion.com\/ro\/white-flowers-2020-ro\/tinuta-originala-de-designer-pentru-o-tanara-prinesa-wf0027\/"]}]},{"@type":"ImageObject","inLanguage":"ro-RO","@id":"https:\/\/bridalfashion.com\/ro\/white-flowers-2020-ro\/tinuta-originala-de-designer-pentru-o-tanara-prinesa-wf0027\/#primaryimage","url":"https:\/\/bridalfashion.com\/wp-content\/uploads\/2021\/09\/WF0027_C_MH.jpg","contentUrl":"https:\/\/bridalfashion.com\/wp-content\/uploads\/2021\/09\/WF0027_C_MH.jpg","width":1516,"height":2000,"caption":"Rochie pufoas\u0103 exclusiv\u0103 pentru copii WHITNEY - WF0027 Vizualizare zoom din spate | BRIDAL FASHION"},{"@type":"BreadcrumbList","@id":"https:\/\/bridalfashion.com\/ro\/white-flowers-2020-ro\/tinuta-originala-de-designer-pentru-o-tanara-prinesa-wf0027\/#breadcrumb","itemListElement":[{"@type":"ListItem","position":1,"name":"Home","item":"https:\/\/bridalfashion.com\/ro\/"},{"@type":"ListItem","position":2,"name":"Shop","item":"https:\/\/bridalfashion.com\/shop-2\/"},{"@type":"ListItem","position":3,"name":"Rochie pufoas\u0103 exclusiv\u0103 pentru copii WHITNEY &#8211; WF0027"}]},{"@type":"WebSite","@id":"https:\/\/bridalfashion.com\/ro\/#website","url":"https:\/\/bridalfashion.com\/ro\/","name":"BRIDAL FASHION \u2122 | Luxurious Wedding Dresses &amp; Fashionable Gowns for Women, Girls and Kids","description":"Welcome the leading manufacturer and supplier of wedding dresses. We offer in wholesale a large selection of high quality wedding dress collections and accessories for your business at competitive prices. Shop our full range of bridal products today!","publisher":{"@id":"https:\/\/bridalfashion.com\/ro\/#organization"},"potentialAction":[{"@type":"SearchAction","target":{"@type":"EntryPoint","urlTemplate":"https:\/\/bridalfashion.com\/ro\/?s={search_term_string}"},"query-input":{"@type":"PropertyValueSpecification","valueRequired":true,"valueName":"search_term_string"}}],"inLanguage":"ro-RO"},{"@type":"Organization","@id":"https:\/\/bridalfashion.com\/ro\/#organization","name":"BRIDAL FASHION \u2122 | Luxurious Wedding Dresses &amp; Fashionable Gowns for Women, Girls and Kids","url":"https:\/\/bridalfashion.com\/ro\/","logo":{"@type":"ImageObject","inLanguage":"ro-RO","@id":"https:\/\/bridalfashion.com\/ro\/#\/schema\/logo\/image\/","url":"https:\/\/bridalfashion.com\/wp-content\/uploads\/2022\/05\/cropped-BFG.png","contentUrl":"https:\/\/bridalfashion.com\/wp-content\/uploads\/2022\/05\/cropped-BFG.png","width":1771,"height":119,"caption":"BRIDAL FASHION \u2122 | Luxurious Wedding Dresses &amp; Fashionable Gowns for Women, Girls and Kids"},"image":{"@id":"https:\/\/bridalfashion.com\/ro\/#\/schema\/logo\/image\/"}}]}},"_links":{"self":[{"href":"https:\/\/bridalfashion.com\/ro\/wp-json\/wp\/v2\/product\/11879","targetHints":{"allow":["GET"]}}],"collection":[{"href":"https:\/\/bridalfashion.com\/ro\/wp-json\/wp\/v2\/product"}],"about":[{"href":"https:\/\/bridalfashion.com\/ro\/wp-json\/wp\/v2\/types\/product"}],"replies":[{"embeddable":true,"href":"https:\/\/bridalfashion.com\/ro\/wp-json\/wp\/v2\/comments?post=11879"}],"wp:featuredmedia":[{"embeddable":true,"href":"https:\/\/bridalfashion.com\/ro\/wp-json\/wp\/v2\/media\/5010"}],"wp:attachment":[{"href":"https:\/\/bridalfashion.com\/ro\/wp-json\/wp\/v2\/media?parent=11879"}],"wp:term":[{"taxonomy":"product_brand","embeddable":true,"href":"https:\/\/bridalfashion.com\/ro\/wp-json\/wp\/v2\/product_brand?post=11879"},{"taxonomy":"product_cat","embeddable":true,"href":"https:\/\/bridalfashion.com\/ro\/wp-json\/wp\/v2\/product_cat?post=11879"},{"taxonomy":"product_tag","embeddable":true,"href":"https:\/\/bridalfashion.com\/ro\/wp-json\/wp\/v2\/product_tag?post=11879"}],"curies":[{"name":"wp","href":"https:\/\/api.w.org\/{rel}","templated":true}]}}