{"id":11873,"date":"2021-09-27T12:57:57","date_gmt":"2022-10-04T08:00:50","guid":{"rendered":"https:\/\/bridalfashion.com\/fara-categorie\/fermecatoare-rochie-printesa-filipa-wf0025\/"},"modified":"2022-10-04T10:00:50","modified_gmt":"2022-10-04T08:00:50","slug":"rochie-de-printesa-cu-decor-de-cristal-wf0025","status":"publish","type":"product","link":"https:\/\/bridalfashion.com\/ro\/white-flowers-2020-ro\/rochie-de-printesa-cu-decor-de-cristal-wf0025\/","title":{"rendered":"Fermecatoare rochie printesa FILIPA &#8211; WF0025"},"content":{"rendered":"<h2>Descrierea modelului <span style=\"font-size: 18px\">FILIPA &#8211; <\/span><span style=\"font-size: 1.15em\">WF0025 o rochie fermec\u0103toare de prin\u021bes\u0103 cu decor de cristal<\/span><\/h2>\n<p>Rochie romantic\u0103 pentru t\u00e2n\u0103ra frumoas\u0103, poate fi aleas\u0103 pe alb, ivory say ivory cu cappuccino. Rochia este lucrat\u0103 din \u021bes\u0103turi scumpe cu broderie macrame. Bustul cu m\u00e2neci scurte pe o manjet\u0103 din saten, se \u00eenchide la spate cu un sistem triplu: fermoar, \u0219iret \u0219i un r\u00e2nd vertical de nasturi. Bustul \u00een partea de sus, manjetele \u0219i br\u00e2ul sunt \u00eempodobite manual cu cristale. Fusta bogat\u0103 f\u0103r\u0103 tren\u0103 are pe jos cusut\u0103 crinolin\u0103 pentru a-i p\u0103stra forma. Aceast\u0103 rochie-prin\u021bes\u0103 minunat\u0103 este completat\u0103 cu decor din cristale \u0219i cu o fundi\u021b\u0103 din saten la spate.<\/p>\n","protected":false},"excerpt":{"rendered":"<p>Descrierea modelului FILIPA &#8211; WF0025 o rochie fermec\u0103toare de prin\u021bes\u0103 cu decor de cristal Rochie romantic\u0103 pentru t\u00e2n\u0103ra frumoas\u0103, poate fi aleas\u0103 pe alb, ivory say ivory cu cappuccino. Rochia este lucrat\u0103 din \u021bes\u0103turi scumpe cu broderie macrame. Bustul cu m\u00e2neci scurte pe o manjet\u0103 din saten, se \u00eenchide la spate cu un sistem triplu:&hellip;<\/p>\n","protected":false},"featured_media":4950,"comment_status":"open","ping_status":"closed","template":"","meta":[],"product_brand":[],"product_cat":[939],"product_tag":[],"class_list":{"0":"post-11873","1":"product","2":"type-product","3":"status-publish","4":"has-post-thumbnail","6":"product_cat-white-flowers-2020-ro","8":"first","9":"instock","10":"taxable","11":"shipping-taxable","12":"product-type-simple"},"yoast_head":"<!-- This site is optimized with the Yoast SEO plugin v27.5 - https:\/\/yoast.com\/product\/yoast-seo-wordpress\/ -->\n<title>Fermecatoare rochie printesa FILIPA - WF0025 - BRIDAL FASHION \u2122 | Luxurious Wedding Dresses &amp; Fashionable Gowns for Women, Girls and Kids<\/title>\n<meta name=\"description\" content=\"Rochie-prin\u021bes\u0103 cu decor de cristale FILIPA - WF0025 poate fi aleas\u0103 \u00een doverse culori. Fiind lucrat\u0103 din \u021bes\u0103turi scumpe, rochia are m\u00e2neci scurte cu manjete, fust\u0103 ampl\u0103 pe crinolin\u0103 \u0219i br\u00e2u cu fundi\u021b\u0103\" \/>\n<meta name=\"robots\" content=\"index, follow, max-snippet:-1, max-image-preview:large, max-video-preview:-1\" \/>\n<link rel=\"canonical\" href=\"https:\/\/bridalfashion.com\/ro\/white-flowers-2020-ro\/rochie-de-printesa-cu-decor-de-cristal-wf0025\/\" \/>\n<meta property=\"og:locale\" content=\"ro_RO\" \/>\n<meta property=\"og:type\" content=\"article\" \/>\n<meta property=\"og:title\" content=\"Fermecatoare rochie printesa FILIPA - WF0025 - BRIDAL FASHION \u2122 | Luxurious Wedding Dresses &amp; Fashionable Gowns for Women, Girls and Kids\" \/>\n<meta property=\"og:description\" content=\"Rochie-prin\u021bes\u0103 cu decor de cristale FILIPA - WF0025 poate fi aleas\u0103 \u00een doverse culori. Fiind lucrat\u0103 din \u021bes\u0103turi scumpe, rochia are m\u00e2neci scurte cu manjete, fust\u0103 ampl\u0103 pe crinolin\u0103 \u0219i br\u00e2u cu fundi\u021b\u0103\" \/>\n<meta property=\"og:url\" content=\"https:\/\/bridalfashion.com\/ro\/white-flowers-2020-ro\/rochie-de-printesa-cu-decor-de-cristal-wf0025\/\" \/>\n<meta property=\"og:site_name\" content=\"BRIDAL FASHION \u2122 | Luxurious Wedding Dresses &amp; Fashionable Gowns for Women, Girls and Kids\" \/>\n<meta property=\"og:image\" content=\"https:\/\/bridalfashion.com\/wp-content\/uploads\/2021\/09\/WF0025_A_MH.jpg\" \/>\n\t<meta property=\"og:image:width\" content=\"1516\" \/>\n\t<meta property=\"og:image:height\" content=\"2000\" \/>\n\t<meta property=\"og:image:type\" content=\"image\/jpeg\" \/>\n<meta name=\"twitter:card\" content=\"summary_large_image\" \/>\n<meta name=\"twitter:label1\" content=\"Timp estimat pentru citire\" \/>\n\t<meta name=\"twitter:data1\" content=\"1 minut\" \/>\n<script type=\"application\/ld+json\" class=\"yoast-schema-graph\">{\"@context\":\"https:\\\/\\\/schema.org\",\"@graph\":[{\"@type\":\"WebPage\",\"@id\":\"https:\\\/\\\/bridalfashion.com\\\/ro\\\/white-flowers-2020-ro\\\/rochie-de-printesa-cu-decor-de-cristal-wf0025\\\/\",\"url\":\"https:\\\/\\\/bridalfashion.com\\\/ro\\\/white-flowers-2020-ro\\\/rochie-de-printesa-cu-decor-de-cristal-wf0025\\\/\",\"name\":\"Fermecatoare rochie printesa FILIPA - WF0025 - BRIDAL FASHION \u2122 | Luxurious Wedding Dresses &amp; Fashionable Gowns for Women, Girls and Kids\",\"isPartOf\":{\"@id\":\"https:\\\/\\\/bridalfashion.com\\\/ro\\\/#website\"},\"primaryImageOfPage\":{\"@id\":\"https:\\\/\\\/bridalfashion.com\\\/ro\\\/white-flowers-2020-ro\\\/rochie-de-printesa-cu-decor-de-cristal-wf0025\\\/#primaryimage\"},\"image\":{\"@id\":\"https:\\\/\\\/bridalfashion.com\\\/ro\\\/white-flowers-2020-ro\\\/rochie-de-printesa-cu-decor-de-cristal-wf0025\\\/#primaryimage\"},\"thumbnailUrl\":\"https:\\\/\\\/bridalfashion.com\\\/wp-content\\\/uploads\\\/2021\\\/09\\\/WF0025_A_MH.jpg\",\"datePublished\":\"2022-10-04T08:00:50+00:00\",\"description\":\"Rochie-prin\u021bes\u0103 cu decor de cristale FILIPA - WF0025 poate fi aleas\u0103 \u00een doverse culori. Fiind lucrat\u0103 din \u021bes\u0103turi scumpe, rochia are m\u00e2neci scurte cu manjete, fust\u0103 ampl\u0103 pe crinolin\u0103 \u0219i br\u00e2u cu fundi\u021b\u0103\",\"breadcrumb\":{\"@id\":\"https:\\\/\\\/bridalfashion.com\\\/ro\\\/white-flowers-2020-ro\\\/rochie-de-printesa-cu-decor-de-cristal-wf0025\\\/#breadcrumb\"},\"inLanguage\":\"ro-RO\",\"potentialAction\":[{\"@type\":\"ReadAction\",\"target\":[\"https:\\\/\\\/bridalfashion.com\\\/ro\\\/white-flowers-2020-ro\\\/rochie-de-printesa-cu-decor-de-cristal-wf0025\\\/\"]}]},{\"@type\":\"ImageObject\",\"inLanguage\":\"ro-RO\",\"@id\":\"https:\\\/\\\/bridalfashion.com\\\/ro\\\/white-flowers-2020-ro\\\/rochie-de-printesa-cu-decor-de-cristal-wf0025\\\/#primaryimage\",\"url\":\"https:\\\/\\\/bridalfashion.com\\\/wp-content\\\/uploads\\\/2021\\\/09\\\/WF0025_A_MH.jpg\",\"contentUrl\":\"https:\\\/\\\/bridalfashion.com\\\/wp-content\\\/uploads\\\/2021\\\/09\\\/WF0025_A_MH.jpg\",\"width\":1516,\"height\":2000,\"caption\":\"Rochie fermec\u0103toare de prin\u021bes\u0103 FILIPA - WF0025 Vedere din fa\u021b\u0103 | BRIDAL FASHION\"},{\"@type\":\"BreadcrumbList\",\"@id\":\"https:\\\/\\\/bridalfashion.com\\\/ro\\\/white-flowers-2020-ro\\\/rochie-de-printesa-cu-decor-de-cristal-wf0025\\\/#breadcrumb\",\"itemListElement\":[{\"@type\":\"ListItem\",\"position\":1,\"name\":\"Home\",\"item\":\"https:\\\/\\\/bridalfashion.com\\\/ro\\\/\"},{\"@type\":\"ListItem\",\"position\":2,\"name\":\"Shop\",\"item\":\"https:\\\/\\\/bridalfashion.com\\\/shop-2\\\/\"},{\"@type\":\"ListItem\",\"position\":3,\"name\":\"Fermecatoare rochie printesa FILIPA &#8211; WF0025\"}]},{\"@type\":\"WebSite\",\"@id\":\"https:\\\/\\\/bridalfashion.com\\\/ro\\\/#website\",\"url\":\"https:\\\/\\\/bridalfashion.com\\\/ro\\\/\",\"name\":\"BRIDAL FASHION \u2122 | Luxurious Wedding Dresses &amp; Fashionable Gowns for Women, Girls and Kids\",\"description\":\"Welcome the leading manufacturer and supplier of wedding dresses. We offer in wholesale a large selection of high quality wedding dress collections and accessories for your business at competitive prices. Shop our full range of bridal products today!\",\"publisher\":{\"@id\":\"https:\\\/\\\/bridalfashion.com\\\/ro\\\/#organization\"},\"potentialAction\":[{\"@type\":\"SearchAction\",\"target\":{\"@type\":\"EntryPoint\",\"urlTemplate\":\"https:\\\/\\\/bridalfashion.com\\\/ro\\\/?s={search_term_string}\"},\"query-input\":{\"@type\":\"PropertyValueSpecification\",\"valueRequired\":true,\"valueName\":\"search_term_string\"}}],\"inLanguage\":\"ro-RO\"},{\"@type\":\"Organization\",\"@id\":\"https:\\\/\\\/bridalfashion.com\\\/ro\\\/#organization\",\"name\":\"BRIDAL FASHION \u2122 | Luxurious Wedding Dresses &amp; Fashionable Gowns for Women, Girls and Kids\",\"url\":\"https:\\\/\\\/bridalfashion.com\\\/ro\\\/\",\"logo\":{\"@type\":\"ImageObject\",\"inLanguage\":\"ro-RO\",\"@id\":\"https:\\\/\\\/bridalfashion.com\\\/ro\\\/#\\\/schema\\\/logo\\\/image\\\/\",\"url\":\"https:\\\/\\\/bridalfashion.com\\\/wp-content\\\/uploads\\\/2022\\\/05\\\/cropped-BFG.png\",\"contentUrl\":\"https:\\\/\\\/bridalfashion.com\\\/wp-content\\\/uploads\\\/2022\\\/05\\\/cropped-BFG.png\",\"width\":1771,\"height\":119,\"caption\":\"BRIDAL FASHION \u2122 | Luxurious Wedding Dresses &amp; Fashionable Gowns for Women, Girls and Kids\"},\"image\":{\"@id\":\"https:\\\/\\\/bridalfashion.com\\\/ro\\\/#\\\/schema\\\/logo\\\/image\\\/\"}}]}<\/script>\n<!-- \/ Yoast SEO plugin. -->","yoast_head_json":{"title":"Fermecatoare rochie printesa FILIPA - WF0025 - BRIDAL FASHION \u2122 | Luxurious Wedding Dresses &amp; Fashionable Gowns for Women, Girls and Kids","description":"Rochie-prin\u021bes\u0103 cu decor de cristale FILIPA - WF0025 poate fi aleas\u0103 \u00een doverse culori. Fiind lucrat\u0103 din \u021bes\u0103turi scumpe, rochia are m\u00e2neci scurte cu manjete, fust\u0103 ampl\u0103 pe crinolin\u0103 \u0219i br\u00e2u cu fundi\u021b\u0103","robots":{"index":"index","follow":"follow","max-snippet":"max-snippet:-1","max-image-preview":"max-image-preview:large","max-video-preview":"max-video-preview:-1"},"canonical":"https:\/\/bridalfashion.com\/ro\/white-flowers-2020-ro\/rochie-de-printesa-cu-decor-de-cristal-wf0025\/","og_locale":"ro_RO","og_type":"article","og_title":"Fermecatoare rochie printesa FILIPA - WF0025 - BRIDAL FASHION \u2122 | Luxurious Wedding Dresses &amp; Fashionable Gowns for Women, Girls and Kids","og_description":"Rochie-prin\u021bes\u0103 cu decor de cristale FILIPA - WF0025 poate fi aleas\u0103 \u00een doverse culori. Fiind lucrat\u0103 din \u021bes\u0103turi scumpe, rochia are m\u00e2neci scurte cu manjete, fust\u0103 ampl\u0103 pe crinolin\u0103 \u0219i br\u00e2u cu fundi\u021b\u0103","og_url":"https:\/\/bridalfashion.com\/ro\/white-flowers-2020-ro\/rochie-de-printesa-cu-decor-de-cristal-wf0025\/","og_site_name":"BRIDAL FASHION \u2122 | Luxurious Wedding Dresses &amp; Fashionable Gowns for Women, Girls and Kids","og_image":[{"width":1516,"height":2000,"url":"https:\/\/bridalfashion.com\/wp-content\/uploads\/2021\/09\/WF0025_A_MH.jpg","type":"image\/jpeg"}],"twitter_card":"summary_large_image","twitter_misc":{"Timp estimat pentru citire":"1 minut"},"schema":{"@context":"https:\/\/schema.org","@graph":[{"@type":"WebPage","@id":"https:\/\/bridalfashion.com\/ro\/white-flowers-2020-ro\/rochie-de-printesa-cu-decor-de-cristal-wf0025\/","url":"https:\/\/bridalfashion.com\/ro\/white-flowers-2020-ro\/rochie-de-printesa-cu-decor-de-cristal-wf0025\/","name":"Fermecatoare rochie printesa FILIPA - WF0025 - BRIDAL FASHION \u2122 | Luxurious Wedding Dresses &amp; Fashionable Gowns for Women, Girls and Kids","isPartOf":{"@id":"https:\/\/bridalfashion.com\/ro\/#website"},"primaryImageOfPage":{"@id":"https:\/\/bridalfashion.com\/ro\/white-flowers-2020-ro\/rochie-de-printesa-cu-decor-de-cristal-wf0025\/#primaryimage"},"image":{"@id":"https:\/\/bridalfashion.com\/ro\/white-flowers-2020-ro\/rochie-de-printesa-cu-decor-de-cristal-wf0025\/#primaryimage"},"thumbnailUrl":"https:\/\/bridalfashion.com\/wp-content\/uploads\/2021\/09\/WF0025_A_MH.jpg","datePublished":"2022-10-04T08:00:50+00:00","description":"Rochie-prin\u021bes\u0103 cu decor de cristale FILIPA - WF0025 poate fi aleas\u0103 \u00een doverse culori. Fiind lucrat\u0103 din \u021bes\u0103turi scumpe, rochia are m\u00e2neci scurte cu manjete, fust\u0103 ampl\u0103 pe crinolin\u0103 \u0219i br\u00e2u cu fundi\u021b\u0103","breadcrumb":{"@id":"https:\/\/bridalfashion.com\/ro\/white-flowers-2020-ro\/rochie-de-printesa-cu-decor-de-cristal-wf0025\/#breadcrumb"},"inLanguage":"ro-RO","potentialAction":[{"@type":"ReadAction","target":["https:\/\/bridalfashion.com\/ro\/white-flowers-2020-ro\/rochie-de-printesa-cu-decor-de-cristal-wf0025\/"]}]},{"@type":"ImageObject","inLanguage":"ro-RO","@id":"https:\/\/bridalfashion.com\/ro\/white-flowers-2020-ro\/rochie-de-printesa-cu-decor-de-cristal-wf0025\/#primaryimage","url":"https:\/\/bridalfashion.com\/wp-content\/uploads\/2021\/09\/WF0025_A_MH.jpg","contentUrl":"https:\/\/bridalfashion.com\/wp-content\/uploads\/2021\/09\/WF0025_A_MH.jpg","width":1516,"height":2000,"caption":"Rochie fermec\u0103toare de prin\u021bes\u0103 FILIPA - WF0025 Vedere din fa\u021b\u0103 | BRIDAL FASHION"},{"@type":"BreadcrumbList","@id":"https:\/\/bridalfashion.com\/ro\/white-flowers-2020-ro\/rochie-de-printesa-cu-decor-de-cristal-wf0025\/#breadcrumb","itemListElement":[{"@type":"ListItem","position":1,"name":"Home","item":"https:\/\/bridalfashion.com\/ro\/"},{"@type":"ListItem","position":2,"name":"Shop","item":"https:\/\/bridalfashion.com\/shop-2\/"},{"@type":"ListItem","position":3,"name":"Fermecatoare rochie printesa FILIPA &#8211; WF0025"}]},{"@type":"WebSite","@id":"https:\/\/bridalfashion.com\/ro\/#website","url":"https:\/\/bridalfashion.com\/ro\/","name":"BRIDAL FASHION \u2122 | Luxurious Wedding Dresses &amp; Fashionable Gowns for Women, Girls and Kids","description":"Welcome the leading manufacturer and supplier of wedding dresses. We offer in wholesale a large selection of high quality wedding dress collections and accessories for your business at competitive prices. Shop our full range of bridal products today!","publisher":{"@id":"https:\/\/bridalfashion.com\/ro\/#organization"},"potentialAction":[{"@type":"SearchAction","target":{"@type":"EntryPoint","urlTemplate":"https:\/\/bridalfashion.com\/ro\/?s={search_term_string}"},"query-input":{"@type":"PropertyValueSpecification","valueRequired":true,"valueName":"search_term_string"}}],"inLanguage":"ro-RO"},{"@type":"Organization","@id":"https:\/\/bridalfashion.com\/ro\/#organization","name":"BRIDAL FASHION \u2122 | Luxurious Wedding Dresses &amp; Fashionable Gowns for Women, Girls and Kids","url":"https:\/\/bridalfashion.com\/ro\/","logo":{"@type":"ImageObject","inLanguage":"ro-RO","@id":"https:\/\/bridalfashion.com\/ro\/#\/schema\/logo\/image\/","url":"https:\/\/bridalfashion.com\/wp-content\/uploads\/2022\/05\/cropped-BFG.png","contentUrl":"https:\/\/bridalfashion.com\/wp-content\/uploads\/2022\/05\/cropped-BFG.png","width":1771,"height":119,"caption":"BRIDAL FASHION \u2122 | Luxurious Wedding Dresses &amp; Fashionable Gowns for Women, Girls and Kids"},"image":{"@id":"https:\/\/bridalfashion.com\/ro\/#\/schema\/logo\/image\/"}}]}},"_links":{"self":[{"href":"https:\/\/bridalfashion.com\/ro\/wp-json\/wp\/v2\/product\/11873","targetHints":{"allow":["GET"]}}],"collection":[{"href":"https:\/\/bridalfashion.com\/ro\/wp-json\/wp\/v2\/product"}],"about":[{"href":"https:\/\/bridalfashion.com\/ro\/wp-json\/wp\/v2\/types\/product"}],"replies":[{"embeddable":true,"href":"https:\/\/bridalfashion.com\/ro\/wp-json\/wp\/v2\/comments?post=11873"}],"wp:featuredmedia":[{"embeddable":true,"href":"https:\/\/bridalfashion.com\/ro\/wp-json\/wp\/v2\/media\/4950"}],"wp:attachment":[{"href":"https:\/\/bridalfashion.com\/ro\/wp-json\/wp\/v2\/media?parent=11873"}],"wp:term":[{"taxonomy":"product_brand","embeddable":true,"href":"https:\/\/bridalfashion.com\/ro\/wp-json\/wp\/v2\/product_brand?post=11873"},{"taxonomy":"product_cat","embeddable":true,"href":"https:\/\/bridalfashion.com\/ro\/wp-json\/wp\/v2\/product_cat?post=11873"},{"taxonomy":"product_tag","embeddable":true,"href":"https:\/\/bridalfashion.com\/ro\/wp-json\/wp\/v2\/product_tag?post=11873"}],"curies":[{"name":"wp","href":"https:\/\/api.w.org\/{rel}","templated":true}]}}