{"id":11870,"date":"2021-09-27T12:53:03","date_gmt":"2022-10-04T07:36:29","guid":{"rendered":"https:\/\/bridalfashion.com\/fara-categorie\/adorabila-rochie-de-bal-waneta-wf0024\/"},"modified":"2022-10-04T09:36:33","modified_gmt":"2022-10-04T07:36:33","slug":"rochie-de-bal-pentru-o-mica-prinesa-wf0024","status":"publish","type":"product","link":"https:\/\/bridalfashion.com\/ro\/white-flowers-2020-ro\/rochie-de-bal-pentru-o-mica-prinesa-wf0024\/","title":{"rendered":"Adorabil\u0103 rochie de bal WANETA &#8211; WF0024"},"content":{"rendered":"<h2>Descrierea modelului <span style=\"font-size: 18px\">WANETA &#8211; <\/span><span style=\"font-size: 1.15em\">WF0024 o rochie de bal adorabil\u0103 pentru o mic\u0103 prin\u021bes\u0103 cu un decor elegant<\/span><\/h2>\n<p>Rochie romantic\u0103 la alegere \u00een trei culori: alb, ivory \u0219i ivory cu cappuccino. Rochia este lucrat\u0103 \u00een \u00eentregime din tul lejer transparent cu o broderie macrame minunat\u0103. Baza p\u0103r\u021bii de sus \u2013 corset dublat din saten, la spate o \u00eencheietoare combinat\u0103: fermoar, \u0219iret \u0219i nasturi. M\u00e2necile lungi, bufante sunt completate cu manjete largi din saten. Fusta volant\u0103 are o tren\u0103 lung\u0103. Aceast\u0103 rochie de bal pentru mica prin\u021bes\u0103 are un br\u00e2u \u00eempodobit cu flori perlate \u0219i cu o fundi\u021b\u0103 la spate.<\/p>\n","protected":false},"excerpt":{"rendered":"<p>Descrierea modelului WANETA &#8211; WF0024 o rochie de bal adorabil\u0103 pentru o mic\u0103 prin\u021bes\u0103 cu un decor elegant Rochie romantic\u0103 la alegere \u00een trei culori: alb, ivory \u0219i ivory cu cappuccino. Rochia este lucrat\u0103 \u00een \u00eentregime din tul lejer transparent cu o broderie macrame minunat\u0103. Baza p\u0103r\u021bii de sus \u2013 corset dublat din saten, la&hellip;<\/p>\n","protected":false},"featured_media":4917,"comment_status":"open","ping_status":"closed","template":"","meta":[],"product_brand":[],"product_cat":[939],"product_tag":[],"class_list":{"0":"post-11870","1":"product","2":"type-product","3":"status-publish","4":"has-post-thumbnail","6":"product_cat-white-flowers-2020-ro","8":"first","9":"instock","10":"taxable","11":"shipping-taxable","12":"product-type-simple"},"yoast_head":"<!-- This site is optimized with the Yoast SEO plugin v27.4 - https:\/\/yoast.com\/product\/yoast-seo-wordpress\/ -->\n<title>Adorabil\u0103 rochie de bal WANETA - WF0024 - BRIDAL FASHION \u2122 | Luxurious Wedding Dresses &amp; Fashionable Gowns for Women, Girls and Kids<\/title>\n<meta name=\"description\" content=\"Rochie de bal fermec\u0103toare pentru mica prin\u021bes\u0103 WANETA - WF0024 \u00een trei culori la alegere. Bustul transparent \u0219i fusta bogat\u0103 sunt lucrate din tul cu broderie macrame. M\u00e2necile lungi au manjete de saten\" \/>\n<meta name=\"robots\" content=\"index, follow, max-snippet:-1, max-image-preview:large, max-video-preview:-1\" \/>\n<link rel=\"canonical\" href=\"https:\/\/bridalfashion.com\/ro\/white-flowers-2020-ro\/rochie-de-bal-pentru-o-mica-prinesa-wf0024\/\" \/>\n<meta property=\"og:locale\" content=\"ro_RO\" \/>\n<meta property=\"og:type\" content=\"article\" \/>\n<meta property=\"og:title\" content=\"Adorabil\u0103 rochie de bal WANETA - WF0024 - BRIDAL FASHION \u2122 | Luxurious Wedding Dresses &amp; Fashionable Gowns for Women, Girls and Kids\" \/>\n<meta property=\"og:description\" content=\"Rochie de bal fermec\u0103toare pentru mica prin\u021bes\u0103 WANETA - WF0024 \u00een trei culori la alegere. Bustul transparent \u0219i fusta bogat\u0103 sunt lucrate din tul cu broderie macrame. M\u00e2necile lungi au manjete de saten\" \/>\n<meta property=\"og:url\" content=\"https:\/\/bridalfashion.com\/ro\/white-flowers-2020-ro\/rochie-de-bal-pentru-o-mica-prinesa-wf0024\/\" \/>\n<meta property=\"og:site_name\" content=\"BRIDAL FASHION \u2122 | Luxurious Wedding Dresses &amp; Fashionable Gowns for Women, Girls and Kids\" \/>\n<meta property=\"article:modified_time\" content=\"2022-10-04T07:36:33+00:00\" \/>\n<meta property=\"og:image\" content=\"https:\/\/bridalfashion.com\/wp-content\/uploads\/2021\/09\/WF0024_A.jpg\" \/>\n\t<meta property=\"og:image:width\" content=\"1516\" \/>\n\t<meta property=\"og:image:height\" content=\"2000\" \/>\n\t<meta property=\"og:image:type\" content=\"image\/jpeg\" \/>\n<meta name=\"twitter:card\" content=\"summary_large_image\" \/>\n<meta name=\"twitter:label1\" content=\"Timp estimat pentru citire\" \/>\n\t<meta name=\"twitter:data1\" content=\"1 minut\" \/>\n<script type=\"application\/ld+json\" class=\"yoast-schema-graph\">{\"@context\":\"https:\\\/\\\/schema.org\",\"@graph\":[{\"@type\":\"WebPage\",\"@id\":\"https:\\\/\\\/bridalfashion.com\\\/ro\\\/white-flowers-2020-ro\\\/rochie-de-bal-pentru-o-mica-prinesa-wf0024\\\/\",\"url\":\"https:\\\/\\\/bridalfashion.com\\\/ro\\\/white-flowers-2020-ro\\\/rochie-de-bal-pentru-o-mica-prinesa-wf0024\\\/\",\"name\":\"Adorabil\u0103 rochie de bal WANETA - WF0024 - BRIDAL FASHION \u2122 | Luxurious Wedding Dresses &amp; Fashionable Gowns for Women, Girls and Kids\",\"isPartOf\":{\"@id\":\"https:\\\/\\\/bridalfashion.com\\\/ro\\\/#website\"},\"primaryImageOfPage\":{\"@id\":\"https:\\\/\\\/bridalfashion.com\\\/ro\\\/white-flowers-2020-ro\\\/rochie-de-bal-pentru-o-mica-prinesa-wf0024\\\/#primaryimage\"},\"image\":{\"@id\":\"https:\\\/\\\/bridalfashion.com\\\/ro\\\/white-flowers-2020-ro\\\/rochie-de-bal-pentru-o-mica-prinesa-wf0024\\\/#primaryimage\"},\"thumbnailUrl\":\"https:\\\/\\\/bridalfashion.com\\\/wp-content\\\/uploads\\\/2021\\\/09\\\/WF0024_A.jpg\",\"datePublished\":\"2022-10-04T07:36:29+00:00\",\"dateModified\":\"2022-10-04T07:36:33+00:00\",\"description\":\"Rochie de bal fermec\u0103toare pentru mica prin\u021bes\u0103 WANETA - WF0024 \u00een trei culori la alegere. Bustul transparent \u0219i fusta bogat\u0103 sunt lucrate din tul cu broderie macrame. M\u00e2necile lungi au manjete de saten\",\"breadcrumb\":{\"@id\":\"https:\\\/\\\/bridalfashion.com\\\/ro\\\/white-flowers-2020-ro\\\/rochie-de-bal-pentru-o-mica-prinesa-wf0024\\\/#breadcrumb\"},\"inLanguage\":\"ro-RO\",\"potentialAction\":[{\"@type\":\"ReadAction\",\"target\":[\"https:\\\/\\\/bridalfashion.com\\\/ro\\\/white-flowers-2020-ro\\\/rochie-de-bal-pentru-o-mica-prinesa-wf0024\\\/\"]}]},{\"@type\":\"ImageObject\",\"inLanguage\":\"ro-RO\",\"@id\":\"https:\\\/\\\/bridalfashion.com\\\/ro\\\/white-flowers-2020-ro\\\/rochie-de-bal-pentru-o-mica-prinesa-wf0024\\\/#primaryimage\",\"url\":\"https:\\\/\\\/bridalfashion.com\\\/wp-content\\\/uploads\\\/2021\\\/09\\\/WF0024_A.jpg\",\"contentUrl\":\"https:\\\/\\\/bridalfashion.com\\\/wp-content\\\/uploads\\\/2021\\\/09\\\/WF0024_A.jpg\",\"width\":1516,\"height\":2000,\"caption\":\"Rochie de bal adorabil\u0103 WANETA - WF0024 Vedere din fa\u021b\u0103 | BRIDAL FASHION\"},{\"@type\":\"BreadcrumbList\",\"@id\":\"https:\\\/\\\/bridalfashion.com\\\/ro\\\/white-flowers-2020-ro\\\/rochie-de-bal-pentru-o-mica-prinesa-wf0024\\\/#breadcrumb\",\"itemListElement\":[{\"@type\":\"ListItem\",\"position\":1,\"name\":\"Home\",\"item\":\"https:\\\/\\\/bridalfashion.com\\\/ro\\\/\"},{\"@type\":\"ListItem\",\"position\":2,\"name\":\"Shop\",\"item\":\"https:\\\/\\\/bridalfashion.com\\\/shop-2\\\/\"},{\"@type\":\"ListItem\",\"position\":3,\"name\":\"Adorabil\u0103 rochie de bal WANETA &#8211; WF0024\"}]},{\"@type\":\"WebSite\",\"@id\":\"https:\\\/\\\/bridalfashion.com\\\/ro\\\/#website\",\"url\":\"https:\\\/\\\/bridalfashion.com\\\/ro\\\/\",\"name\":\"BRIDAL FASHION \u2122 | Luxurious Wedding Dresses &amp; Fashionable Gowns for Women, Girls and Kids\",\"description\":\"Welcome the leading manufacturer and supplier of wedding dresses. We offer in wholesale a large selection of high quality wedding dress collections and accessories for your business at competitive prices. Shop our full range of bridal products today!\",\"publisher\":{\"@id\":\"https:\\\/\\\/bridalfashion.com\\\/ro\\\/#organization\"},\"potentialAction\":[{\"@type\":\"SearchAction\",\"target\":{\"@type\":\"EntryPoint\",\"urlTemplate\":\"https:\\\/\\\/bridalfashion.com\\\/ro\\\/?s={search_term_string}\"},\"query-input\":{\"@type\":\"PropertyValueSpecification\",\"valueRequired\":true,\"valueName\":\"search_term_string\"}}],\"inLanguage\":\"ro-RO\"},{\"@type\":\"Organization\",\"@id\":\"https:\\\/\\\/bridalfashion.com\\\/ro\\\/#organization\",\"name\":\"BRIDAL FASHION \u2122 | Luxurious Wedding Dresses &amp; Fashionable Gowns for Women, Girls and Kids\",\"url\":\"https:\\\/\\\/bridalfashion.com\\\/ro\\\/\",\"logo\":{\"@type\":\"ImageObject\",\"inLanguage\":\"ro-RO\",\"@id\":\"https:\\\/\\\/bridalfashion.com\\\/ro\\\/#\\\/schema\\\/logo\\\/image\\\/\",\"url\":\"https:\\\/\\\/bridalfashion.com\\\/wp-content\\\/uploads\\\/2022\\\/05\\\/cropped-BFG.png\",\"contentUrl\":\"https:\\\/\\\/bridalfashion.com\\\/wp-content\\\/uploads\\\/2022\\\/05\\\/cropped-BFG.png\",\"width\":1771,\"height\":119,\"caption\":\"BRIDAL FASHION \u2122 | Luxurious Wedding Dresses &amp; Fashionable Gowns for Women, Girls and Kids\"},\"image\":{\"@id\":\"https:\\\/\\\/bridalfashion.com\\\/ro\\\/#\\\/schema\\\/logo\\\/image\\\/\"}}]}<\/script>\n<!-- \/ Yoast SEO plugin. -->","yoast_head_json":{"title":"Adorabil\u0103 rochie de bal WANETA - WF0024 - BRIDAL FASHION \u2122 | Luxurious Wedding Dresses &amp; Fashionable Gowns for Women, Girls and Kids","description":"Rochie de bal fermec\u0103toare pentru mica prin\u021bes\u0103 WANETA - WF0024 \u00een trei culori la alegere. Bustul transparent \u0219i fusta bogat\u0103 sunt lucrate din tul cu broderie macrame. M\u00e2necile lungi au manjete de saten","robots":{"index":"index","follow":"follow","max-snippet":"max-snippet:-1","max-image-preview":"max-image-preview:large","max-video-preview":"max-video-preview:-1"},"canonical":"https:\/\/bridalfashion.com\/ro\/white-flowers-2020-ro\/rochie-de-bal-pentru-o-mica-prinesa-wf0024\/","og_locale":"ro_RO","og_type":"article","og_title":"Adorabil\u0103 rochie de bal WANETA - WF0024 - BRIDAL FASHION \u2122 | Luxurious Wedding Dresses &amp; Fashionable Gowns for Women, Girls and Kids","og_description":"Rochie de bal fermec\u0103toare pentru mica prin\u021bes\u0103 WANETA - WF0024 \u00een trei culori la alegere. Bustul transparent \u0219i fusta bogat\u0103 sunt lucrate din tul cu broderie macrame. M\u00e2necile lungi au manjete de saten","og_url":"https:\/\/bridalfashion.com\/ro\/white-flowers-2020-ro\/rochie-de-bal-pentru-o-mica-prinesa-wf0024\/","og_site_name":"BRIDAL FASHION \u2122 | Luxurious Wedding Dresses &amp; Fashionable Gowns for Women, Girls and Kids","article_modified_time":"2022-10-04T07:36:33+00:00","og_image":[{"width":1516,"height":2000,"url":"https:\/\/bridalfashion.com\/wp-content\/uploads\/2021\/09\/WF0024_A.jpg","type":"image\/jpeg"}],"twitter_card":"summary_large_image","twitter_misc":{"Timp estimat pentru citire":"1 minut"},"schema":{"@context":"https:\/\/schema.org","@graph":[{"@type":"WebPage","@id":"https:\/\/bridalfashion.com\/ro\/white-flowers-2020-ro\/rochie-de-bal-pentru-o-mica-prinesa-wf0024\/","url":"https:\/\/bridalfashion.com\/ro\/white-flowers-2020-ro\/rochie-de-bal-pentru-o-mica-prinesa-wf0024\/","name":"Adorabil\u0103 rochie de bal WANETA - WF0024 - BRIDAL FASHION \u2122 | Luxurious Wedding Dresses &amp; Fashionable Gowns for Women, Girls and Kids","isPartOf":{"@id":"https:\/\/bridalfashion.com\/ro\/#website"},"primaryImageOfPage":{"@id":"https:\/\/bridalfashion.com\/ro\/white-flowers-2020-ro\/rochie-de-bal-pentru-o-mica-prinesa-wf0024\/#primaryimage"},"image":{"@id":"https:\/\/bridalfashion.com\/ro\/white-flowers-2020-ro\/rochie-de-bal-pentru-o-mica-prinesa-wf0024\/#primaryimage"},"thumbnailUrl":"https:\/\/bridalfashion.com\/wp-content\/uploads\/2021\/09\/WF0024_A.jpg","datePublished":"2022-10-04T07:36:29+00:00","dateModified":"2022-10-04T07:36:33+00:00","description":"Rochie de bal fermec\u0103toare pentru mica prin\u021bes\u0103 WANETA - WF0024 \u00een trei culori la alegere. Bustul transparent \u0219i fusta bogat\u0103 sunt lucrate din tul cu broderie macrame. M\u00e2necile lungi au manjete de saten","breadcrumb":{"@id":"https:\/\/bridalfashion.com\/ro\/white-flowers-2020-ro\/rochie-de-bal-pentru-o-mica-prinesa-wf0024\/#breadcrumb"},"inLanguage":"ro-RO","potentialAction":[{"@type":"ReadAction","target":["https:\/\/bridalfashion.com\/ro\/white-flowers-2020-ro\/rochie-de-bal-pentru-o-mica-prinesa-wf0024\/"]}]},{"@type":"ImageObject","inLanguage":"ro-RO","@id":"https:\/\/bridalfashion.com\/ro\/white-flowers-2020-ro\/rochie-de-bal-pentru-o-mica-prinesa-wf0024\/#primaryimage","url":"https:\/\/bridalfashion.com\/wp-content\/uploads\/2021\/09\/WF0024_A.jpg","contentUrl":"https:\/\/bridalfashion.com\/wp-content\/uploads\/2021\/09\/WF0024_A.jpg","width":1516,"height":2000,"caption":"Rochie de bal adorabil\u0103 WANETA - WF0024 Vedere din fa\u021b\u0103 | BRIDAL FASHION"},{"@type":"BreadcrumbList","@id":"https:\/\/bridalfashion.com\/ro\/white-flowers-2020-ro\/rochie-de-bal-pentru-o-mica-prinesa-wf0024\/#breadcrumb","itemListElement":[{"@type":"ListItem","position":1,"name":"Home","item":"https:\/\/bridalfashion.com\/ro\/"},{"@type":"ListItem","position":2,"name":"Shop","item":"https:\/\/bridalfashion.com\/shop-2\/"},{"@type":"ListItem","position":3,"name":"Adorabil\u0103 rochie de bal WANETA &#8211; WF0024"}]},{"@type":"WebSite","@id":"https:\/\/bridalfashion.com\/ro\/#website","url":"https:\/\/bridalfashion.com\/ro\/","name":"BRIDAL FASHION \u2122 | Luxurious Wedding Dresses &amp; Fashionable Gowns for Women, Girls and Kids","description":"Welcome the leading manufacturer and supplier of wedding dresses. We offer in wholesale a large selection of high quality wedding dress collections and accessories for your business at competitive prices. Shop our full range of bridal products today!","publisher":{"@id":"https:\/\/bridalfashion.com\/ro\/#organization"},"potentialAction":[{"@type":"SearchAction","target":{"@type":"EntryPoint","urlTemplate":"https:\/\/bridalfashion.com\/ro\/?s={search_term_string}"},"query-input":{"@type":"PropertyValueSpecification","valueRequired":true,"valueName":"search_term_string"}}],"inLanguage":"ro-RO"},{"@type":"Organization","@id":"https:\/\/bridalfashion.com\/ro\/#organization","name":"BRIDAL FASHION \u2122 | Luxurious Wedding Dresses &amp; Fashionable Gowns for Women, Girls and Kids","url":"https:\/\/bridalfashion.com\/ro\/","logo":{"@type":"ImageObject","inLanguage":"ro-RO","@id":"https:\/\/bridalfashion.com\/ro\/#\/schema\/logo\/image\/","url":"https:\/\/bridalfashion.com\/wp-content\/uploads\/2022\/05\/cropped-BFG.png","contentUrl":"https:\/\/bridalfashion.com\/wp-content\/uploads\/2022\/05\/cropped-BFG.png","width":1771,"height":119,"caption":"BRIDAL FASHION \u2122 | Luxurious Wedding Dresses &amp; Fashionable Gowns for Women, Girls and Kids"},"image":{"@id":"https:\/\/bridalfashion.com\/ro\/#\/schema\/logo\/image\/"}}]}},"_links":{"self":[{"href":"https:\/\/bridalfashion.com\/ro\/wp-json\/wp\/v2\/product\/11870","targetHints":{"allow":["GET"]}}],"collection":[{"href":"https:\/\/bridalfashion.com\/ro\/wp-json\/wp\/v2\/product"}],"about":[{"href":"https:\/\/bridalfashion.com\/ro\/wp-json\/wp\/v2\/types\/product"}],"replies":[{"embeddable":true,"href":"https:\/\/bridalfashion.com\/ro\/wp-json\/wp\/v2\/comments?post=11870"}],"wp:featuredmedia":[{"embeddable":true,"href":"https:\/\/bridalfashion.com\/ro\/wp-json\/wp\/v2\/media\/4917"}],"wp:attachment":[{"href":"https:\/\/bridalfashion.com\/ro\/wp-json\/wp\/v2\/media?parent=11870"}],"wp:term":[{"taxonomy":"product_brand","embeddable":true,"href":"https:\/\/bridalfashion.com\/ro\/wp-json\/wp\/v2\/product_brand?post=11870"},{"taxonomy":"product_cat","embeddable":true,"href":"https:\/\/bridalfashion.com\/ro\/wp-json\/wp\/v2\/product_cat?post=11870"},{"taxonomy":"product_tag","embeddable":true,"href":"https:\/\/bridalfashion.com\/ro\/wp-json\/wp\/v2\/product_tag?post=11870"}],"curies":[{"name":"wp","href":"https:\/\/api.w.org\/{rel}","templated":true}]}}