{"id":11861,"date":"2021-09-27T11:31:26","date_gmt":"2022-10-03T18:11:53","guid":{"rendered":"https:\/\/bridalfashion.com\/fara-categorie\/rochie-eleganta-printesa-francesca-wf0021\/"},"modified":"2022-10-03T20:11:53","modified_gmt":"2022-10-03T18:11:53","slug":"tinuta-de-vacanta-romantica-cu-un-decor-handmade-wf0021","status":"publish","type":"product","link":"https:\/\/bridalfashion.com\/ro\/white-flowers-2020-ro\/tinuta-de-vacanta-romantica-cu-un-decor-handmade-wf0021\/","title":{"rendered":"Rochie eleganta printesa FRANCESCA &#8211; WF0021"},"content":{"rendered":"<h2>Descrierea modelului <span style=\"font-size: 18px\">FRANCESCA &#8211; <\/span><span style=\"font-size: 1.15em\">WF0021 o rochie elegant\u0103 de prin\u021bes\u0103 cu dantel\u0103 \u0219i pietre de cristal<\/span><\/h2>\n<p>Rochie romantic\u0103 pentru festivit\u0103\u021bi cu decor manual. Corsetul dublat din saten \u00een partea de sus acoper\u0103 bustul transparent cu t\u0103ietur\u0103 \u00een form\u0103 de semicerc, lucrat din tul italian pre\u021bios. Partea de sus este decorat\u0103 cu dantele, paiete \u0219i cristale. Spatele este pe \u0219iret din saten, sub care fermoar. Fusta ampl\u0103 din tul este \u00eempodobit\u0103 cu aplica\u021bii. Br\u00e2ul este decorat cu festoane. Rochie minunat\u0103 stil \u00abprin\u021bes\u0103\u00bb cu dantele, disponibil\u0103 pe alb, ivory \u0219i cappuccino.<\/p>\n","protected":false},"excerpt":{"rendered":"<p>Descrierea modelului FRANCESCA &#8211; WF0021 o rochie elegant\u0103 de prin\u021bes\u0103 cu dantel\u0103 \u0219i pietre de cristal Rochie romantic\u0103 pentru festivit\u0103\u021bi cu decor manual. Corsetul dublat din saten \u00een partea de sus acoper\u0103 bustul transparent cu t\u0103ietur\u0103 \u00een form\u0103 de semicerc, lucrat din tul italian pre\u021bios. Partea de sus este decorat\u0103 cu dantele, paiete \u0219i cristale.&hellip;<\/p>\n","protected":false},"featured_media":4821,"comment_status":"open","ping_status":"closed","template":"","meta":[],"product_brand":[],"product_cat":[939],"product_tag":[],"class_list":{"0":"post-11861","1":"product","2":"type-product","3":"status-publish","4":"has-post-thumbnail","6":"product_cat-white-flowers-2020-ro","8":"first","9":"instock","10":"taxable","11":"shipping-taxable","12":"product-type-simple"},"yoast_head":"<!-- This site is optimized with the Yoast SEO plugin v27.4 - https:\/\/yoast.com\/product\/yoast-seo-wordpress\/ -->\n<title>Rochie eleganta printesa FRANCESCA - WF0021 - BRIDAL FASHION \u2122 | Luxurious Wedding Dresses &amp; Fashionable Gowns for Women, Girls and Kids<\/title>\n<meta name=\"description\" content=\"Rochie stil \u00abprin\u021bes\u0103\u00bb cu dantele FRANCESCA - WF0021 la alegere pe alb, ivory \u0219i cappuccino. Bustul din tul transparent pe corsetul dublat este lucrat manual \u0219i \u00eempodobit cu paiete \u0219i cristale\" \/>\n<meta name=\"robots\" content=\"index, follow, max-snippet:-1, max-image-preview:large, max-video-preview:-1\" \/>\n<link rel=\"canonical\" href=\"https:\/\/bridalfashion.com\/ro\/white-flowers-2020-ro\/tinuta-de-vacanta-romantica-cu-un-decor-handmade-wf0021\/\" \/>\n<meta property=\"og:locale\" content=\"ro_RO\" \/>\n<meta property=\"og:type\" content=\"article\" \/>\n<meta property=\"og:title\" content=\"Rochie eleganta printesa FRANCESCA - WF0021 - BRIDAL FASHION \u2122 | Luxurious Wedding Dresses &amp; Fashionable Gowns for Women, Girls and Kids\" \/>\n<meta property=\"og:description\" content=\"Rochie stil \u00abprin\u021bes\u0103\u00bb cu dantele FRANCESCA - WF0021 la alegere pe alb, ivory \u0219i cappuccino. Bustul din tul transparent pe corsetul dublat este lucrat manual \u0219i \u00eempodobit cu paiete \u0219i cristale\" \/>\n<meta property=\"og:url\" content=\"https:\/\/bridalfashion.com\/ro\/white-flowers-2020-ro\/tinuta-de-vacanta-romantica-cu-un-decor-handmade-wf0021\/\" \/>\n<meta property=\"og:site_name\" content=\"BRIDAL FASHION \u2122 | Luxurious Wedding Dresses &amp; Fashionable Gowns for Women, Girls and Kids\" \/>\n<meta property=\"og:image\" content=\"https:\/\/bridalfashion.com\/wp-content\/uploads\/2021\/09\/WF0021_A_MH.jpg\" \/>\n\t<meta property=\"og:image:width\" content=\"1516\" \/>\n\t<meta property=\"og:image:height\" content=\"2000\" \/>\n\t<meta property=\"og:image:type\" content=\"image\/jpeg\" \/>\n<meta name=\"twitter:card\" content=\"summary_large_image\" \/>\n<script type=\"application\/ld+json\" class=\"yoast-schema-graph\">{\"@context\":\"https:\\\/\\\/schema.org\",\"@graph\":[{\"@type\":\"WebPage\",\"@id\":\"https:\\\/\\\/bridalfashion.com\\\/ro\\\/white-flowers-2020-ro\\\/tinuta-de-vacanta-romantica-cu-un-decor-handmade-wf0021\\\/\",\"url\":\"https:\\\/\\\/bridalfashion.com\\\/ro\\\/white-flowers-2020-ro\\\/tinuta-de-vacanta-romantica-cu-un-decor-handmade-wf0021\\\/\",\"name\":\"Rochie eleganta printesa FRANCESCA - WF0021 - BRIDAL FASHION \u2122 | Luxurious Wedding Dresses &amp; Fashionable Gowns for Women, Girls and Kids\",\"isPartOf\":{\"@id\":\"https:\\\/\\\/bridalfashion.com\\\/ro\\\/#website\"},\"primaryImageOfPage\":{\"@id\":\"https:\\\/\\\/bridalfashion.com\\\/ro\\\/white-flowers-2020-ro\\\/tinuta-de-vacanta-romantica-cu-un-decor-handmade-wf0021\\\/#primaryimage\"},\"image\":{\"@id\":\"https:\\\/\\\/bridalfashion.com\\\/ro\\\/white-flowers-2020-ro\\\/tinuta-de-vacanta-romantica-cu-un-decor-handmade-wf0021\\\/#primaryimage\"},\"thumbnailUrl\":\"https:\\\/\\\/bridalfashion.com\\\/wp-content\\\/uploads\\\/2021\\\/09\\\/WF0021_A_MH.jpg\",\"datePublished\":\"2022-10-03T18:11:53+00:00\",\"description\":\"Rochie stil \u00abprin\u021bes\u0103\u00bb cu dantele FRANCESCA - WF0021 la alegere pe alb, ivory \u0219i cappuccino. Bustul din tul transparent pe corsetul dublat este lucrat manual \u0219i \u00eempodobit cu paiete \u0219i cristale\",\"breadcrumb\":{\"@id\":\"https:\\\/\\\/bridalfashion.com\\\/ro\\\/white-flowers-2020-ro\\\/tinuta-de-vacanta-romantica-cu-un-decor-handmade-wf0021\\\/#breadcrumb\"},\"inLanguage\":\"ro-RO\",\"potentialAction\":[{\"@type\":\"ReadAction\",\"target\":[\"https:\\\/\\\/bridalfashion.com\\\/ro\\\/white-flowers-2020-ro\\\/tinuta-de-vacanta-romantica-cu-un-decor-handmade-wf0021\\\/\"]}]},{\"@type\":\"ImageObject\",\"inLanguage\":\"ro-RO\",\"@id\":\"https:\\\/\\\/bridalfashion.com\\\/ro\\\/white-flowers-2020-ro\\\/tinuta-de-vacanta-romantica-cu-un-decor-handmade-wf0021\\\/#primaryimage\",\"url\":\"https:\\\/\\\/bridalfashion.com\\\/wp-content\\\/uploads\\\/2021\\\/09\\\/WF0021_A_MH.jpg\",\"contentUrl\":\"https:\\\/\\\/bridalfashion.com\\\/wp-content\\\/uploads\\\/2021\\\/09\\\/WF0021_A_MH.jpg\",\"width\":1516,\"height\":2000,\"caption\":\"Rochie printesa eleganta FRANCESCA - WF0021 Vedere fata | BRIDAL FASHION\"},{\"@type\":\"BreadcrumbList\",\"@id\":\"https:\\\/\\\/bridalfashion.com\\\/ro\\\/white-flowers-2020-ro\\\/tinuta-de-vacanta-romantica-cu-un-decor-handmade-wf0021\\\/#breadcrumb\",\"itemListElement\":[{\"@type\":\"ListItem\",\"position\":1,\"name\":\"Home\",\"item\":\"https:\\\/\\\/bridalfashion.com\\\/ro\\\/\"},{\"@type\":\"ListItem\",\"position\":2,\"name\":\"Shop\",\"item\":\"https:\\\/\\\/bridalfashion.com\\\/shop-2\\\/\"},{\"@type\":\"ListItem\",\"position\":3,\"name\":\"Rochie eleganta printesa FRANCESCA &#8211; WF0021\"}]},{\"@type\":\"WebSite\",\"@id\":\"https:\\\/\\\/bridalfashion.com\\\/ro\\\/#website\",\"url\":\"https:\\\/\\\/bridalfashion.com\\\/ro\\\/\",\"name\":\"BRIDAL FASHION \u2122 | Luxurious Wedding Dresses &amp; Fashionable Gowns for Women, Girls and Kids\",\"description\":\"Welcome the leading manufacturer and supplier of wedding dresses. We offer in wholesale a large selection of high quality wedding dress collections and accessories for your business at competitive prices. Shop our full range of bridal products today!\",\"publisher\":{\"@id\":\"https:\\\/\\\/bridalfashion.com\\\/ro\\\/#organization\"},\"potentialAction\":[{\"@type\":\"SearchAction\",\"target\":{\"@type\":\"EntryPoint\",\"urlTemplate\":\"https:\\\/\\\/bridalfashion.com\\\/ro\\\/?s={search_term_string}\"},\"query-input\":{\"@type\":\"PropertyValueSpecification\",\"valueRequired\":true,\"valueName\":\"search_term_string\"}}],\"inLanguage\":\"ro-RO\"},{\"@type\":\"Organization\",\"@id\":\"https:\\\/\\\/bridalfashion.com\\\/ro\\\/#organization\",\"name\":\"BRIDAL FASHION \u2122 | Luxurious Wedding Dresses &amp; Fashionable Gowns for Women, Girls and Kids\",\"url\":\"https:\\\/\\\/bridalfashion.com\\\/ro\\\/\",\"logo\":{\"@type\":\"ImageObject\",\"inLanguage\":\"ro-RO\",\"@id\":\"https:\\\/\\\/bridalfashion.com\\\/ro\\\/#\\\/schema\\\/logo\\\/image\\\/\",\"url\":\"https:\\\/\\\/bridalfashion.com\\\/wp-content\\\/uploads\\\/2022\\\/05\\\/cropped-BFG.png\",\"contentUrl\":\"https:\\\/\\\/bridalfashion.com\\\/wp-content\\\/uploads\\\/2022\\\/05\\\/cropped-BFG.png\",\"width\":1771,\"height\":119,\"caption\":\"BRIDAL FASHION \u2122 | Luxurious Wedding Dresses &amp; Fashionable Gowns for Women, Girls and Kids\"},\"image\":{\"@id\":\"https:\\\/\\\/bridalfashion.com\\\/ro\\\/#\\\/schema\\\/logo\\\/image\\\/\"}}]}<\/script>\n<!-- \/ Yoast SEO plugin. -->","yoast_head_json":{"title":"Rochie eleganta printesa FRANCESCA - WF0021 - BRIDAL FASHION \u2122 | Luxurious Wedding Dresses &amp; Fashionable Gowns for Women, Girls and Kids","description":"Rochie stil \u00abprin\u021bes\u0103\u00bb cu dantele FRANCESCA - WF0021 la alegere pe alb, ivory \u0219i cappuccino. Bustul din tul transparent pe corsetul dublat este lucrat manual \u0219i \u00eempodobit cu paiete \u0219i cristale","robots":{"index":"index","follow":"follow","max-snippet":"max-snippet:-1","max-image-preview":"max-image-preview:large","max-video-preview":"max-video-preview:-1"},"canonical":"https:\/\/bridalfashion.com\/ro\/white-flowers-2020-ro\/tinuta-de-vacanta-romantica-cu-un-decor-handmade-wf0021\/","og_locale":"ro_RO","og_type":"article","og_title":"Rochie eleganta printesa FRANCESCA - WF0021 - BRIDAL FASHION \u2122 | Luxurious Wedding Dresses &amp; Fashionable Gowns for Women, Girls and Kids","og_description":"Rochie stil \u00abprin\u021bes\u0103\u00bb cu dantele FRANCESCA - WF0021 la alegere pe alb, ivory \u0219i cappuccino. Bustul din tul transparent pe corsetul dublat este lucrat manual \u0219i \u00eempodobit cu paiete \u0219i cristale","og_url":"https:\/\/bridalfashion.com\/ro\/white-flowers-2020-ro\/tinuta-de-vacanta-romantica-cu-un-decor-handmade-wf0021\/","og_site_name":"BRIDAL FASHION \u2122 | Luxurious Wedding Dresses &amp; Fashionable Gowns for Women, Girls and Kids","og_image":[{"width":1516,"height":2000,"url":"https:\/\/bridalfashion.com\/wp-content\/uploads\/2021\/09\/WF0021_A_MH.jpg","type":"image\/jpeg"}],"twitter_card":"summary_large_image","schema":{"@context":"https:\/\/schema.org","@graph":[{"@type":"WebPage","@id":"https:\/\/bridalfashion.com\/ro\/white-flowers-2020-ro\/tinuta-de-vacanta-romantica-cu-un-decor-handmade-wf0021\/","url":"https:\/\/bridalfashion.com\/ro\/white-flowers-2020-ro\/tinuta-de-vacanta-romantica-cu-un-decor-handmade-wf0021\/","name":"Rochie eleganta printesa FRANCESCA - WF0021 - BRIDAL FASHION \u2122 | Luxurious Wedding Dresses &amp; Fashionable Gowns for Women, Girls and Kids","isPartOf":{"@id":"https:\/\/bridalfashion.com\/ro\/#website"},"primaryImageOfPage":{"@id":"https:\/\/bridalfashion.com\/ro\/white-flowers-2020-ro\/tinuta-de-vacanta-romantica-cu-un-decor-handmade-wf0021\/#primaryimage"},"image":{"@id":"https:\/\/bridalfashion.com\/ro\/white-flowers-2020-ro\/tinuta-de-vacanta-romantica-cu-un-decor-handmade-wf0021\/#primaryimage"},"thumbnailUrl":"https:\/\/bridalfashion.com\/wp-content\/uploads\/2021\/09\/WF0021_A_MH.jpg","datePublished":"2022-10-03T18:11:53+00:00","description":"Rochie stil \u00abprin\u021bes\u0103\u00bb cu dantele FRANCESCA - WF0021 la alegere pe alb, ivory \u0219i cappuccino. Bustul din tul transparent pe corsetul dublat este lucrat manual \u0219i \u00eempodobit cu paiete \u0219i cristale","breadcrumb":{"@id":"https:\/\/bridalfashion.com\/ro\/white-flowers-2020-ro\/tinuta-de-vacanta-romantica-cu-un-decor-handmade-wf0021\/#breadcrumb"},"inLanguage":"ro-RO","potentialAction":[{"@type":"ReadAction","target":["https:\/\/bridalfashion.com\/ro\/white-flowers-2020-ro\/tinuta-de-vacanta-romantica-cu-un-decor-handmade-wf0021\/"]}]},{"@type":"ImageObject","inLanguage":"ro-RO","@id":"https:\/\/bridalfashion.com\/ro\/white-flowers-2020-ro\/tinuta-de-vacanta-romantica-cu-un-decor-handmade-wf0021\/#primaryimage","url":"https:\/\/bridalfashion.com\/wp-content\/uploads\/2021\/09\/WF0021_A_MH.jpg","contentUrl":"https:\/\/bridalfashion.com\/wp-content\/uploads\/2021\/09\/WF0021_A_MH.jpg","width":1516,"height":2000,"caption":"Rochie printesa eleganta FRANCESCA - WF0021 Vedere fata | BRIDAL FASHION"},{"@type":"BreadcrumbList","@id":"https:\/\/bridalfashion.com\/ro\/white-flowers-2020-ro\/tinuta-de-vacanta-romantica-cu-un-decor-handmade-wf0021\/#breadcrumb","itemListElement":[{"@type":"ListItem","position":1,"name":"Home","item":"https:\/\/bridalfashion.com\/ro\/"},{"@type":"ListItem","position":2,"name":"Shop","item":"https:\/\/bridalfashion.com\/shop-2\/"},{"@type":"ListItem","position":3,"name":"Rochie eleganta printesa FRANCESCA &#8211; WF0021"}]},{"@type":"WebSite","@id":"https:\/\/bridalfashion.com\/ro\/#website","url":"https:\/\/bridalfashion.com\/ro\/","name":"BRIDAL FASHION \u2122 | Luxurious Wedding Dresses &amp; Fashionable Gowns for Women, Girls and Kids","description":"Welcome the leading manufacturer and supplier of wedding dresses. We offer in wholesale a large selection of high quality wedding dress collections and accessories for your business at competitive prices. Shop our full range of bridal products today!","publisher":{"@id":"https:\/\/bridalfashion.com\/ro\/#organization"},"potentialAction":[{"@type":"SearchAction","target":{"@type":"EntryPoint","urlTemplate":"https:\/\/bridalfashion.com\/ro\/?s={search_term_string}"},"query-input":{"@type":"PropertyValueSpecification","valueRequired":true,"valueName":"search_term_string"}}],"inLanguage":"ro-RO"},{"@type":"Organization","@id":"https:\/\/bridalfashion.com\/ro\/#organization","name":"BRIDAL FASHION \u2122 | Luxurious Wedding Dresses &amp; Fashionable Gowns for Women, Girls and Kids","url":"https:\/\/bridalfashion.com\/ro\/","logo":{"@type":"ImageObject","inLanguage":"ro-RO","@id":"https:\/\/bridalfashion.com\/ro\/#\/schema\/logo\/image\/","url":"https:\/\/bridalfashion.com\/wp-content\/uploads\/2022\/05\/cropped-BFG.png","contentUrl":"https:\/\/bridalfashion.com\/wp-content\/uploads\/2022\/05\/cropped-BFG.png","width":1771,"height":119,"caption":"BRIDAL FASHION \u2122 | Luxurious Wedding Dresses &amp; Fashionable Gowns for Women, Girls and Kids"},"image":{"@id":"https:\/\/bridalfashion.com\/ro\/#\/schema\/logo\/image\/"}}]}},"_links":{"self":[{"href":"https:\/\/bridalfashion.com\/ro\/wp-json\/wp\/v2\/product\/11861","targetHints":{"allow":["GET"]}}],"collection":[{"href":"https:\/\/bridalfashion.com\/ro\/wp-json\/wp\/v2\/product"}],"about":[{"href":"https:\/\/bridalfashion.com\/ro\/wp-json\/wp\/v2\/types\/product"}],"replies":[{"embeddable":true,"href":"https:\/\/bridalfashion.com\/ro\/wp-json\/wp\/v2\/comments?post=11861"}],"wp:featuredmedia":[{"embeddable":true,"href":"https:\/\/bridalfashion.com\/ro\/wp-json\/wp\/v2\/media\/4821"}],"wp:attachment":[{"href":"https:\/\/bridalfashion.com\/ro\/wp-json\/wp\/v2\/media?parent=11861"}],"wp:term":[{"taxonomy":"product_brand","embeddable":true,"href":"https:\/\/bridalfashion.com\/ro\/wp-json\/wp\/v2\/product_brand?post=11861"},{"taxonomy":"product_cat","embeddable":true,"href":"https:\/\/bridalfashion.com\/ro\/wp-json\/wp\/v2\/product_cat?post=11861"},{"taxonomy":"product_tag","embeddable":true,"href":"https:\/\/bridalfashion.com\/ro\/wp-json\/wp\/v2\/product_tag?post=11861"}],"curies":[{"name":"wp","href":"https:\/\/api.w.org\/{rel}","templated":true}]}}