{"id":11855,"date":"2021-09-27T11:21:22","date_gmt":"2022-10-03T17:17:22","guid":{"rendered":"https:\/\/bridalfashion.com\/fara-categorie\/superba-rochie-de-bal-copii-fernanda-wf0019\/"},"modified":"2022-10-03T19:17:22","modified_gmt":"2022-10-03T17:17:22","slug":"rochie-de-bal-pufoasa-cu-un-decor-elegant-wf0019","status":"publish","type":"product","link":"https:\/\/bridalfashion.com\/ro\/white-flowers-2020-ro\/rochie-de-bal-pufoasa-cu-un-decor-elegant-wf0019\/","title":{"rendered":"Superba rochie de bal copii FERNANDA &#8211; WF0019"},"content":{"rendered":"<h2>Descrierea modelului <span style=\"font-size: 18px\">FERNANDA &#8211; <\/span><span style=\"font-size: 1.15em\">WF0019 o rochie de bal pentru copii cu un decor elegant de dantel\u0103 \u0219i cristale <\/span> <\/h2>\n<p>Rochie bogat\u0103 cu o tren\u0103 faimoas\u0103. Partea de sus \u00een dou\u0103 niveluri, dedesubt baza din organza, deasupra bust cu m\u00e2neci lungi din tul italian de culoarea pielii. Rochia este \u00eempodobit\u0103 manual cu dantele fran\u021buze\u0219ti, cu cristale \u0219i paiete. Astfel de aplica\u021bii sunt puse \u0219i la br\u00e2u, \u0219i \u00een partea de jos a fustei lejere. Aceast\u0103 rochie de bal cu decor ales este prezentat \u00een nuan\u021be diverse: alb, ivory \u0219i combina\u021bia la mod\u0103 ivory cu cappuccino.<\/p>\n","protected":false},"excerpt":{"rendered":"<p>Descrierea modelului FERNANDA &#8211; WF0019 o rochie de bal pentru copii cu un decor elegant de dantel\u0103 \u0219i cristale Rochie bogat\u0103 cu o tren\u0103 faimoas\u0103. Partea de sus \u00een dou\u0103 niveluri, dedesubt baza din organza, deasupra bust cu m\u00e2neci lungi din tul italian de culoarea pielii. Rochia este \u00eempodobit\u0103 manual cu dantele fran\u021buze\u0219ti, cu cristale&hellip;<\/p>\n","protected":false},"featured_media":4752,"comment_status":"open","ping_status":"closed","template":"","meta":[],"product_brand":[],"product_cat":[939],"product_tag":[],"class_list":{"0":"post-11855","1":"product","2":"type-product","3":"status-publish","4":"has-post-thumbnail","6":"product_cat-white-flowers-2020-ro","8":"first","9":"instock","10":"taxable","11":"shipping-taxable","12":"product-type-simple"},"yoast_head":"<!-- This site is optimized with the Yoast SEO plugin v27.5 - https:\/\/yoast.com\/product\/yoast-seo-wordpress\/ -->\n<title>Superba rochie de bal copii FERNANDA - WF0019 - BRIDAL FASHION \u2122 | Luxurious Wedding Dresses &amp; Fashionable Gowns for Women, Girls and Kids<\/title>\n<meta name=\"description\" content=\"Rochie bogat\u0103 de bal cu decor ales FERNANDA - WF0019 \u00een diferite nuan\u021be: alb, ivory, combina\u021bia ivory cu cappuccino. Bustul transparent cu m\u00e2neci lungi este \u00eempodobit cu aplica\u021bii cu paiete \u0219i cristale\" \/>\n<meta name=\"robots\" content=\"index, follow, max-snippet:-1, max-image-preview:large, max-video-preview:-1\" \/>\n<link rel=\"canonical\" href=\"https:\/\/bridalfashion.com\/ro\/white-flowers-2020-ro\/rochie-de-bal-pufoasa-cu-un-decor-elegant-wf0019\/\" \/>\n<meta property=\"og:locale\" content=\"ro_RO\" \/>\n<meta property=\"og:type\" content=\"article\" \/>\n<meta property=\"og:title\" content=\"Superba rochie de bal copii FERNANDA - WF0019 - BRIDAL FASHION \u2122 | Luxurious Wedding Dresses &amp; Fashionable Gowns for Women, Girls and Kids\" \/>\n<meta property=\"og:description\" content=\"Rochie bogat\u0103 de bal cu decor ales FERNANDA - WF0019 \u00een diferite nuan\u021be: alb, ivory, combina\u021bia ivory cu cappuccino. Bustul transparent cu m\u00e2neci lungi este \u00eempodobit cu aplica\u021bii cu paiete \u0219i cristale\" \/>\n<meta property=\"og:url\" content=\"https:\/\/bridalfashion.com\/ro\/white-flowers-2020-ro\/rochie-de-bal-pufoasa-cu-un-decor-elegant-wf0019\/\" \/>\n<meta property=\"og:site_name\" content=\"BRIDAL FASHION \u2122 | Luxurious Wedding Dresses &amp; Fashionable Gowns for Women, Girls and Kids\" \/>\n<meta property=\"og:image\" content=\"https:\/\/bridalfashion.com\/wp-content\/uploads\/2021\/09\/WF0019_H_MH.jpg\" \/>\n\t<meta property=\"og:image:width\" content=\"1516\" \/>\n\t<meta property=\"og:image:height\" content=\"2000\" \/>\n\t<meta property=\"og:image:type\" content=\"image\/jpeg\" \/>\n<meta name=\"twitter:card\" content=\"summary_large_image\" \/>\n<meta name=\"twitter:label1\" content=\"Timp estimat pentru citire\" \/>\n\t<meta name=\"twitter:data1\" content=\"1 minut\" \/>\n<script type=\"application\/ld+json\" class=\"yoast-schema-graph\">{\"@context\":\"https:\\\/\\\/schema.org\",\"@graph\":[{\"@type\":\"WebPage\",\"@id\":\"https:\\\/\\\/bridalfashion.com\\\/ro\\\/white-flowers-2020-ro\\\/rochie-de-bal-pufoasa-cu-un-decor-elegant-wf0019\\\/\",\"url\":\"https:\\\/\\\/bridalfashion.com\\\/ro\\\/white-flowers-2020-ro\\\/rochie-de-bal-pufoasa-cu-un-decor-elegant-wf0019\\\/\",\"name\":\"Superba rochie de bal copii FERNANDA - WF0019 - BRIDAL FASHION \u2122 | Luxurious Wedding Dresses &amp; Fashionable Gowns for Women, Girls and Kids\",\"isPartOf\":{\"@id\":\"https:\\\/\\\/bridalfashion.com\\\/ro\\\/#website\"},\"primaryImageOfPage\":{\"@id\":\"https:\\\/\\\/bridalfashion.com\\\/ro\\\/white-flowers-2020-ro\\\/rochie-de-bal-pufoasa-cu-un-decor-elegant-wf0019\\\/#primaryimage\"},\"image\":{\"@id\":\"https:\\\/\\\/bridalfashion.com\\\/ro\\\/white-flowers-2020-ro\\\/rochie-de-bal-pufoasa-cu-un-decor-elegant-wf0019\\\/#primaryimage\"},\"thumbnailUrl\":\"https:\\\/\\\/bridalfashion.com\\\/wp-content\\\/uploads\\\/2021\\\/09\\\/WF0019_H_MH.jpg\",\"datePublished\":\"2022-10-03T17:17:22+00:00\",\"description\":\"Rochie bogat\u0103 de bal cu decor ales FERNANDA - WF0019 \u00een diferite nuan\u021be: alb, ivory, combina\u021bia ivory cu cappuccino. Bustul transparent cu m\u00e2neci lungi este \u00eempodobit cu aplica\u021bii cu paiete \u0219i cristale\",\"breadcrumb\":{\"@id\":\"https:\\\/\\\/bridalfashion.com\\\/ro\\\/white-flowers-2020-ro\\\/rochie-de-bal-pufoasa-cu-un-decor-elegant-wf0019\\\/#breadcrumb\"},\"inLanguage\":\"ro-RO\",\"potentialAction\":[{\"@type\":\"ReadAction\",\"target\":[\"https:\\\/\\\/bridalfashion.com\\\/ro\\\/white-flowers-2020-ro\\\/rochie-de-bal-pufoasa-cu-un-decor-elegant-wf0019\\\/\"]}]},{\"@type\":\"ImageObject\",\"inLanguage\":\"ro-RO\",\"@id\":\"https:\\\/\\\/bridalfashion.com\\\/ro\\\/white-flowers-2020-ro\\\/rochie-de-bal-pufoasa-cu-un-decor-elegant-wf0019\\\/#primaryimage\",\"url\":\"https:\\\/\\\/bridalfashion.com\\\/wp-content\\\/uploads\\\/2021\\\/09\\\/WF0019_H_MH.jpg\",\"contentUrl\":\"https:\\\/\\\/bridalfashion.com\\\/wp-content\\\/uploads\\\/2021\\\/09\\\/WF0019_H_MH.jpg\",\"width\":1516,\"height\":2000,\"caption\":\"Rochie de bal superba pentru copii FERNANDA - WF0019 Vedere laterala | BRIDAL FASHION\"},{\"@type\":\"BreadcrumbList\",\"@id\":\"https:\\\/\\\/bridalfashion.com\\\/ro\\\/white-flowers-2020-ro\\\/rochie-de-bal-pufoasa-cu-un-decor-elegant-wf0019\\\/#breadcrumb\",\"itemListElement\":[{\"@type\":\"ListItem\",\"position\":1,\"name\":\"Home\",\"item\":\"https:\\\/\\\/bridalfashion.com\\\/ro\\\/\"},{\"@type\":\"ListItem\",\"position\":2,\"name\":\"Shop\",\"item\":\"https:\\\/\\\/bridalfashion.com\\\/shop-2\\\/\"},{\"@type\":\"ListItem\",\"position\":3,\"name\":\"Superba rochie de bal copii FERNANDA &#8211; WF0019\"}]},{\"@type\":\"WebSite\",\"@id\":\"https:\\\/\\\/bridalfashion.com\\\/ro\\\/#website\",\"url\":\"https:\\\/\\\/bridalfashion.com\\\/ro\\\/\",\"name\":\"BRIDAL FASHION \u2122 | Luxurious Wedding Dresses &amp; Fashionable Gowns for Women, Girls and Kids\",\"description\":\"Welcome the leading manufacturer and supplier of wedding dresses. We offer in wholesale a large selection of high quality wedding dress collections and accessories for your business at competitive prices. Shop our full range of bridal products today!\",\"publisher\":{\"@id\":\"https:\\\/\\\/bridalfashion.com\\\/ro\\\/#organization\"},\"potentialAction\":[{\"@type\":\"SearchAction\",\"target\":{\"@type\":\"EntryPoint\",\"urlTemplate\":\"https:\\\/\\\/bridalfashion.com\\\/ro\\\/?s={search_term_string}\"},\"query-input\":{\"@type\":\"PropertyValueSpecification\",\"valueRequired\":true,\"valueName\":\"search_term_string\"}}],\"inLanguage\":\"ro-RO\"},{\"@type\":\"Organization\",\"@id\":\"https:\\\/\\\/bridalfashion.com\\\/ro\\\/#organization\",\"name\":\"BRIDAL FASHION \u2122 | Luxurious Wedding Dresses &amp; Fashionable Gowns for Women, Girls and Kids\",\"url\":\"https:\\\/\\\/bridalfashion.com\\\/ro\\\/\",\"logo\":{\"@type\":\"ImageObject\",\"inLanguage\":\"ro-RO\",\"@id\":\"https:\\\/\\\/bridalfashion.com\\\/ro\\\/#\\\/schema\\\/logo\\\/image\\\/\",\"url\":\"https:\\\/\\\/bridalfashion.com\\\/wp-content\\\/uploads\\\/2022\\\/05\\\/cropped-BFG.png\",\"contentUrl\":\"https:\\\/\\\/bridalfashion.com\\\/wp-content\\\/uploads\\\/2022\\\/05\\\/cropped-BFG.png\",\"width\":1771,\"height\":119,\"caption\":\"BRIDAL FASHION \u2122 | Luxurious Wedding Dresses &amp; Fashionable Gowns for Women, Girls and Kids\"},\"image\":{\"@id\":\"https:\\\/\\\/bridalfashion.com\\\/ro\\\/#\\\/schema\\\/logo\\\/image\\\/\"}}]}<\/script>\n<!-- \/ Yoast SEO plugin. -->","yoast_head_json":{"title":"Superba rochie de bal copii FERNANDA - WF0019 - BRIDAL FASHION \u2122 | Luxurious Wedding Dresses &amp; Fashionable Gowns for Women, Girls and Kids","description":"Rochie bogat\u0103 de bal cu decor ales FERNANDA - WF0019 \u00een diferite nuan\u021be: alb, ivory, combina\u021bia ivory cu cappuccino. Bustul transparent cu m\u00e2neci lungi este \u00eempodobit cu aplica\u021bii cu paiete \u0219i cristale","robots":{"index":"index","follow":"follow","max-snippet":"max-snippet:-1","max-image-preview":"max-image-preview:large","max-video-preview":"max-video-preview:-1"},"canonical":"https:\/\/bridalfashion.com\/ro\/white-flowers-2020-ro\/rochie-de-bal-pufoasa-cu-un-decor-elegant-wf0019\/","og_locale":"ro_RO","og_type":"article","og_title":"Superba rochie de bal copii FERNANDA - WF0019 - BRIDAL FASHION \u2122 | Luxurious Wedding Dresses &amp; Fashionable Gowns for Women, Girls and Kids","og_description":"Rochie bogat\u0103 de bal cu decor ales FERNANDA - WF0019 \u00een diferite nuan\u021be: alb, ivory, combina\u021bia ivory cu cappuccino. Bustul transparent cu m\u00e2neci lungi este \u00eempodobit cu aplica\u021bii cu paiete \u0219i cristale","og_url":"https:\/\/bridalfashion.com\/ro\/white-flowers-2020-ro\/rochie-de-bal-pufoasa-cu-un-decor-elegant-wf0019\/","og_site_name":"BRIDAL FASHION \u2122 | Luxurious Wedding Dresses &amp; Fashionable Gowns for Women, Girls and Kids","og_image":[{"width":1516,"height":2000,"url":"https:\/\/bridalfashion.com\/wp-content\/uploads\/2021\/09\/WF0019_H_MH.jpg","type":"image\/jpeg"}],"twitter_card":"summary_large_image","twitter_misc":{"Timp estimat pentru citire":"1 minut"},"schema":{"@context":"https:\/\/schema.org","@graph":[{"@type":"WebPage","@id":"https:\/\/bridalfashion.com\/ro\/white-flowers-2020-ro\/rochie-de-bal-pufoasa-cu-un-decor-elegant-wf0019\/","url":"https:\/\/bridalfashion.com\/ro\/white-flowers-2020-ro\/rochie-de-bal-pufoasa-cu-un-decor-elegant-wf0019\/","name":"Superba rochie de bal copii FERNANDA - WF0019 - BRIDAL FASHION \u2122 | Luxurious Wedding Dresses &amp; Fashionable Gowns for Women, Girls and Kids","isPartOf":{"@id":"https:\/\/bridalfashion.com\/ro\/#website"},"primaryImageOfPage":{"@id":"https:\/\/bridalfashion.com\/ro\/white-flowers-2020-ro\/rochie-de-bal-pufoasa-cu-un-decor-elegant-wf0019\/#primaryimage"},"image":{"@id":"https:\/\/bridalfashion.com\/ro\/white-flowers-2020-ro\/rochie-de-bal-pufoasa-cu-un-decor-elegant-wf0019\/#primaryimage"},"thumbnailUrl":"https:\/\/bridalfashion.com\/wp-content\/uploads\/2021\/09\/WF0019_H_MH.jpg","datePublished":"2022-10-03T17:17:22+00:00","description":"Rochie bogat\u0103 de bal cu decor ales FERNANDA - WF0019 \u00een diferite nuan\u021be: alb, ivory, combina\u021bia ivory cu cappuccino. Bustul transparent cu m\u00e2neci lungi este \u00eempodobit cu aplica\u021bii cu paiete \u0219i cristale","breadcrumb":{"@id":"https:\/\/bridalfashion.com\/ro\/white-flowers-2020-ro\/rochie-de-bal-pufoasa-cu-un-decor-elegant-wf0019\/#breadcrumb"},"inLanguage":"ro-RO","potentialAction":[{"@type":"ReadAction","target":["https:\/\/bridalfashion.com\/ro\/white-flowers-2020-ro\/rochie-de-bal-pufoasa-cu-un-decor-elegant-wf0019\/"]}]},{"@type":"ImageObject","inLanguage":"ro-RO","@id":"https:\/\/bridalfashion.com\/ro\/white-flowers-2020-ro\/rochie-de-bal-pufoasa-cu-un-decor-elegant-wf0019\/#primaryimage","url":"https:\/\/bridalfashion.com\/wp-content\/uploads\/2021\/09\/WF0019_H_MH.jpg","contentUrl":"https:\/\/bridalfashion.com\/wp-content\/uploads\/2021\/09\/WF0019_H_MH.jpg","width":1516,"height":2000,"caption":"Rochie de bal superba pentru copii FERNANDA - WF0019 Vedere laterala | BRIDAL FASHION"},{"@type":"BreadcrumbList","@id":"https:\/\/bridalfashion.com\/ro\/white-flowers-2020-ro\/rochie-de-bal-pufoasa-cu-un-decor-elegant-wf0019\/#breadcrumb","itemListElement":[{"@type":"ListItem","position":1,"name":"Home","item":"https:\/\/bridalfashion.com\/ro\/"},{"@type":"ListItem","position":2,"name":"Shop","item":"https:\/\/bridalfashion.com\/shop-2\/"},{"@type":"ListItem","position":3,"name":"Superba rochie de bal copii FERNANDA &#8211; WF0019"}]},{"@type":"WebSite","@id":"https:\/\/bridalfashion.com\/ro\/#website","url":"https:\/\/bridalfashion.com\/ro\/","name":"BRIDAL FASHION \u2122 | Luxurious Wedding Dresses &amp; Fashionable Gowns for Women, Girls and Kids","description":"Welcome the leading manufacturer and supplier of wedding dresses. We offer in wholesale a large selection of high quality wedding dress collections and accessories for your business at competitive prices. Shop our full range of bridal products today!","publisher":{"@id":"https:\/\/bridalfashion.com\/ro\/#organization"},"potentialAction":[{"@type":"SearchAction","target":{"@type":"EntryPoint","urlTemplate":"https:\/\/bridalfashion.com\/ro\/?s={search_term_string}"},"query-input":{"@type":"PropertyValueSpecification","valueRequired":true,"valueName":"search_term_string"}}],"inLanguage":"ro-RO"},{"@type":"Organization","@id":"https:\/\/bridalfashion.com\/ro\/#organization","name":"BRIDAL FASHION \u2122 | Luxurious Wedding Dresses &amp; Fashionable Gowns for Women, Girls and Kids","url":"https:\/\/bridalfashion.com\/ro\/","logo":{"@type":"ImageObject","inLanguage":"ro-RO","@id":"https:\/\/bridalfashion.com\/ro\/#\/schema\/logo\/image\/","url":"https:\/\/bridalfashion.com\/wp-content\/uploads\/2022\/05\/cropped-BFG.png","contentUrl":"https:\/\/bridalfashion.com\/wp-content\/uploads\/2022\/05\/cropped-BFG.png","width":1771,"height":119,"caption":"BRIDAL FASHION \u2122 | Luxurious Wedding Dresses &amp; Fashionable Gowns for Women, Girls and Kids"},"image":{"@id":"https:\/\/bridalfashion.com\/ro\/#\/schema\/logo\/image\/"}}]}},"_links":{"self":[{"href":"https:\/\/bridalfashion.com\/ro\/wp-json\/wp\/v2\/product\/11855","targetHints":{"allow":["GET"]}}],"collection":[{"href":"https:\/\/bridalfashion.com\/ro\/wp-json\/wp\/v2\/product"}],"about":[{"href":"https:\/\/bridalfashion.com\/ro\/wp-json\/wp\/v2\/types\/product"}],"replies":[{"embeddable":true,"href":"https:\/\/bridalfashion.com\/ro\/wp-json\/wp\/v2\/comments?post=11855"}],"wp:featuredmedia":[{"embeddable":true,"href":"https:\/\/bridalfashion.com\/ro\/wp-json\/wp\/v2\/media\/4752"}],"wp:attachment":[{"href":"https:\/\/bridalfashion.com\/ro\/wp-json\/wp\/v2\/media?parent=11855"}],"wp:term":[{"taxonomy":"product_brand","embeddable":true,"href":"https:\/\/bridalfashion.com\/ro\/wp-json\/wp\/v2\/product_brand?post=11855"},{"taxonomy":"product_cat","embeddable":true,"href":"https:\/\/bridalfashion.com\/ro\/wp-json\/wp\/v2\/product_cat?post=11855"},{"taxonomy":"product_tag","embeddable":true,"href":"https:\/\/bridalfashion.com\/ro\/wp-json\/wp\/v2\/product_tag?post=11855"}],"curies":[{"name":"wp","href":"https:\/\/api.w.org\/{rel}","templated":true}]}}