{"id":11846,"date":"2021-09-27T11:05:39","date_gmt":"2022-10-03T08:38:03","guid":{"rendered":"https:\/\/bridalfashion.com\/fara-categorie\/tinuta-frumoasa-feba-wf0016\/"},"modified":"2022-10-03T10:38:08","modified_gmt":"2022-10-03T08:38:08","slug":"tinuta-frumoasa-pentru-o-fata-cu-dantela-wf0016","status":"publish","type":"product","link":"https:\/\/bridalfashion.com\/ro\/white-flowers-2020-ro\/tinuta-frumoasa-pentru-o-fata-cu-dantela-wf0016\/","title":{"rendered":"Tinuta frumoasa FEBA &#8211; WF0016"},"content":{"rendered":"<h2>Descrierea modelului <span style=\"font-size: 18px\">FEBA &#8211; <\/span><span style=\"font-size: 1.15em\">WF0016 o \u021binut\u0103 frumoas\u0103 pentru o fat\u0103 cu decor de dantel\u0103 \u0219i un tren lung<\/span><\/h2>\n<p>Rochie festiv\u0103 romantic\u0103, disponibil\u0103 la alegere pe alb, ivory \u0219i ivory cu cappuccino. Baza p\u0103r\u021bii de sus \u2013 corset dublat cu decolteu \u00een form\u0103 de inim\u0103. Deasupra \u2013 bust din tul italian de culoarea pielii cu m\u00e2neci. Partea de sus este \u00eempodobit\u0103 cu aplica\u021bii de dantel\u0103, cu sclipici \u0219i perle. La spate este o \u00eencheietoare vertical\u0103. Fusta volant\u0103 din tul \u00een partea de jos are cusut\u0103 o crinolin\u0103 \u0219i este completat\u0103 cu o tren\u0103 v\u0103luroas\u0103. Fusta de asemenea este \u00eempodobit\u0103 cu dantele. Acest model deosebit pentru feti\u021be va ar\u0103ta splendid la or\u0219ice festivitate.<\/p>\n","protected":false},"excerpt":{"rendered":"<p>Descrierea modelului FEBA &#8211; WF0016 o \u021binut\u0103 frumoas\u0103 pentru o fat\u0103 cu decor de dantel\u0103 \u0219i un tren lung Rochie festiv\u0103 romantic\u0103, disponibil\u0103 la alegere pe alb, ivory \u0219i ivory cu cappuccino. Baza p\u0103r\u021bii de sus \u2013 corset dublat cu decolteu \u00een form\u0103 de inim\u0103. Deasupra \u2013 bust din tul italian de culoarea pielii cu&hellip;<\/p>\n","protected":false},"featured_media":4680,"comment_status":"open","ping_status":"closed","template":"","meta":[],"product_brand":[],"product_cat":[939],"product_tag":[],"class_list":{"0":"post-11846","1":"product","2":"type-product","3":"status-publish","4":"has-post-thumbnail","6":"product_cat-white-flowers-2020-ro","8":"first","9":"instock","10":"taxable","11":"shipping-taxable","12":"product-type-simple"},"yoast_head":"<!-- This site is optimized with the Yoast SEO plugin v27.6 - https:\/\/yoast.com\/product\/yoast-seo-wordpress\/ -->\n<title>Tinuta frumoasa FEBA - WF0016 - BRIDAL FASHION \u2122 | Luxurious Wedding Dresses &amp; Fashionable Gowns for Women, Girls and Kids<\/title>\n<meta name=\"description\" content=\"Rochie fascinant\u0103 pentru feti\u021be FEBA - WF0016 poate fi aleas\u0103 \u00een culoare alb\u0103, ivory \u0219i de asemenea \u00een combina\u021bia ivory cu cappuccino. Bustul transparent cu m\u00e2neci lungi \u0219i fusta bogat\u0103 cu tren\u0103 sunt decorate cu aplica\u021bii\" \/>\n<meta name=\"robots\" content=\"index, follow, max-snippet:-1, max-image-preview:large, max-video-preview:-1\" \/>\n<link rel=\"canonical\" href=\"https:\/\/bridalfashion.com\/ro\/white-flowers-2020-ro\/tinuta-frumoasa-pentru-o-fata-cu-dantela-wf0016\/\" \/>\n<meta property=\"og:locale\" content=\"ro_RO\" \/>\n<meta property=\"og:type\" content=\"article\" \/>\n<meta property=\"og:title\" content=\"Tinuta frumoasa FEBA - WF0016 - BRIDAL FASHION \u2122 | Luxurious Wedding Dresses &amp; Fashionable Gowns for Women, Girls and Kids\" \/>\n<meta property=\"og:description\" content=\"Rochie fascinant\u0103 pentru feti\u021be FEBA - WF0016 poate fi aleas\u0103 \u00een culoare alb\u0103, ivory \u0219i de asemenea \u00een combina\u021bia ivory cu cappuccino. Bustul transparent cu m\u00e2neci lungi \u0219i fusta bogat\u0103 cu tren\u0103 sunt decorate cu aplica\u021bii\" \/>\n<meta property=\"og:url\" content=\"https:\/\/bridalfashion.com\/ro\/white-flowers-2020-ro\/tinuta-frumoasa-pentru-o-fata-cu-dantela-wf0016\/\" \/>\n<meta property=\"og:site_name\" content=\"BRIDAL FASHION \u2122 | Luxurious Wedding Dresses &amp; Fashionable Gowns for Women, Girls and Kids\" \/>\n<meta property=\"article:modified_time\" content=\"2022-10-03T08:38:08+00:00\" \/>\n<meta property=\"og:image\" content=\"https:\/\/bridalfashion.com\/wp-content\/uploads\/2021\/09\/WF0016_A.jpg\" \/>\n\t<meta property=\"og:image:width\" content=\"1516\" \/>\n\t<meta property=\"og:image:height\" content=\"2000\" \/>\n\t<meta property=\"og:image:type\" content=\"image\/jpeg\" \/>\n<meta name=\"twitter:card\" content=\"summary_large_image\" \/>\n<meta name=\"twitter:label1\" content=\"Timp estimat pentru citire\" \/>\n\t<meta name=\"twitter:data1\" content=\"1 minut\" \/>\n<script type=\"application\/ld+json\" class=\"yoast-schema-graph\">{\"@context\":\"https:\\\/\\\/schema.org\",\"@graph\":[{\"@type\":\"WebPage\",\"@id\":\"https:\\\/\\\/bridalfashion.com\\\/ro\\\/white-flowers-2020-ro\\\/tinuta-frumoasa-pentru-o-fata-cu-dantela-wf0016\\\/\",\"url\":\"https:\\\/\\\/bridalfashion.com\\\/ro\\\/white-flowers-2020-ro\\\/tinuta-frumoasa-pentru-o-fata-cu-dantela-wf0016\\\/\",\"name\":\"Tinuta frumoasa FEBA - WF0016 - BRIDAL FASHION \u2122 | Luxurious Wedding Dresses &amp; Fashionable Gowns for Women, Girls and Kids\",\"isPartOf\":{\"@id\":\"https:\\\/\\\/bridalfashion.com\\\/ro\\\/#website\"},\"primaryImageOfPage\":{\"@id\":\"https:\\\/\\\/bridalfashion.com\\\/ro\\\/white-flowers-2020-ro\\\/tinuta-frumoasa-pentru-o-fata-cu-dantela-wf0016\\\/#primaryimage\"},\"image\":{\"@id\":\"https:\\\/\\\/bridalfashion.com\\\/ro\\\/white-flowers-2020-ro\\\/tinuta-frumoasa-pentru-o-fata-cu-dantela-wf0016\\\/#primaryimage\"},\"thumbnailUrl\":\"https:\\\/\\\/bridalfashion.com\\\/wp-content\\\/uploads\\\/2021\\\/09\\\/WF0016_A.jpg\",\"datePublished\":\"2022-10-03T08:38:03+00:00\",\"dateModified\":\"2022-10-03T08:38:08+00:00\",\"description\":\"Rochie fascinant\u0103 pentru feti\u021be FEBA - WF0016 poate fi aleas\u0103 \u00een culoare alb\u0103, ivory \u0219i de asemenea \u00een combina\u021bia ivory cu cappuccino. Bustul transparent cu m\u00e2neci lungi \u0219i fusta bogat\u0103 cu tren\u0103 sunt decorate cu aplica\u021bii\",\"breadcrumb\":{\"@id\":\"https:\\\/\\\/bridalfashion.com\\\/ro\\\/white-flowers-2020-ro\\\/tinuta-frumoasa-pentru-o-fata-cu-dantela-wf0016\\\/#breadcrumb\"},\"inLanguage\":\"ro-RO\",\"potentialAction\":[{\"@type\":\"ReadAction\",\"target\":[\"https:\\\/\\\/bridalfashion.com\\\/ro\\\/white-flowers-2020-ro\\\/tinuta-frumoasa-pentru-o-fata-cu-dantela-wf0016\\\/\"]}]},{\"@type\":\"ImageObject\",\"inLanguage\":\"ro-RO\",\"@id\":\"https:\\\/\\\/bridalfashion.com\\\/ro\\\/white-flowers-2020-ro\\\/tinuta-frumoasa-pentru-o-fata-cu-dantela-wf0016\\\/#primaryimage\",\"url\":\"https:\\\/\\\/bridalfashion.com\\\/wp-content\\\/uploads\\\/2021\\\/09\\\/WF0016_A.jpg\",\"contentUrl\":\"https:\\\/\\\/bridalfashion.com\\\/wp-content\\\/uploads\\\/2021\\\/09\\\/WF0016_A.jpg\",\"width\":1516,\"height\":2000,\"caption\":\"\u00cembr\u0103c\u0103minte frumoas\u0103 FEBA - WF0016 Vedere din fa\u021b\u0103 | BRIDAL FASHON\"},{\"@type\":\"BreadcrumbList\",\"@id\":\"https:\\\/\\\/bridalfashion.com\\\/ro\\\/white-flowers-2020-ro\\\/tinuta-frumoasa-pentru-o-fata-cu-dantela-wf0016\\\/#breadcrumb\",\"itemListElement\":[{\"@type\":\"ListItem\",\"position\":1,\"name\":\"Home\",\"item\":\"https:\\\/\\\/bridalfashion.com\\\/ro\\\/\"},{\"@type\":\"ListItem\",\"position\":2,\"name\":\"Shop\",\"item\":\"https:\\\/\\\/bridalfashion.com\\\/shop-2\\\/\"},{\"@type\":\"ListItem\",\"position\":3,\"name\":\"Tinuta frumoasa FEBA &#8211; WF0016\"}]},{\"@type\":\"WebSite\",\"@id\":\"https:\\\/\\\/bridalfashion.com\\\/ro\\\/#website\",\"url\":\"https:\\\/\\\/bridalfashion.com\\\/ro\\\/\",\"name\":\"BRIDAL FASHION \u2122 | Luxurious Wedding Dresses &amp; Fashionable Gowns for Women, Girls and Kids\",\"description\":\"Welcome the leading manufacturer and supplier of wedding dresses. We offer in wholesale a large selection of high quality wedding dress collections and accessories for your business at competitive prices. Shop our full range of bridal products today!\",\"publisher\":{\"@id\":\"https:\\\/\\\/bridalfashion.com\\\/ro\\\/#organization\"},\"potentialAction\":[{\"@type\":\"SearchAction\",\"target\":{\"@type\":\"EntryPoint\",\"urlTemplate\":\"https:\\\/\\\/bridalfashion.com\\\/ro\\\/?s={search_term_string}\"},\"query-input\":{\"@type\":\"PropertyValueSpecification\",\"valueRequired\":true,\"valueName\":\"search_term_string\"}}],\"inLanguage\":\"ro-RO\"},{\"@type\":\"Organization\",\"@id\":\"https:\\\/\\\/bridalfashion.com\\\/ro\\\/#organization\",\"name\":\"BRIDAL FASHION \u2122 | Luxurious Wedding Dresses &amp; Fashionable Gowns for Women, Girls and Kids\",\"url\":\"https:\\\/\\\/bridalfashion.com\\\/ro\\\/\",\"logo\":{\"@type\":\"ImageObject\",\"inLanguage\":\"ro-RO\",\"@id\":\"https:\\\/\\\/bridalfashion.com\\\/ro\\\/#\\\/schema\\\/logo\\\/image\\\/\",\"url\":\"https:\\\/\\\/bridalfashion.com\\\/wp-content\\\/uploads\\\/2022\\\/05\\\/cropped-BFG.png\",\"contentUrl\":\"https:\\\/\\\/bridalfashion.com\\\/wp-content\\\/uploads\\\/2022\\\/05\\\/cropped-BFG.png\",\"width\":1771,\"height\":119,\"caption\":\"BRIDAL FASHION \u2122 | Luxurious Wedding Dresses &amp; Fashionable Gowns for Women, Girls and Kids\"},\"image\":{\"@id\":\"https:\\\/\\\/bridalfashion.com\\\/ro\\\/#\\\/schema\\\/logo\\\/image\\\/\"}}]}<\/script>\n<!-- \/ Yoast SEO plugin. -->","yoast_head_json":{"title":"Tinuta frumoasa FEBA - WF0016 - BRIDAL FASHION \u2122 | Luxurious Wedding Dresses &amp; Fashionable Gowns for Women, Girls and Kids","description":"Rochie fascinant\u0103 pentru feti\u021be FEBA - WF0016 poate fi aleas\u0103 \u00een culoare alb\u0103, ivory \u0219i de asemenea \u00een combina\u021bia ivory cu cappuccino. Bustul transparent cu m\u00e2neci lungi \u0219i fusta bogat\u0103 cu tren\u0103 sunt decorate cu aplica\u021bii","robots":{"index":"index","follow":"follow","max-snippet":"max-snippet:-1","max-image-preview":"max-image-preview:large","max-video-preview":"max-video-preview:-1"},"canonical":"https:\/\/bridalfashion.com\/ro\/white-flowers-2020-ro\/tinuta-frumoasa-pentru-o-fata-cu-dantela-wf0016\/","og_locale":"ro_RO","og_type":"article","og_title":"Tinuta frumoasa FEBA - WF0016 - BRIDAL FASHION \u2122 | Luxurious Wedding Dresses &amp; Fashionable Gowns for Women, Girls and Kids","og_description":"Rochie fascinant\u0103 pentru feti\u021be FEBA - WF0016 poate fi aleas\u0103 \u00een culoare alb\u0103, ivory \u0219i de asemenea \u00een combina\u021bia ivory cu cappuccino. Bustul transparent cu m\u00e2neci lungi \u0219i fusta bogat\u0103 cu tren\u0103 sunt decorate cu aplica\u021bii","og_url":"https:\/\/bridalfashion.com\/ro\/white-flowers-2020-ro\/tinuta-frumoasa-pentru-o-fata-cu-dantela-wf0016\/","og_site_name":"BRIDAL FASHION \u2122 | Luxurious Wedding Dresses &amp; Fashionable Gowns for Women, Girls and Kids","article_modified_time":"2022-10-03T08:38:08+00:00","og_image":[{"width":1516,"height":2000,"url":"https:\/\/bridalfashion.com\/wp-content\/uploads\/2021\/09\/WF0016_A.jpg","type":"image\/jpeg"}],"twitter_card":"summary_large_image","twitter_misc":{"Timp estimat pentru citire":"1 minut"},"schema":{"@context":"https:\/\/schema.org","@graph":[{"@type":"WebPage","@id":"https:\/\/bridalfashion.com\/ro\/white-flowers-2020-ro\/tinuta-frumoasa-pentru-o-fata-cu-dantela-wf0016\/","url":"https:\/\/bridalfashion.com\/ro\/white-flowers-2020-ro\/tinuta-frumoasa-pentru-o-fata-cu-dantela-wf0016\/","name":"Tinuta frumoasa FEBA - WF0016 - BRIDAL FASHION \u2122 | Luxurious Wedding Dresses &amp; Fashionable Gowns for Women, Girls and Kids","isPartOf":{"@id":"https:\/\/bridalfashion.com\/ro\/#website"},"primaryImageOfPage":{"@id":"https:\/\/bridalfashion.com\/ro\/white-flowers-2020-ro\/tinuta-frumoasa-pentru-o-fata-cu-dantela-wf0016\/#primaryimage"},"image":{"@id":"https:\/\/bridalfashion.com\/ro\/white-flowers-2020-ro\/tinuta-frumoasa-pentru-o-fata-cu-dantela-wf0016\/#primaryimage"},"thumbnailUrl":"https:\/\/bridalfashion.com\/wp-content\/uploads\/2021\/09\/WF0016_A.jpg","datePublished":"2022-10-03T08:38:03+00:00","dateModified":"2022-10-03T08:38:08+00:00","description":"Rochie fascinant\u0103 pentru feti\u021be FEBA - WF0016 poate fi aleas\u0103 \u00een culoare alb\u0103, ivory \u0219i de asemenea \u00een combina\u021bia ivory cu cappuccino. Bustul transparent cu m\u00e2neci lungi \u0219i fusta bogat\u0103 cu tren\u0103 sunt decorate cu aplica\u021bii","breadcrumb":{"@id":"https:\/\/bridalfashion.com\/ro\/white-flowers-2020-ro\/tinuta-frumoasa-pentru-o-fata-cu-dantela-wf0016\/#breadcrumb"},"inLanguage":"ro-RO","potentialAction":[{"@type":"ReadAction","target":["https:\/\/bridalfashion.com\/ro\/white-flowers-2020-ro\/tinuta-frumoasa-pentru-o-fata-cu-dantela-wf0016\/"]}]},{"@type":"ImageObject","inLanguage":"ro-RO","@id":"https:\/\/bridalfashion.com\/ro\/white-flowers-2020-ro\/tinuta-frumoasa-pentru-o-fata-cu-dantela-wf0016\/#primaryimage","url":"https:\/\/bridalfashion.com\/wp-content\/uploads\/2021\/09\/WF0016_A.jpg","contentUrl":"https:\/\/bridalfashion.com\/wp-content\/uploads\/2021\/09\/WF0016_A.jpg","width":1516,"height":2000,"caption":"\u00cembr\u0103c\u0103minte frumoas\u0103 FEBA - WF0016 Vedere din fa\u021b\u0103 | BRIDAL FASHON"},{"@type":"BreadcrumbList","@id":"https:\/\/bridalfashion.com\/ro\/white-flowers-2020-ro\/tinuta-frumoasa-pentru-o-fata-cu-dantela-wf0016\/#breadcrumb","itemListElement":[{"@type":"ListItem","position":1,"name":"Home","item":"https:\/\/bridalfashion.com\/ro\/"},{"@type":"ListItem","position":2,"name":"Shop","item":"https:\/\/bridalfashion.com\/shop-2\/"},{"@type":"ListItem","position":3,"name":"Tinuta frumoasa FEBA &#8211; WF0016"}]},{"@type":"WebSite","@id":"https:\/\/bridalfashion.com\/ro\/#website","url":"https:\/\/bridalfashion.com\/ro\/","name":"BRIDAL FASHION \u2122 | Luxurious Wedding Dresses &amp; Fashionable Gowns for Women, Girls and Kids","description":"Welcome the leading manufacturer and supplier of wedding dresses. We offer in wholesale a large selection of high quality wedding dress collections and accessories for your business at competitive prices. Shop our full range of bridal products today!","publisher":{"@id":"https:\/\/bridalfashion.com\/ro\/#organization"},"potentialAction":[{"@type":"SearchAction","target":{"@type":"EntryPoint","urlTemplate":"https:\/\/bridalfashion.com\/ro\/?s={search_term_string}"},"query-input":{"@type":"PropertyValueSpecification","valueRequired":true,"valueName":"search_term_string"}}],"inLanguage":"ro-RO"},{"@type":"Organization","@id":"https:\/\/bridalfashion.com\/ro\/#organization","name":"BRIDAL FASHION \u2122 | Luxurious Wedding Dresses &amp; Fashionable Gowns for Women, Girls and Kids","url":"https:\/\/bridalfashion.com\/ro\/","logo":{"@type":"ImageObject","inLanguage":"ro-RO","@id":"https:\/\/bridalfashion.com\/ro\/#\/schema\/logo\/image\/","url":"https:\/\/bridalfashion.com\/wp-content\/uploads\/2022\/05\/cropped-BFG.png","contentUrl":"https:\/\/bridalfashion.com\/wp-content\/uploads\/2022\/05\/cropped-BFG.png","width":1771,"height":119,"caption":"BRIDAL FASHION \u2122 | Luxurious Wedding Dresses &amp; Fashionable Gowns for Women, Girls and Kids"},"image":{"@id":"https:\/\/bridalfashion.com\/ro\/#\/schema\/logo\/image\/"}}]}},"_links":{"self":[{"href":"https:\/\/bridalfashion.com\/ro\/wp-json\/wp\/v2\/product\/11846","targetHints":{"allow":["GET"]}}],"collection":[{"href":"https:\/\/bridalfashion.com\/ro\/wp-json\/wp\/v2\/product"}],"about":[{"href":"https:\/\/bridalfashion.com\/ro\/wp-json\/wp\/v2\/types\/product"}],"replies":[{"embeddable":true,"href":"https:\/\/bridalfashion.com\/ro\/wp-json\/wp\/v2\/comments?post=11846"}],"wp:featuredmedia":[{"embeddable":true,"href":"https:\/\/bridalfashion.com\/ro\/wp-json\/wp\/v2\/media\/4680"}],"wp:attachment":[{"href":"https:\/\/bridalfashion.com\/ro\/wp-json\/wp\/v2\/media?parent=11846"}],"wp:term":[{"taxonomy":"product_brand","embeddable":true,"href":"https:\/\/bridalfashion.com\/ro\/wp-json\/wp\/v2\/product_brand?post=11846"},{"taxonomy":"product_cat","embeddable":true,"href":"https:\/\/bridalfashion.com\/ro\/wp-json\/wp\/v2\/product_cat?post=11846"},{"taxonomy":"product_tag","embeddable":true,"href":"https:\/\/bridalfashion.com\/ro\/wp-json\/wp\/v2\/product_tag?post=11846"}],"curies":[{"name":"wp","href":"https:\/\/api.w.org\/{rel}","templated":true}]}}