{"id":11843,"date":"2021-09-27T11:02:05","date_gmt":"2022-10-03T08:24:25","guid":{"rendered":"https:\/\/bridalfashion.com\/fara-categorie\/rochie-pufoasa-originala-feya-wf0015\/"},"modified":"2022-10-03T10:24:25","modified_gmt":"2022-10-03T08:24:25","slug":"rochie-pufoasa-aplicate-de-flori-peste-corp-wf0015","status":"publish","type":"product","link":"https:\/\/bridalfashion.com\/ro\/white-flowers-2020-ro\/rochie-pufoasa-aplicate-de-flori-peste-corp-wf0015\/","title":{"rendered":"Rochie pufoasa originala FEYA &#8211; WF0015"},"content":{"rendered":"<h2>Descrierea modelului <span style=\"font-size: 18px\">FEYA &#8211; <\/span><span style=\"font-size: 1.15em\">WF0015 o rochie pufoas\u0103 original\u0103, cu aplica\u021bii de flori \u00een partea de sus \u0219i fust\u0103 de bal<\/span>.<\/h2>\n<p>Rochie fermec\u0103toare stil de bal cu decor lucrat manual. Partea de sus din saten, acoperit\u0103 cu tul italian de culoarea pielii. La spate are \u00eencheietoarea pe fermoar \u0219i pe \u0219iret din saten. Bustul este decorat cu o broderie eviden\u021biat\u0103 \u0219i cu perle \u00een nuan\u021be diferite. Fusta din tul alb de asemenea este \u00eempodobit\u0103 cu aplica\u021bii de la talie \u00een jos. Fusta are o crinoline cusut\u0103 pentru a-\u0219i p\u0103stra forma. Aceast\u0103 rochie bogat\u0103 cu aplica\u021bii florale \u2014 este o crea\u021bie exclusiv\u0103, ce va atrage aten\u021bia c\u0103tre proprietara sa.<\/p>\n","protected":false},"excerpt":{"rendered":"<p>Descrierea modelului FEYA &#8211; WF0015 o rochie pufoas\u0103 original\u0103, cu aplica\u021bii de flori \u00een partea de sus \u0219i fust\u0103 de bal. Rochie fermec\u0103toare stil de bal cu decor lucrat manual. Partea de sus din saten, acoperit\u0103 cu tul italian de culoarea pielii. La spate are \u00eencheietoarea pe fermoar \u0219i pe \u0219iret din saten. Bustul este&hellip;<\/p>\n","protected":false},"featured_media":4647,"comment_status":"open","ping_status":"closed","template":"","meta":[],"product_brand":[],"product_cat":[939],"product_tag":[],"class_list":{"0":"post-11843","1":"product","2":"type-product","3":"status-publish","4":"has-post-thumbnail","6":"product_cat-white-flowers-2020-ro","8":"first","9":"instock","10":"taxable","11":"shipping-taxable","12":"product-type-simple"},"yoast_head":"<!-- This site is optimized with the Yoast SEO plugin v27.4 - https:\/\/yoast.com\/product\/yoast-seo-wordpress\/ -->\n<title>Rochie pufoasa originala FEYA - WF0015 - BRIDAL FASHION \u2122 | Luxurious Wedding Dresses &amp; Fashionable Gowns for Women, Girls and Kids<\/title>\n<meta name=\"description\" content=\"Rochie ampl\u0103 cu aplica\u021bii florale FEYA - WF0015 pe bustul deschis \u0219i pe fusta volant\u0103 din tul. \u00cen partea de jos are o crinolina cusut\u0103. Spatele se \u00eenchide pe \u0219iret \u0219i fermoar. Decorul floral este completat cu perle\" \/>\n<meta name=\"robots\" content=\"index, follow, max-snippet:-1, max-image-preview:large, max-video-preview:-1\" \/>\n<link rel=\"canonical\" href=\"https:\/\/bridalfashion.com\/ro\/white-flowers-2020-ro\/rochie-pufoasa-aplicate-de-flori-peste-corp-wf0015\/\" \/>\n<meta property=\"og:locale\" content=\"ro_RO\" \/>\n<meta property=\"og:type\" content=\"article\" \/>\n<meta property=\"og:title\" content=\"Rochie pufoasa originala FEYA - WF0015 - BRIDAL FASHION \u2122 | Luxurious Wedding Dresses &amp; Fashionable Gowns for Women, Girls and Kids\" \/>\n<meta property=\"og:description\" content=\"Rochie ampl\u0103 cu aplica\u021bii florale FEYA - WF0015 pe bustul deschis \u0219i pe fusta volant\u0103 din tul. \u00cen partea de jos are o crinolina cusut\u0103. Spatele se \u00eenchide pe \u0219iret \u0219i fermoar. Decorul floral este completat cu perle\" \/>\n<meta property=\"og:url\" content=\"https:\/\/bridalfashion.com\/ro\/white-flowers-2020-ro\/rochie-pufoasa-aplicate-de-flori-peste-corp-wf0015\/\" \/>\n<meta property=\"og:site_name\" content=\"BRIDAL FASHION \u2122 | Luxurious Wedding Dresses &amp; Fashionable Gowns for Women, Girls and Kids\" \/>\n<meta property=\"og:image\" content=\"https:\/\/bridalfashion.com\/wp-content\/uploads\/2021\/09\/WF0015_A.jpg\" \/>\n\t<meta property=\"og:image:width\" content=\"1516\" \/>\n\t<meta property=\"og:image:height\" content=\"2000\" \/>\n\t<meta property=\"og:image:type\" content=\"image\/jpeg\" \/>\n<meta name=\"twitter:card\" content=\"summary_large_image\" \/>\n<meta name=\"twitter:label1\" content=\"Timp estimat pentru citire\" \/>\n\t<meta name=\"twitter:data1\" content=\"1 minut\" \/>\n<script type=\"application\/ld+json\" class=\"yoast-schema-graph\">{\"@context\":\"https:\\\/\\\/schema.org\",\"@graph\":[{\"@type\":\"WebPage\",\"@id\":\"https:\\\/\\\/bridalfashion.com\\\/ro\\\/white-flowers-2020-ro\\\/rochie-pufoasa-aplicate-de-flori-peste-corp-wf0015\\\/\",\"url\":\"https:\\\/\\\/bridalfashion.com\\\/ro\\\/white-flowers-2020-ro\\\/rochie-pufoasa-aplicate-de-flori-peste-corp-wf0015\\\/\",\"name\":\"Rochie pufoasa originala FEYA - WF0015 - BRIDAL FASHION \u2122 | Luxurious Wedding Dresses &amp; Fashionable Gowns for Women, Girls and Kids\",\"isPartOf\":{\"@id\":\"https:\\\/\\\/bridalfashion.com\\\/ro\\\/#website\"},\"primaryImageOfPage\":{\"@id\":\"https:\\\/\\\/bridalfashion.com\\\/ro\\\/white-flowers-2020-ro\\\/rochie-pufoasa-aplicate-de-flori-peste-corp-wf0015\\\/#primaryimage\"},\"image\":{\"@id\":\"https:\\\/\\\/bridalfashion.com\\\/ro\\\/white-flowers-2020-ro\\\/rochie-pufoasa-aplicate-de-flori-peste-corp-wf0015\\\/#primaryimage\"},\"thumbnailUrl\":\"https:\\\/\\\/bridalfashion.com\\\/wp-content\\\/uploads\\\/2021\\\/09\\\/WF0015_A.jpg\",\"datePublished\":\"2022-10-03T08:24:25+00:00\",\"description\":\"Rochie ampl\u0103 cu aplica\u021bii florale FEYA - WF0015 pe bustul deschis \u0219i pe fusta volant\u0103 din tul. \u00cen partea de jos are o crinolina cusut\u0103. Spatele se \u00eenchide pe \u0219iret \u0219i fermoar. Decorul floral este completat cu perle\",\"breadcrumb\":{\"@id\":\"https:\\\/\\\/bridalfashion.com\\\/ro\\\/white-flowers-2020-ro\\\/rochie-pufoasa-aplicate-de-flori-peste-corp-wf0015\\\/#breadcrumb\"},\"inLanguage\":\"ro-RO\",\"potentialAction\":[{\"@type\":\"ReadAction\",\"target\":[\"https:\\\/\\\/bridalfashion.com\\\/ro\\\/white-flowers-2020-ro\\\/rochie-pufoasa-aplicate-de-flori-peste-corp-wf0015\\\/\"]}]},{\"@type\":\"ImageObject\",\"inLanguage\":\"ro-RO\",\"@id\":\"https:\\\/\\\/bridalfashion.com\\\/ro\\\/white-flowers-2020-ro\\\/rochie-pufoasa-aplicate-de-flori-peste-corp-wf0015\\\/#primaryimage\",\"url\":\"https:\\\/\\\/bridalfashion.com\\\/wp-content\\\/uploads\\\/2021\\\/09\\\/WF0015_A.jpg\",\"contentUrl\":\"https:\\\/\\\/bridalfashion.com\\\/wp-content\\\/uploads\\\/2021\\\/09\\\/WF0015_A.jpg\",\"width\":1516,\"height\":2000,\"caption\":\"Rochie pufoasa originala FEYA - WF0015 Vedere fata | BRIDAL FASHION\"},{\"@type\":\"BreadcrumbList\",\"@id\":\"https:\\\/\\\/bridalfashion.com\\\/ro\\\/white-flowers-2020-ro\\\/rochie-pufoasa-aplicate-de-flori-peste-corp-wf0015\\\/#breadcrumb\",\"itemListElement\":[{\"@type\":\"ListItem\",\"position\":1,\"name\":\"Home\",\"item\":\"https:\\\/\\\/bridalfashion.com\\\/ro\\\/\"},{\"@type\":\"ListItem\",\"position\":2,\"name\":\"Shop\",\"item\":\"https:\\\/\\\/bridalfashion.com\\\/shop-2\\\/\"},{\"@type\":\"ListItem\",\"position\":3,\"name\":\"Rochie pufoasa originala FEYA &#8211; WF0015\"}]},{\"@type\":\"WebSite\",\"@id\":\"https:\\\/\\\/bridalfashion.com\\\/ro\\\/#website\",\"url\":\"https:\\\/\\\/bridalfashion.com\\\/ro\\\/\",\"name\":\"BRIDAL FASHION \u2122 | Luxurious Wedding Dresses &amp; Fashionable Gowns for Women, Girls and Kids\",\"description\":\"Welcome the leading manufacturer and supplier of wedding dresses. We offer in wholesale a large selection of high quality wedding dress collections and accessories for your business at competitive prices. Shop our full range of bridal products today!\",\"publisher\":{\"@id\":\"https:\\\/\\\/bridalfashion.com\\\/ro\\\/#organization\"},\"potentialAction\":[{\"@type\":\"SearchAction\",\"target\":{\"@type\":\"EntryPoint\",\"urlTemplate\":\"https:\\\/\\\/bridalfashion.com\\\/ro\\\/?s={search_term_string}\"},\"query-input\":{\"@type\":\"PropertyValueSpecification\",\"valueRequired\":true,\"valueName\":\"search_term_string\"}}],\"inLanguage\":\"ro-RO\"},{\"@type\":\"Organization\",\"@id\":\"https:\\\/\\\/bridalfashion.com\\\/ro\\\/#organization\",\"name\":\"BRIDAL FASHION \u2122 | Luxurious Wedding Dresses &amp; Fashionable Gowns for Women, Girls and Kids\",\"url\":\"https:\\\/\\\/bridalfashion.com\\\/ro\\\/\",\"logo\":{\"@type\":\"ImageObject\",\"inLanguage\":\"ro-RO\",\"@id\":\"https:\\\/\\\/bridalfashion.com\\\/ro\\\/#\\\/schema\\\/logo\\\/image\\\/\",\"url\":\"https:\\\/\\\/bridalfashion.com\\\/wp-content\\\/uploads\\\/2022\\\/05\\\/cropped-BFG.png\",\"contentUrl\":\"https:\\\/\\\/bridalfashion.com\\\/wp-content\\\/uploads\\\/2022\\\/05\\\/cropped-BFG.png\",\"width\":1771,\"height\":119,\"caption\":\"BRIDAL FASHION \u2122 | Luxurious Wedding Dresses &amp; Fashionable Gowns for Women, Girls and Kids\"},\"image\":{\"@id\":\"https:\\\/\\\/bridalfashion.com\\\/ro\\\/#\\\/schema\\\/logo\\\/image\\\/\"}}]}<\/script>\n<!-- \/ Yoast SEO plugin. -->","yoast_head_json":{"title":"Rochie pufoasa originala FEYA - WF0015 - BRIDAL FASHION \u2122 | Luxurious Wedding Dresses &amp; Fashionable Gowns for Women, Girls and Kids","description":"Rochie ampl\u0103 cu aplica\u021bii florale FEYA - WF0015 pe bustul deschis \u0219i pe fusta volant\u0103 din tul. \u00cen partea de jos are o crinolina cusut\u0103. Spatele se \u00eenchide pe \u0219iret \u0219i fermoar. Decorul floral este completat cu perle","robots":{"index":"index","follow":"follow","max-snippet":"max-snippet:-1","max-image-preview":"max-image-preview:large","max-video-preview":"max-video-preview:-1"},"canonical":"https:\/\/bridalfashion.com\/ro\/white-flowers-2020-ro\/rochie-pufoasa-aplicate-de-flori-peste-corp-wf0015\/","og_locale":"ro_RO","og_type":"article","og_title":"Rochie pufoasa originala FEYA - WF0015 - BRIDAL FASHION \u2122 | Luxurious Wedding Dresses &amp; Fashionable Gowns for Women, Girls and Kids","og_description":"Rochie ampl\u0103 cu aplica\u021bii florale FEYA - WF0015 pe bustul deschis \u0219i pe fusta volant\u0103 din tul. \u00cen partea de jos are o crinolina cusut\u0103. Spatele se \u00eenchide pe \u0219iret \u0219i fermoar. Decorul floral este completat cu perle","og_url":"https:\/\/bridalfashion.com\/ro\/white-flowers-2020-ro\/rochie-pufoasa-aplicate-de-flori-peste-corp-wf0015\/","og_site_name":"BRIDAL FASHION \u2122 | Luxurious Wedding Dresses &amp; Fashionable Gowns for Women, Girls and Kids","og_image":[{"width":1516,"height":2000,"url":"https:\/\/bridalfashion.com\/wp-content\/uploads\/2021\/09\/WF0015_A.jpg","type":"image\/jpeg"}],"twitter_card":"summary_large_image","twitter_misc":{"Timp estimat pentru citire":"1 minut"},"schema":{"@context":"https:\/\/schema.org","@graph":[{"@type":"WebPage","@id":"https:\/\/bridalfashion.com\/ro\/white-flowers-2020-ro\/rochie-pufoasa-aplicate-de-flori-peste-corp-wf0015\/","url":"https:\/\/bridalfashion.com\/ro\/white-flowers-2020-ro\/rochie-pufoasa-aplicate-de-flori-peste-corp-wf0015\/","name":"Rochie pufoasa originala FEYA - WF0015 - BRIDAL FASHION \u2122 | Luxurious Wedding Dresses &amp; Fashionable Gowns for Women, Girls and Kids","isPartOf":{"@id":"https:\/\/bridalfashion.com\/ro\/#website"},"primaryImageOfPage":{"@id":"https:\/\/bridalfashion.com\/ro\/white-flowers-2020-ro\/rochie-pufoasa-aplicate-de-flori-peste-corp-wf0015\/#primaryimage"},"image":{"@id":"https:\/\/bridalfashion.com\/ro\/white-flowers-2020-ro\/rochie-pufoasa-aplicate-de-flori-peste-corp-wf0015\/#primaryimage"},"thumbnailUrl":"https:\/\/bridalfashion.com\/wp-content\/uploads\/2021\/09\/WF0015_A.jpg","datePublished":"2022-10-03T08:24:25+00:00","description":"Rochie ampl\u0103 cu aplica\u021bii florale FEYA - WF0015 pe bustul deschis \u0219i pe fusta volant\u0103 din tul. \u00cen partea de jos are o crinolina cusut\u0103. Spatele se \u00eenchide pe \u0219iret \u0219i fermoar. Decorul floral este completat cu perle","breadcrumb":{"@id":"https:\/\/bridalfashion.com\/ro\/white-flowers-2020-ro\/rochie-pufoasa-aplicate-de-flori-peste-corp-wf0015\/#breadcrumb"},"inLanguage":"ro-RO","potentialAction":[{"@type":"ReadAction","target":["https:\/\/bridalfashion.com\/ro\/white-flowers-2020-ro\/rochie-pufoasa-aplicate-de-flori-peste-corp-wf0015\/"]}]},{"@type":"ImageObject","inLanguage":"ro-RO","@id":"https:\/\/bridalfashion.com\/ro\/white-flowers-2020-ro\/rochie-pufoasa-aplicate-de-flori-peste-corp-wf0015\/#primaryimage","url":"https:\/\/bridalfashion.com\/wp-content\/uploads\/2021\/09\/WF0015_A.jpg","contentUrl":"https:\/\/bridalfashion.com\/wp-content\/uploads\/2021\/09\/WF0015_A.jpg","width":1516,"height":2000,"caption":"Rochie pufoasa originala FEYA - WF0015 Vedere fata | BRIDAL FASHION"},{"@type":"BreadcrumbList","@id":"https:\/\/bridalfashion.com\/ro\/white-flowers-2020-ro\/rochie-pufoasa-aplicate-de-flori-peste-corp-wf0015\/#breadcrumb","itemListElement":[{"@type":"ListItem","position":1,"name":"Home","item":"https:\/\/bridalfashion.com\/ro\/"},{"@type":"ListItem","position":2,"name":"Shop","item":"https:\/\/bridalfashion.com\/shop-2\/"},{"@type":"ListItem","position":3,"name":"Rochie pufoasa originala FEYA &#8211; WF0015"}]},{"@type":"WebSite","@id":"https:\/\/bridalfashion.com\/ro\/#website","url":"https:\/\/bridalfashion.com\/ro\/","name":"BRIDAL FASHION \u2122 | Luxurious Wedding Dresses &amp; Fashionable Gowns for Women, Girls and Kids","description":"Welcome the leading manufacturer and supplier of wedding dresses. We offer in wholesale a large selection of high quality wedding dress collections and accessories for your business at competitive prices. Shop our full range of bridal products today!","publisher":{"@id":"https:\/\/bridalfashion.com\/ro\/#organization"},"potentialAction":[{"@type":"SearchAction","target":{"@type":"EntryPoint","urlTemplate":"https:\/\/bridalfashion.com\/ro\/?s={search_term_string}"},"query-input":{"@type":"PropertyValueSpecification","valueRequired":true,"valueName":"search_term_string"}}],"inLanguage":"ro-RO"},{"@type":"Organization","@id":"https:\/\/bridalfashion.com\/ro\/#organization","name":"BRIDAL FASHION \u2122 | Luxurious Wedding Dresses &amp; Fashionable Gowns for Women, Girls and Kids","url":"https:\/\/bridalfashion.com\/ro\/","logo":{"@type":"ImageObject","inLanguage":"ro-RO","@id":"https:\/\/bridalfashion.com\/ro\/#\/schema\/logo\/image\/","url":"https:\/\/bridalfashion.com\/wp-content\/uploads\/2022\/05\/cropped-BFG.png","contentUrl":"https:\/\/bridalfashion.com\/wp-content\/uploads\/2022\/05\/cropped-BFG.png","width":1771,"height":119,"caption":"BRIDAL FASHION \u2122 | Luxurious Wedding Dresses &amp; Fashionable Gowns for Women, Girls and Kids"},"image":{"@id":"https:\/\/bridalfashion.com\/ro\/#\/schema\/logo\/image\/"}}]}},"_links":{"self":[{"href":"https:\/\/bridalfashion.com\/ro\/wp-json\/wp\/v2\/product\/11843","targetHints":{"allow":["GET"]}}],"collection":[{"href":"https:\/\/bridalfashion.com\/ro\/wp-json\/wp\/v2\/product"}],"about":[{"href":"https:\/\/bridalfashion.com\/ro\/wp-json\/wp\/v2\/types\/product"}],"replies":[{"embeddable":true,"href":"https:\/\/bridalfashion.com\/ro\/wp-json\/wp\/v2\/comments?post=11843"}],"wp:featuredmedia":[{"embeddable":true,"href":"https:\/\/bridalfashion.com\/ro\/wp-json\/wp\/v2\/media\/4647"}],"wp:attachment":[{"href":"https:\/\/bridalfashion.com\/ro\/wp-json\/wp\/v2\/media?parent=11843"}],"wp:term":[{"taxonomy":"product_brand","embeddable":true,"href":"https:\/\/bridalfashion.com\/ro\/wp-json\/wp\/v2\/product_brand?post=11843"},{"taxonomy":"product_cat","embeddable":true,"href":"https:\/\/bridalfashion.com\/ro\/wp-json\/wp\/v2\/product_cat?post=11843"},{"taxonomy":"product_tag","embeddable":true,"href":"https:\/\/bridalfashion.com\/ro\/wp-json\/wp\/v2\/product_tag?post=11843"}],"curies":[{"name":"wp","href":"https:\/\/api.w.org\/{rel}","templated":true}]}}