{"id":11834,"date":"2021-09-24T13:49:06","date_gmt":"2022-09-28T10:54:59","guid":{"rendered":"https:\/\/bridalfashion.com\/fara-categorie\/rochie-de-printesa-exclusivista-flora-wf0012\/"},"modified":"2022-09-28T12:54:59","modified_gmt":"2022-09-28T10:54:59","slug":"tinut-original-de-copii-pentru-o-ocazie-speciala-wf0012","status":"publish","type":"product","link":"https:\/\/bridalfashion.com\/ro\/white-flowers-2020-ro\/tinut-original-de-copii-pentru-o-ocazie-speciala-wf0012\/","title":{"rendered":"Rochie de printesa exclusivista FLORA &#8211; WF0012"},"content":{"rendered":"<h2>Descrierea modelului <span style=\"font-size: 18px\">FLORA &#8211; <\/span><span style=\"font-size: 1.15em\">WF0012 o rochie exclusivist\u0103 de prin\u021bes\u0103 \u00een culori str\u0103lucitoare de prim\u0103var\u0103 cu un decor uimitor<\/span><\/h2>\n<p>Rochie de copii aleas\u0103 pentru ocazii speciale. Bustul din saten, decoltat \u00een form\u0103 de semicerc, \u00eempodobit manual cu perle \u00een culori diverse. La spate are \u0219iret \u0219i nasturi. Fusta ampl\u0103 din saten \u00een culoare verde, este completat\u0103 cu o tren\u0103 lung\u0103. Br\u00e2ul \u0219i fusta sunt \u00eempodobite cu flori volumetrice \u00een nuan\u021be diferite. Aceast\u0103 rochie-prin\u021bes\u0103 de basm \u00een nuan\u021be pronun\u021bate ale prim\u0103verii va crea pentru feti\u021b\u0103 o imagine nemaipomenit\u0103, iar s\u0103rb\u0103toarea va fi de neuitat.<\/p>\n","protected":false},"excerpt":{"rendered":"<p>Descrierea modelului FLORA &#8211; WF0012 o rochie exclusivist\u0103 de prin\u021bes\u0103 \u00een culori str\u0103lucitoare de prim\u0103var\u0103 cu un decor uimitor Rochie de copii aleas\u0103 pentru ocazii speciale. Bustul din saten, decoltat \u00een form\u0103 de semicerc, \u00eempodobit manual cu perle \u00een culori diverse. La spate are \u0219iret \u0219i nasturi. Fusta ampl\u0103 din saten \u00een culoare verde, este&hellip;<\/p>\n","protected":false},"featured_media":4461,"comment_status":"open","ping_status":"closed","template":"","meta":[],"product_brand":[],"product_cat":[939],"product_tag":[],"class_list":{"0":"post-11834","1":"product","2":"type-product","3":"status-publish","4":"has-post-thumbnail","6":"product_cat-white-flowers-2020-ro","8":"first","9":"instock","10":"taxable","11":"shipping-taxable","12":"product-type-simple"},"yoast_head":"<!-- This site is optimized with the Yoast SEO plugin v27.5 - https:\/\/yoast.com\/product\/yoast-seo-wordpress\/ -->\n<title>Rochie de printesa exclusivista FLORA - WF0012 - BRIDAL FASHION \u2122 | Luxurious Wedding Dresses &amp; Fashionable Gowns for Women, Girls and Kids<\/title>\n<meta name=\"description\" content=\"Rochie-prin\u021bes\u0103 original\u0103 \u00een culorile prim\u0103verii FLORA - WF0012, este completat\u0103 cu o tren\u0103 lung\u0103 pe fust\u0103 \u0219i din tul nuan\u021bat. Bustul este \u00eempodobit cu perle \u00een culori diferite, \u00een talie \u0219i pe fust\u0103 rochia are decor 3d\" \/>\n<meta name=\"robots\" content=\"index, follow, max-snippet:-1, max-image-preview:large, max-video-preview:-1\" \/>\n<link rel=\"canonical\" href=\"https:\/\/bridalfashion.com\/ro\/white-flowers-2020-ro\/tinut-original-de-copii-pentru-o-ocazie-speciala-wf0012\/\" \/>\n<meta property=\"og:locale\" content=\"ro_RO\" \/>\n<meta property=\"og:type\" content=\"article\" \/>\n<meta property=\"og:title\" content=\"Rochie de printesa exclusivista FLORA - WF0012 - BRIDAL FASHION \u2122 | Luxurious Wedding Dresses &amp; Fashionable Gowns for Women, Girls and Kids\" \/>\n<meta property=\"og:description\" content=\"Rochie-prin\u021bes\u0103 original\u0103 \u00een culorile prim\u0103verii FLORA - WF0012, este completat\u0103 cu o tren\u0103 lung\u0103 pe fust\u0103 \u0219i din tul nuan\u021bat. Bustul este \u00eempodobit cu perle \u00een culori diferite, \u00een talie \u0219i pe fust\u0103 rochia are decor 3d\" \/>\n<meta property=\"og:url\" content=\"https:\/\/bridalfashion.com\/ro\/white-flowers-2020-ro\/tinut-original-de-copii-pentru-o-ocazie-speciala-wf0012\/\" \/>\n<meta property=\"og:site_name\" content=\"BRIDAL FASHION \u2122 | Luxurious Wedding Dresses &amp; Fashionable Gowns for Women, Girls and Kids\" \/>\n<meta property=\"og:image\" content=\"https:\/\/bridalfashion.com\/wp-content\/uploads\/2021\/09\/WF0012_H_MH.jpg\" \/>\n\t<meta property=\"og:image:width\" content=\"1516\" \/>\n\t<meta property=\"og:image:height\" content=\"2000\" \/>\n\t<meta property=\"og:image:type\" content=\"image\/jpeg\" \/>\n<meta name=\"twitter:card\" content=\"summary_large_image\" \/>\n<meta name=\"twitter:label1\" content=\"Timp estimat pentru citire\" \/>\n\t<meta name=\"twitter:data1\" content=\"1 minut\" \/>\n<script type=\"application\/ld+json\" class=\"yoast-schema-graph\">{\"@context\":\"https:\\\/\\\/schema.org\",\"@graph\":[{\"@type\":\"WebPage\",\"@id\":\"https:\\\/\\\/bridalfashion.com\\\/ro\\\/white-flowers-2020-ro\\\/tinut-original-de-copii-pentru-o-ocazie-speciala-wf0012\\\/\",\"url\":\"https:\\\/\\\/bridalfashion.com\\\/ro\\\/white-flowers-2020-ro\\\/tinut-original-de-copii-pentru-o-ocazie-speciala-wf0012\\\/\",\"name\":\"Rochie de printesa exclusivista FLORA - WF0012 - BRIDAL FASHION \u2122 | Luxurious Wedding Dresses &amp; Fashionable Gowns for Women, Girls and Kids\",\"isPartOf\":{\"@id\":\"https:\\\/\\\/bridalfashion.com\\\/ro\\\/#website\"},\"primaryImageOfPage\":{\"@id\":\"https:\\\/\\\/bridalfashion.com\\\/ro\\\/white-flowers-2020-ro\\\/tinut-original-de-copii-pentru-o-ocazie-speciala-wf0012\\\/#primaryimage\"},\"image\":{\"@id\":\"https:\\\/\\\/bridalfashion.com\\\/ro\\\/white-flowers-2020-ro\\\/tinut-original-de-copii-pentru-o-ocazie-speciala-wf0012\\\/#primaryimage\"},\"thumbnailUrl\":\"https:\\\/\\\/bridalfashion.com\\\/wp-content\\\/uploads\\\/2021\\\/09\\\/WF0012_H_MH.jpg\",\"datePublished\":\"2022-09-28T10:54:59+00:00\",\"description\":\"Rochie-prin\u021bes\u0103 original\u0103 \u00een culorile prim\u0103verii FLORA - WF0012, este completat\u0103 cu o tren\u0103 lung\u0103 pe fust\u0103 \u0219i din tul nuan\u021bat. Bustul este \u00eempodobit cu perle \u00een culori diferite, \u00een talie \u0219i pe fust\u0103 rochia are decor 3d\",\"breadcrumb\":{\"@id\":\"https:\\\/\\\/bridalfashion.com\\\/ro\\\/white-flowers-2020-ro\\\/tinut-original-de-copii-pentru-o-ocazie-speciala-wf0012\\\/#breadcrumb\"},\"inLanguage\":\"ro-RO\",\"potentialAction\":[{\"@type\":\"ReadAction\",\"target\":[\"https:\\\/\\\/bridalfashion.com\\\/ro\\\/white-flowers-2020-ro\\\/tinut-original-de-copii-pentru-o-ocazie-speciala-wf0012\\\/\"]}]},{\"@type\":\"ImageObject\",\"inLanguage\":\"ro-RO\",\"@id\":\"https:\\\/\\\/bridalfashion.com\\\/ro\\\/white-flowers-2020-ro\\\/tinut-original-de-copii-pentru-o-ocazie-speciala-wf0012\\\/#primaryimage\",\"url\":\"https:\\\/\\\/bridalfashion.com\\\/wp-content\\\/uploads\\\/2021\\\/09\\\/WF0012_H_MH.jpg\",\"contentUrl\":\"https:\\\/\\\/bridalfashion.com\\\/wp-content\\\/uploads\\\/2021\\\/09\\\/WF0012_H_MH.jpg\",\"width\":1516,\"height\":2000,\"caption\":\"Rochie prin\u021bes\u0103 exclusiv\u0103 FLORA - WF0012 Vedere frontal\u0103 | BRIDAL FASHION\"},{\"@type\":\"BreadcrumbList\",\"@id\":\"https:\\\/\\\/bridalfashion.com\\\/ro\\\/white-flowers-2020-ro\\\/tinut-original-de-copii-pentru-o-ocazie-speciala-wf0012\\\/#breadcrumb\",\"itemListElement\":[{\"@type\":\"ListItem\",\"position\":1,\"name\":\"Home\",\"item\":\"https:\\\/\\\/bridalfashion.com\\\/ro\\\/\"},{\"@type\":\"ListItem\",\"position\":2,\"name\":\"Shop\",\"item\":\"https:\\\/\\\/bridalfashion.com\\\/shop-2\\\/\"},{\"@type\":\"ListItem\",\"position\":3,\"name\":\"Rochie de printesa exclusivista FLORA &#8211; WF0012\"}]},{\"@type\":\"WebSite\",\"@id\":\"https:\\\/\\\/bridalfashion.com\\\/ro\\\/#website\",\"url\":\"https:\\\/\\\/bridalfashion.com\\\/ro\\\/\",\"name\":\"BRIDAL FASHION \u2122 | Luxurious Wedding Dresses &amp; Fashionable Gowns for Women, Girls and Kids\",\"description\":\"Welcome the leading manufacturer and supplier of wedding dresses. We offer in wholesale a large selection of high quality wedding dress collections and accessories for your business at competitive prices. Shop our full range of bridal products today!\",\"publisher\":{\"@id\":\"https:\\\/\\\/bridalfashion.com\\\/ro\\\/#organization\"},\"potentialAction\":[{\"@type\":\"SearchAction\",\"target\":{\"@type\":\"EntryPoint\",\"urlTemplate\":\"https:\\\/\\\/bridalfashion.com\\\/ro\\\/?s={search_term_string}\"},\"query-input\":{\"@type\":\"PropertyValueSpecification\",\"valueRequired\":true,\"valueName\":\"search_term_string\"}}],\"inLanguage\":\"ro-RO\"},{\"@type\":\"Organization\",\"@id\":\"https:\\\/\\\/bridalfashion.com\\\/ro\\\/#organization\",\"name\":\"BRIDAL FASHION \u2122 | Luxurious Wedding Dresses &amp; Fashionable Gowns for Women, Girls and Kids\",\"url\":\"https:\\\/\\\/bridalfashion.com\\\/ro\\\/\",\"logo\":{\"@type\":\"ImageObject\",\"inLanguage\":\"ro-RO\",\"@id\":\"https:\\\/\\\/bridalfashion.com\\\/ro\\\/#\\\/schema\\\/logo\\\/image\\\/\",\"url\":\"https:\\\/\\\/bridalfashion.com\\\/wp-content\\\/uploads\\\/2022\\\/05\\\/cropped-BFG.png\",\"contentUrl\":\"https:\\\/\\\/bridalfashion.com\\\/wp-content\\\/uploads\\\/2022\\\/05\\\/cropped-BFG.png\",\"width\":1771,\"height\":119,\"caption\":\"BRIDAL FASHION \u2122 | Luxurious Wedding Dresses &amp; Fashionable Gowns for Women, Girls and Kids\"},\"image\":{\"@id\":\"https:\\\/\\\/bridalfashion.com\\\/ro\\\/#\\\/schema\\\/logo\\\/image\\\/\"}}]}<\/script>\n<!-- \/ Yoast SEO plugin. -->","yoast_head_json":{"title":"Rochie de printesa exclusivista FLORA - WF0012 - BRIDAL FASHION \u2122 | Luxurious Wedding Dresses &amp; Fashionable Gowns for Women, Girls and Kids","description":"Rochie-prin\u021bes\u0103 original\u0103 \u00een culorile prim\u0103verii FLORA - WF0012, este completat\u0103 cu o tren\u0103 lung\u0103 pe fust\u0103 \u0219i din tul nuan\u021bat. Bustul este \u00eempodobit cu perle \u00een culori diferite, \u00een talie \u0219i pe fust\u0103 rochia are decor 3d","robots":{"index":"index","follow":"follow","max-snippet":"max-snippet:-1","max-image-preview":"max-image-preview:large","max-video-preview":"max-video-preview:-1"},"canonical":"https:\/\/bridalfashion.com\/ro\/white-flowers-2020-ro\/tinut-original-de-copii-pentru-o-ocazie-speciala-wf0012\/","og_locale":"ro_RO","og_type":"article","og_title":"Rochie de printesa exclusivista FLORA - WF0012 - BRIDAL FASHION \u2122 | Luxurious Wedding Dresses &amp; Fashionable Gowns for Women, Girls and Kids","og_description":"Rochie-prin\u021bes\u0103 original\u0103 \u00een culorile prim\u0103verii FLORA - WF0012, este completat\u0103 cu o tren\u0103 lung\u0103 pe fust\u0103 \u0219i din tul nuan\u021bat. Bustul este \u00eempodobit cu perle \u00een culori diferite, \u00een talie \u0219i pe fust\u0103 rochia are decor 3d","og_url":"https:\/\/bridalfashion.com\/ro\/white-flowers-2020-ro\/tinut-original-de-copii-pentru-o-ocazie-speciala-wf0012\/","og_site_name":"BRIDAL FASHION \u2122 | Luxurious Wedding Dresses &amp; Fashionable Gowns for Women, Girls and Kids","og_image":[{"width":1516,"height":2000,"url":"https:\/\/bridalfashion.com\/wp-content\/uploads\/2021\/09\/WF0012_H_MH.jpg","type":"image\/jpeg"}],"twitter_card":"summary_large_image","twitter_misc":{"Timp estimat pentru citire":"1 minut"},"schema":{"@context":"https:\/\/schema.org","@graph":[{"@type":"WebPage","@id":"https:\/\/bridalfashion.com\/ro\/white-flowers-2020-ro\/tinut-original-de-copii-pentru-o-ocazie-speciala-wf0012\/","url":"https:\/\/bridalfashion.com\/ro\/white-flowers-2020-ro\/tinut-original-de-copii-pentru-o-ocazie-speciala-wf0012\/","name":"Rochie de printesa exclusivista FLORA - WF0012 - BRIDAL FASHION \u2122 | Luxurious Wedding Dresses &amp; Fashionable Gowns for Women, Girls and Kids","isPartOf":{"@id":"https:\/\/bridalfashion.com\/ro\/#website"},"primaryImageOfPage":{"@id":"https:\/\/bridalfashion.com\/ro\/white-flowers-2020-ro\/tinut-original-de-copii-pentru-o-ocazie-speciala-wf0012\/#primaryimage"},"image":{"@id":"https:\/\/bridalfashion.com\/ro\/white-flowers-2020-ro\/tinut-original-de-copii-pentru-o-ocazie-speciala-wf0012\/#primaryimage"},"thumbnailUrl":"https:\/\/bridalfashion.com\/wp-content\/uploads\/2021\/09\/WF0012_H_MH.jpg","datePublished":"2022-09-28T10:54:59+00:00","description":"Rochie-prin\u021bes\u0103 original\u0103 \u00een culorile prim\u0103verii FLORA - WF0012, este completat\u0103 cu o tren\u0103 lung\u0103 pe fust\u0103 \u0219i din tul nuan\u021bat. Bustul este \u00eempodobit cu perle \u00een culori diferite, \u00een talie \u0219i pe fust\u0103 rochia are decor 3d","breadcrumb":{"@id":"https:\/\/bridalfashion.com\/ro\/white-flowers-2020-ro\/tinut-original-de-copii-pentru-o-ocazie-speciala-wf0012\/#breadcrumb"},"inLanguage":"ro-RO","potentialAction":[{"@type":"ReadAction","target":["https:\/\/bridalfashion.com\/ro\/white-flowers-2020-ro\/tinut-original-de-copii-pentru-o-ocazie-speciala-wf0012\/"]}]},{"@type":"ImageObject","inLanguage":"ro-RO","@id":"https:\/\/bridalfashion.com\/ro\/white-flowers-2020-ro\/tinut-original-de-copii-pentru-o-ocazie-speciala-wf0012\/#primaryimage","url":"https:\/\/bridalfashion.com\/wp-content\/uploads\/2021\/09\/WF0012_H_MH.jpg","contentUrl":"https:\/\/bridalfashion.com\/wp-content\/uploads\/2021\/09\/WF0012_H_MH.jpg","width":1516,"height":2000,"caption":"Rochie prin\u021bes\u0103 exclusiv\u0103 FLORA - WF0012 Vedere frontal\u0103 | BRIDAL FASHION"},{"@type":"BreadcrumbList","@id":"https:\/\/bridalfashion.com\/ro\/white-flowers-2020-ro\/tinut-original-de-copii-pentru-o-ocazie-speciala-wf0012\/#breadcrumb","itemListElement":[{"@type":"ListItem","position":1,"name":"Home","item":"https:\/\/bridalfashion.com\/ro\/"},{"@type":"ListItem","position":2,"name":"Shop","item":"https:\/\/bridalfashion.com\/shop-2\/"},{"@type":"ListItem","position":3,"name":"Rochie de printesa exclusivista FLORA &#8211; WF0012"}]},{"@type":"WebSite","@id":"https:\/\/bridalfashion.com\/ro\/#website","url":"https:\/\/bridalfashion.com\/ro\/","name":"BRIDAL FASHION \u2122 | Luxurious Wedding Dresses &amp; Fashionable Gowns for Women, Girls and Kids","description":"Welcome the leading manufacturer and supplier of wedding dresses. We offer in wholesale a large selection of high quality wedding dress collections and accessories for your business at competitive prices. Shop our full range of bridal products today!","publisher":{"@id":"https:\/\/bridalfashion.com\/ro\/#organization"},"potentialAction":[{"@type":"SearchAction","target":{"@type":"EntryPoint","urlTemplate":"https:\/\/bridalfashion.com\/ro\/?s={search_term_string}"},"query-input":{"@type":"PropertyValueSpecification","valueRequired":true,"valueName":"search_term_string"}}],"inLanguage":"ro-RO"},{"@type":"Organization","@id":"https:\/\/bridalfashion.com\/ro\/#organization","name":"BRIDAL FASHION \u2122 | Luxurious Wedding Dresses &amp; Fashionable Gowns for Women, Girls and Kids","url":"https:\/\/bridalfashion.com\/ro\/","logo":{"@type":"ImageObject","inLanguage":"ro-RO","@id":"https:\/\/bridalfashion.com\/ro\/#\/schema\/logo\/image\/","url":"https:\/\/bridalfashion.com\/wp-content\/uploads\/2022\/05\/cropped-BFG.png","contentUrl":"https:\/\/bridalfashion.com\/wp-content\/uploads\/2022\/05\/cropped-BFG.png","width":1771,"height":119,"caption":"BRIDAL FASHION \u2122 | Luxurious Wedding Dresses &amp; Fashionable Gowns for Women, Girls and Kids"},"image":{"@id":"https:\/\/bridalfashion.com\/ro\/#\/schema\/logo\/image\/"}}]}},"_links":{"self":[{"href":"https:\/\/bridalfashion.com\/ro\/wp-json\/wp\/v2\/product\/11834","targetHints":{"allow":["GET"]}}],"collection":[{"href":"https:\/\/bridalfashion.com\/ro\/wp-json\/wp\/v2\/product"}],"about":[{"href":"https:\/\/bridalfashion.com\/ro\/wp-json\/wp\/v2\/types\/product"}],"replies":[{"embeddable":true,"href":"https:\/\/bridalfashion.com\/ro\/wp-json\/wp\/v2\/comments?post=11834"}],"wp:featuredmedia":[{"embeddable":true,"href":"https:\/\/bridalfashion.com\/ro\/wp-json\/wp\/v2\/media\/4461"}],"wp:attachment":[{"href":"https:\/\/bridalfashion.com\/ro\/wp-json\/wp\/v2\/media?parent=11834"}],"wp:term":[{"taxonomy":"product_brand","embeddable":true,"href":"https:\/\/bridalfashion.com\/ro\/wp-json\/wp\/v2\/product_brand?post=11834"},{"taxonomy":"product_cat","embeddable":true,"href":"https:\/\/bridalfashion.com\/ro\/wp-json\/wp\/v2\/product_cat?post=11834"},{"taxonomy":"product_tag","embeddable":true,"href":"https:\/\/bridalfashion.com\/ro\/wp-json\/wp\/v2\/product_tag?post=11834"}],"curies":[{"name":"wp","href":"https:\/\/api.w.org\/{rel}","templated":true}]}}