{"id":11831,"date":"2021-09-24T13:44:02","date_gmt":"2022-09-28T08:07:21","guid":{"rendered":"https:\/\/bridalfashion.com\/fara-categorie\/rochie-de-bal-rafinata-fantasia-wf0011\/"},"modified":"2022-09-28T10:07:21","modified_gmt":"2022-09-28T08:07:21","slug":"tinut-uimitoare-pentru-copii-cu-un-decor-handmade-scusis-wf0011","status":"publish","type":"product","link":"https:\/\/bridalfashion.com\/ro\/white-flowers-2020-ro\/tinut-uimitoare-pentru-copii-cu-un-decor-handmade-scusis-wf0011\/","title":{"rendered":"Rochie de bal rafinata FANTASIA &#8211; WF0011"},"content":{"rendered":"<h2>Descrierea modelului <span style=\"font-size: 18px\">FANTASIA &#8211; <\/span><span style=\"font-size: 1.15em\">WF0011 o rochie de bal rafinat\u0103 pentru copii, cu un decor fabulos de flori \u0219i pene<\/span>.<\/h2>\n<p>Rochie nemaipomenit\u0103 pentru feti\u021be cu decor bogat, lucrat manual. Bustul cu umere deschise, este lucrat din saten, deasupra av\u00e2nd un tul transparent cu aplica\u021bii de macrame. Spatele este pe \u0219iret cu o panglic\u0103 din saten. T\u0103ietura dreapt\u0103, m\u00e2necile largi volante, fiind scurte \u0219i transparente, linia taliei \u2013 cu un decor din flori volumetrice 3d \u0219i pene. Pe fusta bogat\u0103 de asemenea sunt flori, aranjate haotic. Eceast\u0103 rochie de bal pentru copii este completat\u0103 cu decor fermec\u0103tor \u0219i cu o tren\u0103 minunat\u0103.<\/p>\n","protected":false},"excerpt":{"rendered":"<p>Descrierea modelului FANTASIA &#8211; WF0011 o rochie de bal rafinat\u0103 pentru copii, cu un decor fabulos de flori \u0219i pene. Rochie nemaipomenit\u0103 pentru feti\u021be cu decor bogat, lucrat manual. Bustul cu umere deschise, este lucrat din saten, deasupra av\u00e2nd un tul transparent cu aplica\u021bii de macrame. Spatele este pe \u0219iret cu o panglic\u0103 din saten.&hellip;<\/p>\n","protected":false},"featured_media":4434,"comment_status":"open","ping_status":"closed","template":"","meta":[],"product_brand":[],"product_cat":[939],"product_tag":[],"class_list":{"0":"post-11831","1":"product","2":"type-product","3":"status-publish","4":"has-post-thumbnail","6":"product_cat-white-flowers-2020-ro","8":"first","9":"instock","10":"taxable","11":"shipping-taxable","12":"product-type-simple"},"yoast_head":"<!-- This site is optimized with the Yoast SEO plugin v27.4 - https:\/\/yoast.com\/product\/yoast-seo-wordpress\/ -->\n<title>Rochie de bal rafinata FANTASIA - WF0011 - BRIDAL FASHION \u2122 | Luxurious Wedding Dresses &amp; Fashionable Gowns for Women, Girls and Kids<\/title>\n<meta name=\"description\" content=\"Rochie de bal pentru feti\u021be cu decor de basm FANTASIA - WF0011, disponibil\u0103 pe alb \u0219i ivory. Bustul cu umerele deschise \u0219i cu m\u00e2neci scurte, fiind decorat cu flori 3d \u0219i cu pene, acela\u0219i decor se repet\u0103 pe fust\u0103\" \/>\n<meta name=\"robots\" content=\"index, follow, max-snippet:-1, max-image-preview:large, max-video-preview:-1\" \/>\n<link rel=\"canonical\" href=\"https:\/\/bridalfashion.com\/ro\/white-flowers-2020-ro\/tinut-uimitoare-pentru-copii-cu-un-decor-handmade-scusis-wf0011\/\" \/>\n<meta property=\"og:locale\" content=\"ro_RO\" \/>\n<meta property=\"og:type\" content=\"article\" \/>\n<meta property=\"og:title\" content=\"Rochie de bal rafinata FANTASIA - WF0011 - BRIDAL FASHION \u2122 | Luxurious Wedding Dresses &amp; Fashionable Gowns for Women, Girls and Kids\" \/>\n<meta property=\"og:description\" content=\"Rochie de bal pentru feti\u021be cu decor de basm FANTASIA - WF0011, disponibil\u0103 pe alb \u0219i ivory. Bustul cu umerele deschise \u0219i cu m\u00e2neci scurte, fiind decorat cu flori 3d \u0219i cu pene, acela\u0219i decor se repet\u0103 pe fust\u0103\" \/>\n<meta property=\"og:url\" content=\"https:\/\/bridalfashion.com\/ro\/white-flowers-2020-ro\/tinut-uimitoare-pentru-copii-cu-un-decor-handmade-scusis-wf0011\/\" \/>\n<meta property=\"og:site_name\" content=\"BRIDAL FASHION \u2122 | Luxurious Wedding Dresses &amp; Fashionable Gowns for Women, Girls and Kids\" \/>\n<meta property=\"og:image\" content=\"https:\/\/bridalfashion.com\/wp-content\/uploads\/2021\/09\/WF0011_A.jpg\" \/>\n\t<meta property=\"og:image:width\" content=\"1516\" \/>\n\t<meta property=\"og:image:height\" content=\"2000\" \/>\n\t<meta property=\"og:image:type\" content=\"image\/jpeg\" \/>\n<meta name=\"twitter:card\" content=\"summary_large_image\" \/>\n<meta name=\"twitter:label1\" content=\"Timp estimat pentru citire\" \/>\n\t<meta name=\"twitter:data1\" content=\"1 minut\" \/>\n<script type=\"application\/ld+json\" class=\"yoast-schema-graph\">{\"@context\":\"https:\\\/\\\/schema.org\",\"@graph\":[{\"@type\":\"WebPage\",\"@id\":\"https:\\\/\\\/bridalfashion.com\\\/ro\\\/white-flowers-2020-ro\\\/tinut-uimitoare-pentru-copii-cu-un-decor-handmade-scusis-wf0011\\\/\",\"url\":\"https:\\\/\\\/bridalfashion.com\\\/ro\\\/white-flowers-2020-ro\\\/tinut-uimitoare-pentru-copii-cu-un-decor-handmade-scusis-wf0011\\\/\",\"name\":\"Rochie de bal rafinata FANTASIA - WF0011 - BRIDAL FASHION \u2122 | Luxurious Wedding Dresses &amp; Fashionable Gowns for Women, Girls and Kids\",\"isPartOf\":{\"@id\":\"https:\\\/\\\/bridalfashion.com\\\/ro\\\/#website\"},\"primaryImageOfPage\":{\"@id\":\"https:\\\/\\\/bridalfashion.com\\\/ro\\\/white-flowers-2020-ro\\\/tinut-uimitoare-pentru-copii-cu-un-decor-handmade-scusis-wf0011\\\/#primaryimage\"},\"image\":{\"@id\":\"https:\\\/\\\/bridalfashion.com\\\/ro\\\/white-flowers-2020-ro\\\/tinut-uimitoare-pentru-copii-cu-un-decor-handmade-scusis-wf0011\\\/#primaryimage\"},\"thumbnailUrl\":\"https:\\\/\\\/bridalfashion.com\\\/wp-content\\\/uploads\\\/2021\\\/09\\\/WF0011_A.jpg\",\"datePublished\":\"2022-09-28T08:07:21+00:00\",\"description\":\"Rochie de bal pentru feti\u021be cu decor de basm FANTASIA - WF0011, disponibil\u0103 pe alb \u0219i ivory. Bustul cu umerele deschise \u0219i cu m\u00e2neci scurte, fiind decorat cu flori 3d \u0219i cu pene, acela\u0219i decor se repet\u0103 pe fust\u0103\",\"breadcrumb\":{\"@id\":\"https:\\\/\\\/bridalfashion.com\\\/ro\\\/white-flowers-2020-ro\\\/tinut-uimitoare-pentru-copii-cu-un-decor-handmade-scusis-wf0011\\\/#breadcrumb\"},\"inLanguage\":\"ro-RO\",\"potentialAction\":[{\"@type\":\"ReadAction\",\"target\":[\"https:\\\/\\\/bridalfashion.com\\\/ro\\\/white-flowers-2020-ro\\\/tinut-uimitoare-pentru-copii-cu-un-decor-handmade-scusis-wf0011\\\/\"]}]},{\"@type\":\"ImageObject\",\"inLanguage\":\"ro-RO\",\"@id\":\"https:\\\/\\\/bridalfashion.com\\\/ro\\\/white-flowers-2020-ro\\\/tinut-uimitoare-pentru-copii-cu-un-decor-handmade-scusis-wf0011\\\/#primaryimage\",\"url\":\"https:\\\/\\\/bridalfashion.com\\\/wp-content\\\/uploads\\\/2021\\\/09\\\/WF0011_A.jpg\",\"contentUrl\":\"https:\\\/\\\/bridalfashion.com\\\/wp-content\\\/uploads\\\/2021\\\/09\\\/WF0011_A.jpg\",\"width\":1516,\"height\":2000,\"caption\":\"Rochie de bal rafinat\u0103 FANTASIA - WF0011 Vedere din fa\u021b\u0103 | BRIDAL FASHION\"},{\"@type\":\"BreadcrumbList\",\"@id\":\"https:\\\/\\\/bridalfashion.com\\\/ro\\\/white-flowers-2020-ro\\\/tinut-uimitoare-pentru-copii-cu-un-decor-handmade-scusis-wf0011\\\/#breadcrumb\",\"itemListElement\":[{\"@type\":\"ListItem\",\"position\":1,\"name\":\"Home\",\"item\":\"https:\\\/\\\/bridalfashion.com\\\/ro\\\/\"},{\"@type\":\"ListItem\",\"position\":2,\"name\":\"Shop\",\"item\":\"https:\\\/\\\/bridalfashion.com\\\/shop-2\\\/\"},{\"@type\":\"ListItem\",\"position\":3,\"name\":\"Rochie de bal rafinata FANTASIA &#8211; WF0011\"}]},{\"@type\":\"WebSite\",\"@id\":\"https:\\\/\\\/bridalfashion.com\\\/ro\\\/#website\",\"url\":\"https:\\\/\\\/bridalfashion.com\\\/ro\\\/\",\"name\":\"BRIDAL FASHION \u2122 | Luxurious Wedding Dresses &amp; Fashionable Gowns for Women, Girls and Kids\",\"description\":\"Welcome the leading manufacturer and supplier of wedding dresses. We offer in wholesale a large selection of high quality wedding dress collections and accessories for your business at competitive prices. Shop our full range of bridal products today!\",\"publisher\":{\"@id\":\"https:\\\/\\\/bridalfashion.com\\\/ro\\\/#organization\"},\"potentialAction\":[{\"@type\":\"SearchAction\",\"target\":{\"@type\":\"EntryPoint\",\"urlTemplate\":\"https:\\\/\\\/bridalfashion.com\\\/ro\\\/?s={search_term_string}\"},\"query-input\":{\"@type\":\"PropertyValueSpecification\",\"valueRequired\":true,\"valueName\":\"search_term_string\"}}],\"inLanguage\":\"ro-RO\"},{\"@type\":\"Organization\",\"@id\":\"https:\\\/\\\/bridalfashion.com\\\/ro\\\/#organization\",\"name\":\"BRIDAL FASHION \u2122 | Luxurious Wedding Dresses &amp; Fashionable Gowns for Women, Girls and Kids\",\"url\":\"https:\\\/\\\/bridalfashion.com\\\/ro\\\/\",\"logo\":{\"@type\":\"ImageObject\",\"inLanguage\":\"ro-RO\",\"@id\":\"https:\\\/\\\/bridalfashion.com\\\/ro\\\/#\\\/schema\\\/logo\\\/image\\\/\",\"url\":\"https:\\\/\\\/bridalfashion.com\\\/wp-content\\\/uploads\\\/2022\\\/05\\\/cropped-BFG.png\",\"contentUrl\":\"https:\\\/\\\/bridalfashion.com\\\/wp-content\\\/uploads\\\/2022\\\/05\\\/cropped-BFG.png\",\"width\":1771,\"height\":119,\"caption\":\"BRIDAL FASHION \u2122 | Luxurious Wedding Dresses &amp; Fashionable Gowns for Women, Girls and Kids\"},\"image\":{\"@id\":\"https:\\\/\\\/bridalfashion.com\\\/ro\\\/#\\\/schema\\\/logo\\\/image\\\/\"}}]}<\/script>\n<!-- \/ Yoast SEO plugin. -->","yoast_head_json":{"title":"Rochie de bal rafinata FANTASIA - WF0011 - BRIDAL FASHION \u2122 | Luxurious Wedding Dresses &amp; Fashionable Gowns for Women, Girls and Kids","description":"Rochie de bal pentru feti\u021be cu decor de basm FANTASIA - WF0011, disponibil\u0103 pe alb \u0219i ivory. Bustul cu umerele deschise \u0219i cu m\u00e2neci scurte, fiind decorat cu flori 3d \u0219i cu pene, acela\u0219i decor se repet\u0103 pe fust\u0103","robots":{"index":"index","follow":"follow","max-snippet":"max-snippet:-1","max-image-preview":"max-image-preview:large","max-video-preview":"max-video-preview:-1"},"canonical":"https:\/\/bridalfashion.com\/ro\/white-flowers-2020-ro\/tinut-uimitoare-pentru-copii-cu-un-decor-handmade-scusis-wf0011\/","og_locale":"ro_RO","og_type":"article","og_title":"Rochie de bal rafinata FANTASIA - WF0011 - BRIDAL FASHION \u2122 | Luxurious Wedding Dresses &amp; Fashionable Gowns for Women, Girls and Kids","og_description":"Rochie de bal pentru feti\u021be cu decor de basm FANTASIA - WF0011, disponibil\u0103 pe alb \u0219i ivory. Bustul cu umerele deschise \u0219i cu m\u00e2neci scurte, fiind decorat cu flori 3d \u0219i cu pene, acela\u0219i decor se repet\u0103 pe fust\u0103","og_url":"https:\/\/bridalfashion.com\/ro\/white-flowers-2020-ro\/tinut-uimitoare-pentru-copii-cu-un-decor-handmade-scusis-wf0011\/","og_site_name":"BRIDAL FASHION \u2122 | Luxurious Wedding Dresses &amp; Fashionable Gowns for Women, Girls and Kids","og_image":[{"width":1516,"height":2000,"url":"https:\/\/bridalfashion.com\/wp-content\/uploads\/2021\/09\/WF0011_A.jpg","type":"image\/jpeg"}],"twitter_card":"summary_large_image","twitter_misc":{"Timp estimat pentru citire":"1 minut"},"schema":{"@context":"https:\/\/schema.org","@graph":[{"@type":"WebPage","@id":"https:\/\/bridalfashion.com\/ro\/white-flowers-2020-ro\/tinut-uimitoare-pentru-copii-cu-un-decor-handmade-scusis-wf0011\/","url":"https:\/\/bridalfashion.com\/ro\/white-flowers-2020-ro\/tinut-uimitoare-pentru-copii-cu-un-decor-handmade-scusis-wf0011\/","name":"Rochie de bal rafinata FANTASIA - WF0011 - BRIDAL FASHION \u2122 | Luxurious Wedding Dresses &amp; Fashionable Gowns for Women, Girls and Kids","isPartOf":{"@id":"https:\/\/bridalfashion.com\/ro\/#website"},"primaryImageOfPage":{"@id":"https:\/\/bridalfashion.com\/ro\/white-flowers-2020-ro\/tinut-uimitoare-pentru-copii-cu-un-decor-handmade-scusis-wf0011\/#primaryimage"},"image":{"@id":"https:\/\/bridalfashion.com\/ro\/white-flowers-2020-ro\/tinut-uimitoare-pentru-copii-cu-un-decor-handmade-scusis-wf0011\/#primaryimage"},"thumbnailUrl":"https:\/\/bridalfashion.com\/wp-content\/uploads\/2021\/09\/WF0011_A.jpg","datePublished":"2022-09-28T08:07:21+00:00","description":"Rochie de bal pentru feti\u021be cu decor de basm FANTASIA - WF0011, disponibil\u0103 pe alb \u0219i ivory. Bustul cu umerele deschise \u0219i cu m\u00e2neci scurte, fiind decorat cu flori 3d \u0219i cu pene, acela\u0219i decor se repet\u0103 pe fust\u0103","breadcrumb":{"@id":"https:\/\/bridalfashion.com\/ro\/white-flowers-2020-ro\/tinut-uimitoare-pentru-copii-cu-un-decor-handmade-scusis-wf0011\/#breadcrumb"},"inLanguage":"ro-RO","potentialAction":[{"@type":"ReadAction","target":["https:\/\/bridalfashion.com\/ro\/white-flowers-2020-ro\/tinut-uimitoare-pentru-copii-cu-un-decor-handmade-scusis-wf0011\/"]}]},{"@type":"ImageObject","inLanguage":"ro-RO","@id":"https:\/\/bridalfashion.com\/ro\/white-flowers-2020-ro\/tinut-uimitoare-pentru-copii-cu-un-decor-handmade-scusis-wf0011\/#primaryimage","url":"https:\/\/bridalfashion.com\/wp-content\/uploads\/2021\/09\/WF0011_A.jpg","contentUrl":"https:\/\/bridalfashion.com\/wp-content\/uploads\/2021\/09\/WF0011_A.jpg","width":1516,"height":2000,"caption":"Rochie de bal rafinat\u0103 FANTASIA - WF0011 Vedere din fa\u021b\u0103 | BRIDAL FASHION"},{"@type":"BreadcrumbList","@id":"https:\/\/bridalfashion.com\/ro\/white-flowers-2020-ro\/tinut-uimitoare-pentru-copii-cu-un-decor-handmade-scusis-wf0011\/#breadcrumb","itemListElement":[{"@type":"ListItem","position":1,"name":"Home","item":"https:\/\/bridalfashion.com\/ro\/"},{"@type":"ListItem","position":2,"name":"Shop","item":"https:\/\/bridalfashion.com\/shop-2\/"},{"@type":"ListItem","position":3,"name":"Rochie de bal rafinata FANTASIA &#8211; WF0011"}]},{"@type":"WebSite","@id":"https:\/\/bridalfashion.com\/ro\/#website","url":"https:\/\/bridalfashion.com\/ro\/","name":"BRIDAL FASHION \u2122 | Luxurious Wedding Dresses &amp; Fashionable Gowns for Women, Girls and Kids","description":"Welcome the leading manufacturer and supplier of wedding dresses. We offer in wholesale a large selection of high quality wedding dress collections and accessories for your business at competitive prices. Shop our full range of bridal products today!","publisher":{"@id":"https:\/\/bridalfashion.com\/ro\/#organization"},"potentialAction":[{"@type":"SearchAction","target":{"@type":"EntryPoint","urlTemplate":"https:\/\/bridalfashion.com\/ro\/?s={search_term_string}"},"query-input":{"@type":"PropertyValueSpecification","valueRequired":true,"valueName":"search_term_string"}}],"inLanguage":"ro-RO"},{"@type":"Organization","@id":"https:\/\/bridalfashion.com\/ro\/#organization","name":"BRIDAL FASHION \u2122 | Luxurious Wedding Dresses &amp; Fashionable Gowns for Women, Girls and Kids","url":"https:\/\/bridalfashion.com\/ro\/","logo":{"@type":"ImageObject","inLanguage":"ro-RO","@id":"https:\/\/bridalfashion.com\/ro\/#\/schema\/logo\/image\/","url":"https:\/\/bridalfashion.com\/wp-content\/uploads\/2022\/05\/cropped-BFG.png","contentUrl":"https:\/\/bridalfashion.com\/wp-content\/uploads\/2022\/05\/cropped-BFG.png","width":1771,"height":119,"caption":"BRIDAL FASHION \u2122 | Luxurious Wedding Dresses &amp; Fashionable Gowns for Women, Girls and Kids"},"image":{"@id":"https:\/\/bridalfashion.com\/ro\/#\/schema\/logo\/image\/"}}]}},"_links":{"self":[{"href":"https:\/\/bridalfashion.com\/ro\/wp-json\/wp\/v2\/product\/11831","targetHints":{"allow":["GET"]}}],"collection":[{"href":"https:\/\/bridalfashion.com\/ro\/wp-json\/wp\/v2\/product"}],"about":[{"href":"https:\/\/bridalfashion.com\/ro\/wp-json\/wp\/v2\/types\/product"}],"replies":[{"embeddable":true,"href":"https:\/\/bridalfashion.com\/ro\/wp-json\/wp\/v2\/comments?post=11831"}],"wp:featuredmedia":[{"embeddable":true,"href":"https:\/\/bridalfashion.com\/ro\/wp-json\/wp\/v2\/media\/4434"}],"wp:attachment":[{"href":"https:\/\/bridalfashion.com\/ro\/wp-json\/wp\/v2\/media?parent=11831"}],"wp:term":[{"taxonomy":"product_brand","embeddable":true,"href":"https:\/\/bridalfashion.com\/ro\/wp-json\/wp\/v2\/product_brand?post=11831"},{"taxonomy":"product_cat","embeddable":true,"href":"https:\/\/bridalfashion.com\/ro\/wp-json\/wp\/v2\/product_cat?post=11831"},{"taxonomy":"product_tag","embeddable":true,"href":"https:\/\/bridalfashion.com\/ro\/wp-json\/wp\/v2\/product_tag?post=11831"}],"curies":[{"name":"wp","href":"https:\/\/api.w.org\/{rel}","templated":true}]}}