{"id":11825,"date":"2021-09-24T13:34:38","date_gmt":"2022-09-28T07:34:30","guid":{"rendered":"https:\/\/bridalfashion.com\/fara-categorie\/rochie-de-bal-pentru-copii-westly-wf0009\/"},"modified":"2022-09-28T09:34:30","modified_gmt":"2022-09-28T07:34:30","slug":"rochie-de-bal-pentru-copii-cu-franjuri-pe-corp-wf0009","status":"publish","type":"product","link":"https:\/\/bridalfashion.com\/ro\/white-flowers-2020-ro\/rochie-de-bal-pentru-copii-cu-franjuri-pe-corp-wf0009\/","title":{"rendered":"Rochie de bal pentru copii WESTLY &#8211; WF0009"},"content":{"rendered":"<h2>Descrierea modelului WESTLY &#8211; WF0009 rochie de bal pentru copii cu franjuri de cristale \u0219i cu paiete, cu o tren\u0103 bogat\u0103<\/h2>\n<p>Rochie bogat\u0103 cu decor ales, disponibil\u0103 pe alb \u0219i ivory. Corsetul cu dublur\u0103 din saten, acoperit cu tul transparent din tul italian pre\u021bios. La spate \u2013 o \u00eencheietoare vertical\u0103 din nasturi, acoperi\u021bi cu stof\u0103. Partea de sus este decorat\u0103 cu m\u0103rgele, paiete \u0219i strasuri. Rochie de bal pentru feti\u021be cu franjuri din paiete \u0219i cristale, completat\u0103 cu o tren\u0103 la fusta volant\u0103 din tul, acoperit\u0103 cu un r\u00e2nd de tul str\u0103lucitor.<\/p>\n","protected":false},"excerpt":{"rendered":"<p>Descrierea modelului WESTLY &#8211; WF0009 rochie de bal pentru copii cu franjuri de cristale \u0219i cu paiete, cu o tren\u0103 bogat\u0103 Rochie bogat\u0103 cu decor ales, disponibil\u0103 pe alb \u0219i ivory. Corsetul cu dublur\u0103 din saten, acoperit cu tul transparent din tul italian pre\u021bios. La spate \u2013 o \u00eencheietoare vertical\u0103 din nasturi, acoperi\u021bi cu stof\u0103.&hellip;<\/p>\n","protected":false},"featured_media":4371,"comment_status":"open","ping_status":"closed","template":"","meta":[],"product_brand":[],"product_cat":[939],"product_tag":[],"class_list":{"0":"post-11825","1":"product","2":"type-product","3":"status-publish","4":"has-post-thumbnail","6":"product_cat-white-flowers-2020-ro","8":"first","9":"instock","10":"taxable","11":"shipping-taxable","12":"product-type-simple"},"yoast_head":"<!-- This site is optimized with the Yoast SEO plugin v27.5 - https:\/\/yoast.com\/product\/yoast-seo-wordpress\/ -->\n<title>Rochie de bal pentru copii WESTLY - WF0009 - BRIDAL FASHION \u2122 | Luxurious Wedding Dresses &amp; Fashionable Gowns for Women, Girls and Kids<\/title>\n<meta name=\"description\" content=\"Rochie de bal pentru copii cu franjuri WESTLY - WF0009, disponibil\u0103 pe alb \u0219i ivory. Bustul din tul italian, \u00eempodobit cu paiete, cu m\u0103rgele \u0219i strasuri. Fusta bogat\u0103 cu un r\u00e2nd str\u0103lucitor, este completat\u0103 cu tren\u0103\" \/>\n<meta name=\"robots\" content=\"index, follow, max-snippet:-1, max-image-preview:large, max-video-preview:-1\" \/>\n<link rel=\"canonical\" href=\"https:\/\/bridalfashion.com\/ro\/white-flowers-2020-ro\/rochie-de-bal-pentru-copii-cu-franjuri-pe-corp-wf0009\/\" \/>\n<meta property=\"og:locale\" content=\"ro_RO\" \/>\n<meta property=\"og:type\" content=\"article\" \/>\n<meta property=\"og:title\" content=\"Rochie de bal pentru copii WESTLY - WF0009 - BRIDAL FASHION \u2122 | Luxurious Wedding Dresses &amp; Fashionable Gowns for Women, Girls and Kids\" \/>\n<meta property=\"og:description\" content=\"Rochie de bal pentru copii cu franjuri WESTLY - WF0009, disponibil\u0103 pe alb \u0219i ivory. Bustul din tul italian, \u00eempodobit cu paiete, cu m\u0103rgele \u0219i strasuri. Fusta bogat\u0103 cu un r\u00e2nd str\u0103lucitor, este completat\u0103 cu tren\u0103\" \/>\n<meta property=\"og:url\" content=\"https:\/\/bridalfashion.com\/ro\/white-flowers-2020-ro\/rochie-de-bal-pentru-copii-cu-franjuri-pe-corp-wf0009\/\" \/>\n<meta property=\"og:site_name\" content=\"BRIDAL FASHION \u2122 | Luxurious Wedding Dresses &amp; Fashionable Gowns for Women, Girls and Kids\" \/>\n<meta property=\"og:image\" content=\"https:\/\/bridalfashion.com\/wp-content\/uploads\/2021\/09\/WF0009_A.jpg\" \/>\n\t<meta property=\"og:image:width\" content=\"1516\" \/>\n\t<meta property=\"og:image:height\" content=\"2000\" \/>\n\t<meta property=\"og:image:type\" content=\"image\/jpeg\" \/>\n<meta name=\"twitter:card\" content=\"summary_large_image\" \/>\n<script type=\"application\/ld+json\" class=\"yoast-schema-graph\">{\"@context\":\"https:\\\/\\\/schema.org\",\"@graph\":[{\"@type\":\"WebPage\",\"@id\":\"https:\\\/\\\/bridalfashion.com\\\/ro\\\/white-flowers-2020-ro\\\/rochie-de-bal-pentru-copii-cu-franjuri-pe-corp-wf0009\\\/\",\"url\":\"https:\\\/\\\/bridalfashion.com\\\/ro\\\/white-flowers-2020-ro\\\/rochie-de-bal-pentru-copii-cu-franjuri-pe-corp-wf0009\\\/\",\"name\":\"Rochie de bal pentru copii WESTLY - WF0009 - BRIDAL FASHION \u2122 | Luxurious Wedding Dresses &amp; Fashionable Gowns for Women, Girls and Kids\",\"isPartOf\":{\"@id\":\"https:\\\/\\\/bridalfashion.com\\\/ro\\\/#website\"},\"primaryImageOfPage\":{\"@id\":\"https:\\\/\\\/bridalfashion.com\\\/ro\\\/white-flowers-2020-ro\\\/rochie-de-bal-pentru-copii-cu-franjuri-pe-corp-wf0009\\\/#primaryimage\"},\"image\":{\"@id\":\"https:\\\/\\\/bridalfashion.com\\\/ro\\\/white-flowers-2020-ro\\\/rochie-de-bal-pentru-copii-cu-franjuri-pe-corp-wf0009\\\/#primaryimage\"},\"thumbnailUrl\":\"https:\\\/\\\/bridalfashion.com\\\/wp-content\\\/uploads\\\/2021\\\/09\\\/WF0009_A.jpg\",\"datePublished\":\"2022-09-28T07:34:30+00:00\",\"description\":\"Rochie de bal pentru copii cu franjuri WESTLY - WF0009, disponibil\u0103 pe alb \u0219i ivory. Bustul din tul italian, \u00eempodobit cu paiete, cu m\u0103rgele \u0219i strasuri. Fusta bogat\u0103 cu un r\u00e2nd str\u0103lucitor, este completat\u0103 cu tren\u0103\",\"breadcrumb\":{\"@id\":\"https:\\\/\\\/bridalfashion.com\\\/ro\\\/white-flowers-2020-ro\\\/rochie-de-bal-pentru-copii-cu-franjuri-pe-corp-wf0009\\\/#breadcrumb\"},\"inLanguage\":\"ro-RO\",\"potentialAction\":[{\"@type\":\"ReadAction\",\"target\":[\"https:\\\/\\\/bridalfashion.com\\\/ro\\\/white-flowers-2020-ro\\\/rochie-de-bal-pentru-copii-cu-franjuri-pe-corp-wf0009\\\/\"]}]},{\"@type\":\"ImageObject\",\"inLanguage\":\"ro-RO\",\"@id\":\"https:\\\/\\\/bridalfashion.com\\\/ro\\\/white-flowers-2020-ro\\\/rochie-de-bal-pentru-copii-cu-franjuri-pe-corp-wf0009\\\/#primaryimage\",\"url\":\"https:\\\/\\\/bridalfashion.com\\\/wp-content\\\/uploads\\\/2021\\\/09\\\/WF0009_A.jpg\",\"contentUrl\":\"https:\\\/\\\/bridalfashion.com\\\/wp-content\\\/uploads\\\/2021\\\/09\\\/WF0009_A.jpg\",\"width\":1516,\"height\":2000,\"caption\":\"Rochie de bal pentru copii WESTLY - WF0009 Vedere frontal\u0103 | BRIDAL FASHION\"},{\"@type\":\"BreadcrumbList\",\"@id\":\"https:\\\/\\\/bridalfashion.com\\\/ro\\\/white-flowers-2020-ro\\\/rochie-de-bal-pentru-copii-cu-franjuri-pe-corp-wf0009\\\/#breadcrumb\",\"itemListElement\":[{\"@type\":\"ListItem\",\"position\":1,\"name\":\"Home\",\"item\":\"https:\\\/\\\/bridalfashion.com\\\/ro\\\/\"},{\"@type\":\"ListItem\",\"position\":2,\"name\":\"Shop\",\"item\":\"https:\\\/\\\/bridalfashion.com\\\/shop-2\\\/\"},{\"@type\":\"ListItem\",\"position\":3,\"name\":\"Rochie de bal pentru copii WESTLY &#8211; WF0009\"}]},{\"@type\":\"WebSite\",\"@id\":\"https:\\\/\\\/bridalfashion.com\\\/ro\\\/#website\",\"url\":\"https:\\\/\\\/bridalfashion.com\\\/ro\\\/\",\"name\":\"BRIDAL FASHION \u2122 | Luxurious Wedding Dresses &amp; Fashionable Gowns for Women, Girls and Kids\",\"description\":\"Welcome the leading manufacturer and supplier of wedding dresses. We offer in wholesale a large selection of high quality wedding dress collections and accessories for your business at competitive prices. Shop our full range of bridal products today!\",\"publisher\":{\"@id\":\"https:\\\/\\\/bridalfashion.com\\\/ro\\\/#organization\"},\"potentialAction\":[{\"@type\":\"SearchAction\",\"target\":{\"@type\":\"EntryPoint\",\"urlTemplate\":\"https:\\\/\\\/bridalfashion.com\\\/ro\\\/?s={search_term_string}\"},\"query-input\":{\"@type\":\"PropertyValueSpecification\",\"valueRequired\":true,\"valueName\":\"search_term_string\"}}],\"inLanguage\":\"ro-RO\"},{\"@type\":\"Organization\",\"@id\":\"https:\\\/\\\/bridalfashion.com\\\/ro\\\/#organization\",\"name\":\"BRIDAL FASHION \u2122 | Luxurious Wedding Dresses &amp; Fashionable Gowns for Women, Girls and Kids\",\"url\":\"https:\\\/\\\/bridalfashion.com\\\/ro\\\/\",\"logo\":{\"@type\":\"ImageObject\",\"inLanguage\":\"ro-RO\",\"@id\":\"https:\\\/\\\/bridalfashion.com\\\/ro\\\/#\\\/schema\\\/logo\\\/image\\\/\",\"url\":\"https:\\\/\\\/bridalfashion.com\\\/wp-content\\\/uploads\\\/2022\\\/05\\\/cropped-BFG.png\",\"contentUrl\":\"https:\\\/\\\/bridalfashion.com\\\/wp-content\\\/uploads\\\/2022\\\/05\\\/cropped-BFG.png\",\"width\":1771,\"height\":119,\"caption\":\"BRIDAL FASHION \u2122 | Luxurious Wedding Dresses &amp; Fashionable Gowns for Women, Girls and Kids\"},\"image\":{\"@id\":\"https:\\\/\\\/bridalfashion.com\\\/ro\\\/#\\\/schema\\\/logo\\\/image\\\/\"}}]}<\/script>\n<!-- \/ Yoast SEO plugin. -->","yoast_head_json":{"title":"Rochie de bal pentru copii WESTLY - WF0009 - BRIDAL FASHION \u2122 | Luxurious Wedding Dresses &amp; Fashionable Gowns for Women, Girls and Kids","description":"Rochie de bal pentru copii cu franjuri WESTLY - WF0009, disponibil\u0103 pe alb \u0219i ivory. Bustul din tul italian, \u00eempodobit cu paiete, cu m\u0103rgele \u0219i strasuri. Fusta bogat\u0103 cu un r\u00e2nd str\u0103lucitor, este completat\u0103 cu tren\u0103","robots":{"index":"index","follow":"follow","max-snippet":"max-snippet:-1","max-image-preview":"max-image-preview:large","max-video-preview":"max-video-preview:-1"},"canonical":"https:\/\/bridalfashion.com\/ro\/white-flowers-2020-ro\/rochie-de-bal-pentru-copii-cu-franjuri-pe-corp-wf0009\/","og_locale":"ro_RO","og_type":"article","og_title":"Rochie de bal pentru copii WESTLY - WF0009 - BRIDAL FASHION \u2122 | Luxurious Wedding Dresses &amp; Fashionable Gowns for Women, Girls and Kids","og_description":"Rochie de bal pentru copii cu franjuri WESTLY - WF0009, disponibil\u0103 pe alb \u0219i ivory. Bustul din tul italian, \u00eempodobit cu paiete, cu m\u0103rgele \u0219i strasuri. Fusta bogat\u0103 cu un r\u00e2nd str\u0103lucitor, este completat\u0103 cu tren\u0103","og_url":"https:\/\/bridalfashion.com\/ro\/white-flowers-2020-ro\/rochie-de-bal-pentru-copii-cu-franjuri-pe-corp-wf0009\/","og_site_name":"BRIDAL FASHION \u2122 | Luxurious Wedding Dresses &amp; Fashionable Gowns for Women, Girls and Kids","og_image":[{"width":1516,"height":2000,"url":"https:\/\/bridalfashion.com\/wp-content\/uploads\/2021\/09\/WF0009_A.jpg","type":"image\/jpeg"}],"twitter_card":"summary_large_image","schema":{"@context":"https:\/\/schema.org","@graph":[{"@type":"WebPage","@id":"https:\/\/bridalfashion.com\/ro\/white-flowers-2020-ro\/rochie-de-bal-pentru-copii-cu-franjuri-pe-corp-wf0009\/","url":"https:\/\/bridalfashion.com\/ro\/white-flowers-2020-ro\/rochie-de-bal-pentru-copii-cu-franjuri-pe-corp-wf0009\/","name":"Rochie de bal pentru copii WESTLY - WF0009 - BRIDAL FASHION \u2122 | Luxurious Wedding Dresses &amp; Fashionable Gowns for Women, Girls and Kids","isPartOf":{"@id":"https:\/\/bridalfashion.com\/ro\/#website"},"primaryImageOfPage":{"@id":"https:\/\/bridalfashion.com\/ro\/white-flowers-2020-ro\/rochie-de-bal-pentru-copii-cu-franjuri-pe-corp-wf0009\/#primaryimage"},"image":{"@id":"https:\/\/bridalfashion.com\/ro\/white-flowers-2020-ro\/rochie-de-bal-pentru-copii-cu-franjuri-pe-corp-wf0009\/#primaryimage"},"thumbnailUrl":"https:\/\/bridalfashion.com\/wp-content\/uploads\/2021\/09\/WF0009_A.jpg","datePublished":"2022-09-28T07:34:30+00:00","description":"Rochie de bal pentru copii cu franjuri WESTLY - WF0009, disponibil\u0103 pe alb \u0219i ivory. Bustul din tul italian, \u00eempodobit cu paiete, cu m\u0103rgele \u0219i strasuri. Fusta bogat\u0103 cu un r\u00e2nd str\u0103lucitor, este completat\u0103 cu tren\u0103","breadcrumb":{"@id":"https:\/\/bridalfashion.com\/ro\/white-flowers-2020-ro\/rochie-de-bal-pentru-copii-cu-franjuri-pe-corp-wf0009\/#breadcrumb"},"inLanguage":"ro-RO","potentialAction":[{"@type":"ReadAction","target":["https:\/\/bridalfashion.com\/ro\/white-flowers-2020-ro\/rochie-de-bal-pentru-copii-cu-franjuri-pe-corp-wf0009\/"]}]},{"@type":"ImageObject","inLanguage":"ro-RO","@id":"https:\/\/bridalfashion.com\/ro\/white-flowers-2020-ro\/rochie-de-bal-pentru-copii-cu-franjuri-pe-corp-wf0009\/#primaryimage","url":"https:\/\/bridalfashion.com\/wp-content\/uploads\/2021\/09\/WF0009_A.jpg","contentUrl":"https:\/\/bridalfashion.com\/wp-content\/uploads\/2021\/09\/WF0009_A.jpg","width":1516,"height":2000,"caption":"Rochie de bal pentru copii WESTLY - WF0009 Vedere frontal\u0103 | BRIDAL FASHION"},{"@type":"BreadcrumbList","@id":"https:\/\/bridalfashion.com\/ro\/white-flowers-2020-ro\/rochie-de-bal-pentru-copii-cu-franjuri-pe-corp-wf0009\/#breadcrumb","itemListElement":[{"@type":"ListItem","position":1,"name":"Home","item":"https:\/\/bridalfashion.com\/ro\/"},{"@type":"ListItem","position":2,"name":"Shop","item":"https:\/\/bridalfashion.com\/shop-2\/"},{"@type":"ListItem","position":3,"name":"Rochie de bal pentru copii WESTLY &#8211; WF0009"}]},{"@type":"WebSite","@id":"https:\/\/bridalfashion.com\/ro\/#website","url":"https:\/\/bridalfashion.com\/ro\/","name":"BRIDAL FASHION \u2122 | Luxurious Wedding Dresses &amp; Fashionable Gowns for Women, Girls and Kids","description":"Welcome the leading manufacturer and supplier of wedding dresses. We offer in wholesale a large selection of high quality wedding dress collections and accessories for your business at competitive prices. Shop our full range of bridal products today!","publisher":{"@id":"https:\/\/bridalfashion.com\/ro\/#organization"},"potentialAction":[{"@type":"SearchAction","target":{"@type":"EntryPoint","urlTemplate":"https:\/\/bridalfashion.com\/ro\/?s={search_term_string}"},"query-input":{"@type":"PropertyValueSpecification","valueRequired":true,"valueName":"search_term_string"}}],"inLanguage":"ro-RO"},{"@type":"Organization","@id":"https:\/\/bridalfashion.com\/ro\/#organization","name":"BRIDAL FASHION \u2122 | Luxurious Wedding Dresses &amp; Fashionable Gowns for Women, Girls and Kids","url":"https:\/\/bridalfashion.com\/ro\/","logo":{"@type":"ImageObject","inLanguage":"ro-RO","@id":"https:\/\/bridalfashion.com\/ro\/#\/schema\/logo\/image\/","url":"https:\/\/bridalfashion.com\/wp-content\/uploads\/2022\/05\/cropped-BFG.png","contentUrl":"https:\/\/bridalfashion.com\/wp-content\/uploads\/2022\/05\/cropped-BFG.png","width":1771,"height":119,"caption":"BRIDAL FASHION \u2122 | Luxurious Wedding Dresses &amp; Fashionable Gowns for Women, Girls and Kids"},"image":{"@id":"https:\/\/bridalfashion.com\/ro\/#\/schema\/logo\/image\/"}}]}},"_links":{"self":[{"href":"https:\/\/bridalfashion.com\/ro\/wp-json\/wp\/v2\/product\/11825","targetHints":{"allow":["GET"]}}],"collection":[{"href":"https:\/\/bridalfashion.com\/ro\/wp-json\/wp\/v2\/product"}],"about":[{"href":"https:\/\/bridalfashion.com\/ro\/wp-json\/wp\/v2\/types\/product"}],"replies":[{"embeddable":true,"href":"https:\/\/bridalfashion.com\/ro\/wp-json\/wp\/v2\/comments?post=11825"}],"wp:featuredmedia":[{"embeddable":true,"href":"https:\/\/bridalfashion.com\/ro\/wp-json\/wp\/v2\/media\/4371"}],"wp:attachment":[{"href":"https:\/\/bridalfashion.com\/ro\/wp-json\/wp\/v2\/media?parent=11825"}],"wp:term":[{"taxonomy":"product_brand","embeddable":true,"href":"https:\/\/bridalfashion.com\/ro\/wp-json\/wp\/v2\/product_brand?post=11825"},{"taxonomy":"product_cat","embeddable":true,"href":"https:\/\/bridalfashion.com\/ro\/wp-json\/wp\/v2\/product_cat?post=11825"},{"taxonomy":"product_tag","embeddable":true,"href":"https:\/\/bridalfashion.com\/ro\/wp-json\/wp\/v2\/product_tag?post=11825"}],"curies":[{"name":"wp","href":"https:\/\/api.w.org\/{rel}","templated":true}]}}