{"id":11822,"date":"2021-09-24T13:31:36","date_gmt":"2022-09-28T07:24:47","guid":{"rendered":"https:\/\/bridalfashion.com\/fara-categorie\/rochie-pufoasa-de-printesa-frida-wf0008\/"},"modified":"2022-09-28T09:24:47","modified_gmt":"2022-09-28T07:24:47","slug":"tinuta-copii-de-vacanta-foarte-frumoasa-wf0008","status":"publish","type":"product","link":"https:\/\/bridalfashion.com\/ro\/white-flowers-2020-ro\/tinuta-copii-de-vacanta-foarte-frumoasa-wf0008\/","title":{"rendered":"Rochie pufoasa de printesa FRIDA &#8211; WF0008"},"content":{"rendered":"<h2>Descrierea modelului FRIDA &#8211; WF0008 rochie-prin\u021bes\u0103 bogat\u0103 \u00een culoare gri-deschis cu o fust\u0103 volant\u0103 cu crinolin\u0103<\/h2>\n<p>O rochie pentru copii deosebit de fermec\u0103toare cu decor bogat, lucrat manual. Corsetul din saten, acoperit cu un maiou transparent, decorat cu macrame, \u00eempodobit cu m\u0103rgele \u0219i paiete. \u00cencheietoarea vertical\u0103 la spate, umerele \u0219i br\u00e2ul \u00eempodobite cu franjuri de cristale. Fusta volant\u0103 cu numeroase r\u00e2nduri din tul, \u00een partea de jos av\u00e2nd o crinolin\u0103 cusut\u0103, ceea ce-i permite s\u0103-\u0219i p\u0103streze forma impecabil\u0103. Aceast\u0103 rochie-prin\u021bes\u0103 bogat\u0103 \u00een culoare gri-deschis este o alegere perfect\u0103 pentru ceremonia festiv\u0103.<\/p>\n","protected":false},"excerpt":{"rendered":"<p>Descrierea modelului FRIDA &#8211; WF0008 rochie-prin\u021bes\u0103 bogat\u0103 \u00een culoare gri-deschis cu o fust\u0103 volant\u0103 cu crinolin\u0103 O rochie pentru copii deosebit de fermec\u0103toare cu decor bogat, lucrat manual. Corsetul din saten, acoperit cu un maiou transparent, decorat cu macrame, \u00eempodobit cu m\u0103rgele \u0219i paiete. \u00cencheietoarea vertical\u0103 la spate, umerele \u0219i br\u00e2ul \u00eempodobite cu franjuri de&hellip;<\/p>\n","protected":false},"featured_media":4341,"comment_status":"open","ping_status":"closed","template":"","meta":[],"product_brand":[],"product_cat":[939],"product_tag":[],"class_list":{"0":"post-11822","1":"product","2":"type-product","3":"status-publish","4":"has-post-thumbnail","6":"product_cat-white-flowers-2020-ro","8":"first","9":"instock","10":"taxable","11":"shipping-taxable","12":"product-type-simple"},"yoast_head":"<!-- This site is optimized with the Yoast SEO plugin v27.4 - https:\/\/yoast.com\/product\/yoast-seo-wordpress\/ -->\n<title>Rochie pufoasa de printesa FRIDA - WF0008 - BRIDAL FASHION \u2122 | Luxurious Wedding Dresses &amp; Fashionable Gowns for Women, Girls and Kids<\/title>\n<meta name=\"description\" content=\"Rochie-prin\u021bes\u0103 faimoas\u0103 \u00een culoare sur-deschis FRIDA - WF0008, decorat\u0103 manual cu m\u0103rgele \u0219i paiete pe bustul transparent. Umerii \u0219i br\u00e2ul sunt decorate cu franjuri de cristale. Fusta are o crinolin\u0103, ad\u0103ugat\u0103 \u00een partea de jos.\" \/>\n<meta name=\"robots\" content=\"index, follow, max-snippet:-1, max-image-preview:large, max-video-preview:-1\" \/>\n<link rel=\"canonical\" href=\"https:\/\/bridalfashion.com\/ro\/white-flowers-2020-ro\/tinuta-copii-de-vacanta-foarte-frumoasa-wf0008\/\" \/>\n<meta property=\"og:locale\" content=\"ro_RO\" \/>\n<meta property=\"og:type\" content=\"article\" \/>\n<meta property=\"og:title\" content=\"Rochie pufoasa de printesa FRIDA - WF0008 - BRIDAL FASHION \u2122 | Luxurious Wedding Dresses &amp; Fashionable Gowns for Women, Girls and Kids\" \/>\n<meta property=\"og:description\" content=\"Rochie-prin\u021bes\u0103 faimoas\u0103 \u00een culoare sur-deschis FRIDA - WF0008, decorat\u0103 manual cu m\u0103rgele \u0219i paiete pe bustul transparent. Umerii \u0219i br\u00e2ul sunt decorate cu franjuri de cristale. Fusta are o crinolin\u0103, ad\u0103ugat\u0103 \u00een partea de jos.\" \/>\n<meta property=\"og:url\" content=\"https:\/\/bridalfashion.com\/ro\/white-flowers-2020-ro\/tinuta-copii-de-vacanta-foarte-frumoasa-wf0008\/\" \/>\n<meta property=\"og:site_name\" content=\"BRIDAL FASHION \u2122 | Luxurious Wedding Dresses &amp; Fashionable Gowns for Women, Girls and Kids\" \/>\n<meta property=\"og:image\" content=\"https:\/\/bridalfashion.com\/wp-content\/uploads\/2021\/09\/WF0008_A_MH.jpg\" \/>\n\t<meta property=\"og:image:width\" content=\"1516\" \/>\n\t<meta property=\"og:image:height\" content=\"2000\" \/>\n\t<meta property=\"og:image:type\" content=\"image\/jpeg\" \/>\n<meta name=\"twitter:card\" content=\"summary_large_image\" \/>\n<meta name=\"twitter:label1\" content=\"Timp estimat pentru citire\" \/>\n\t<meta name=\"twitter:data1\" content=\"1 minut\" \/>\n<script type=\"application\/ld+json\" class=\"yoast-schema-graph\">{\"@context\":\"https:\\\/\\\/schema.org\",\"@graph\":[{\"@type\":\"WebPage\",\"@id\":\"https:\\\/\\\/bridalfashion.com\\\/ro\\\/white-flowers-2020-ro\\\/tinuta-copii-de-vacanta-foarte-frumoasa-wf0008\\\/\",\"url\":\"https:\\\/\\\/bridalfashion.com\\\/ro\\\/white-flowers-2020-ro\\\/tinuta-copii-de-vacanta-foarte-frumoasa-wf0008\\\/\",\"name\":\"Rochie pufoasa de printesa FRIDA - WF0008 - BRIDAL FASHION \u2122 | Luxurious Wedding Dresses &amp; Fashionable Gowns for Women, Girls and Kids\",\"isPartOf\":{\"@id\":\"https:\\\/\\\/bridalfashion.com\\\/ro\\\/#website\"},\"primaryImageOfPage\":{\"@id\":\"https:\\\/\\\/bridalfashion.com\\\/ro\\\/white-flowers-2020-ro\\\/tinuta-copii-de-vacanta-foarte-frumoasa-wf0008\\\/#primaryimage\"},\"image\":{\"@id\":\"https:\\\/\\\/bridalfashion.com\\\/ro\\\/white-flowers-2020-ro\\\/tinuta-copii-de-vacanta-foarte-frumoasa-wf0008\\\/#primaryimage\"},\"thumbnailUrl\":\"https:\\\/\\\/bridalfashion.com\\\/wp-content\\\/uploads\\\/2021\\\/09\\\/WF0008_A_MH.jpg\",\"datePublished\":\"2022-09-28T07:24:47+00:00\",\"description\":\"Rochie-prin\u021bes\u0103 faimoas\u0103 \u00een culoare sur-deschis FRIDA - WF0008, decorat\u0103 manual cu m\u0103rgele \u0219i paiete pe bustul transparent. Umerii \u0219i br\u00e2ul sunt decorate cu franjuri de cristale. Fusta are o crinolin\u0103, ad\u0103ugat\u0103 \u00een partea de jos.\",\"breadcrumb\":{\"@id\":\"https:\\\/\\\/bridalfashion.com\\\/ro\\\/white-flowers-2020-ro\\\/tinuta-copii-de-vacanta-foarte-frumoasa-wf0008\\\/#breadcrumb\"},\"inLanguage\":\"ro-RO\",\"potentialAction\":[{\"@type\":\"ReadAction\",\"target\":[\"https:\\\/\\\/bridalfashion.com\\\/ro\\\/white-flowers-2020-ro\\\/tinuta-copii-de-vacanta-foarte-frumoasa-wf0008\\\/\"]}]},{\"@type\":\"ImageObject\",\"inLanguage\":\"ro-RO\",\"@id\":\"https:\\\/\\\/bridalfashion.com\\\/ro\\\/white-flowers-2020-ro\\\/tinuta-copii-de-vacanta-foarte-frumoasa-wf0008\\\/#primaryimage\",\"url\":\"https:\\\/\\\/bridalfashion.com\\\/wp-content\\\/uploads\\\/2021\\\/09\\\/WF0008_A_MH.jpg\",\"contentUrl\":\"https:\\\/\\\/bridalfashion.com\\\/wp-content\\\/uploads\\\/2021\\\/09\\\/WF0008_A_MH.jpg\",\"width\":1516,\"height\":2000,\"caption\":\"Rochie pufoas\u0103 de prin\u021bes\u0103 FRIDA - WF0008 Vedere din fa\u021b\u0103 | BRIDAL FASHION\"},{\"@type\":\"BreadcrumbList\",\"@id\":\"https:\\\/\\\/bridalfashion.com\\\/ro\\\/white-flowers-2020-ro\\\/tinuta-copii-de-vacanta-foarte-frumoasa-wf0008\\\/#breadcrumb\",\"itemListElement\":[{\"@type\":\"ListItem\",\"position\":1,\"name\":\"Home\",\"item\":\"https:\\\/\\\/bridalfashion.com\\\/ro\\\/\"},{\"@type\":\"ListItem\",\"position\":2,\"name\":\"Shop\",\"item\":\"https:\\\/\\\/bridalfashion.com\\\/shop-2\\\/\"},{\"@type\":\"ListItem\",\"position\":3,\"name\":\"Rochie pufoasa de printesa FRIDA &#8211; WF0008\"}]},{\"@type\":\"WebSite\",\"@id\":\"https:\\\/\\\/bridalfashion.com\\\/ro\\\/#website\",\"url\":\"https:\\\/\\\/bridalfashion.com\\\/ro\\\/\",\"name\":\"BRIDAL FASHION \u2122 | Luxurious Wedding Dresses &amp; Fashionable Gowns for Women, Girls and Kids\",\"description\":\"Welcome the leading manufacturer and supplier of wedding dresses. We offer in wholesale a large selection of high quality wedding dress collections and accessories for your business at competitive prices. Shop our full range of bridal products today!\",\"publisher\":{\"@id\":\"https:\\\/\\\/bridalfashion.com\\\/ro\\\/#organization\"},\"potentialAction\":[{\"@type\":\"SearchAction\",\"target\":{\"@type\":\"EntryPoint\",\"urlTemplate\":\"https:\\\/\\\/bridalfashion.com\\\/ro\\\/?s={search_term_string}\"},\"query-input\":{\"@type\":\"PropertyValueSpecification\",\"valueRequired\":true,\"valueName\":\"search_term_string\"}}],\"inLanguage\":\"ro-RO\"},{\"@type\":\"Organization\",\"@id\":\"https:\\\/\\\/bridalfashion.com\\\/ro\\\/#organization\",\"name\":\"BRIDAL FASHION \u2122 | Luxurious Wedding Dresses &amp; Fashionable Gowns for Women, Girls and Kids\",\"url\":\"https:\\\/\\\/bridalfashion.com\\\/ro\\\/\",\"logo\":{\"@type\":\"ImageObject\",\"inLanguage\":\"ro-RO\",\"@id\":\"https:\\\/\\\/bridalfashion.com\\\/ro\\\/#\\\/schema\\\/logo\\\/image\\\/\",\"url\":\"https:\\\/\\\/bridalfashion.com\\\/wp-content\\\/uploads\\\/2022\\\/05\\\/cropped-BFG.png\",\"contentUrl\":\"https:\\\/\\\/bridalfashion.com\\\/wp-content\\\/uploads\\\/2022\\\/05\\\/cropped-BFG.png\",\"width\":1771,\"height\":119,\"caption\":\"BRIDAL FASHION \u2122 | Luxurious Wedding Dresses &amp; Fashionable Gowns for Women, Girls and Kids\"},\"image\":{\"@id\":\"https:\\\/\\\/bridalfashion.com\\\/ro\\\/#\\\/schema\\\/logo\\\/image\\\/\"}}]}<\/script>\n<!-- \/ Yoast SEO plugin. -->","yoast_head_json":{"title":"Rochie pufoasa de printesa FRIDA - WF0008 - BRIDAL FASHION \u2122 | Luxurious Wedding Dresses &amp; Fashionable Gowns for Women, Girls and Kids","description":"Rochie-prin\u021bes\u0103 faimoas\u0103 \u00een culoare sur-deschis FRIDA - WF0008, decorat\u0103 manual cu m\u0103rgele \u0219i paiete pe bustul transparent. Umerii \u0219i br\u00e2ul sunt decorate cu franjuri de cristale. Fusta are o crinolin\u0103, ad\u0103ugat\u0103 \u00een partea de jos.","robots":{"index":"index","follow":"follow","max-snippet":"max-snippet:-1","max-image-preview":"max-image-preview:large","max-video-preview":"max-video-preview:-1"},"canonical":"https:\/\/bridalfashion.com\/ro\/white-flowers-2020-ro\/tinuta-copii-de-vacanta-foarte-frumoasa-wf0008\/","og_locale":"ro_RO","og_type":"article","og_title":"Rochie pufoasa de printesa FRIDA - WF0008 - BRIDAL FASHION \u2122 | Luxurious Wedding Dresses &amp; Fashionable Gowns for Women, Girls and Kids","og_description":"Rochie-prin\u021bes\u0103 faimoas\u0103 \u00een culoare sur-deschis FRIDA - WF0008, decorat\u0103 manual cu m\u0103rgele \u0219i paiete pe bustul transparent. Umerii \u0219i br\u00e2ul sunt decorate cu franjuri de cristale. Fusta are o crinolin\u0103, ad\u0103ugat\u0103 \u00een partea de jos.","og_url":"https:\/\/bridalfashion.com\/ro\/white-flowers-2020-ro\/tinuta-copii-de-vacanta-foarte-frumoasa-wf0008\/","og_site_name":"BRIDAL FASHION \u2122 | Luxurious Wedding Dresses &amp; Fashionable Gowns for Women, Girls and Kids","og_image":[{"width":1516,"height":2000,"url":"https:\/\/bridalfashion.com\/wp-content\/uploads\/2021\/09\/WF0008_A_MH.jpg","type":"image\/jpeg"}],"twitter_card":"summary_large_image","twitter_misc":{"Timp estimat pentru citire":"1 minut"},"schema":{"@context":"https:\/\/schema.org","@graph":[{"@type":"WebPage","@id":"https:\/\/bridalfashion.com\/ro\/white-flowers-2020-ro\/tinuta-copii-de-vacanta-foarte-frumoasa-wf0008\/","url":"https:\/\/bridalfashion.com\/ro\/white-flowers-2020-ro\/tinuta-copii-de-vacanta-foarte-frumoasa-wf0008\/","name":"Rochie pufoasa de printesa FRIDA - WF0008 - BRIDAL FASHION \u2122 | Luxurious Wedding Dresses &amp; Fashionable Gowns for Women, Girls and Kids","isPartOf":{"@id":"https:\/\/bridalfashion.com\/ro\/#website"},"primaryImageOfPage":{"@id":"https:\/\/bridalfashion.com\/ro\/white-flowers-2020-ro\/tinuta-copii-de-vacanta-foarte-frumoasa-wf0008\/#primaryimage"},"image":{"@id":"https:\/\/bridalfashion.com\/ro\/white-flowers-2020-ro\/tinuta-copii-de-vacanta-foarte-frumoasa-wf0008\/#primaryimage"},"thumbnailUrl":"https:\/\/bridalfashion.com\/wp-content\/uploads\/2021\/09\/WF0008_A_MH.jpg","datePublished":"2022-09-28T07:24:47+00:00","description":"Rochie-prin\u021bes\u0103 faimoas\u0103 \u00een culoare sur-deschis FRIDA - WF0008, decorat\u0103 manual cu m\u0103rgele \u0219i paiete pe bustul transparent. Umerii \u0219i br\u00e2ul sunt decorate cu franjuri de cristale. Fusta are o crinolin\u0103, ad\u0103ugat\u0103 \u00een partea de jos.","breadcrumb":{"@id":"https:\/\/bridalfashion.com\/ro\/white-flowers-2020-ro\/tinuta-copii-de-vacanta-foarte-frumoasa-wf0008\/#breadcrumb"},"inLanguage":"ro-RO","potentialAction":[{"@type":"ReadAction","target":["https:\/\/bridalfashion.com\/ro\/white-flowers-2020-ro\/tinuta-copii-de-vacanta-foarte-frumoasa-wf0008\/"]}]},{"@type":"ImageObject","inLanguage":"ro-RO","@id":"https:\/\/bridalfashion.com\/ro\/white-flowers-2020-ro\/tinuta-copii-de-vacanta-foarte-frumoasa-wf0008\/#primaryimage","url":"https:\/\/bridalfashion.com\/wp-content\/uploads\/2021\/09\/WF0008_A_MH.jpg","contentUrl":"https:\/\/bridalfashion.com\/wp-content\/uploads\/2021\/09\/WF0008_A_MH.jpg","width":1516,"height":2000,"caption":"Rochie pufoas\u0103 de prin\u021bes\u0103 FRIDA - WF0008 Vedere din fa\u021b\u0103 | BRIDAL FASHION"},{"@type":"BreadcrumbList","@id":"https:\/\/bridalfashion.com\/ro\/white-flowers-2020-ro\/tinuta-copii-de-vacanta-foarte-frumoasa-wf0008\/#breadcrumb","itemListElement":[{"@type":"ListItem","position":1,"name":"Home","item":"https:\/\/bridalfashion.com\/ro\/"},{"@type":"ListItem","position":2,"name":"Shop","item":"https:\/\/bridalfashion.com\/shop-2\/"},{"@type":"ListItem","position":3,"name":"Rochie pufoasa de printesa FRIDA &#8211; WF0008"}]},{"@type":"WebSite","@id":"https:\/\/bridalfashion.com\/ro\/#website","url":"https:\/\/bridalfashion.com\/ro\/","name":"BRIDAL FASHION \u2122 | Luxurious Wedding Dresses &amp; Fashionable Gowns for Women, Girls and Kids","description":"Welcome the leading manufacturer and supplier of wedding dresses. We offer in wholesale a large selection of high quality wedding dress collections and accessories for your business at competitive prices. Shop our full range of bridal products today!","publisher":{"@id":"https:\/\/bridalfashion.com\/ro\/#organization"},"potentialAction":[{"@type":"SearchAction","target":{"@type":"EntryPoint","urlTemplate":"https:\/\/bridalfashion.com\/ro\/?s={search_term_string}"},"query-input":{"@type":"PropertyValueSpecification","valueRequired":true,"valueName":"search_term_string"}}],"inLanguage":"ro-RO"},{"@type":"Organization","@id":"https:\/\/bridalfashion.com\/ro\/#organization","name":"BRIDAL FASHION \u2122 | Luxurious Wedding Dresses &amp; Fashionable Gowns for Women, Girls and Kids","url":"https:\/\/bridalfashion.com\/ro\/","logo":{"@type":"ImageObject","inLanguage":"ro-RO","@id":"https:\/\/bridalfashion.com\/ro\/#\/schema\/logo\/image\/","url":"https:\/\/bridalfashion.com\/wp-content\/uploads\/2022\/05\/cropped-BFG.png","contentUrl":"https:\/\/bridalfashion.com\/wp-content\/uploads\/2022\/05\/cropped-BFG.png","width":1771,"height":119,"caption":"BRIDAL FASHION \u2122 | Luxurious Wedding Dresses &amp; Fashionable Gowns for Women, Girls and Kids"},"image":{"@id":"https:\/\/bridalfashion.com\/ro\/#\/schema\/logo\/image\/"}}]}},"_links":{"self":[{"href":"https:\/\/bridalfashion.com\/ro\/wp-json\/wp\/v2\/product\/11822","targetHints":{"allow":["GET"]}}],"collection":[{"href":"https:\/\/bridalfashion.com\/ro\/wp-json\/wp\/v2\/product"}],"about":[{"href":"https:\/\/bridalfashion.com\/ro\/wp-json\/wp\/v2\/types\/product"}],"replies":[{"embeddable":true,"href":"https:\/\/bridalfashion.com\/ro\/wp-json\/wp\/v2\/comments?post=11822"}],"wp:featuredmedia":[{"embeddable":true,"href":"https:\/\/bridalfashion.com\/ro\/wp-json\/wp\/v2\/media\/4341"}],"wp:attachment":[{"href":"https:\/\/bridalfashion.com\/ro\/wp-json\/wp\/v2\/media?parent=11822"}],"wp:term":[{"taxonomy":"product_brand","embeddable":true,"href":"https:\/\/bridalfashion.com\/ro\/wp-json\/wp\/v2\/product_brand?post=11822"},{"taxonomy":"product_cat","embeddable":true,"href":"https:\/\/bridalfashion.com\/ro\/wp-json\/wp\/v2\/product_cat?post=11822"},{"taxonomy":"product_tag","embeddable":true,"href":"https:\/\/bridalfashion.com\/ro\/wp-json\/wp\/v2\/product_tag?post=11822"}],"curies":[{"name":"wp","href":"https:\/\/api.w.org\/{rel}","templated":true}]}}