{"id":11819,"date":"2021-09-24T13:27:23","date_gmt":"2022-09-26T10:25:13","guid":{"rendered":"https:\/\/bridalfashion.com\/fara-categorie\/rochie-de-bal-la-moda-feodosia-wf0007\/"},"modified":"2022-09-26T12:25:13","modified_gmt":"2022-09-26T10:25:13","slug":"fermectoare-rochie-de-bal-pentru-copii-wf0007","status":"publish","type":"product","link":"https:\/\/bridalfashion.com\/ro\/white-flowers-2020-ro\/fermectoare-rochie-de-bal-pentru-copii-wf0007\/","title":{"rendered":"Rochie de bal la mod\u0103 FEODOSIA &#8211; WF0007"},"content":{"rendered":"<h2>Descrierea modelului <span style=\"font-size: 18px\">FEODOSIA &#8211; <\/span><span style=\"font-size: 1.15em\">WF0007 o rochie de bal la mod\u0103 cu pandantive de cristal<\/span><\/h2>\n<p>O rochie bogat\u0103 pentru festivit\u0103\u021bi, prezentat\u0103 la alegere \u00een alb, ivory sau ivory cu cappuccino. \u00cen fa\u021b\u0103 partea de sus este lucrat\u0103 din saten, deasupra \u2013 bustul din tul italian, spatele transparent, \u00eencheietoare din nasturi-cristale. Bustul are un decor combinat, lucrat manual\u2014 \u00eempodobire cu m\u0103rgele \u0219i perle \u00een dimensiuni diferite. Fusta foarte ampl\u0103, f\u0103r\u0103 tren\u0103. Aceast\u0103 rochie de bal pentru feti\u021be este \u00eempodobit\u0103 cu franjuri de cristale la umeri. O astfel de rochie este visul micii prin\u021bese.<\/p>\n","protected":false},"excerpt":{"rendered":"<p>Descrierea modelului FEODOSIA &#8211; WF0007 o rochie de bal la mod\u0103 cu pandantive de cristal O rochie bogat\u0103 pentru festivit\u0103\u021bi, prezentat\u0103 la alegere \u00een alb, ivory sau ivory cu cappuccino. \u00cen fa\u021b\u0103 partea de sus este lucrat\u0103 din saten, deasupra \u2013 bustul din tul italian, spatele transparent, \u00eencheietoare din nasturi-cristale. Bustul are un decor combinat,&hellip;<\/p>\n","protected":false},"featured_media":4308,"comment_status":"open","ping_status":"closed","template":"","meta":[],"product_brand":[],"product_cat":[939],"product_tag":[],"class_list":{"0":"post-11819","1":"product","2":"type-product","3":"status-publish","4":"has-post-thumbnail","6":"product_cat-white-flowers-2020-ro","8":"first","9":"instock","10":"taxable","11":"shipping-taxable","12":"product-type-simple"},"yoast_head":"<!-- This site is optimized with the Yoast SEO plugin v27.5 - https:\/\/yoast.com\/product\/yoast-seo-wordpress\/ -->\n<title>Rochie de bal la mod\u0103 FEODOSIA - WF0007 - BRIDAL FASHION \u2122 | Luxurious Wedding Dresses &amp; Fashionable Gowns for Women, Girls and Kids<\/title>\n<meta name=\"description\" content=\"Rochie fermec\u0103toare de bal pentru feti\u021be FEODOSIA - WF0007 \u00een alb, ivory \u0219i ivory+cappuccino. Bustul transparent pe corsetul din saten, este \u00eempodobit manual cu decor din m\u0103rgele \u0219i perle. Fusta este f\u0103r\u0103 tren\u0103\" \/>\n<meta name=\"robots\" content=\"index, follow, max-snippet:-1, max-image-preview:large, max-video-preview:-1\" \/>\n<link rel=\"canonical\" href=\"https:\/\/bridalfashion.com\/ro\/white-flowers-2020-ro\/fermectoare-rochie-de-bal-pentru-copii-wf0007\/\" \/>\n<meta property=\"og:locale\" content=\"ro_RO\" \/>\n<meta property=\"og:type\" content=\"article\" \/>\n<meta property=\"og:title\" content=\"Rochie de bal la mod\u0103 FEODOSIA - WF0007 - BRIDAL FASHION \u2122 | Luxurious Wedding Dresses &amp; Fashionable Gowns for Women, Girls and Kids\" \/>\n<meta property=\"og:description\" content=\"Rochie fermec\u0103toare de bal pentru feti\u021be FEODOSIA - WF0007 \u00een alb, ivory \u0219i ivory+cappuccino. Bustul transparent pe corsetul din saten, este \u00eempodobit manual cu decor din m\u0103rgele \u0219i perle. Fusta este f\u0103r\u0103 tren\u0103\" \/>\n<meta property=\"og:url\" content=\"https:\/\/bridalfashion.com\/ro\/white-flowers-2020-ro\/fermectoare-rochie-de-bal-pentru-copii-wf0007\/\" \/>\n<meta property=\"og:site_name\" content=\"BRIDAL FASHION \u2122 | Luxurious Wedding Dresses &amp; Fashionable Gowns for Women, Girls and Kids\" \/>\n<meta property=\"og:image\" content=\"https:\/\/bridalfashion.com\/wp-content\/uploads\/2021\/09\/WF0007_A_MH.jpg\" \/>\n\t<meta property=\"og:image:width\" content=\"1516\" \/>\n\t<meta property=\"og:image:height\" content=\"2000\" \/>\n\t<meta property=\"og:image:type\" content=\"image\/jpeg\" \/>\n<meta name=\"twitter:card\" content=\"summary_large_image\" \/>\n<script type=\"application\/ld+json\" class=\"yoast-schema-graph\">{\"@context\":\"https:\\\/\\\/schema.org\",\"@graph\":[{\"@type\":\"WebPage\",\"@id\":\"https:\\\/\\\/bridalfashion.com\\\/ro\\\/white-flowers-2020-ro\\\/fermectoare-rochie-de-bal-pentru-copii-wf0007\\\/\",\"url\":\"https:\\\/\\\/bridalfashion.com\\\/ro\\\/white-flowers-2020-ro\\\/fermectoare-rochie-de-bal-pentru-copii-wf0007\\\/\",\"name\":\"Rochie de bal la mod\u0103 FEODOSIA - WF0007 - BRIDAL FASHION \u2122 | Luxurious Wedding Dresses &amp; Fashionable Gowns for Women, Girls and Kids\",\"isPartOf\":{\"@id\":\"https:\\\/\\\/bridalfashion.com\\\/ro\\\/#website\"},\"primaryImageOfPage\":{\"@id\":\"https:\\\/\\\/bridalfashion.com\\\/ro\\\/white-flowers-2020-ro\\\/fermectoare-rochie-de-bal-pentru-copii-wf0007\\\/#primaryimage\"},\"image\":{\"@id\":\"https:\\\/\\\/bridalfashion.com\\\/ro\\\/white-flowers-2020-ro\\\/fermectoare-rochie-de-bal-pentru-copii-wf0007\\\/#primaryimage\"},\"thumbnailUrl\":\"https:\\\/\\\/bridalfashion.com\\\/wp-content\\\/uploads\\\/2021\\\/09\\\/WF0007_A_MH.jpg\",\"datePublished\":\"2022-09-26T10:25:13+00:00\",\"description\":\"Rochie fermec\u0103toare de bal pentru feti\u021be FEODOSIA - WF0007 \u00een alb, ivory \u0219i ivory+cappuccino. Bustul transparent pe corsetul din saten, este \u00eempodobit manual cu decor din m\u0103rgele \u0219i perle. Fusta este f\u0103r\u0103 tren\u0103\",\"breadcrumb\":{\"@id\":\"https:\\\/\\\/bridalfashion.com\\\/ro\\\/white-flowers-2020-ro\\\/fermectoare-rochie-de-bal-pentru-copii-wf0007\\\/#breadcrumb\"},\"inLanguage\":\"ro-RO\",\"potentialAction\":[{\"@type\":\"ReadAction\",\"target\":[\"https:\\\/\\\/bridalfashion.com\\\/ro\\\/white-flowers-2020-ro\\\/fermectoare-rochie-de-bal-pentru-copii-wf0007\\\/\"]}]},{\"@type\":\"ImageObject\",\"inLanguage\":\"ro-RO\",\"@id\":\"https:\\\/\\\/bridalfashion.com\\\/ro\\\/white-flowers-2020-ro\\\/fermectoare-rochie-de-bal-pentru-copii-wf0007\\\/#primaryimage\",\"url\":\"https:\\\/\\\/bridalfashion.com\\\/wp-content\\\/uploads\\\/2021\\\/09\\\/WF0007_A_MH.jpg\",\"contentUrl\":\"https:\\\/\\\/bridalfashion.com\\\/wp-content\\\/uploads\\\/2021\\\/09\\\/WF0007_A_MH.jpg\",\"width\":1516,\"height\":2000,\"caption\":\"Rochie de bal la mod\u0103 FEODOSIA - WF0007 Vedere din fa\u021b\u0103 | BRIDAL FASHION\"},{\"@type\":\"BreadcrumbList\",\"@id\":\"https:\\\/\\\/bridalfashion.com\\\/ro\\\/white-flowers-2020-ro\\\/fermectoare-rochie-de-bal-pentru-copii-wf0007\\\/#breadcrumb\",\"itemListElement\":[{\"@type\":\"ListItem\",\"position\":1,\"name\":\"Home\",\"item\":\"https:\\\/\\\/bridalfashion.com\\\/ro\\\/\"},{\"@type\":\"ListItem\",\"position\":2,\"name\":\"Shop\",\"item\":\"https:\\\/\\\/bridalfashion.com\\\/shop-2\\\/\"},{\"@type\":\"ListItem\",\"position\":3,\"name\":\"Rochie de bal la mod\u0103 FEODOSIA &#8211; WF0007\"}]},{\"@type\":\"WebSite\",\"@id\":\"https:\\\/\\\/bridalfashion.com\\\/ro\\\/#website\",\"url\":\"https:\\\/\\\/bridalfashion.com\\\/ro\\\/\",\"name\":\"BRIDAL FASHION \u2122 | Luxurious Wedding Dresses &amp; Fashionable Gowns for Women, Girls and Kids\",\"description\":\"Welcome the leading manufacturer and supplier of wedding dresses. We offer in wholesale a large selection of high quality wedding dress collections and accessories for your business at competitive prices. Shop our full range of bridal products today!\",\"publisher\":{\"@id\":\"https:\\\/\\\/bridalfashion.com\\\/ro\\\/#organization\"},\"potentialAction\":[{\"@type\":\"SearchAction\",\"target\":{\"@type\":\"EntryPoint\",\"urlTemplate\":\"https:\\\/\\\/bridalfashion.com\\\/ro\\\/?s={search_term_string}\"},\"query-input\":{\"@type\":\"PropertyValueSpecification\",\"valueRequired\":true,\"valueName\":\"search_term_string\"}}],\"inLanguage\":\"ro-RO\"},{\"@type\":\"Organization\",\"@id\":\"https:\\\/\\\/bridalfashion.com\\\/ro\\\/#organization\",\"name\":\"BRIDAL FASHION \u2122 | Luxurious Wedding Dresses &amp; Fashionable Gowns for Women, Girls and Kids\",\"url\":\"https:\\\/\\\/bridalfashion.com\\\/ro\\\/\",\"logo\":{\"@type\":\"ImageObject\",\"inLanguage\":\"ro-RO\",\"@id\":\"https:\\\/\\\/bridalfashion.com\\\/ro\\\/#\\\/schema\\\/logo\\\/image\\\/\",\"url\":\"https:\\\/\\\/bridalfashion.com\\\/wp-content\\\/uploads\\\/2022\\\/05\\\/cropped-BFG.png\",\"contentUrl\":\"https:\\\/\\\/bridalfashion.com\\\/wp-content\\\/uploads\\\/2022\\\/05\\\/cropped-BFG.png\",\"width\":1771,\"height\":119,\"caption\":\"BRIDAL FASHION \u2122 | Luxurious Wedding Dresses &amp; Fashionable Gowns for Women, Girls and Kids\"},\"image\":{\"@id\":\"https:\\\/\\\/bridalfashion.com\\\/ro\\\/#\\\/schema\\\/logo\\\/image\\\/\"}}]}<\/script>\n<!-- \/ Yoast SEO plugin. -->","yoast_head_json":{"title":"Rochie de bal la mod\u0103 FEODOSIA - WF0007 - BRIDAL FASHION \u2122 | Luxurious Wedding Dresses &amp; Fashionable Gowns for Women, Girls and Kids","description":"Rochie fermec\u0103toare de bal pentru feti\u021be FEODOSIA - WF0007 \u00een alb, ivory \u0219i ivory+cappuccino. Bustul transparent pe corsetul din saten, este \u00eempodobit manual cu decor din m\u0103rgele \u0219i perle. Fusta este f\u0103r\u0103 tren\u0103","robots":{"index":"index","follow":"follow","max-snippet":"max-snippet:-1","max-image-preview":"max-image-preview:large","max-video-preview":"max-video-preview:-1"},"canonical":"https:\/\/bridalfashion.com\/ro\/white-flowers-2020-ro\/fermectoare-rochie-de-bal-pentru-copii-wf0007\/","og_locale":"ro_RO","og_type":"article","og_title":"Rochie de bal la mod\u0103 FEODOSIA - WF0007 - BRIDAL FASHION \u2122 | Luxurious Wedding Dresses &amp; Fashionable Gowns for Women, Girls and Kids","og_description":"Rochie fermec\u0103toare de bal pentru feti\u021be FEODOSIA - WF0007 \u00een alb, ivory \u0219i ivory+cappuccino. Bustul transparent pe corsetul din saten, este \u00eempodobit manual cu decor din m\u0103rgele \u0219i perle. Fusta este f\u0103r\u0103 tren\u0103","og_url":"https:\/\/bridalfashion.com\/ro\/white-flowers-2020-ro\/fermectoare-rochie-de-bal-pentru-copii-wf0007\/","og_site_name":"BRIDAL FASHION \u2122 | Luxurious Wedding Dresses &amp; Fashionable Gowns for Women, Girls and Kids","og_image":[{"width":1516,"height":2000,"url":"https:\/\/bridalfashion.com\/wp-content\/uploads\/2021\/09\/WF0007_A_MH.jpg","type":"image\/jpeg"}],"twitter_card":"summary_large_image","schema":{"@context":"https:\/\/schema.org","@graph":[{"@type":"WebPage","@id":"https:\/\/bridalfashion.com\/ro\/white-flowers-2020-ro\/fermectoare-rochie-de-bal-pentru-copii-wf0007\/","url":"https:\/\/bridalfashion.com\/ro\/white-flowers-2020-ro\/fermectoare-rochie-de-bal-pentru-copii-wf0007\/","name":"Rochie de bal la mod\u0103 FEODOSIA - WF0007 - BRIDAL FASHION \u2122 | Luxurious Wedding Dresses &amp; Fashionable Gowns for Women, Girls and Kids","isPartOf":{"@id":"https:\/\/bridalfashion.com\/ro\/#website"},"primaryImageOfPage":{"@id":"https:\/\/bridalfashion.com\/ro\/white-flowers-2020-ro\/fermectoare-rochie-de-bal-pentru-copii-wf0007\/#primaryimage"},"image":{"@id":"https:\/\/bridalfashion.com\/ro\/white-flowers-2020-ro\/fermectoare-rochie-de-bal-pentru-copii-wf0007\/#primaryimage"},"thumbnailUrl":"https:\/\/bridalfashion.com\/wp-content\/uploads\/2021\/09\/WF0007_A_MH.jpg","datePublished":"2022-09-26T10:25:13+00:00","description":"Rochie fermec\u0103toare de bal pentru feti\u021be FEODOSIA - WF0007 \u00een alb, ivory \u0219i ivory+cappuccino. Bustul transparent pe corsetul din saten, este \u00eempodobit manual cu decor din m\u0103rgele \u0219i perle. Fusta este f\u0103r\u0103 tren\u0103","breadcrumb":{"@id":"https:\/\/bridalfashion.com\/ro\/white-flowers-2020-ro\/fermectoare-rochie-de-bal-pentru-copii-wf0007\/#breadcrumb"},"inLanguage":"ro-RO","potentialAction":[{"@type":"ReadAction","target":["https:\/\/bridalfashion.com\/ro\/white-flowers-2020-ro\/fermectoare-rochie-de-bal-pentru-copii-wf0007\/"]}]},{"@type":"ImageObject","inLanguage":"ro-RO","@id":"https:\/\/bridalfashion.com\/ro\/white-flowers-2020-ro\/fermectoare-rochie-de-bal-pentru-copii-wf0007\/#primaryimage","url":"https:\/\/bridalfashion.com\/wp-content\/uploads\/2021\/09\/WF0007_A_MH.jpg","contentUrl":"https:\/\/bridalfashion.com\/wp-content\/uploads\/2021\/09\/WF0007_A_MH.jpg","width":1516,"height":2000,"caption":"Rochie de bal la mod\u0103 FEODOSIA - WF0007 Vedere din fa\u021b\u0103 | BRIDAL FASHION"},{"@type":"BreadcrumbList","@id":"https:\/\/bridalfashion.com\/ro\/white-flowers-2020-ro\/fermectoare-rochie-de-bal-pentru-copii-wf0007\/#breadcrumb","itemListElement":[{"@type":"ListItem","position":1,"name":"Home","item":"https:\/\/bridalfashion.com\/ro\/"},{"@type":"ListItem","position":2,"name":"Shop","item":"https:\/\/bridalfashion.com\/shop-2\/"},{"@type":"ListItem","position":3,"name":"Rochie de bal la mod\u0103 FEODOSIA &#8211; WF0007"}]},{"@type":"WebSite","@id":"https:\/\/bridalfashion.com\/ro\/#website","url":"https:\/\/bridalfashion.com\/ro\/","name":"BRIDAL FASHION \u2122 | Luxurious Wedding Dresses &amp; Fashionable Gowns for Women, Girls and Kids","description":"Welcome the leading manufacturer and supplier of wedding dresses. We offer in wholesale a large selection of high quality wedding dress collections and accessories for your business at competitive prices. Shop our full range of bridal products today!","publisher":{"@id":"https:\/\/bridalfashion.com\/ro\/#organization"},"potentialAction":[{"@type":"SearchAction","target":{"@type":"EntryPoint","urlTemplate":"https:\/\/bridalfashion.com\/ro\/?s={search_term_string}"},"query-input":{"@type":"PropertyValueSpecification","valueRequired":true,"valueName":"search_term_string"}}],"inLanguage":"ro-RO"},{"@type":"Organization","@id":"https:\/\/bridalfashion.com\/ro\/#organization","name":"BRIDAL FASHION \u2122 | Luxurious Wedding Dresses &amp; Fashionable Gowns for Women, Girls and Kids","url":"https:\/\/bridalfashion.com\/ro\/","logo":{"@type":"ImageObject","inLanguage":"ro-RO","@id":"https:\/\/bridalfashion.com\/ro\/#\/schema\/logo\/image\/","url":"https:\/\/bridalfashion.com\/wp-content\/uploads\/2022\/05\/cropped-BFG.png","contentUrl":"https:\/\/bridalfashion.com\/wp-content\/uploads\/2022\/05\/cropped-BFG.png","width":1771,"height":119,"caption":"BRIDAL FASHION \u2122 | Luxurious Wedding Dresses &amp; Fashionable Gowns for Women, Girls and Kids"},"image":{"@id":"https:\/\/bridalfashion.com\/ro\/#\/schema\/logo\/image\/"}}]}},"_links":{"self":[{"href":"https:\/\/bridalfashion.com\/ro\/wp-json\/wp\/v2\/product\/11819","targetHints":{"allow":["GET"]}}],"collection":[{"href":"https:\/\/bridalfashion.com\/ro\/wp-json\/wp\/v2\/product"}],"about":[{"href":"https:\/\/bridalfashion.com\/ro\/wp-json\/wp\/v2\/types\/product"}],"replies":[{"embeddable":true,"href":"https:\/\/bridalfashion.com\/ro\/wp-json\/wp\/v2\/comments?post=11819"}],"wp:featuredmedia":[{"embeddable":true,"href":"https:\/\/bridalfashion.com\/ro\/wp-json\/wp\/v2\/media\/4308"}],"wp:attachment":[{"href":"https:\/\/bridalfashion.com\/ro\/wp-json\/wp\/v2\/media?parent=11819"}],"wp:term":[{"taxonomy":"product_brand","embeddable":true,"href":"https:\/\/bridalfashion.com\/ro\/wp-json\/wp\/v2\/product_brand?post=11819"},{"taxonomy":"product_cat","embeddable":true,"href":"https:\/\/bridalfashion.com\/ro\/wp-json\/wp\/v2\/product_cat?post=11819"},{"taxonomy":"product_tag","embeddable":true,"href":"https:\/\/bridalfashion.com\/ro\/wp-json\/wp\/v2\/product_tag?post=11819"}],"curies":[{"name":"wp","href":"https:\/\/api.w.org\/{rel}","templated":true}]}}