{"id":11816,"date":"2021-09-24T13:20:34","date_gmt":"2022-09-26T09:21:25","guid":{"rendered":"https:\/\/bridalfashion.com\/fara-categorie\/rochie-pufoasa-wanda-wf0006\/"},"modified":"2022-09-26T11:21:42","modified_gmt":"2022-09-26T09:21:42","slug":"rochie-pufoasa-pentru-copii-cu-o-decor-perla-wf0006","status":"publish","type":"product","link":"https:\/\/bridalfashion.com\/ro\/white-flowers-2020-ro\/rochie-pufoasa-pentru-copii-cu-o-decor-perla-wf0006\/","title":{"rendered":"Rochie pufoas\u0103 WANDA &#8211; WF0006"},"content":{"rendered":"<h2>Descrierea modelului <span style=\"font-size: 18px\">WANDA &#8211; <\/span><span style=\"font-size: 1.15em\">WF0006 o rochie pufoas\u0103 cu un decor de perle \u0219i o fust\u0103 aerisit\u0103 cu tren\u0103<\/span><\/h2>\n<p>Rochie pentru copii stilizat\u0103 pentru festivit\u0103\u021bi solemne, fiind prezentat\u0103 \u00een trei culori la alegere: alb, ivory \u0219i ivory cu cappuccino. Partea de sus, lucrat\u0103 din saten dublat, acoperit\u0103 cu tul italian transparent. La spate &#8211; un decolteu ad\u00e2nc \u00een V, pe br\u00e2u av\u00e2nd o fundi\u021b\u0103 mare din saten, \u00eencheietoarea fiind pe fermoar. Aceast\u0103 rochie ampl\u0103 este completat\u0103 cu un decor din perle, cu o tren\u0103 faimoas\u0103 \u0219i cu perle, aranjate haotic pe fusta din tul lejer.<\/p>\n","protected":false},"excerpt":{"rendered":"<p>Descrierea modelului WANDA &#8211; WF0006 o rochie pufoas\u0103 cu un decor de perle \u0219i o fust\u0103 aerisit\u0103 cu tren\u0103 Rochie pentru copii stilizat\u0103 pentru festivit\u0103\u021bi solemne, fiind prezentat\u0103 \u00een trei culori la alegere: alb, ivory \u0219i ivory cu cappuccino. Partea de sus, lucrat\u0103 din saten dublat, acoperit\u0103 cu tul italian transparent. La spate &#8211; un&hellip;<\/p>\n","protected":false},"featured_media":4275,"comment_status":"open","ping_status":"closed","template":"","meta":[],"product_brand":[],"product_cat":[939],"product_tag":[],"class_list":{"0":"post-11816","1":"product","2":"type-product","3":"status-publish","4":"has-post-thumbnail","6":"product_cat-white-flowers-2020-ro","8":"first","9":"instock","10":"taxable","11":"shipping-taxable","12":"product-type-simple"},"yoast_head":"<!-- This site is optimized with the Yoast SEO plugin v27.5 - https:\/\/yoast.com\/product\/yoast-seo-wordpress\/ -->\n<title>Rochie pufoas\u0103 WANDA - WF0006 - BRIDAL FASHION \u2122 | Luxurious Wedding Dresses &amp; Fashionable Gowns for Women, Girls and Kids<\/title>\n<meta name=\"description\" content=\"Rochie pentru copii ampl\u0103 cu decor din perle WANDA - WF0006, disponibil\u0103 \u00een alb, ivory \u0219i ivory cu cappuccino. Corsetul din saten, acoperit cu tul transparent \u0219i \u00eempodobit cu perle. Fusta volant\u0103 este ajustat\u0103 cu o tren\u0103\" \/>\n<meta name=\"robots\" content=\"index, follow, max-snippet:-1, max-image-preview:large, max-video-preview:-1\" \/>\n<link rel=\"canonical\" href=\"https:\/\/bridalfashion.com\/ro\/white-flowers-2020-ro\/rochie-pufoasa-pentru-copii-cu-o-decor-perla-wf0006\/\" \/>\n<meta property=\"og:locale\" content=\"ro_RO\" \/>\n<meta property=\"og:type\" content=\"article\" \/>\n<meta property=\"og:title\" content=\"Rochie pufoas\u0103 WANDA - WF0006 - BRIDAL FASHION \u2122 | Luxurious Wedding Dresses &amp; Fashionable Gowns for Women, Girls and Kids\" \/>\n<meta property=\"og:description\" content=\"Rochie pentru copii ampl\u0103 cu decor din perle WANDA - WF0006, disponibil\u0103 \u00een alb, ivory \u0219i ivory cu cappuccino. Corsetul din saten, acoperit cu tul transparent \u0219i \u00eempodobit cu perle. Fusta volant\u0103 este ajustat\u0103 cu o tren\u0103\" \/>\n<meta property=\"og:url\" content=\"https:\/\/bridalfashion.com\/ro\/white-flowers-2020-ro\/rochie-pufoasa-pentru-copii-cu-o-decor-perla-wf0006\/\" \/>\n<meta property=\"og:site_name\" content=\"BRIDAL FASHION \u2122 | Luxurious Wedding Dresses &amp; Fashionable Gowns for Women, Girls and Kids\" \/>\n<meta property=\"article:modified_time\" content=\"2022-09-26T09:21:42+00:00\" \/>\n<meta property=\"og:image\" content=\"https:\/\/bridalfashion.com\/wp-content\/uploads\/2021\/09\/WF0006_H1_MH.jpg\" \/>\n\t<meta property=\"og:image:width\" content=\"1516\" \/>\n\t<meta property=\"og:image:height\" content=\"2000\" \/>\n\t<meta property=\"og:image:type\" content=\"image\/jpeg\" \/>\n<meta name=\"twitter:card\" content=\"summary_large_image\" \/>\n<script type=\"application\/ld+json\" class=\"yoast-schema-graph\">{\"@context\":\"https:\\\/\\\/schema.org\",\"@graph\":[{\"@type\":\"WebPage\",\"@id\":\"https:\\\/\\\/bridalfashion.com\\\/ro\\\/white-flowers-2020-ro\\\/rochie-pufoasa-pentru-copii-cu-o-decor-perla-wf0006\\\/\",\"url\":\"https:\\\/\\\/bridalfashion.com\\\/ro\\\/white-flowers-2020-ro\\\/rochie-pufoasa-pentru-copii-cu-o-decor-perla-wf0006\\\/\",\"name\":\"Rochie pufoas\u0103 WANDA - WF0006 - BRIDAL FASHION \u2122 | Luxurious Wedding Dresses &amp; Fashionable Gowns for Women, Girls and Kids\",\"isPartOf\":{\"@id\":\"https:\\\/\\\/bridalfashion.com\\\/ro\\\/#website\"},\"primaryImageOfPage\":{\"@id\":\"https:\\\/\\\/bridalfashion.com\\\/ro\\\/white-flowers-2020-ro\\\/rochie-pufoasa-pentru-copii-cu-o-decor-perla-wf0006\\\/#primaryimage\"},\"image\":{\"@id\":\"https:\\\/\\\/bridalfashion.com\\\/ro\\\/white-flowers-2020-ro\\\/rochie-pufoasa-pentru-copii-cu-o-decor-perla-wf0006\\\/#primaryimage\"},\"thumbnailUrl\":\"https:\\\/\\\/bridalfashion.com\\\/wp-content\\\/uploads\\\/2021\\\/09\\\/WF0006_H1_MH.jpg\",\"datePublished\":\"2022-09-26T09:21:25+00:00\",\"dateModified\":\"2022-09-26T09:21:42+00:00\",\"description\":\"Rochie pentru copii ampl\u0103 cu decor din perle WANDA - WF0006, disponibil\u0103 \u00een alb, ivory \u0219i ivory cu cappuccino. Corsetul din saten, acoperit cu tul transparent \u0219i \u00eempodobit cu perle. Fusta volant\u0103 este ajustat\u0103 cu o tren\u0103\",\"breadcrumb\":{\"@id\":\"https:\\\/\\\/bridalfashion.com\\\/ro\\\/white-flowers-2020-ro\\\/rochie-pufoasa-pentru-copii-cu-o-decor-perla-wf0006\\\/#breadcrumb\"},\"inLanguage\":\"ro-RO\",\"potentialAction\":[{\"@type\":\"ReadAction\",\"target\":[\"https:\\\/\\\/bridalfashion.com\\\/ro\\\/white-flowers-2020-ro\\\/rochie-pufoasa-pentru-copii-cu-o-decor-perla-wf0006\\\/\"]}]},{\"@type\":\"ImageObject\",\"inLanguage\":\"ro-RO\",\"@id\":\"https:\\\/\\\/bridalfashion.com\\\/ro\\\/white-flowers-2020-ro\\\/rochie-pufoasa-pentru-copii-cu-o-decor-perla-wf0006\\\/#primaryimage\",\"url\":\"https:\\\/\\\/bridalfashion.com\\\/wp-content\\\/uploads\\\/2021\\\/09\\\/WF0006_H1_MH.jpg\",\"contentUrl\":\"https:\\\/\\\/bridalfashion.com\\\/wp-content\\\/uploads\\\/2021\\\/09\\\/WF0006_H1_MH.jpg\",\"width\":1516,\"height\":2000,\"caption\":\"Rochie pufoas\u0103 WANDA - WF0006 Vedere lateral\u0103 | BRIDAL FASHION\"},{\"@type\":\"BreadcrumbList\",\"@id\":\"https:\\\/\\\/bridalfashion.com\\\/ro\\\/white-flowers-2020-ro\\\/rochie-pufoasa-pentru-copii-cu-o-decor-perla-wf0006\\\/#breadcrumb\",\"itemListElement\":[{\"@type\":\"ListItem\",\"position\":1,\"name\":\"Home\",\"item\":\"https:\\\/\\\/bridalfashion.com\\\/ro\\\/\"},{\"@type\":\"ListItem\",\"position\":2,\"name\":\"Shop\",\"item\":\"https:\\\/\\\/bridalfashion.com\\\/shop-2\\\/\"},{\"@type\":\"ListItem\",\"position\":3,\"name\":\"Rochie pufoas\u0103 WANDA &#8211; WF0006\"}]},{\"@type\":\"WebSite\",\"@id\":\"https:\\\/\\\/bridalfashion.com\\\/ro\\\/#website\",\"url\":\"https:\\\/\\\/bridalfashion.com\\\/ro\\\/\",\"name\":\"BRIDAL FASHION \u2122 | Luxurious Wedding Dresses &amp; Fashionable Gowns for Women, Girls and Kids\",\"description\":\"Welcome the leading manufacturer and supplier of wedding dresses. We offer in wholesale a large selection of high quality wedding dress collections and accessories for your business at competitive prices. Shop our full range of bridal products today!\",\"publisher\":{\"@id\":\"https:\\\/\\\/bridalfashion.com\\\/ro\\\/#organization\"},\"potentialAction\":[{\"@type\":\"SearchAction\",\"target\":{\"@type\":\"EntryPoint\",\"urlTemplate\":\"https:\\\/\\\/bridalfashion.com\\\/ro\\\/?s={search_term_string}\"},\"query-input\":{\"@type\":\"PropertyValueSpecification\",\"valueRequired\":true,\"valueName\":\"search_term_string\"}}],\"inLanguage\":\"ro-RO\"},{\"@type\":\"Organization\",\"@id\":\"https:\\\/\\\/bridalfashion.com\\\/ro\\\/#organization\",\"name\":\"BRIDAL FASHION \u2122 | Luxurious Wedding Dresses &amp; Fashionable Gowns for Women, Girls and Kids\",\"url\":\"https:\\\/\\\/bridalfashion.com\\\/ro\\\/\",\"logo\":{\"@type\":\"ImageObject\",\"inLanguage\":\"ro-RO\",\"@id\":\"https:\\\/\\\/bridalfashion.com\\\/ro\\\/#\\\/schema\\\/logo\\\/image\\\/\",\"url\":\"https:\\\/\\\/bridalfashion.com\\\/wp-content\\\/uploads\\\/2022\\\/05\\\/cropped-BFG.png\",\"contentUrl\":\"https:\\\/\\\/bridalfashion.com\\\/wp-content\\\/uploads\\\/2022\\\/05\\\/cropped-BFG.png\",\"width\":1771,\"height\":119,\"caption\":\"BRIDAL FASHION \u2122 | Luxurious Wedding Dresses &amp; Fashionable Gowns for Women, Girls and Kids\"},\"image\":{\"@id\":\"https:\\\/\\\/bridalfashion.com\\\/ro\\\/#\\\/schema\\\/logo\\\/image\\\/\"}}]}<\/script>\n<!-- \/ Yoast SEO plugin. -->","yoast_head_json":{"title":"Rochie pufoas\u0103 WANDA - WF0006 - BRIDAL FASHION \u2122 | Luxurious Wedding Dresses &amp; Fashionable Gowns for Women, Girls and Kids","description":"Rochie pentru copii ampl\u0103 cu decor din perle WANDA - WF0006, disponibil\u0103 \u00een alb, ivory \u0219i ivory cu cappuccino. Corsetul din saten, acoperit cu tul transparent \u0219i \u00eempodobit cu perle. Fusta volant\u0103 este ajustat\u0103 cu o tren\u0103","robots":{"index":"index","follow":"follow","max-snippet":"max-snippet:-1","max-image-preview":"max-image-preview:large","max-video-preview":"max-video-preview:-1"},"canonical":"https:\/\/bridalfashion.com\/ro\/white-flowers-2020-ro\/rochie-pufoasa-pentru-copii-cu-o-decor-perla-wf0006\/","og_locale":"ro_RO","og_type":"article","og_title":"Rochie pufoas\u0103 WANDA - WF0006 - BRIDAL FASHION \u2122 | Luxurious Wedding Dresses &amp; Fashionable Gowns for Women, Girls and Kids","og_description":"Rochie pentru copii ampl\u0103 cu decor din perle WANDA - WF0006, disponibil\u0103 \u00een alb, ivory \u0219i ivory cu cappuccino. Corsetul din saten, acoperit cu tul transparent \u0219i \u00eempodobit cu perle. Fusta volant\u0103 este ajustat\u0103 cu o tren\u0103","og_url":"https:\/\/bridalfashion.com\/ro\/white-flowers-2020-ro\/rochie-pufoasa-pentru-copii-cu-o-decor-perla-wf0006\/","og_site_name":"BRIDAL FASHION \u2122 | Luxurious Wedding Dresses &amp; Fashionable Gowns for Women, Girls and Kids","article_modified_time":"2022-09-26T09:21:42+00:00","og_image":[{"width":1516,"height":2000,"url":"https:\/\/bridalfashion.com\/wp-content\/uploads\/2021\/09\/WF0006_H1_MH.jpg","type":"image\/jpeg"}],"twitter_card":"summary_large_image","schema":{"@context":"https:\/\/schema.org","@graph":[{"@type":"WebPage","@id":"https:\/\/bridalfashion.com\/ro\/white-flowers-2020-ro\/rochie-pufoasa-pentru-copii-cu-o-decor-perla-wf0006\/","url":"https:\/\/bridalfashion.com\/ro\/white-flowers-2020-ro\/rochie-pufoasa-pentru-copii-cu-o-decor-perla-wf0006\/","name":"Rochie pufoas\u0103 WANDA - WF0006 - BRIDAL FASHION \u2122 | Luxurious Wedding Dresses &amp; Fashionable Gowns for Women, Girls and Kids","isPartOf":{"@id":"https:\/\/bridalfashion.com\/ro\/#website"},"primaryImageOfPage":{"@id":"https:\/\/bridalfashion.com\/ro\/white-flowers-2020-ro\/rochie-pufoasa-pentru-copii-cu-o-decor-perla-wf0006\/#primaryimage"},"image":{"@id":"https:\/\/bridalfashion.com\/ro\/white-flowers-2020-ro\/rochie-pufoasa-pentru-copii-cu-o-decor-perla-wf0006\/#primaryimage"},"thumbnailUrl":"https:\/\/bridalfashion.com\/wp-content\/uploads\/2021\/09\/WF0006_H1_MH.jpg","datePublished":"2022-09-26T09:21:25+00:00","dateModified":"2022-09-26T09:21:42+00:00","description":"Rochie pentru copii ampl\u0103 cu decor din perle WANDA - WF0006, disponibil\u0103 \u00een alb, ivory \u0219i ivory cu cappuccino. Corsetul din saten, acoperit cu tul transparent \u0219i \u00eempodobit cu perle. Fusta volant\u0103 este ajustat\u0103 cu o tren\u0103","breadcrumb":{"@id":"https:\/\/bridalfashion.com\/ro\/white-flowers-2020-ro\/rochie-pufoasa-pentru-copii-cu-o-decor-perla-wf0006\/#breadcrumb"},"inLanguage":"ro-RO","potentialAction":[{"@type":"ReadAction","target":["https:\/\/bridalfashion.com\/ro\/white-flowers-2020-ro\/rochie-pufoasa-pentru-copii-cu-o-decor-perla-wf0006\/"]}]},{"@type":"ImageObject","inLanguage":"ro-RO","@id":"https:\/\/bridalfashion.com\/ro\/white-flowers-2020-ro\/rochie-pufoasa-pentru-copii-cu-o-decor-perla-wf0006\/#primaryimage","url":"https:\/\/bridalfashion.com\/wp-content\/uploads\/2021\/09\/WF0006_H1_MH.jpg","contentUrl":"https:\/\/bridalfashion.com\/wp-content\/uploads\/2021\/09\/WF0006_H1_MH.jpg","width":1516,"height":2000,"caption":"Rochie pufoas\u0103 WANDA - WF0006 Vedere lateral\u0103 | BRIDAL FASHION"},{"@type":"BreadcrumbList","@id":"https:\/\/bridalfashion.com\/ro\/white-flowers-2020-ro\/rochie-pufoasa-pentru-copii-cu-o-decor-perla-wf0006\/#breadcrumb","itemListElement":[{"@type":"ListItem","position":1,"name":"Home","item":"https:\/\/bridalfashion.com\/ro\/"},{"@type":"ListItem","position":2,"name":"Shop","item":"https:\/\/bridalfashion.com\/shop-2\/"},{"@type":"ListItem","position":3,"name":"Rochie pufoas\u0103 WANDA &#8211; WF0006"}]},{"@type":"WebSite","@id":"https:\/\/bridalfashion.com\/ro\/#website","url":"https:\/\/bridalfashion.com\/ro\/","name":"BRIDAL FASHION \u2122 | Luxurious Wedding Dresses &amp; Fashionable Gowns for Women, Girls and Kids","description":"Welcome the leading manufacturer and supplier of wedding dresses. We offer in wholesale a large selection of high quality wedding dress collections and accessories for your business at competitive prices. Shop our full range of bridal products today!","publisher":{"@id":"https:\/\/bridalfashion.com\/ro\/#organization"},"potentialAction":[{"@type":"SearchAction","target":{"@type":"EntryPoint","urlTemplate":"https:\/\/bridalfashion.com\/ro\/?s={search_term_string}"},"query-input":{"@type":"PropertyValueSpecification","valueRequired":true,"valueName":"search_term_string"}}],"inLanguage":"ro-RO"},{"@type":"Organization","@id":"https:\/\/bridalfashion.com\/ro\/#organization","name":"BRIDAL FASHION \u2122 | Luxurious Wedding Dresses &amp; Fashionable Gowns for Women, Girls and Kids","url":"https:\/\/bridalfashion.com\/ro\/","logo":{"@type":"ImageObject","inLanguage":"ro-RO","@id":"https:\/\/bridalfashion.com\/ro\/#\/schema\/logo\/image\/","url":"https:\/\/bridalfashion.com\/wp-content\/uploads\/2022\/05\/cropped-BFG.png","contentUrl":"https:\/\/bridalfashion.com\/wp-content\/uploads\/2022\/05\/cropped-BFG.png","width":1771,"height":119,"caption":"BRIDAL FASHION \u2122 | Luxurious Wedding Dresses &amp; Fashionable Gowns for Women, Girls and Kids"},"image":{"@id":"https:\/\/bridalfashion.com\/ro\/#\/schema\/logo\/image\/"}}]}},"_links":{"self":[{"href":"https:\/\/bridalfashion.com\/ro\/wp-json\/wp\/v2\/product\/11816","targetHints":{"allow":["GET"]}}],"collection":[{"href":"https:\/\/bridalfashion.com\/ro\/wp-json\/wp\/v2\/product"}],"about":[{"href":"https:\/\/bridalfashion.com\/ro\/wp-json\/wp\/v2\/types\/product"}],"replies":[{"embeddable":true,"href":"https:\/\/bridalfashion.com\/ro\/wp-json\/wp\/v2\/comments?post=11816"}],"wp:featuredmedia":[{"embeddable":true,"href":"https:\/\/bridalfashion.com\/ro\/wp-json\/wp\/v2\/media\/4275"}],"wp:attachment":[{"href":"https:\/\/bridalfashion.com\/ro\/wp-json\/wp\/v2\/media?parent=11816"}],"wp:term":[{"taxonomy":"product_brand","embeddable":true,"href":"https:\/\/bridalfashion.com\/ro\/wp-json\/wp\/v2\/product_brand?post=11816"},{"taxonomy":"product_cat","embeddable":true,"href":"https:\/\/bridalfashion.com\/ro\/wp-json\/wp\/v2\/product_cat?post=11816"},{"taxonomy":"product_tag","embeddable":true,"href":"https:\/\/bridalfashion.com\/ro\/wp-json\/wp\/v2\/product_tag?post=11816"}],"curies":[{"name":"wp","href":"https:\/\/api.w.org\/{rel}","templated":true}]}}