{"id":11810,"date":"2021-09-24T13:07:32","date_gmt":"2022-09-26T08:49:37","guid":{"rendered":"https:\/\/bridalfashion.com\/fara-categorie\/rochie-scurta-eleganta-windy-wf0004\/"},"modified":"2022-09-26T10:49:37","modified_gmt":"2022-09-26T08:49:37","slug":"tinut-elegant-pentru-o-fata-cu-un-corset-transparent-wf0004","status":"publish","type":"product","link":"https:\/\/bridalfashion.com\/ro\/white-flowers-2020-ro\/tinut-elegant-pentru-o-fata-cu-un-corset-transparent-wf0004\/","title":{"rendered":"Rochie scurta eleganta WINDY &#8211; WF0004"},"content":{"rendered":"<h2>Descrierea modelului WINDY &#8211; WF0004 rochie elegant\u0103 scurt\u0103 cu cristale \u0219i pietre pre\u021bioase pe bust<\/h2>\n<p>Rochie elegant\u0103 pentru feti\u021be cu bust transparent din tul de culoarea pielii, \u00eempodobit manual cu cristale \u0219i pietre str\u0103lucitoare. Cu guler ridicat, f\u0103r\u0103 m\u00e2neci, la spate \u2014 o \u00eencheietoare vertical\u0103 din nasturi de cristal. Fusta ampl\u0103 din numeroase r\u00e2nduri de tul, are lungimea p\u00e2n\u0103 la genunchi. Aceast\u0103 rochie elegant\u0103 cu cristale este disponibil\u0103 \u00een trei culori la alegere: alb, ivory \u0219i ivory+cappuccino. O alegere perfect\u0103 pentru o petrecere a minorilor.<\/p>\n","protected":false},"excerpt":{"rendered":"<p>Descrierea modelului WINDY &#8211; WF0004 rochie elegant\u0103 scurt\u0103 cu cristale \u0219i pietre pre\u021bioase pe bust Rochie elegant\u0103 pentru feti\u021be cu bust transparent din tul de culoarea pielii, \u00eempodobit manual cu cristale \u0219i pietre str\u0103lucitoare. Cu guler ridicat, f\u0103r\u0103 m\u00e2neci, la spate \u2014 o \u00eencheietoare vertical\u0103 din nasturi de cristal. Fusta ampl\u0103 din numeroase r\u00e2nduri de&hellip;<\/p>\n","protected":false},"featured_media":4239,"comment_status":"open","ping_status":"closed","template":"","meta":[],"product_brand":[],"product_cat":[939],"product_tag":[],"class_list":{"0":"post-11810","1":"product","2":"type-product","3":"status-publish","4":"has-post-thumbnail","6":"product_cat-white-flowers-2020-ro","8":"first","9":"instock","10":"taxable","11":"shipping-taxable","12":"product-type-simple"},"yoast_head":"<!-- This site is optimized with the Yoast SEO plugin v27.5 - https:\/\/yoast.com\/product\/yoast-seo-wordpress\/ -->\n<title>Rochie scurta eleganta WINDY - WF0004 - BRIDAL FASHION \u2122 | Luxurious Wedding Dresses &amp; Fashionable Gowns for Women, Girls and Kids<\/title>\n<meta name=\"description\" content=\"Rochia elegant\u0103 rafinat\u0103 cu cristale \u0219i pietre pre\u021bioase WINDY - WF0004 cu o fust\u0103 ampl\u0103 \u0219i scurt\u0103 din tul. Bustul transparent cu guler ridicat \u0219i cu o \u00eencheieoare vertical\u0103, fiind \u00eempodobit manual\" \/>\n<meta name=\"robots\" content=\"index, follow, max-snippet:-1, max-image-preview:large, max-video-preview:-1\" \/>\n<link rel=\"canonical\" href=\"https:\/\/bridalfashion.com\/ro\/white-flowers-2020-ro\/tinut-elegant-pentru-o-fata-cu-un-corset-transparent-wf0004\/\" \/>\n<meta property=\"og:locale\" content=\"ro_RO\" \/>\n<meta property=\"og:type\" content=\"article\" \/>\n<meta property=\"og:title\" content=\"Rochie scurta eleganta WINDY - WF0004 - BRIDAL FASHION \u2122 | Luxurious Wedding Dresses &amp; Fashionable Gowns for Women, Girls and Kids\" \/>\n<meta property=\"og:description\" content=\"Rochia elegant\u0103 rafinat\u0103 cu cristale \u0219i pietre pre\u021bioase WINDY - WF0004 cu o fust\u0103 ampl\u0103 \u0219i scurt\u0103 din tul. Bustul transparent cu guler ridicat \u0219i cu o \u00eencheieoare vertical\u0103, fiind \u00eempodobit manual\" \/>\n<meta property=\"og:url\" content=\"https:\/\/bridalfashion.com\/ro\/white-flowers-2020-ro\/tinut-elegant-pentru-o-fata-cu-un-corset-transparent-wf0004\/\" \/>\n<meta property=\"og:site_name\" content=\"BRIDAL FASHION \u2122 | Luxurious Wedding Dresses &amp; Fashionable Gowns for Women, Girls and Kids\" \/>\n<meta property=\"og:image\" content=\"https:\/\/bridalfashion.com\/wp-content\/uploads\/2021\/09\/WF0004_A.jpg\" \/>\n\t<meta property=\"og:image:width\" content=\"1516\" \/>\n\t<meta property=\"og:image:height\" content=\"2000\" \/>\n\t<meta property=\"og:image:type\" content=\"image\/jpeg\" \/>\n<meta name=\"twitter:card\" content=\"summary_large_image\" \/>\n<script type=\"application\/ld+json\" class=\"yoast-schema-graph\">{\"@context\":\"https:\\\/\\\/schema.org\",\"@graph\":[{\"@type\":\"WebPage\",\"@id\":\"https:\\\/\\\/bridalfashion.com\\\/ro\\\/white-flowers-2020-ro\\\/tinut-elegant-pentru-o-fata-cu-un-corset-transparent-wf0004\\\/\",\"url\":\"https:\\\/\\\/bridalfashion.com\\\/ro\\\/white-flowers-2020-ro\\\/tinut-elegant-pentru-o-fata-cu-un-corset-transparent-wf0004\\\/\",\"name\":\"Rochie scurta eleganta WINDY - WF0004 - BRIDAL FASHION \u2122 | Luxurious Wedding Dresses &amp; Fashionable Gowns for Women, Girls and Kids\",\"isPartOf\":{\"@id\":\"https:\\\/\\\/bridalfashion.com\\\/ro\\\/#website\"},\"primaryImageOfPage\":{\"@id\":\"https:\\\/\\\/bridalfashion.com\\\/ro\\\/white-flowers-2020-ro\\\/tinut-elegant-pentru-o-fata-cu-un-corset-transparent-wf0004\\\/#primaryimage\"},\"image\":{\"@id\":\"https:\\\/\\\/bridalfashion.com\\\/ro\\\/white-flowers-2020-ro\\\/tinut-elegant-pentru-o-fata-cu-un-corset-transparent-wf0004\\\/#primaryimage\"},\"thumbnailUrl\":\"https:\\\/\\\/bridalfashion.com\\\/wp-content\\\/uploads\\\/2021\\\/09\\\/WF0004_A.jpg\",\"datePublished\":\"2022-09-26T08:49:37+00:00\",\"description\":\"Rochia elegant\u0103 rafinat\u0103 cu cristale \u0219i pietre pre\u021bioase WINDY - WF0004 cu o fust\u0103 ampl\u0103 \u0219i scurt\u0103 din tul. Bustul transparent cu guler ridicat \u0219i cu o \u00eencheieoare vertical\u0103, fiind \u00eempodobit manual\",\"breadcrumb\":{\"@id\":\"https:\\\/\\\/bridalfashion.com\\\/ro\\\/white-flowers-2020-ro\\\/tinut-elegant-pentru-o-fata-cu-un-corset-transparent-wf0004\\\/#breadcrumb\"},\"inLanguage\":\"ro-RO\",\"potentialAction\":[{\"@type\":\"ReadAction\",\"target\":[\"https:\\\/\\\/bridalfashion.com\\\/ro\\\/white-flowers-2020-ro\\\/tinut-elegant-pentru-o-fata-cu-un-corset-transparent-wf0004\\\/\"]}]},{\"@type\":\"ImageObject\",\"inLanguage\":\"ro-RO\",\"@id\":\"https:\\\/\\\/bridalfashion.com\\\/ro\\\/white-flowers-2020-ro\\\/tinut-elegant-pentru-o-fata-cu-un-corset-transparent-wf0004\\\/#primaryimage\",\"url\":\"https:\\\/\\\/bridalfashion.com\\\/wp-content\\\/uploads\\\/2021\\\/09\\\/WF0004_A.jpg\",\"contentUrl\":\"https:\\\/\\\/bridalfashion.com\\\/wp-content\\\/uploads\\\/2021\\\/09\\\/WF0004_A.jpg\",\"width\":1516,\"height\":2000,\"caption\":\"Rochie scurta eleganta WINDY - WF0004 Vedere fata | BRIDAL FASHION\"},{\"@type\":\"BreadcrumbList\",\"@id\":\"https:\\\/\\\/bridalfashion.com\\\/ro\\\/white-flowers-2020-ro\\\/tinut-elegant-pentru-o-fata-cu-un-corset-transparent-wf0004\\\/#breadcrumb\",\"itemListElement\":[{\"@type\":\"ListItem\",\"position\":1,\"name\":\"Home\",\"item\":\"https:\\\/\\\/bridalfashion.com\\\/ro\\\/\"},{\"@type\":\"ListItem\",\"position\":2,\"name\":\"Shop\",\"item\":\"https:\\\/\\\/bridalfashion.com\\\/shop-2\\\/\"},{\"@type\":\"ListItem\",\"position\":3,\"name\":\"Rochie scurta eleganta WINDY &#8211; WF0004\"}]},{\"@type\":\"WebSite\",\"@id\":\"https:\\\/\\\/bridalfashion.com\\\/ro\\\/#website\",\"url\":\"https:\\\/\\\/bridalfashion.com\\\/ro\\\/\",\"name\":\"BRIDAL FASHION \u2122 | Luxurious Wedding Dresses &amp; Fashionable Gowns for Women, Girls and Kids\",\"description\":\"Welcome the leading manufacturer and supplier of wedding dresses. We offer in wholesale a large selection of high quality wedding dress collections and accessories for your business at competitive prices. Shop our full range of bridal products today!\",\"publisher\":{\"@id\":\"https:\\\/\\\/bridalfashion.com\\\/ro\\\/#organization\"},\"potentialAction\":[{\"@type\":\"SearchAction\",\"target\":{\"@type\":\"EntryPoint\",\"urlTemplate\":\"https:\\\/\\\/bridalfashion.com\\\/ro\\\/?s={search_term_string}\"},\"query-input\":{\"@type\":\"PropertyValueSpecification\",\"valueRequired\":true,\"valueName\":\"search_term_string\"}}],\"inLanguage\":\"ro-RO\"},{\"@type\":\"Organization\",\"@id\":\"https:\\\/\\\/bridalfashion.com\\\/ro\\\/#organization\",\"name\":\"BRIDAL FASHION \u2122 | Luxurious Wedding Dresses &amp; Fashionable Gowns for Women, Girls and Kids\",\"url\":\"https:\\\/\\\/bridalfashion.com\\\/ro\\\/\",\"logo\":{\"@type\":\"ImageObject\",\"inLanguage\":\"ro-RO\",\"@id\":\"https:\\\/\\\/bridalfashion.com\\\/ro\\\/#\\\/schema\\\/logo\\\/image\\\/\",\"url\":\"https:\\\/\\\/bridalfashion.com\\\/wp-content\\\/uploads\\\/2022\\\/05\\\/cropped-BFG.png\",\"contentUrl\":\"https:\\\/\\\/bridalfashion.com\\\/wp-content\\\/uploads\\\/2022\\\/05\\\/cropped-BFG.png\",\"width\":1771,\"height\":119,\"caption\":\"BRIDAL FASHION \u2122 | Luxurious Wedding Dresses &amp; Fashionable Gowns for Women, Girls and Kids\"},\"image\":{\"@id\":\"https:\\\/\\\/bridalfashion.com\\\/ro\\\/#\\\/schema\\\/logo\\\/image\\\/\"}}]}<\/script>\n<!-- \/ Yoast SEO plugin. -->","yoast_head_json":{"title":"Rochie scurta eleganta WINDY - WF0004 - BRIDAL FASHION \u2122 | Luxurious Wedding Dresses &amp; Fashionable Gowns for Women, Girls and Kids","description":"Rochia elegant\u0103 rafinat\u0103 cu cristale \u0219i pietre pre\u021bioase WINDY - WF0004 cu o fust\u0103 ampl\u0103 \u0219i scurt\u0103 din tul. Bustul transparent cu guler ridicat \u0219i cu o \u00eencheieoare vertical\u0103, fiind \u00eempodobit manual","robots":{"index":"index","follow":"follow","max-snippet":"max-snippet:-1","max-image-preview":"max-image-preview:large","max-video-preview":"max-video-preview:-1"},"canonical":"https:\/\/bridalfashion.com\/ro\/white-flowers-2020-ro\/tinut-elegant-pentru-o-fata-cu-un-corset-transparent-wf0004\/","og_locale":"ro_RO","og_type":"article","og_title":"Rochie scurta eleganta WINDY - WF0004 - BRIDAL FASHION \u2122 | Luxurious Wedding Dresses &amp; Fashionable Gowns for Women, Girls and Kids","og_description":"Rochia elegant\u0103 rafinat\u0103 cu cristale \u0219i pietre pre\u021bioase WINDY - WF0004 cu o fust\u0103 ampl\u0103 \u0219i scurt\u0103 din tul. Bustul transparent cu guler ridicat \u0219i cu o \u00eencheieoare vertical\u0103, fiind \u00eempodobit manual","og_url":"https:\/\/bridalfashion.com\/ro\/white-flowers-2020-ro\/tinut-elegant-pentru-o-fata-cu-un-corset-transparent-wf0004\/","og_site_name":"BRIDAL FASHION \u2122 | Luxurious Wedding Dresses &amp; Fashionable Gowns for Women, Girls and Kids","og_image":[{"width":1516,"height":2000,"url":"https:\/\/bridalfashion.com\/wp-content\/uploads\/2021\/09\/WF0004_A.jpg","type":"image\/jpeg"}],"twitter_card":"summary_large_image","schema":{"@context":"https:\/\/schema.org","@graph":[{"@type":"WebPage","@id":"https:\/\/bridalfashion.com\/ro\/white-flowers-2020-ro\/tinut-elegant-pentru-o-fata-cu-un-corset-transparent-wf0004\/","url":"https:\/\/bridalfashion.com\/ro\/white-flowers-2020-ro\/tinut-elegant-pentru-o-fata-cu-un-corset-transparent-wf0004\/","name":"Rochie scurta eleganta WINDY - WF0004 - BRIDAL FASHION \u2122 | Luxurious Wedding Dresses &amp; Fashionable Gowns for Women, Girls and Kids","isPartOf":{"@id":"https:\/\/bridalfashion.com\/ro\/#website"},"primaryImageOfPage":{"@id":"https:\/\/bridalfashion.com\/ro\/white-flowers-2020-ro\/tinut-elegant-pentru-o-fata-cu-un-corset-transparent-wf0004\/#primaryimage"},"image":{"@id":"https:\/\/bridalfashion.com\/ro\/white-flowers-2020-ro\/tinut-elegant-pentru-o-fata-cu-un-corset-transparent-wf0004\/#primaryimage"},"thumbnailUrl":"https:\/\/bridalfashion.com\/wp-content\/uploads\/2021\/09\/WF0004_A.jpg","datePublished":"2022-09-26T08:49:37+00:00","description":"Rochia elegant\u0103 rafinat\u0103 cu cristale \u0219i pietre pre\u021bioase WINDY - WF0004 cu o fust\u0103 ampl\u0103 \u0219i scurt\u0103 din tul. Bustul transparent cu guler ridicat \u0219i cu o \u00eencheieoare vertical\u0103, fiind \u00eempodobit manual","breadcrumb":{"@id":"https:\/\/bridalfashion.com\/ro\/white-flowers-2020-ro\/tinut-elegant-pentru-o-fata-cu-un-corset-transparent-wf0004\/#breadcrumb"},"inLanguage":"ro-RO","potentialAction":[{"@type":"ReadAction","target":["https:\/\/bridalfashion.com\/ro\/white-flowers-2020-ro\/tinut-elegant-pentru-o-fata-cu-un-corset-transparent-wf0004\/"]}]},{"@type":"ImageObject","inLanguage":"ro-RO","@id":"https:\/\/bridalfashion.com\/ro\/white-flowers-2020-ro\/tinut-elegant-pentru-o-fata-cu-un-corset-transparent-wf0004\/#primaryimage","url":"https:\/\/bridalfashion.com\/wp-content\/uploads\/2021\/09\/WF0004_A.jpg","contentUrl":"https:\/\/bridalfashion.com\/wp-content\/uploads\/2021\/09\/WF0004_A.jpg","width":1516,"height":2000,"caption":"Rochie scurta eleganta WINDY - WF0004 Vedere fata | BRIDAL FASHION"},{"@type":"BreadcrumbList","@id":"https:\/\/bridalfashion.com\/ro\/white-flowers-2020-ro\/tinut-elegant-pentru-o-fata-cu-un-corset-transparent-wf0004\/#breadcrumb","itemListElement":[{"@type":"ListItem","position":1,"name":"Home","item":"https:\/\/bridalfashion.com\/ro\/"},{"@type":"ListItem","position":2,"name":"Shop","item":"https:\/\/bridalfashion.com\/shop-2\/"},{"@type":"ListItem","position":3,"name":"Rochie scurta eleganta WINDY &#8211; WF0004"}]},{"@type":"WebSite","@id":"https:\/\/bridalfashion.com\/ro\/#website","url":"https:\/\/bridalfashion.com\/ro\/","name":"BRIDAL FASHION \u2122 | Luxurious Wedding Dresses &amp; Fashionable Gowns for Women, Girls and Kids","description":"Welcome the leading manufacturer and supplier of wedding dresses. We offer in wholesale a large selection of high quality wedding dress collections and accessories for your business at competitive prices. Shop our full range of bridal products today!","publisher":{"@id":"https:\/\/bridalfashion.com\/ro\/#organization"},"potentialAction":[{"@type":"SearchAction","target":{"@type":"EntryPoint","urlTemplate":"https:\/\/bridalfashion.com\/ro\/?s={search_term_string}"},"query-input":{"@type":"PropertyValueSpecification","valueRequired":true,"valueName":"search_term_string"}}],"inLanguage":"ro-RO"},{"@type":"Organization","@id":"https:\/\/bridalfashion.com\/ro\/#organization","name":"BRIDAL FASHION \u2122 | Luxurious Wedding Dresses &amp; Fashionable Gowns for Women, Girls and Kids","url":"https:\/\/bridalfashion.com\/ro\/","logo":{"@type":"ImageObject","inLanguage":"ro-RO","@id":"https:\/\/bridalfashion.com\/ro\/#\/schema\/logo\/image\/","url":"https:\/\/bridalfashion.com\/wp-content\/uploads\/2022\/05\/cropped-BFG.png","contentUrl":"https:\/\/bridalfashion.com\/wp-content\/uploads\/2022\/05\/cropped-BFG.png","width":1771,"height":119,"caption":"BRIDAL FASHION \u2122 | Luxurious Wedding Dresses &amp; Fashionable Gowns for Women, Girls and Kids"},"image":{"@id":"https:\/\/bridalfashion.com\/ro\/#\/schema\/logo\/image\/"}}]}},"_links":{"self":[{"href":"https:\/\/bridalfashion.com\/ro\/wp-json\/wp\/v2\/product\/11810","targetHints":{"allow":["GET"]}}],"collection":[{"href":"https:\/\/bridalfashion.com\/ro\/wp-json\/wp\/v2\/product"}],"about":[{"href":"https:\/\/bridalfashion.com\/ro\/wp-json\/wp\/v2\/types\/product"}],"replies":[{"embeddable":true,"href":"https:\/\/bridalfashion.com\/ro\/wp-json\/wp\/v2\/comments?post=11810"}],"wp:featuredmedia":[{"embeddable":true,"href":"https:\/\/bridalfashion.com\/ro\/wp-json\/wp\/v2\/media\/4239"}],"wp:attachment":[{"href":"https:\/\/bridalfashion.com\/ro\/wp-json\/wp\/v2\/media?parent=11810"}],"wp:term":[{"taxonomy":"product_brand","embeddable":true,"href":"https:\/\/bridalfashion.com\/ro\/wp-json\/wp\/v2\/product_brand?post=11810"},{"taxonomy":"product_cat","embeddable":true,"href":"https:\/\/bridalfashion.com\/ro\/wp-json\/wp\/v2\/product_cat?post=11810"},{"taxonomy":"product_tag","embeddable":true,"href":"https:\/\/bridalfashion.com\/ro\/wp-json\/wp\/v2\/product_tag?post=11810"}],"curies":[{"name":"wp","href":"https:\/\/api.w.org\/{rel}","templated":true}]}}