{"id":11807,"date":"2021-09-24T11:52:27","date_gmt":"2022-09-26T08:15:38","guid":{"rendered":"https:\/\/bridalfashion.com\/fara-categorie\/adorabila-rochie-eleganta-feliz-wf0003\/"},"modified":"2022-09-26T10:15:38","modified_gmt":"2022-09-26T08:15:38","slug":"rochie-eleganta-cu-crystali-wf0003","status":"publish","type":"product","link":"https:\/\/bridalfashion.com\/ro\/white-flowers-2020-ro\/rochie-eleganta-cu-crystali-wf0003\/","title":{"rendered":"Adorabil\u0103 rochie elegant\u0103 FELIZ &#8211; WF0003"},"content":{"rendered":"<h2>Descrierea modelului FELIZ &#8211; WF0003 o rochie elegant\u0103 \u0219i fermec\u0103toare \u0441u decor din pietre pre\u021bioase \u0219i cristale, cu o fust\u0103 bogat\u0103 cu tren\u0103<\/h2>\n<p>Rochie elegant\u0103 stil de bal, disponibil\u0103 \u00een trei culori: alb, ivory \u0219i ivory+cappuccino la alegere. Baza p\u0103r\u021bii de sus e alc\u0103tuit\u0103 din corset semitransparent din tul dublu cu decolteu ad\u00e2nc. Deasupra \u2014 tul transparent de culoarea pielii cu guler ridicat, \u00eempodobit manual, la spate o \u00eencheietoare vertical\u0103 din nasturi de cristal. Rochie elegant\u0103 cu decor din pietre \u0219i cristale, ajustat\u0103 cu o tren\u0103 lung\u0103, bogat\u0103, cu care se termin\u0103 fusta ampl\u0103 din numeroase r\u00e2nduri de tul.<\/p>\n","protected":false},"excerpt":{"rendered":"<p>Descrierea modelului FELIZ &#8211; WF0003 o rochie elegant\u0103 \u0219i fermec\u0103toare \u0441u decor din pietre pre\u021bioase \u0219i cristale, cu o fust\u0103 bogat\u0103 cu tren\u0103 Rochie elegant\u0103 stil de bal, disponibil\u0103 \u00een trei culori: alb, ivory \u0219i ivory+cappuccino la alegere. Baza p\u0103r\u021bii de sus e alc\u0103tuit\u0103 din corset semitransparent din tul dublu cu decolteu ad\u00e2nc. Deasupra \u2014&hellip;<\/p>\n","protected":false},"featured_media":4185,"comment_status":"open","ping_status":"closed","template":"","meta":[],"product_brand":[],"product_cat":[939],"product_tag":[],"class_list":{"0":"post-11807","1":"product","2":"type-product","3":"status-publish","4":"has-post-thumbnail","6":"product_cat-white-flowers-2020-ro","8":"first","9":"instock","10":"taxable","11":"shipping-taxable","12":"product-type-simple"},"yoast_head":"<!-- This site is optimized with the Yoast SEO plugin v27.5 - https:\/\/yoast.com\/product\/yoast-seo-wordpress\/ -->\n<title>Adorabil\u0103 rochie elegant\u0103 FELIZ - WF0003 - BRIDAL FASHION \u2122 | Luxurious Wedding Dresses &amp; Fashionable Gowns for Women, Girls and Kids<\/title>\n<meta name=\"description\" content=\"Rochie pentru feti\u021be elegant\u0103 cu decor din pietre \u0219i cristale FELIZ - WF0003, disponibil\u0103 \u00een trei culori. Bustul transparent cu guler ridicat \u0219i cu \u00eencheietoare la spate, este \u00eempodobit cu pietre \u0219i cristale. Fusta ampl\u0103 este ajustat\u0103 cu o tren\u0103 fermec\u0103toare\" \/>\n<meta name=\"robots\" content=\"index, follow, max-snippet:-1, max-image-preview:large, max-video-preview:-1\" \/>\n<link rel=\"canonical\" href=\"https:\/\/bridalfashion.com\/ro\/white-flowers-2020-ro\/rochie-eleganta-cu-crystali-wf0003\/\" \/>\n<meta property=\"og:locale\" content=\"ro_RO\" \/>\n<meta property=\"og:type\" content=\"article\" \/>\n<meta property=\"og:title\" content=\"Adorabil\u0103 rochie elegant\u0103 FELIZ - WF0003 - BRIDAL FASHION \u2122 | Luxurious Wedding Dresses &amp; Fashionable Gowns for Women, Girls and Kids\" \/>\n<meta property=\"og:description\" content=\"Rochie pentru feti\u021be elegant\u0103 cu decor din pietre \u0219i cristale FELIZ - WF0003, disponibil\u0103 \u00een trei culori. Bustul transparent cu guler ridicat \u0219i cu \u00eencheietoare la spate, este \u00eempodobit cu pietre \u0219i cristale. Fusta ampl\u0103 este ajustat\u0103 cu o tren\u0103 fermec\u0103toare\" \/>\n<meta property=\"og:url\" content=\"https:\/\/bridalfashion.com\/ro\/white-flowers-2020-ro\/rochie-eleganta-cu-crystali-wf0003\/\" \/>\n<meta property=\"og:site_name\" content=\"BRIDAL FASHION \u2122 | Luxurious Wedding Dresses &amp; Fashionable Gowns for Women, Girls and Kids\" \/>\n<meta property=\"og:image\" content=\"https:\/\/bridalfashion.com\/wp-content\/uploads\/2021\/09\/WF0003_A_MH.jpg\" \/>\n\t<meta property=\"og:image:width\" content=\"1516\" \/>\n\t<meta property=\"og:image:height\" content=\"2000\" \/>\n\t<meta property=\"og:image:type\" content=\"image\/jpeg\" \/>\n<meta name=\"twitter:card\" content=\"summary_large_image\" \/>\n<meta name=\"twitter:label1\" content=\"Timp estimat pentru citire\" \/>\n\t<meta name=\"twitter:data1\" content=\"1 minut\" \/>\n<script type=\"application\/ld+json\" class=\"yoast-schema-graph\">{\"@context\":\"https:\\\/\\\/schema.org\",\"@graph\":[{\"@type\":\"WebPage\",\"@id\":\"https:\\\/\\\/bridalfashion.com\\\/ro\\\/white-flowers-2020-ro\\\/rochie-eleganta-cu-crystali-wf0003\\\/\",\"url\":\"https:\\\/\\\/bridalfashion.com\\\/ro\\\/white-flowers-2020-ro\\\/rochie-eleganta-cu-crystali-wf0003\\\/\",\"name\":\"Adorabil\u0103 rochie elegant\u0103 FELIZ - WF0003 - BRIDAL FASHION \u2122 | Luxurious Wedding Dresses &amp; Fashionable Gowns for Women, Girls and Kids\",\"isPartOf\":{\"@id\":\"https:\\\/\\\/bridalfashion.com\\\/ro\\\/#website\"},\"primaryImageOfPage\":{\"@id\":\"https:\\\/\\\/bridalfashion.com\\\/ro\\\/white-flowers-2020-ro\\\/rochie-eleganta-cu-crystali-wf0003\\\/#primaryimage\"},\"image\":{\"@id\":\"https:\\\/\\\/bridalfashion.com\\\/ro\\\/white-flowers-2020-ro\\\/rochie-eleganta-cu-crystali-wf0003\\\/#primaryimage\"},\"thumbnailUrl\":\"https:\\\/\\\/bridalfashion.com\\\/wp-content\\\/uploads\\\/2021\\\/09\\\/WF0003_A_MH.jpg\",\"datePublished\":\"2022-09-26T08:15:38+00:00\",\"description\":\"Rochie pentru feti\u021be elegant\u0103 cu decor din pietre \u0219i cristale FELIZ - WF0003, disponibil\u0103 \u00een trei culori. Bustul transparent cu guler ridicat \u0219i cu \u00eencheietoare la spate, este \u00eempodobit cu pietre \u0219i cristale. Fusta ampl\u0103 este ajustat\u0103 cu o tren\u0103 fermec\u0103toare\",\"breadcrumb\":{\"@id\":\"https:\\\/\\\/bridalfashion.com\\\/ro\\\/white-flowers-2020-ro\\\/rochie-eleganta-cu-crystali-wf0003\\\/#breadcrumb\"},\"inLanguage\":\"ro-RO\",\"potentialAction\":[{\"@type\":\"ReadAction\",\"target\":[\"https:\\\/\\\/bridalfashion.com\\\/ro\\\/white-flowers-2020-ro\\\/rochie-eleganta-cu-crystali-wf0003\\\/\"]}]},{\"@type\":\"ImageObject\",\"inLanguage\":\"ro-RO\",\"@id\":\"https:\\\/\\\/bridalfashion.com\\\/ro\\\/white-flowers-2020-ro\\\/rochie-eleganta-cu-crystali-wf0003\\\/#primaryimage\",\"url\":\"https:\\\/\\\/bridalfashion.com\\\/wp-content\\\/uploads\\\/2021\\\/09\\\/WF0003_A_MH.jpg\",\"contentUrl\":\"https:\\\/\\\/bridalfashion.com\\\/wp-content\\\/uploads\\\/2021\\\/09\\\/WF0003_A_MH.jpg\",\"width\":1516,\"height\":2000,\"caption\":\"Adorabil\u0103 rochie elegant\u0103 FELIZ - WF0003 Vedere din fa\u021b\u0103 | BRIDAL FASHION\"},{\"@type\":\"BreadcrumbList\",\"@id\":\"https:\\\/\\\/bridalfashion.com\\\/ro\\\/white-flowers-2020-ro\\\/rochie-eleganta-cu-crystali-wf0003\\\/#breadcrumb\",\"itemListElement\":[{\"@type\":\"ListItem\",\"position\":1,\"name\":\"Home\",\"item\":\"https:\\\/\\\/bridalfashion.com\\\/ro\\\/\"},{\"@type\":\"ListItem\",\"position\":2,\"name\":\"Shop\",\"item\":\"https:\\\/\\\/bridalfashion.com\\\/shop-2\\\/\"},{\"@type\":\"ListItem\",\"position\":3,\"name\":\"Adorabil\u0103 rochie elegant\u0103 FELIZ &#8211; WF0003\"}]},{\"@type\":\"WebSite\",\"@id\":\"https:\\\/\\\/bridalfashion.com\\\/ro\\\/#website\",\"url\":\"https:\\\/\\\/bridalfashion.com\\\/ro\\\/\",\"name\":\"BRIDAL FASHION \u2122 | Luxurious Wedding Dresses &amp; Fashionable Gowns for Women, Girls and Kids\",\"description\":\"Welcome the leading manufacturer and supplier of wedding dresses. We offer in wholesale a large selection of high quality wedding dress collections and accessories for your business at competitive prices. Shop our full range of bridal products today!\",\"publisher\":{\"@id\":\"https:\\\/\\\/bridalfashion.com\\\/ro\\\/#organization\"},\"potentialAction\":[{\"@type\":\"SearchAction\",\"target\":{\"@type\":\"EntryPoint\",\"urlTemplate\":\"https:\\\/\\\/bridalfashion.com\\\/ro\\\/?s={search_term_string}\"},\"query-input\":{\"@type\":\"PropertyValueSpecification\",\"valueRequired\":true,\"valueName\":\"search_term_string\"}}],\"inLanguage\":\"ro-RO\"},{\"@type\":\"Organization\",\"@id\":\"https:\\\/\\\/bridalfashion.com\\\/ro\\\/#organization\",\"name\":\"BRIDAL FASHION \u2122 | Luxurious Wedding Dresses &amp; Fashionable Gowns for Women, Girls and Kids\",\"url\":\"https:\\\/\\\/bridalfashion.com\\\/ro\\\/\",\"logo\":{\"@type\":\"ImageObject\",\"inLanguage\":\"ro-RO\",\"@id\":\"https:\\\/\\\/bridalfashion.com\\\/ro\\\/#\\\/schema\\\/logo\\\/image\\\/\",\"url\":\"https:\\\/\\\/bridalfashion.com\\\/wp-content\\\/uploads\\\/2022\\\/05\\\/cropped-BFG.png\",\"contentUrl\":\"https:\\\/\\\/bridalfashion.com\\\/wp-content\\\/uploads\\\/2022\\\/05\\\/cropped-BFG.png\",\"width\":1771,\"height\":119,\"caption\":\"BRIDAL FASHION \u2122 | Luxurious Wedding Dresses &amp; Fashionable Gowns for Women, Girls and Kids\"},\"image\":{\"@id\":\"https:\\\/\\\/bridalfashion.com\\\/ro\\\/#\\\/schema\\\/logo\\\/image\\\/\"}}]}<\/script>\n<!-- \/ Yoast SEO plugin. -->","yoast_head_json":{"title":"Adorabil\u0103 rochie elegant\u0103 FELIZ - WF0003 - BRIDAL FASHION \u2122 | Luxurious Wedding Dresses &amp; Fashionable Gowns for Women, Girls and Kids","description":"Rochie pentru feti\u021be elegant\u0103 cu decor din pietre \u0219i cristale FELIZ - WF0003, disponibil\u0103 \u00een trei culori. Bustul transparent cu guler ridicat \u0219i cu \u00eencheietoare la spate, este \u00eempodobit cu pietre \u0219i cristale. Fusta ampl\u0103 este ajustat\u0103 cu o tren\u0103 fermec\u0103toare","robots":{"index":"index","follow":"follow","max-snippet":"max-snippet:-1","max-image-preview":"max-image-preview:large","max-video-preview":"max-video-preview:-1"},"canonical":"https:\/\/bridalfashion.com\/ro\/white-flowers-2020-ro\/rochie-eleganta-cu-crystali-wf0003\/","og_locale":"ro_RO","og_type":"article","og_title":"Adorabil\u0103 rochie elegant\u0103 FELIZ - WF0003 - BRIDAL FASHION \u2122 | Luxurious Wedding Dresses &amp; Fashionable Gowns for Women, Girls and Kids","og_description":"Rochie pentru feti\u021be elegant\u0103 cu decor din pietre \u0219i cristale FELIZ - WF0003, disponibil\u0103 \u00een trei culori. Bustul transparent cu guler ridicat \u0219i cu \u00eencheietoare la spate, este \u00eempodobit cu pietre \u0219i cristale. Fusta ampl\u0103 este ajustat\u0103 cu o tren\u0103 fermec\u0103toare","og_url":"https:\/\/bridalfashion.com\/ro\/white-flowers-2020-ro\/rochie-eleganta-cu-crystali-wf0003\/","og_site_name":"BRIDAL FASHION \u2122 | Luxurious Wedding Dresses &amp; Fashionable Gowns for Women, Girls and Kids","og_image":[{"width":1516,"height":2000,"url":"https:\/\/bridalfashion.com\/wp-content\/uploads\/2021\/09\/WF0003_A_MH.jpg","type":"image\/jpeg"}],"twitter_card":"summary_large_image","twitter_misc":{"Timp estimat pentru citire":"1 minut"},"schema":{"@context":"https:\/\/schema.org","@graph":[{"@type":"WebPage","@id":"https:\/\/bridalfashion.com\/ro\/white-flowers-2020-ro\/rochie-eleganta-cu-crystali-wf0003\/","url":"https:\/\/bridalfashion.com\/ro\/white-flowers-2020-ro\/rochie-eleganta-cu-crystali-wf0003\/","name":"Adorabil\u0103 rochie elegant\u0103 FELIZ - WF0003 - BRIDAL FASHION \u2122 | Luxurious Wedding Dresses &amp; Fashionable Gowns for Women, Girls and Kids","isPartOf":{"@id":"https:\/\/bridalfashion.com\/ro\/#website"},"primaryImageOfPage":{"@id":"https:\/\/bridalfashion.com\/ro\/white-flowers-2020-ro\/rochie-eleganta-cu-crystali-wf0003\/#primaryimage"},"image":{"@id":"https:\/\/bridalfashion.com\/ro\/white-flowers-2020-ro\/rochie-eleganta-cu-crystali-wf0003\/#primaryimage"},"thumbnailUrl":"https:\/\/bridalfashion.com\/wp-content\/uploads\/2021\/09\/WF0003_A_MH.jpg","datePublished":"2022-09-26T08:15:38+00:00","description":"Rochie pentru feti\u021be elegant\u0103 cu decor din pietre \u0219i cristale FELIZ - WF0003, disponibil\u0103 \u00een trei culori. Bustul transparent cu guler ridicat \u0219i cu \u00eencheietoare la spate, este \u00eempodobit cu pietre \u0219i cristale. Fusta ampl\u0103 este ajustat\u0103 cu o tren\u0103 fermec\u0103toare","breadcrumb":{"@id":"https:\/\/bridalfashion.com\/ro\/white-flowers-2020-ro\/rochie-eleganta-cu-crystali-wf0003\/#breadcrumb"},"inLanguage":"ro-RO","potentialAction":[{"@type":"ReadAction","target":["https:\/\/bridalfashion.com\/ro\/white-flowers-2020-ro\/rochie-eleganta-cu-crystali-wf0003\/"]}]},{"@type":"ImageObject","inLanguage":"ro-RO","@id":"https:\/\/bridalfashion.com\/ro\/white-flowers-2020-ro\/rochie-eleganta-cu-crystali-wf0003\/#primaryimage","url":"https:\/\/bridalfashion.com\/wp-content\/uploads\/2021\/09\/WF0003_A_MH.jpg","contentUrl":"https:\/\/bridalfashion.com\/wp-content\/uploads\/2021\/09\/WF0003_A_MH.jpg","width":1516,"height":2000,"caption":"Adorabil\u0103 rochie elegant\u0103 FELIZ - WF0003 Vedere din fa\u021b\u0103 | BRIDAL FASHION"},{"@type":"BreadcrumbList","@id":"https:\/\/bridalfashion.com\/ro\/white-flowers-2020-ro\/rochie-eleganta-cu-crystali-wf0003\/#breadcrumb","itemListElement":[{"@type":"ListItem","position":1,"name":"Home","item":"https:\/\/bridalfashion.com\/ro\/"},{"@type":"ListItem","position":2,"name":"Shop","item":"https:\/\/bridalfashion.com\/shop-2\/"},{"@type":"ListItem","position":3,"name":"Adorabil\u0103 rochie elegant\u0103 FELIZ &#8211; WF0003"}]},{"@type":"WebSite","@id":"https:\/\/bridalfashion.com\/ro\/#website","url":"https:\/\/bridalfashion.com\/ro\/","name":"BRIDAL FASHION \u2122 | Luxurious Wedding Dresses &amp; Fashionable Gowns for Women, Girls and Kids","description":"Welcome the leading manufacturer and supplier of wedding dresses. We offer in wholesale a large selection of high quality wedding dress collections and accessories for your business at competitive prices. Shop our full range of bridal products today!","publisher":{"@id":"https:\/\/bridalfashion.com\/ro\/#organization"},"potentialAction":[{"@type":"SearchAction","target":{"@type":"EntryPoint","urlTemplate":"https:\/\/bridalfashion.com\/ro\/?s={search_term_string}"},"query-input":{"@type":"PropertyValueSpecification","valueRequired":true,"valueName":"search_term_string"}}],"inLanguage":"ro-RO"},{"@type":"Organization","@id":"https:\/\/bridalfashion.com\/ro\/#organization","name":"BRIDAL FASHION \u2122 | Luxurious Wedding Dresses &amp; Fashionable Gowns for Women, Girls and Kids","url":"https:\/\/bridalfashion.com\/ro\/","logo":{"@type":"ImageObject","inLanguage":"ro-RO","@id":"https:\/\/bridalfashion.com\/ro\/#\/schema\/logo\/image\/","url":"https:\/\/bridalfashion.com\/wp-content\/uploads\/2022\/05\/cropped-BFG.png","contentUrl":"https:\/\/bridalfashion.com\/wp-content\/uploads\/2022\/05\/cropped-BFG.png","width":1771,"height":119,"caption":"BRIDAL FASHION \u2122 | Luxurious Wedding Dresses &amp; Fashionable Gowns for Women, Girls and Kids"},"image":{"@id":"https:\/\/bridalfashion.com\/ro\/#\/schema\/logo\/image\/"}}]}},"_links":{"self":[{"href":"https:\/\/bridalfashion.com\/ro\/wp-json\/wp\/v2\/product\/11807","targetHints":{"allow":["GET"]}}],"collection":[{"href":"https:\/\/bridalfashion.com\/ro\/wp-json\/wp\/v2\/product"}],"about":[{"href":"https:\/\/bridalfashion.com\/ro\/wp-json\/wp\/v2\/types\/product"}],"replies":[{"embeddable":true,"href":"https:\/\/bridalfashion.com\/ro\/wp-json\/wp\/v2\/comments?post=11807"}],"wp:featuredmedia":[{"embeddable":true,"href":"https:\/\/bridalfashion.com\/ro\/wp-json\/wp\/v2\/media\/4185"}],"wp:attachment":[{"href":"https:\/\/bridalfashion.com\/ro\/wp-json\/wp\/v2\/media?parent=11807"}],"wp:term":[{"taxonomy":"product_brand","embeddable":true,"href":"https:\/\/bridalfashion.com\/ro\/wp-json\/wp\/v2\/product_brand?post=11807"},{"taxonomy":"product_cat","embeddable":true,"href":"https:\/\/bridalfashion.com\/ro\/wp-json\/wp\/v2\/product_cat?post=11807"},{"taxonomy":"product_tag","embeddable":true,"href":"https:\/\/bridalfashion.com\/ro\/wp-json\/wp\/v2\/product_tag?post=11807"}],"curies":[{"name":"wp","href":"https:\/\/api.w.org\/{rel}","templated":true}]}}