{"id":10136,"date":"2021-09-24T11:47:30","date_gmt":"2022-02-23T11:42:19","guid":{"rendered":"https:\/\/bridalfashion.com\/rochie-de-bal-eleganta-wonder-wf0002\/"},"modified":"2022-02-23T11:42:19","modified_gmt":"2022-02-23T11:42:19","slug":"rochie-rafinata-pentru-copii-pentru-ocazii-speciale-wf0002","status":"publish","type":"product","link":"https:\/\/bridalfashion.com\/ro\/white-flowers-2020-ro\/rochie-rafinata-pentru-copii-pentru-ocazii-speciale-wf0002\/","title":{"rendered":"Rochie de bal elegant\u0103 WONDER &#8211; WF0002"},"content":{"rendered":"<h2>Description of the model <span style=\"font-size: 18px\">WONDER &#8211;<\/span><span style=\"font-size: 1.15em\"> WF0002 o rochie de bal stilizat\u0103 cu decor din perle \u0219i cristale cu design original<\/span><\/h2>\n<p>Rochie pentru copii elegant\u0103 pentru ocazii speciale. Partea de sus transparent\u0103, din tul de culoarea pielii, cu m\u00e2neci lungi, decorat\u0103 manual. Fusta bogat\u0103 din tul, completat\u0103 cu o tren\u0103 \u0219i \u00eempodobit\u0103 haotic cu cristale. O rochie de bal luxoas\u0103 cu decor din perle \u0219i cristale, fiind prezentat\u0103 \u00een trei culori la alegere: alb, ivory \u0219i ivory+cappuccino. Feti\u021ba \u00eentr-o astfel de rochie se va sim\u021bi ca o adev\u0103rat\u0103 prin\u021bes\u0103.<\/p>\n","protected":false},"excerpt":{"rendered":"<p>Description of the model WONDER &#8211; WF0002 o rochie de bal stilizat\u0103 cu decor din perle \u0219i cristale cu design original Rochie pentru copii elegant\u0103 pentru ocazii speciale. Partea de sus transparent\u0103, din tul de culoarea pielii, cu m\u00e2neci lungi, decorat\u0103 manual. Fusta bogat\u0103 din tul, completat\u0103 cu o tren\u0103 \u0219i \u00eempodobit\u0103 haotic cu cristale.&hellip;<\/p>\n","protected":false},"featured_media":4161,"comment_status":"open","ping_status":"closed","template":"","meta":[],"product_brand":[],"product_cat":[939],"product_tag":[],"class_list":{"0":"post-10136","1":"product","2":"type-product","3":"status-publish","4":"has-post-thumbnail","6":"product_cat-white-flowers-2020-ro","8":"first","9":"instock","10":"taxable","11":"shipping-taxable","12":"product-type-simple"},"yoast_head":"<!-- This site is optimized with the Yoast SEO plugin v27.5 - https:\/\/yoast.com\/product\/yoast-seo-wordpress\/ -->\n<title>Rochie de bal elegant\u0103 WONDER - WF0002 - BRIDAL FASHION \u2122 | Luxurious Wedding Dresses &amp; Fashionable Gowns for Women, Girls and Kids<\/title>\n<meta name=\"description\" content=\"Rochie de bal pentru feti\u021be cu decor din perle \u0219i cristale WONDER - WF0002 \u00een trei culori la alegere. Bustul transparent cu umere goale \u0219i cu m\u00e2neci lungi \u0219i fusta bogat\u0103, \u00eempodobit\u0103 manual\" \/>\n<meta name=\"robots\" content=\"index, follow, max-snippet:-1, max-image-preview:large, max-video-preview:-1\" \/>\n<link rel=\"canonical\" href=\"https:\/\/bridalfashion.com\/ro\/white-flowers-2020-ro\/rochie-rafinata-pentru-copii-pentru-ocazii-speciale-wf0002\/\" \/>\n<meta property=\"og:locale\" content=\"ro_RO\" \/>\n<meta property=\"og:type\" content=\"article\" \/>\n<meta property=\"og:title\" content=\"Rochie de bal elegant\u0103 WONDER - WF0002 - BRIDAL FASHION \u2122 | Luxurious Wedding Dresses &amp; Fashionable Gowns for Women, Girls and Kids\" \/>\n<meta property=\"og:description\" content=\"Rochie de bal pentru feti\u021be cu decor din perle \u0219i cristale WONDER - WF0002 \u00een trei culori la alegere. Bustul transparent cu umere goale \u0219i cu m\u00e2neci lungi \u0219i fusta bogat\u0103, \u00eempodobit\u0103 manual\" \/>\n<meta property=\"og:url\" content=\"https:\/\/bridalfashion.com\/ro\/white-flowers-2020-ro\/rochie-rafinata-pentru-copii-pentru-ocazii-speciale-wf0002\/\" \/>\n<meta property=\"og:site_name\" content=\"BRIDAL FASHION \u2122 | Luxurious Wedding Dresses &amp; Fashionable Gowns for Women, Girls and Kids\" \/>\n<meta property=\"og:image\" content=\"https:\/\/bridalfashion.com\/wp-content\/uploads\/2021\/09\/WF0002_A.jpg\" \/>\n\t<meta property=\"og:image:width\" content=\"1516\" \/>\n\t<meta property=\"og:image:height\" content=\"2000\" \/>\n\t<meta property=\"og:image:type\" content=\"image\/jpeg\" \/>\n<meta name=\"twitter:card\" content=\"summary_large_image\" \/>\n<script type=\"application\/ld+json\" class=\"yoast-schema-graph\">{\"@context\":\"https:\\\/\\\/schema.org\",\"@graph\":[{\"@type\":\"WebPage\",\"@id\":\"https:\\\/\\\/bridalfashion.com\\\/ro\\\/white-flowers-2020-ro\\\/rochie-rafinata-pentru-copii-pentru-ocazii-speciale-wf0002\\\/\",\"url\":\"https:\\\/\\\/bridalfashion.com\\\/ro\\\/white-flowers-2020-ro\\\/rochie-rafinata-pentru-copii-pentru-ocazii-speciale-wf0002\\\/\",\"name\":\"Rochie de bal elegant\u0103 WONDER - WF0002 - BRIDAL FASHION \u2122 | Luxurious Wedding Dresses &amp; Fashionable Gowns for Women, Girls and Kids\",\"isPartOf\":{\"@id\":\"https:\\\/\\\/bridalfashion.com\\\/ro\\\/#website\"},\"primaryImageOfPage\":{\"@id\":\"https:\\\/\\\/bridalfashion.com\\\/ro\\\/white-flowers-2020-ro\\\/rochie-rafinata-pentru-copii-pentru-ocazii-speciale-wf0002\\\/#primaryimage\"},\"image\":{\"@id\":\"https:\\\/\\\/bridalfashion.com\\\/ro\\\/white-flowers-2020-ro\\\/rochie-rafinata-pentru-copii-pentru-ocazii-speciale-wf0002\\\/#primaryimage\"},\"thumbnailUrl\":\"https:\\\/\\\/bridalfashion.com\\\/wp-content\\\/uploads\\\/2021\\\/09\\\/WF0002_A.jpg\",\"datePublished\":\"2022-02-23T11:42:19+00:00\",\"description\":\"Rochie de bal pentru feti\u021be cu decor din perle \u0219i cristale WONDER - WF0002 \u00een trei culori la alegere. Bustul transparent cu umere goale \u0219i cu m\u00e2neci lungi \u0219i fusta bogat\u0103, \u00eempodobit\u0103 manual\",\"breadcrumb\":{\"@id\":\"https:\\\/\\\/bridalfashion.com\\\/ro\\\/white-flowers-2020-ro\\\/rochie-rafinata-pentru-copii-pentru-ocazii-speciale-wf0002\\\/#breadcrumb\"},\"inLanguage\":\"ro-RO\",\"potentialAction\":[{\"@type\":\"ReadAction\",\"target\":[\"https:\\\/\\\/bridalfashion.com\\\/ro\\\/white-flowers-2020-ro\\\/rochie-rafinata-pentru-copii-pentru-ocazii-speciale-wf0002\\\/\"]}]},{\"@type\":\"ImageObject\",\"inLanguage\":\"ro-RO\",\"@id\":\"https:\\\/\\\/bridalfashion.com\\\/ro\\\/white-flowers-2020-ro\\\/rochie-rafinata-pentru-copii-pentru-ocazii-speciale-wf0002\\\/#primaryimage\",\"url\":\"https:\\\/\\\/bridalfashion.com\\\/wp-content\\\/uploads\\\/2021\\\/09\\\/WF0002_A.jpg\",\"contentUrl\":\"https:\\\/\\\/bridalfashion.com\\\/wp-content\\\/uploads\\\/2021\\\/09\\\/WF0002_A.jpg\",\"width\":1516,\"height\":2000,\"caption\":\"Rochie de bal elegant\u0103 WONDER - WF0002 Vedere frontal\u0103 | BRIDAL FASHION\"},{\"@type\":\"BreadcrumbList\",\"@id\":\"https:\\\/\\\/bridalfashion.com\\\/ro\\\/white-flowers-2020-ro\\\/rochie-rafinata-pentru-copii-pentru-ocazii-speciale-wf0002\\\/#breadcrumb\",\"itemListElement\":[{\"@type\":\"ListItem\",\"position\":1,\"name\":\"Home\",\"item\":\"https:\\\/\\\/bridalfashion.com\\\/ro\\\/\"},{\"@type\":\"ListItem\",\"position\":2,\"name\":\"Shop\",\"item\":\"https:\\\/\\\/bridalfashion.com\\\/shop-2\\\/\"},{\"@type\":\"ListItem\",\"position\":3,\"name\":\"Rochie de bal elegant\u0103 WONDER &#8211; WF0002\"}]},{\"@type\":\"WebSite\",\"@id\":\"https:\\\/\\\/bridalfashion.com\\\/ro\\\/#website\",\"url\":\"https:\\\/\\\/bridalfashion.com\\\/ro\\\/\",\"name\":\"BRIDAL FASHION \u2122 | Luxurious Wedding Dresses &amp; Fashionable Gowns for Women, Girls and Kids\",\"description\":\"Welcome the leading manufacturer and supplier of wedding dresses. We offer in wholesale a large selection of high quality wedding dress collections and accessories for your business at competitive prices. Shop our full range of bridal products today!\",\"publisher\":{\"@id\":\"https:\\\/\\\/bridalfashion.com\\\/ro\\\/#organization\"},\"potentialAction\":[{\"@type\":\"SearchAction\",\"target\":{\"@type\":\"EntryPoint\",\"urlTemplate\":\"https:\\\/\\\/bridalfashion.com\\\/ro\\\/?s={search_term_string}\"},\"query-input\":{\"@type\":\"PropertyValueSpecification\",\"valueRequired\":true,\"valueName\":\"search_term_string\"}}],\"inLanguage\":\"ro-RO\"},{\"@type\":\"Organization\",\"@id\":\"https:\\\/\\\/bridalfashion.com\\\/ro\\\/#organization\",\"name\":\"BRIDAL FASHION \u2122 | Luxurious Wedding Dresses &amp; Fashionable Gowns for Women, Girls and Kids\",\"url\":\"https:\\\/\\\/bridalfashion.com\\\/ro\\\/\",\"logo\":{\"@type\":\"ImageObject\",\"inLanguage\":\"ro-RO\",\"@id\":\"https:\\\/\\\/bridalfashion.com\\\/ro\\\/#\\\/schema\\\/logo\\\/image\\\/\",\"url\":\"https:\\\/\\\/bridalfashion.com\\\/wp-content\\\/uploads\\\/2022\\\/05\\\/cropped-BFG.png\",\"contentUrl\":\"https:\\\/\\\/bridalfashion.com\\\/wp-content\\\/uploads\\\/2022\\\/05\\\/cropped-BFG.png\",\"width\":1771,\"height\":119,\"caption\":\"BRIDAL FASHION \u2122 | Luxurious Wedding Dresses &amp; Fashionable Gowns for Women, Girls and Kids\"},\"image\":{\"@id\":\"https:\\\/\\\/bridalfashion.com\\\/ro\\\/#\\\/schema\\\/logo\\\/image\\\/\"}}]}<\/script>\n<!-- \/ Yoast SEO plugin. -->","yoast_head_json":{"title":"Rochie de bal elegant\u0103 WONDER - WF0002 - BRIDAL FASHION \u2122 | Luxurious Wedding Dresses &amp; Fashionable Gowns for Women, Girls and Kids","description":"Rochie de bal pentru feti\u021be cu decor din perle \u0219i cristale WONDER - WF0002 \u00een trei culori la alegere. Bustul transparent cu umere goale \u0219i cu m\u00e2neci lungi \u0219i fusta bogat\u0103, \u00eempodobit\u0103 manual","robots":{"index":"index","follow":"follow","max-snippet":"max-snippet:-1","max-image-preview":"max-image-preview:large","max-video-preview":"max-video-preview:-1"},"canonical":"https:\/\/bridalfashion.com\/ro\/white-flowers-2020-ro\/rochie-rafinata-pentru-copii-pentru-ocazii-speciale-wf0002\/","og_locale":"ro_RO","og_type":"article","og_title":"Rochie de bal elegant\u0103 WONDER - WF0002 - BRIDAL FASHION \u2122 | Luxurious Wedding Dresses &amp; Fashionable Gowns for Women, Girls and Kids","og_description":"Rochie de bal pentru feti\u021be cu decor din perle \u0219i cristale WONDER - WF0002 \u00een trei culori la alegere. Bustul transparent cu umere goale \u0219i cu m\u00e2neci lungi \u0219i fusta bogat\u0103, \u00eempodobit\u0103 manual","og_url":"https:\/\/bridalfashion.com\/ro\/white-flowers-2020-ro\/rochie-rafinata-pentru-copii-pentru-ocazii-speciale-wf0002\/","og_site_name":"BRIDAL FASHION \u2122 | Luxurious Wedding Dresses &amp; Fashionable Gowns for Women, Girls and Kids","og_image":[{"width":1516,"height":2000,"url":"https:\/\/bridalfashion.com\/wp-content\/uploads\/2021\/09\/WF0002_A.jpg","type":"image\/jpeg"}],"twitter_card":"summary_large_image","schema":{"@context":"https:\/\/schema.org","@graph":[{"@type":"WebPage","@id":"https:\/\/bridalfashion.com\/ro\/white-flowers-2020-ro\/rochie-rafinata-pentru-copii-pentru-ocazii-speciale-wf0002\/","url":"https:\/\/bridalfashion.com\/ro\/white-flowers-2020-ro\/rochie-rafinata-pentru-copii-pentru-ocazii-speciale-wf0002\/","name":"Rochie de bal elegant\u0103 WONDER - WF0002 - BRIDAL FASHION \u2122 | Luxurious Wedding Dresses &amp; Fashionable Gowns for Women, Girls and Kids","isPartOf":{"@id":"https:\/\/bridalfashion.com\/ro\/#website"},"primaryImageOfPage":{"@id":"https:\/\/bridalfashion.com\/ro\/white-flowers-2020-ro\/rochie-rafinata-pentru-copii-pentru-ocazii-speciale-wf0002\/#primaryimage"},"image":{"@id":"https:\/\/bridalfashion.com\/ro\/white-flowers-2020-ro\/rochie-rafinata-pentru-copii-pentru-ocazii-speciale-wf0002\/#primaryimage"},"thumbnailUrl":"https:\/\/bridalfashion.com\/wp-content\/uploads\/2021\/09\/WF0002_A.jpg","datePublished":"2022-02-23T11:42:19+00:00","description":"Rochie de bal pentru feti\u021be cu decor din perle \u0219i cristale WONDER - WF0002 \u00een trei culori la alegere. Bustul transparent cu umere goale \u0219i cu m\u00e2neci lungi \u0219i fusta bogat\u0103, \u00eempodobit\u0103 manual","breadcrumb":{"@id":"https:\/\/bridalfashion.com\/ro\/white-flowers-2020-ro\/rochie-rafinata-pentru-copii-pentru-ocazii-speciale-wf0002\/#breadcrumb"},"inLanguage":"ro-RO","potentialAction":[{"@type":"ReadAction","target":["https:\/\/bridalfashion.com\/ro\/white-flowers-2020-ro\/rochie-rafinata-pentru-copii-pentru-ocazii-speciale-wf0002\/"]}]},{"@type":"ImageObject","inLanguage":"ro-RO","@id":"https:\/\/bridalfashion.com\/ro\/white-flowers-2020-ro\/rochie-rafinata-pentru-copii-pentru-ocazii-speciale-wf0002\/#primaryimage","url":"https:\/\/bridalfashion.com\/wp-content\/uploads\/2021\/09\/WF0002_A.jpg","contentUrl":"https:\/\/bridalfashion.com\/wp-content\/uploads\/2021\/09\/WF0002_A.jpg","width":1516,"height":2000,"caption":"Rochie de bal elegant\u0103 WONDER - WF0002 Vedere frontal\u0103 | BRIDAL FASHION"},{"@type":"BreadcrumbList","@id":"https:\/\/bridalfashion.com\/ro\/white-flowers-2020-ro\/rochie-rafinata-pentru-copii-pentru-ocazii-speciale-wf0002\/#breadcrumb","itemListElement":[{"@type":"ListItem","position":1,"name":"Home","item":"https:\/\/bridalfashion.com\/ro\/"},{"@type":"ListItem","position":2,"name":"Shop","item":"https:\/\/bridalfashion.com\/shop-2\/"},{"@type":"ListItem","position":3,"name":"Rochie de bal elegant\u0103 WONDER &#8211; WF0002"}]},{"@type":"WebSite","@id":"https:\/\/bridalfashion.com\/ro\/#website","url":"https:\/\/bridalfashion.com\/ro\/","name":"BRIDAL FASHION \u2122 | Luxurious Wedding Dresses &amp; Fashionable Gowns for Women, Girls and Kids","description":"Welcome the leading manufacturer and supplier of wedding dresses. We offer in wholesale a large selection of high quality wedding dress collections and accessories for your business at competitive prices. Shop our full range of bridal products today!","publisher":{"@id":"https:\/\/bridalfashion.com\/ro\/#organization"},"potentialAction":[{"@type":"SearchAction","target":{"@type":"EntryPoint","urlTemplate":"https:\/\/bridalfashion.com\/ro\/?s={search_term_string}"},"query-input":{"@type":"PropertyValueSpecification","valueRequired":true,"valueName":"search_term_string"}}],"inLanguage":"ro-RO"},{"@type":"Organization","@id":"https:\/\/bridalfashion.com\/ro\/#organization","name":"BRIDAL FASHION \u2122 | Luxurious Wedding Dresses &amp; Fashionable Gowns for Women, Girls and Kids","url":"https:\/\/bridalfashion.com\/ro\/","logo":{"@type":"ImageObject","inLanguage":"ro-RO","@id":"https:\/\/bridalfashion.com\/ro\/#\/schema\/logo\/image\/","url":"https:\/\/bridalfashion.com\/wp-content\/uploads\/2022\/05\/cropped-BFG.png","contentUrl":"https:\/\/bridalfashion.com\/wp-content\/uploads\/2022\/05\/cropped-BFG.png","width":1771,"height":119,"caption":"BRIDAL FASHION \u2122 | Luxurious Wedding Dresses &amp; Fashionable Gowns for Women, Girls and Kids"},"image":{"@id":"https:\/\/bridalfashion.com\/ro\/#\/schema\/logo\/image\/"}}]}},"_links":{"self":[{"href":"https:\/\/bridalfashion.com\/ro\/wp-json\/wp\/v2\/product\/10136","targetHints":{"allow":["GET"]}}],"collection":[{"href":"https:\/\/bridalfashion.com\/ro\/wp-json\/wp\/v2\/product"}],"about":[{"href":"https:\/\/bridalfashion.com\/ro\/wp-json\/wp\/v2\/types\/product"}],"replies":[{"embeddable":true,"href":"https:\/\/bridalfashion.com\/ro\/wp-json\/wp\/v2\/comments?post=10136"}],"wp:featuredmedia":[{"embeddable":true,"href":"https:\/\/bridalfashion.com\/ro\/wp-json\/wp\/v2\/media\/4161"}],"wp:attachment":[{"href":"https:\/\/bridalfashion.com\/ro\/wp-json\/wp\/v2\/media?parent=10136"}],"wp:term":[{"taxonomy":"product_brand","embeddable":true,"href":"https:\/\/bridalfashion.com\/ro\/wp-json\/wp\/v2\/product_brand?post=10136"},{"taxonomy":"product_cat","embeddable":true,"href":"https:\/\/bridalfashion.com\/ro\/wp-json\/wp\/v2\/product_cat?post=10136"},{"taxonomy":"product_tag","embeddable":true,"href":"https:\/\/bridalfashion.com\/ro\/wp-json\/wp\/v2\/product_tag?post=10136"}],"curies":[{"name":"wp","href":"https:\/\/api.w.org\/{rel}","templated":true}]}}