{"id":10049,"date":"2021-09-24T11:40:38","date_gmt":"2022-02-16T09:53:55","guid":{"rendered":"https:\/\/bridalfashion.com\/o-rochie-pentru-copii-fermecatoare-windflower-wf0001\/"},"modified":"2022-02-16T09:53:55","modified_gmt":"2022-02-16T09:53:55","slug":"rochia-minunata-pentru-copii-cu-un-bolero-detasabil-wf0001","status":"publish","type":"product","link":"https:\/\/bridalfashion.com\/ro\/white-flowers-2020-ro\/rochia-minunata-pentru-copii-cu-un-bolero-detasabil-wf0001\/","title":{"rendered":"O rochie pentru copii fermec\u0103toare WINDFLOWER &#8211; WF0001"},"content":{"rendered":"<h2>Descrierea modelului WINDFLOWER &#8211; WF0001 o rochie pentru copii fermec\u0103toare stil de bal cu bolero deta\u0219abil \u0219i cu decor nemaiomenit din dantel\u0103 \u0219i cristale<\/h2>\n<p>O rochie pentru copii fermec\u0103toare stil de bal cu bolero deta\u0219abil \u0219i cu decor bogat, fiind prezentat\u0103 \u00een trei culori: alb, ivory \u0219i combina\u021bia la mod\u0103 ivory+cappuccino. Bustul transparent de culoarea pielii cu umere dezgolite cu \u0219iret din saten la spate, fiind decorat cu aplica\u021bii. Fusta bogat\u0103 cu numeroase r\u00e2nduri de tul. Boleroul ca accesoriul suplimentar din tul italian pe fermoar \u0219i cu nasturi. Decorul este un lucru manual din dantele \u0219i cristale, pe umeri \u2013 franjuri din cristale.<\/p>\n","protected":false},"excerpt":{"rendered":"<p>Descrierea modelului WINDFLOWER &#8211; WF0001 o rochie pentru copii fermec\u0103toare stil de bal cu bolero deta\u0219abil \u0219i cu decor nemaiomenit din dantel\u0103 \u0219i cristale O rochie pentru copii fermec\u0103toare stil de bal cu bolero deta\u0219abil \u0219i cu decor bogat, fiind prezentat\u0103 \u00een trei culori: alb, ivory \u0219i combina\u021bia la mod\u0103 ivory+cappuccino. Bustul transparent de culoarea&hellip;<\/p>\n","protected":false},"featured_media":4158,"comment_status":"open","ping_status":"closed","template":"","meta":[],"product_brand":[],"product_cat":[939],"product_tag":[],"class_list":{"0":"post-10049","1":"product","2":"type-product","3":"status-publish","4":"has-post-thumbnail","6":"product_cat-white-flowers-2020-ro","8":"first","9":"instock","10":"taxable","11":"shipping-taxable","12":"product-type-simple"},"yoast_head":"<!-- This site is optimized with the Yoast SEO plugin v27.4 - https:\/\/yoast.com\/product\/yoast-seo-wordpress\/ -->\n<title>O rochie pentru copii fermec\u0103toare WINDFLOWER - WF0001 - BRIDAL FASHION \u2122 | Luxurious Wedding Dresses &amp; Fashionable Gowns for Women, Girls and Kids<\/title>\n<meta name=\"description\" content=\"Rochie pentru copii stil de bal cu bolero deta\u0219abil WINDFLOWER - WF0001 \u00een culori alb, ivory \u0219i combina\u021bia ivory+cappuccino, lucrat\u0103 manual cu dantel\u0103 \u0219i \u00eempodobit\u0103 cu cristale. Fusta ampl\u0103, av\u00e2nd numeroase r\u00e2nduri de tul\" \/>\n<meta name=\"robots\" content=\"index, follow, max-snippet:-1, max-image-preview:large, max-video-preview:-1\" \/>\n<link rel=\"canonical\" href=\"https:\/\/bridalfashion.com\/ro\/white-flowers-2020-ro\/rochia-minunata-pentru-copii-cu-un-bolero-detasabil-wf0001\/\" \/>\n<meta property=\"og:locale\" content=\"ro_RO\" \/>\n<meta property=\"og:type\" content=\"article\" \/>\n<meta property=\"og:title\" content=\"O rochie pentru copii fermec\u0103toare WINDFLOWER - WF0001 - BRIDAL FASHION \u2122 | Luxurious Wedding Dresses &amp; Fashionable Gowns for Women, Girls and Kids\" \/>\n<meta property=\"og:description\" content=\"Rochie pentru copii stil de bal cu bolero deta\u0219abil WINDFLOWER - WF0001 \u00een culori alb, ivory \u0219i combina\u021bia ivory+cappuccino, lucrat\u0103 manual cu dantel\u0103 \u0219i \u00eempodobit\u0103 cu cristale. Fusta ampl\u0103, av\u00e2nd numeroase r\u00e2nduri de tul\" \/>\n<meta property=\"og:url\" content=\"https:\/\/bridalfashion.com\/ro\/white-flowers-2020-ro\/rochia-minunata-pentru-copii-cu-un-bolero-detasabil-wf0001\/\" \/>\n<meta property=\"og:site_name\" content=\"BRIDAL FASHION \u2122 | Luxurious Wedding Dresses &amp; Fashionable Gowns for Women, Girls and Kids\" \/>\n<meta property=\"og:image\" content=\"https:\/\/bridalfashion.com\/wp-content\/uploads\/2021\/09\/WF0001_H_MH.jpg\" \/>\n\t<meta property=\"og:image:width\" content=\"1516\" \/>\n\t<meta property=\"og:image:height\" content=\"2000\" \/>\n\t<meta property=\"og:image:type\" content=\"image\/jpeg\" \/>\n<meta name=\"twitter:card\" content=\"summary_large_image\" \/>\n<meta name=\"twitter:label1\" content=\"Timp estimat pentru citire\" \/>\n\t<meta name=\"twitter:data1\" content=\"1 minut\" \/>\n<script type=\"application\/ld+json\" class=\"yoast-schema-graph\">{\"@context\":\"https:\\\/\\\/schema.org\",\"@graph\":[{\"@type\":\"WebPage\",\"@id\":\"https:\\\/\\\/bridalfashion.com\\\/ro\\\/white-flowers-2020-ro\\\/rochia-minunata-pentru-copii-cu-un-bolero-detasabil-wf0001\\\/\",\"url\":\"https:\\\/\\\/bridalfashion.com\\\/ro\\\/white-flowers-2020-ro\\\/rochia-minunata-pentru-copii-cu-un-bolero-detasabil-wf0001\\\/\",\"name\":\"O rochie pentru copii fermec\u0103toare WINDFLOWER - WF0001 - BRIDAL FASHION \u2122 | Luxurious Wedding Dresses &amp; Fashionable Gowns for Women, Girls and Kids\",\"isPartOf\":{\"@id\":\"https:\\\/\\\/bridalfashion.com\\\/ro\\\/#website\"},\"primaryImageOfPage\":{\"@id\":\"https:\\\/\\\/bridalfashion.com\\\/ro\\\/white-flowers-2020-ro\\\/rochia-minunata-pentru-copii-cu-un-bolero-detasabil-wf0001\\\/#primaryimage\"},\"image\":{\"@id\":\"https:\\\/\\\/bridalfashion.com\\\/ro\\\/white-flowers-2020-ro\\\/rochia-minunata-pentru-copii-cu-un-bolero-detasabil-wf0001\\\/#primaryimage\"},\"thumbnailUrl\":\"https:\\\/\\\/bridalfashion.com\\\/wp-content\\\/uploads\\\/2021\\\/09\\\/WF0001_H_MH.jpg\",\"datePublished\":\"2022-02-16T09:53:55+00:00\",\"description\":\"Rochie pentru copii stil de bal cu bolero deta\u0219abil WINDFLOWER - WF0001 \u00een culori alb, ivory \u0219i combina\u021bia ivory+cappuccino, lucrat\u0103 manual cu dantel\u0103 \u0219i \u00eempodobit\u0103 cu cristale. Fusta ampl\u0103, av\u00e2nd numeroase r\u00e2nduri de tul\",\"breadcrumb\":{\"@id\":\"https:\\\/\\\/bridalfashion.com\\\/ro\\\/white-flowers-2020-ro\\\/rochia-minunata-pentru-copii-cu-un-bolero-detasabil-wf0001\\\/#breadcrumb\"},\"inLanguage\":\"ro-RO\",\"potentialAction\":[{\"@type\":\"ReadAction\",\"target\":[\"https:\\\/\\\/bridalfashion.com\\\/ro\\\/white-flowers-2020-ro\\\/rochia-minunata-pentru-copii-cu-un-bolero-detasabil-wf0001\\\/\"]}]},{\"@type\":\"ImageObject\",\"inLanguage\":\"ro-RO\",\"@id\":\"https:\\\/\\\/bridalfashion.com\\\/ro\\\/white-flowers-2020-ro\\\/rochia-minunata-pentru-copii-cu-un-bolero-detasabil-wf0001\\\/#primaryimage\",\"url\":\"https:\\\/\\\/bridalfashion.com\\\/wp-content\\\/uploads\\\/2021\\\/09\\\/WF0001_H_MH.jpg\",\"contentUrl\":\"https:\\\/\\\/bridalfashion.com\\\/wp-content\\\/uploads\\\/2021\\\/09\\\/WF0001_H_MH.jpg\",\"width\":1516,\"height\":2000,\"caption\":\"Rochie de bal fairy copii WINDFLOWER - WF0001 Vedere frontal\u0103 | BRIDAL FASHION\"},{\"@type\":\"BreadcrumbList\",\"@id\":\"https:\\\/\\\/bridalfashion.com\\\/ro\\\/white-flowers-2020-ro\\\/rochia-minunata-pentru-copii-cu-un-bolero-detasabil-wf0001\\\/#breadcrumb\",\"itemListElement\":[{\"@type\":\"ListItem\",\"position\":1,\"name\":\"Home\",\"item\":\"https:\\\/\\\/bridalfashion.com\\\/ro\\\/\"},{\"@type\":\"ListItem\",\"position\":2,\"name\":\"Shop\",\"item\":\"https:\\\/\\\/bridalfashion.com\\\/shop-2\\\/\"},{\"@type\":\"ListItem\",\"position\":3,\"name\":\"O rochie pentru copii fermec\u0103toare WINDFLOWER &#8211; WF0001\"}]},{\"@type\":\"WebSite\",\"@id\":\"https:\\\/\\\/bridalfashion.com\\\/ro\\\/#website\",\"url\":\"https:\\\/\\\/bridalfashion.com\\\/ro\\\/\",\"name\":\"BRIDAL FASHION \u2122 | Luxurious Wedding Dresses &amp; Fashionable Gowns for Women, Girls and Kids\",\"description\":\"Welcome the leading manufacturer and supplier of wedding dresses. We offer in wholesale a large selection of high quality wedding dress collections and accessories for your business at competitive prices. Shop our full range of bridal products today!\",\"publisher\":{\"@id\":\"https:\\\/\\\/bridalfashion.com\\\/ro\\\/#organization\"},\"potentialAction\":[{\"@type\":\"SearchAction\",\"target\":{\"@type\":\"EntryPoint\",\"urlTemplate\":\"https:\\\/\\\/bridalfashion.com\\\/ro\\\/?s={search_term_string}\"},\"query-input\":{\"@type\":\"PropertyValueSpecification\",\"valueRequired\":true,\"valueName\":\"search_term_string\"}}],\"inLanguage\":\"ro-RO\"},{\"@type\":\"Organization\",\"@id\":\"https:\\\/\\\/bridalfashion.com\\\/ro\\\/#organization\",\"name\":\"BRIDAL FASHION \u2122 | Luxurious Wedding Dresses &amp; Fashionable Gowns for Women, Girls and Kids\",\"url\":\"https:\\\/\\\/bridalfashion.com\\\/ro\\\/\",\"logo\":{\"@type\":\"ImageObject\",\"inLanguage\":\"ro-RO\",\"@id\":\"https:\\\/\\\/bridalfashion.com\\\/ro\\\/#\\\/schema\\\/logo\\\/image\\\/\",\"url\":\"https:\\\/\\\/bridalfashion.com\\\/wp-content\\\/uploads\\\/2022\\\/05\\\/cropped-BFG.png\",\"contentUrl\":\"https:\\\/\\\/bridalfashion.com\\\/wp-content\\\/uploads\\\/2022\\\/05\\\/cropped-BFG.png\",\"width\":1771,\"height\":119,\"caption\":\"BRIDAL FASHION \u2122 | Luxurious Wedding Dresses &amp; Fashionable Gowns for Women, Girls and Kids\"},\"image\":{\"@id\":\"https:\\\/\\\/bridalfashion.com\\\/ro\\\/#\\\/schema\\\/logo\\\/image\\\/\"}}]}<\/script>\n<!-- \/ Yoast SEO plugin. -->","yoast_head_json":{"title":"O rochie pentru copii fermec\u0103toare WINDFLOWER - WF0001 - BRIDAL FASHION \u2122 | Luxurious Wedding Dresses &amp; Fashionable Gowns for Women, Girls and Kids","description":"Rochie pentru copii stil de bal cu bolero deta\u0219abil WINDFLOWER - WF0001 \u00een culori alb, ivory \u0219i combina\u021bia ivory+cappuccino, lucrat\u0103 manual cu dantel\u0103 \u0219i \u00eempodobit\u0103 cu cristale. Fusta ampl\u0103, av\u00e2nd numeroase r\u00e2nduri de tul","robots":{"index":"index","follow":"follow","max-snippet":"max-snippet:-1","max-image-preview":"max-image-preview:large","max-video-preview":"max-video-preview:-1"},"canonical":"https:\/\/bridalfashion.com\/ro\/white-flowers-2020-ro\/rochia-minunata-pentru-copii-cu-un-bolero-detasabil-wf0001\/","og_locale":"ro_RO","og_type":"article","og_title":"O rochie pentru copii fermec\u0103toare WINDFLOWER - WF0001 - BRIDAL FASHION \u2122 | Luxurious Wedding Dresses &amp; Fashionable Gowns for Women, Girls and Kids","og_description":"Rochie pentru copii stil de bal cu bolero deta\u0219abil WINDFLOWER - WF0001 \u00een culori alb, ivory \u0219i combina\u021bia ivory+cappuccino, lucrat\u0103 manual cu dantel\u0103 \u0219i \u00eempodobit\u0103 cu cristale. Fusta ampl\u0103, av\u00e2nd numeroase r\u00e2nduri de tul","og_url":"https:\/\/bridalfashion.com\/ro\/white-flowers-2020-ro\/rochia-minunata-pentru-copii-cu-un-bolero-detasabil-wf0001\/","og_site_name":"BRIDAL FASHION \u2122 | Luxurious Wedding Dresses &amp; Fashionable Gowns for Women, Girls and Kids","og_image":[{"width":1516,"height":2000,"url":"https:\/\/bridalfashion.com\/wp-content\/uploads\/2021\/09\/WF0001_H_MH.jpg","type":"image\/jpeg"}],"twitter_card":"summary_large_image","twitter_misc":{"Timp estimat pentru citire":"1 minut"},"schema":{"@context":"https:\/\/schema.org","@graph":[{"@type":"WebPage","@id":"https:\/\/bridalfashion.com\/ro\/white-flowers-2020-ro\/rochia-minunata-pentru-copii-cu-un-bolero-detasabil-wf0001\/","url":"https:\/\/bridalfashion.com\/ro\/white-flowers-2020-ro\/rochia-minunata-pentru-copii-cu-un-bolero-detasabil-wf0001\/","name":"O rochie pentru copii fermec\u0103toare WINDFLOWER - WF0001 - BRIDAL FASHION \u2122 | Luxurious Wedding Dresses &amp; Fashionable Gowns for Women, Girls and Kids","isPartOf":{"@id":"https:\/\/bridalfashion.com\/ro\/#website"},"primaryImageOfPage":{"@id":"https:\/\/bridalfashion.com\/ro\/white-flowers-2020-ro\/rochia-minunata-pentru-copii-cu-un-bolero-detasabil-wf0001\/#primaryimage"},"image":{"@id":"https:\/\/bridalfashion.com\/ro\/white-flowers-2020-ro\/rochia-minunata-pentru-copii-cu-un-bolero-detasabil-wf0001\/#primaryimage"},"thumbnailUrl":"https:\/\/bridalfashion.com\/wp-content\/uploads\/2021\/09\/WF0001_H_MH.jpg","datePublished":"2022-02-16T09:53:55+00:00","description":"Rochie pentru copii stil de bal cu bolero deta\u0219abil WINDFLOWER - WF0001 \u00een culori alb, ivory \u0219i combina\u021bia ivory+cappuccino, lucrat\u0103 manual cu dantel\u0103 \u0219i \u00eempodobit\u0103 cu cristale. Fusta ampl\u0103, av\u00e2nd numeroase r\u00e2nduri de tul","breadcrumb":{"@id":"https:\/\/bridalfashion.com\/ro\/white-flowers-2020-ro\/rochia-minunata-pentru-copii-cu-un-bolero-detasabil-wf0001\/#breadcrumb"},"inLanguage":"ro-RO","potentialAction":[{"@type":"ReadAction","target":["https:\/\/bridalfashion.com\/ro\/white-flowers-2020-ro\/rochia-minunata-pentru-copii-cu-un-bolero-detasabil-wf0001\/"]}]},{"@type":"ImageObject","inLanguage":"ro-RO","@id":"https:\/\/bridalfashion.com\/ro\/white-flowers-2020-ro\/rochia-minunata-pentru-copii-cu-un-bolero-detasabil-wf0001\/#primaryimage","url":"https:\/\/bridalfashion.com\/wp-content\/uploads\/2021\/09\/WF0001_H_MH.jpg","contentUrl":"https:\/\/bridalfashion.com\/wp-content\/uploads\/2021\/09\/WF0001_H_MH.jpg","width":1516,"height":2000,"caption":"Rochie de bal fairy copii WINDFLOWER - WF0001 Vedere frontal\u0103 | BRIDAL FASHION"},{"@type":"BreadcrumbList","@id":"https:\/\/bridalfashion.com\/ro\/white-flowers-2020-ro\/rochia-minunata-pentru-copii-cu-un-bolero-detasabil-wf0001\/#breadcrumb","itemListElement":[{"@type":"ListItem","position":1,"name":"Home","item":"https:\/\/bridalfashion.com\/ro\/"},{"@type":"ListItem","position":2,"name":"Shop","item":"https:\/\/bridalfashion.com\/shop-2\/"},{"@type":"ListItem","position":3,"name":"O rochie pentru copii fermec\u0103toare WINDFLOWER &#8211; WF0001"}]},{"@type":"WebSite","@id":"https:\/\/bridalfashion.com\/ro\/#website","url":"https:\/\/bridalfashion.com\/ro\/","name":"BRIDAL FASHION \u2122 | Luxurious Wedding Dresses &amp; Fashionable Gowns for Women, Girls and Kids","description":"Welcome the leading manufacturer and supplier of wedding dresses. We offer in wholesale a large selection of high quality wedding dress collections and accessories for your business at competitive prices. Shop our full range of bridal products today!","publisher":{"@id":"https:\/\/bridalfashion.com\/ro\/#organization"},"potentialAction":[{"@type":"SearchAction","target":{"@type":"EntryPoint","urlTemplate":"https:\/\/bridalfashion.com\/ro\/?s={search_term_string}"},"query-input":{"@type":"PropertyValueSpecification","valueRequired":true,"valueName":"search_term_string"}}],"inLanguage":"ro-RO"},{"@type":"Organization","@id":"https:\/\/bridalfashion.com\/ro\/#organization","name":"BRIDAL FASHION \u2122 | Luxurious Wedding Dresses &amp; Fashionable Gowns for Women, Girls and Kids","url":"https:\/\/bridalfashion.com\/ro\/","logo":{"@type":"ImageObject","inLanguage":"ro-RO","@id":"https:\/\/bridalfashion.com\/ro\/#\/schema\/logo\/image\/","url":"https:\/\/bridalfashion.com\/wp-content\/uploads\/2022\/05\/cropped-BFG.png","contentUrl":"https:\/\/bridalfashion.com\/wp-content\/uploads\/2022\/05\/cropped-BFG.png","width":1771,"height":119,"caption":"BRIDAL FASHION \u2122 | Luxurious Wedding Dresses &amp; Fashionable Gowns for Women, Girls and Kids"},"image":{"@id":"https:\/\/bridalfashion.com\/ro\/#\/schema\/logo\/image\/"}}]}},"_links":{"self":[{"href":"https:\/\/bridalfashion.com\/ro\/wp-json\/wp\/v2\/product\/10049","targetHints":{"allow":["GET"]}}],"collection":[{"href":"https:\/\/bridalfashion.com\/ro\/wp-json\/wp\/v2\/product"}],"about":[{"href":"https:\/\/bridalfashion.com\/ro\/wp-json\/wp\/v2\/types\/product"}],"replies":[{"embeddable":true,"href":"https:\/\/bridalfashion.com\/ro\/wp-json\/wp\/v2\/comments?post=10049"}],"wp:featuredmedia":[{"embeddable":true,"href":"https:\/\/bridalfashion.com\/ro\/wp-json\/wp\/v2\/media\/4158"}],"wp:attachment":[{"href":"https:\/\/bridalfashion.com\/ro\/wp-json\/wp\/v2\/media?parent=10049"}],"wp:term":[{"taxonomy":"product_brand","embeddable":true,"href":"https:\/\/bridalfashion.com\/ro\/wp-json\/wp\/v2\/product_brand?post=10049"},{"taxonomy":"product_cat","embeddable":true,"href":"https:\/\/bridalfashion.com\/ro\/wp-json\/wp\/v2\/product_cat?post=10049"},{"taxonomy":"product_tag","embeddable":true,"href":"https:\/\/bridalfashion.com\/ro\/wp-json\/wp\/v2\/product_tag?post=10049"}],"curies":[{"name":"wp","href":"https:\/\/api.w.org\/{rel}","templated":true}]}}