{"id":10043,"date":"2021-09-24T11:05:36","date_gmt":"2022-02-14T10:29:51","guid":{"rendered":"https:\/\/bridalfashion.com\/rochie-de-mireasa-stratificata-din-matase-cu-spatele-deschis\/"},"modified":"2022-02-14T10:29:51","modified_gmt":"2022-02-14T10:29:51","slug":"rochie-de-mireasa-stratificata-din-matase-cu-spatele-deschis-stil-bf0161","status":"publish","type":"product","link":"https:\/\/bridalfashion.com\/ro\/inamorata-ro\/rochie-de-mireasa-stratificata-din-matase-cu-spatele-deschis-stil-bf0161\/","title":{"rendered":"Rochie de mireas\u0103 stratificat\u0103 din m\u0103tase cu spatele deschis"},"content":{"rendered":"<p>Aceasta rochie este elegan\u021b\u0103 pur\u0103. Topul este format dintr-un decolteu rotund clasic, care acoper\u0103 frumos corpul. M\u00e2necele au o t\u0103ietur\u0103 \u00een zona umerilor \u0219i sunt \u00eenfrumuse\u021bate cu nasturi delicate de perle de pe man\u0219ete. Trebuie remarcat faptul c\u0103 fusta stratificat\u0103 poate fi purtat\u0103 \u00een mai multe moduri, a\u0219a cum arat\u0103 manechina din imagini. \u00cen plus, aceast\u0103 \u021binut\u0103 este completat\u0103 de o tren\u0103 uimitoare care accentueaz\u0103 frumuse\u021bea miresei.<\/p>\n","protected":false},"excerpt":{"rendered":"<h4>Stil: BF0161<\/h4>\n","protected":false},"featured_media":4095,"comment_status":"open","ping_status":"closed","template":"","meta":[],"product_brand":[],"product_cat":[932],"product_tag":[],"class_list":{"0":"post-10043","1":"product","2":"type-product","3":"status-publish","4":"has-post-thumbnail","6":"product_cat-inamorata-ro","8":"first","9":"instock","10":"taxable","11":"shipping-taxable","12":"product-type-simple"},"yoast_head":"<!-- This site is optimized with the Yoast SEO plugin v27.4 - https:\/\/yoast.com\/product\/yoast-seo-wordpress\/ -->\n<title>Rochie de mireas\u0103 stratificat\u0103 din m\u0103tase cu spatele deschis - BRIDAL FASHION \u2122 | Luxurious Wedding Dresses &amp; Fashionable Gowns for Women, Girls and Kids<\/title>\n<meta name=\"description\" content=\"\u0412\u0438\u0433\u043b\u044f\u0434\u0430\u0439\u0442\u0435 \u0447\u0443\u0434\u043e\u0432\u043e \u0432 \u0446\u0456\u0439 \u0448\u043e\u0432\u043a\u043e\u0432\u0456\u0439 \u0432\u0435\u0441\u0456\u043b\u044c\u043d\u0456\u0439 \u0441\u0443\u043a\u043d\u0456. \u041d\u0430\u0432\u0456\u0442\u044c \u044f\u043a\u0449\u043e \u0432\u043e\u043d\u0430 \u0437\u0434\u0430\u0454\u0442\u044c\u0441\u044f \u043f\u0440\u043e\u0441\u0442\u043e\u044e, \u0446\u044f \u0441\u0443\u043a\u043d\u044f \u043d\u0430\u0434\u0437\u0432\u0438\u0447\u0430\u0439\u043d\u043e \u0441\u0442\u0438\u043b\u044c\u043d\u0430 \u0456 \u0434\u043e\u0431\u0440\u0435 \u043f\u0456\u0434\u0445\u043e\u0434\u0438\u0442\u044c \u0434\u043b\u044f \u0431\u0443\u0434\u044c-\u044f\u043a\u043e\u0433\u043e \u0442\u0438\u043f\u0443 \u0444\u0456\u0433\u0443\u0440\u0438. Este impodobita cu perle in zona mansetei si este croita la maneci. De asemenea, are un spate deschis superb \u0219i un tren de m\u0103turat.\" \/>\n<meta name=\"robots\" content=\"index, follow, max-snippet:-1, max-image-preview:large, max-video-preview:-1\" \/>\n<link rel=\"canonical\" href=\"https:\/\/bridalfashion.com\/ro\/inamorata-ro\/rochie-de-mireasa-stratificata-din-matase-cu-spatele-deschis-stil-bf0161\/\" \/>\n<meta property=\"og:locale\" content=\"ro_RO\" \/>\n<meta property=\"og:type\" content=\"article\" \/>\n<meta property=\"og:title\" content=\"Rochie de mireas\u0103 stratificat\u0103 din m\u0103tase cu spatele deschis - BRIDAL FASHION \u2122 | Luxurious Wedding Dresses &amp; Fashionable Gowns for Women, Girls and Kids\" \/>\n<meta property=\"og:description\" content=\"\u0412\u0438\u0433\u043b\u044f\u0434\u0430\u0439\u0442\u0435 \u0447\u0443\u0434\u043e\u0432\u043e \u0432 \u0446\u0456\u0439 \u0448\u043e\u0432\u043a\u043e\u0432\u0456\u0439 \u0432\u0435\u0441\u0456\u043b\u044c\u043d\u0456\u0439 \u0441\u0443\u043a\u043d\u0456. \u041d\u0430\u0432\u0456\u0442\u044c \u044f\u043a\u0449\u043e \u0432\u043e\u043d\u0430 \u0437\u0434\u0430\u0454\u0442\u044c\u0441\u044f \u043f\u0440\u043e\u0441\u0442\u043e\u044e, \u0446\u044f \u0441\u0443\u043a\u043d\u044f \u043d\u0430\u0434\u0437\u0432\u0438\u0447\u0430\u0439\u043d\u043e \u0441\u0442\u0438\u043b\u044c\u043d\u0430 \u0456 \u0434\u043e\u0431\u0440\u0435 \u043f\u0456\u0434\u0445\u043e\u0434\u0438\u0442\u044c \u0434\u043b\u044f \u0431\u0443\u0434\u044c-\u044f\u043a\u043e\u0433\u043e \u0442\u0438\u043f\u0443 \u0444\u0456\u0433\u0443\u0440\u0438. Este impodobita cu perle in zona mansetei si este croita la maneci. De asemenea, are un spate deschis superb \u0219i un tren de m\u0103turat.\" \/>\n<meta property=\"og:url\" content=\"https:\/\/bridalfashion.com\/ro\/inamorata-ro\/rochie-de-mireasa-stratificata-din-matase-cu-spatele-deschis-stil-bf0161\/\" \/>\n<meta property=\"og:site_name\" content=\"BRIDAL FASHION \u2122 | Luxurious Wedding Dresses &amp; Fashionable Gowns for Women, Girls and Kids\" \/>\n<meta property=\"og:image\" content=\"https:\/\/bridalfashion.com\/wp-content\/uploads\/2021\/09\/BF0161_B.jpg\" \/>\n\t<meta property=\"og:image:width\" content=\"1516\" \/>\n\t<meta property=\"og:image:height\" content=\"2000\" \/>\n\t<meta property=\"og:image:type\" content=\"image\/jpeg\" \/>\n<meta name=\"twitter:card\" content=\"summary_large_image\" \/>\n<script type=\"application\/ld+json\" class=\"yoast-schema-graph\">{\"@context\":\"https:\\\/\\\/schema.org\",\"@graph\":[{\"@type\":\"WebPage\",\"@id\":\"https:\\\/\\\/bridalfashion.com\\\/ro\\\/inamorata-ro\\\/rochie-de-mireasa-stratificata-din-matase-cu-spatele-deschis-stil-bf0161\\\/\",\"url\":\"https:\\\/\\\/bridalfashion.com\\\/ro\\\/inamorata-ro\\\/rochie-de-mireasa-stratificata-din-matase-cu-spatele-deschis-stil-bf0161\\\/\",\"name\":\"Rochie de mireas\u0103 stratificat\u0103 din m\u0103tase cu spatele deschis - BRIDAL FASHION \u2122 | Luxurious Wedding Dresses &amp; Fashionable Gowns for Women, Girls and Kids\",\"isPartOf\":{\"@id\":\"https:\\\/\\\/bridalfashion.com\\\/ro\\\/#website\"},\"primaryImageOfPage\":{\"@id\":\"https:\\\/\\\/bridalfashion.com\\\/ro\\\/inamorata-ro\\\/rochie-de-mireasa-stratificata-din-matase-cu-spatele-deschis-stil-bf0161\\\/#primaryimage\"},\"image\":{\"@id\":\"https:\\\/\\\/bridalfashion.com\\\/ro\\\/inamorata-ro\\\/rochie-de-mireasa-stratificata-din-matase-cu-spatele-deschis-stil-bf0161\\\/#primaryimage\"},\"thumbnailUrl\":\"https:\\\/\\\/bridalfashion.com\\\/wp-content\\\/uploads\\\/2021\\\/09\\\/BF0161_B.jpg\",\"datePublished\":\"2022-02-14T10:29:51+00:00\",\"description\":\"\u0412\u0438\u0433\u043b\u044f\u0434\u0430\u0439\u0442\u0435 \u0447\u0443\u0434\u043e\u0432\u043e \u0432 \u0446\u0456\u0439 \u0448\u043e\u0432\u043a\u043e\u0432\u0456\u0439 \u0432\u0435\u0441\u0456\u043b\u044c\u043d\u0456\u0439 \u0441\u0443\u043a\u043d\u0456. \u041d\u0430\u0432\u0456\u0442\u044c \u044f\u043a\u0449\u043e \u0432\u043e\u043d\u0430 \u0437\u0434\u0430\u0454\u0442\u044c\u0441\u044f \u043f\u0440\u043e\u0441\u0442\u043e\u044e, \u0446\u044f \u0441\u0443\u043a\u043d\u044f \u043d\u0430\u0434\u0437\u0432\u0438\u0447\u0430\u0439\u043d\u043e \u0441\u0442\u0438\u043b\u044c\u043d\u0430 \u0456 \u0434\u043e\u0431\u0440\u0435 \u043f\u0456\u0434\u0445\u043e\u0434\u0438\u0442\u044c \u0434\u043b\u044f \u0431\u0443\u0434\u044c-\u044f\u043a\u043e\u0433\u043e \u0442\u0438\u043f\u0443 \u0444\u0456\u0433\u0443\u0440\u0438. Este impodobita cu perle in zona mansetei si este croita la maneci. De asemenea, are un spate deschis superb \u0219i un tren de m\u0103turat.\",\"breadcrumb\":{\"@id\":\"https:\\\/\\\/bridalfashion.com\\\/ro\\\/inamorata-ro\\\/rochie-de-mireasa-stratificata-din-matase-cu-spatele-deschis-stil-bf0161\\\/#breadcrumb\"},\"inLanguage\":\"ro-RO\",\"potentialAction\":[{\"@type\":\"ReadAction\",\"target\":[\"https:\\\/\\\/bridalfashion.com\\\/ro\\\/inamorata-ro\\\/rochie-de-mireasa-stratificata-din-matase-cu-spatele-deschis-stil-bf0161\\\/\"]}]},{\"@type\":\"ImageObject\",\"inLanguage\":\"ro-RO\",\"@id\":\"https:\\\/\\\/bridalfashion.com\\\/ro\\\/inamorata-ro\\\/rochie-de-mireasa-stratificata-din-matase-cu-spatele-deschis-stil-bf0161\\\/#primaryimage\",\"url\":\"https:\\\/\\\/bridalfashion.com\\\/wp-content\\\/uploads\\\/2021\\\/09\\\/BF0161_B.jpg\",\"contentUrl\":\"https:\\\/\\\/bridalfashion.com\\\/wp-content\\\/uploads\\\/2021\\\/09\\\/BF0161_B.jpg\",\"width\":1516,\"height\":2000,\"caption\":\"Rochie de mireasa BF0161 Foto 3 - BRIDAL FASHION\"},{\"@type\":\"BreadcrumbList\",\"@id\":\"https:\\\/\\\/bridalfashion.com\\\/ro\\\/inamorata-ro\\\/rochie-de-mireasa-stratificata-din-matase-cu-spatele-deschis-stil-bf0161\\\/#breadcrumb\",\"itemListElement\":[{\"@type\":\"ListItem\",\"position\":1,\"name\":\"Home\",\"item\":\"https:\\\/\\\/bridalfashion.com\\\/ro\\\/\"},{\"@type\":\"ListItem\",\"position\":2,\"name\":\"Shop\",\"item\":\"https:\\\/\\\/bridalfashion.com\\\/shop-2\\\/\"},{\"@type\":\"ListItem\",\"position\":3,\"name\":\"Rochie de mireas\u0103 stratificat\u0103 din m\u0103tase cu spatele deschis\"}]},{\"@type\":\"WebSite\",\"@id\":\"https:\\\/\\\/bridalfashion.com\\\/ro\\\/#website\",\"url\":\"https:\\\/\\\/bridalfashion.com\\\/ro\\\/\",\"name\":\"BRIDAL FASHION \u2122 | Luxurious Wedding Dresses &amp; Fashionable Gowns for Women, Girls and Kids\",\"description\":\"Welcome the leading manufacturer and supplier of wedding dresses. We offer in wholesale a large selection of high quality wedding dress collections and accessories for your business at competitive prices. Shop our full range of bridal products today!\",\"publisher\":{\"@id\":\"https:\\\/\\\/bridalfashion.com\\\/ro\\\/#organization\"},\"potentialAction\":[{\"@type\":\"SearchAction\",\"target\":{\"@type\":\"EntryPoint\",\"urlTemplate\":\"https:\\\/\\\/bridalfashion.com\\\/ro\\\/?s={search_term_string}\"},\"query-input\":{\"@type\":\"PropertyValueSpecification\",\"valueRequired\":true,\"valueName\":\"search_term_string\"}}],\"inLanguage\":\"ro-RO\"},{\"@type\":\"Organization\",\"@id\":\"https:\\\/\\\/bridalfashion.com\\\/ro\\\/#organization\",\"name\":\"BRIDAL FASHION \u2122 | Luxurious Wedding Dresses &amp; Fashionable Gowns for Women, Girls and Kids\",\"url\":\"https:\\\/\\\/bridalfashion.com\\\/ro\\\/\",\"logo\":{\"@type\":\"ImageObject\",\"inLanguage\":\"ro-RO\",\"@id\":\"https:\\\/\\\/bridalfashion.com\\\/ro\\\/#\\\/schema\\\/logo\\\/image\\\/\",\"url\":\"https:\\\/\\\/bridalfashion.com\\\/wp-content\\\/uploads\\\/2022\\\/05\\\/cropped-BFG.png\",\"contentUrl\":\"https:\\\/\\\/bridalfashion.com\\\/wp-content\\\/uploads\\\/2022\\\/05\\\/cropped-BFG.png\",\"width\":1771,\"height\":119,\"caption\":\"BRIDAL FASHION \u2122 | Luxurious Wedding Dresses &amp; Fashionable Gowns for Women, Girls and Kids\"},\"image\":{\"@id\":\"https:\\\/\\\/bridalfashion.com\\\/ro\\\/#\\\/schema\\\/logo\\\/image\\\/\"}}]}<\/script>\n<!-- \/ Yoast SEO plugin. -->","yoast_head_json":{"title":"Rochie de mireas\u0103 stratificat\u0103 din m\u0103tase cu spatele deschis - BRIDAL FASHION \u2122 | Luxurious Wedding Dresses &amp; Fashionable Gowns for Women, Girls and Kids","description":"\u0412\u0438\u0433\u043b\u044f\u0434\u0430\u0439\u0442\u0435 \u0447\u0443\u0434\u043e\u0432\u043e \u0432 \u0446\u0456\u0439 \u0448\u043e\u0432\u043a\u043e\u0432\u0456\u0439 \u0432\u0435\u0441\u0456\u043b\u044c\u043d\u0456\u0439 \u0441\u0443\u043a\u043d\u0456. \u041d\u0430\u0432\u0456\u0442\u044c \u044f\u043a\u0449\u043e \u0432\u043e\u043d\u0430 \u0437\u0434\u0430\u0454\u0442\u044c\u0441\u044f \u043f\u0440\u043e\u0441\u0442\u043e\u044e, \u0446\u044f \u0441\u0443\u043a\u043d\u044f \u043d\u0430\u0434\u0437\u0432\u0438\u0447\u0430\u0439\u043d\u043e \u0441\u0442\u0438\u043b\u044c\u043d\u0430 \u0456 \u0434\u043e\u0431\u0440\u0435 \u043f\u0456\u0434\u0445\u043e\u0434\u0438\u0442\u044c \u0434\u043b\u044f \u0431\u0443\u0434\u044c-\u044f\u043a\u043e\u0433\u043e \u0442\u0438\u043f\u0443 \u0444\u0456\u0433\u0443\u0440\u0438. Este impodobita cu perle in zona mansetei si este croita la maneci. De asemenea, are un spate deschis superb \u0219i un tren de m\u0103turat.","robots":{"index":"index","follow":"follow","max-snippet":"max-snippet:-1","max-image-preview":"max-image-preview:large","max-video-preview":"max-video-preview:-1"},"canonical":"https:\/\/bridalfashion.com\/ro\/inamorata-ro\/rochie-de-mireasa-stratificata-din-matase-cu-spatele-deschis-stil-bf0161\/","og_locale":"ro_RO","og_type":"article","og_title":"Rochie de mireas\u0103 stratificat\u0103 din m\u0103tase cu spatele deschis - BRIDAL FASHION \u2122 | Luxurious Wedding Dresses &amp; Fashionable Gowns for Women, Girls and Kids","og_description":"\u0412\u0438\u0433\u043b\u044f\u0434\u0430\u0439\u0442\u0435 \u0447\u0443\u0434\u043e\u0432\u043e \u0432 \u0446\u0456\u0439 \u0448\u043e\u0432\u043a\u043e\u0432\u0456\u0439 \u0432\u0435\u0441\u0456\u043b\u044c\u043d\u0456\u0439 \u0441\u0443\u043a\u043d\u0456. \u041d\u0430\u0432\u0456\u0442\u044c \u044f\u043a\u0449\u043e \u0432\u043e\u043d\u0430 \u0437\u0434\u0430\u0454\u0442\u044c\u0441\u044f \u043f\u0440\u043e\u0441\u0442\u043e\u044e, \u0446\u044f \u0441\u0443\u043a\u043d\u044f \u043d\u0430\u0434\u0437\u0432\u0438\u0447\u0430\u0439\u043d\u043e \u0441\u0442\u0438\u043b\u044c\u043d\u0430 \u0456 \u0434\u043e\u0431\u0440\u0435 \u043f\u0456\u0434\u0445\u043e\u0434\u0438\u0442\u044c \u0434\u043b\u044f \u0431\u0443\u0434\u044c-\u044f\u043a\u043e\u0433\u043e \u0442\u0438\u043f\u0443 \u0444\u0456\u0433\u0443\u0440\u0438. Este impodobita cu perle in zona mansetei si este croita la maneci. De asemenea, are un spate deschis superb \u0219i un tren de m\u0103turat.","og_url":"https:\/\/bridalfashion.com\/ro\/inamorata-ro\/rochie-de-mireasa-stratificata-din-matase-cu-spatele-deschis-stil-bf0161\/","og_site_name":"BRIDAL FASHION \u2122 | Luxurious Wedding Dresses &amp; Fashionable Gowns for Women, Girls and Kids","og_image":[{"width":1516,"height":2000,"url":"https:\/\/bridalfashion.com\/wp-content\/uploads\/2021\/09\/BF0161_B.jpg","type":"image\/jpeg"}],"twitter_card":"summary_large_image","schema":{"@context":"https:\/\/schema.org","@graph":[{"@type":"WebPage","@id":"https:\/\/bridalfashion.com\/ro\/inamorata-ro\/rochie-de-mireasa-stratificata-din-matase-cu-spatele-deschis-stil-bf0161\/","url":"https:\/\/bridalfashion.com\/ro\/inamorata-ro\/rochie-de-mireasa-stratificata-din-matase-cu-spatele-deschis-stil-bf0161\/","name":"Rochie de mireas\u0103 stratificat\u0103 din m\u0103tase cu spatele deschis - BRIDAL FASHION \u2122 | Luxurious Wedding Dresses &amp; Fashionable Gowns for Women, Girls and Kids","isPartOf":{"@id":"https:\/\/bridalfashion.com\/ro\/#website"},"primaryImageOfPage":{"@id":"https:\/\/bridalfashion.com\/ro\/inamorata-ro\/rochie-de-mireasa-stratificata-din-matase-cu-spatele-deschis-stil-bf0161\/#primaryimage"},"image":{"@id":"https:\/\/bridalfashion.com\/ro\/inamorata-ro\/rochie-de-mireasa-stratificata-din-matase-cu-spatele-deschis-stil-bf0161\/#primaryimage"},"thumbnailUrl":"https:\/\/bridalfashion.com\/wp-content\/uploads\/2021\/09\/BF0161_B.jpg","datePublished":"2022-02-14T10:29:51+00:00","description":"\u0412\u0438\u0433\u043b\u044f\u0434\u0430\u0439\u0442\u0435 \u0447\u0443\u0434\u043e\u0432\u043e \u0432 \u0446\u0456\u0439 \u0448\u043e\u0432\u043a\u043e\u0432\u0456\u0439 \u0432\u0435\u0441\u0456\u043b\u044c\u043d\u0456\u0439 \u0441\u0443\u043a\u043d\u0456. \u041d\u0430\u0432\u0456\u0442\u044c \u044f\u043a\u0449\u043e \u0432\u043e\u043d\u0430 \u0437\u0434\u0430\u0454\u0442\u044c\u0441\u044f \u043f\u0440\u043e\u0441\u0442\u043e\u044e, \u0446\u044f \u0441\u0443\u043a\u043d\u044f \u043d\u0430\u0434\u0437\u0432\u0438\u0447\u0430\u0439\u043d\u043e \u0441\u0442\u0438\u043b\u044c\u043d\u0430 \u0456 \u0434\u043e\u0431\u0440\u0435 \u043f\u0456\u0434\u0445\u043e\u0434\u0438\u0442\u044c \u0434\u043b\u044f \u0431\u0443\u0434\u044c-\u044f\u043a\u043e\u0433\u043e \u0442\u0438\u043f\u0443 \u0444\u0456\u0433\u0443\u0440\u0438. Este impodobita cu perle in zona mansetei si este croita la maneci. De asemenea, are un spate deschis superb \u0219i un tren de m\u0103turat.","breadcrumb":{"@id":"https:\/\/bridalfashion.com\/ro\/inamorata-ro\/rochie-de-mireasa-stratificata-din-matase-cu-spatele-deschis-stil-bf0161\/#breadcrumb"},"inLanguage":"ro-RO","potentialAction":[{"@type":"ReadAction","target":["https:\/\/bridalfashion.com\/ro\/inamorata-ro\/rochie-de-mireasa-stratificata-din-matase-cu-spatele-deschis-stil-bf0161\/"]}]},{"@type":"ImageObject","inLanguage":"ro-RO","@id":"https:\/\/bridalfashion.com\/ro\/inamorata-ro\/rochie-de-mireasa-stratificata-din-matase-cu-spatele-deschis-stil-bf0161\/#primaryimage","url":"https:\/\/bridalfashion.com\/wp-content\/uploads\/2021\/09\/BF0161_B.jpg","contentUrl":"https:\/\/bridalfashion.com\/wp-content\/uploads\/2021\/09\/BF0161_B.jpg","width":1516,"height":2000,"caption":"Rochie de mireasa BF0161 Foto 3 - BRIDAL FASHION"},{"@type":"BreadcrumbList","@id":"https:\/\/bridalfashion.com\/ro\/inamorata-ro\/rochie-de-mireasa-stratificata-din-matase-cu-spatele-deschis-stil-bf0161\/#breadcrumb","itemListElement":[{"@type":"ListItem","position":1,"name":"Home","item":"https:\/\/bridalfashion.com\/ro\/"},{"@type":"ListItem","position":2,"name":"Shop","item":"https:\/\/bridalfashion.com\/shop-2\/"},{"@type":"ListItem","position":3,"name":"Rochie de mireas\u0103 stratificat\u0103 din m\u0103tase cu spatele deschis"}]},{"@type":"WebSite","@id":"https:\/\/bridalfashion.com\/ro\/#website","url":"https:\/\/bridalfashion.com\/ro\/","name":"BRIDAL FASHION \u2122 | Luxurious Wedding Dresses &amp; Fashionable Gowns for Women, Girls and Kids","description":"Welcome the leading manufacturer and supplier of wedding dresses. We offer in wholesale a large selection of high quality wedding dress collections and accessories for your business at competitive prices. Shop our full range of bridal products today!","publisher":{"@id":"https:\/\/bridalfashion.com\/ro\/#organization"},"potentialAction":[{"@type":"SearchAction","target":{"@type":"EntryPoint","urlTemplate":"https:\/\/bridalfashion.com\/ro\/?s={search_term_string}"},"query-input":{"@type":"PropertyValueSpecification","valueRequired":true,"valueName":"search_term_string"}}],"inLanguage":"ro-RO"},{"@type":"Organization","@id":"https:\/\/bridalfashion.com\/ro\/#organization","name":"BRIDAL FASHION \u2122 | Luxurious Wedding Dresses &amp; Fashionable Gowns for Women, Girls and Kids","url":"https:\/\/bridalfashion.com\/ro\/","logo":{"@type":"ImageObject","inLanguage":"ro-RO","@id":"https:\/\/bridalfashion.com\/ro\/#\/schema\/logo\/image\/","url":"https:\/\/bridalfashion.com\/wp-content\/uploads\/2022\/05\/cropped-BFG.png","contentUrl":"https:\/\/bridalfashion.com\/wp-content\/uploads\/2022\/05\/cropped-BFG.png","width":1771,"height":119,"caption":"BRIDAL FASHION \u2122 | Luxurious Wedding Dresses &amp; Fashionable Gowns for Women, Girls and Kids"},"image":{"@id":"https:\/\/bridalfashion.com\/ro\/#\/schema\/logo\/image\/"}}]}},"_links":{"self":[{"href":"https:\/\/bridalfashion.com\/ro\/wp-json\/wp\/v2\/product\/10043","targetHints":{"allow":["GET"]}}],"collection":[{"href":"https:\/\/bridalfashion.com\/ro\/wp-json\/wp\/v2\/product"}],"about":[{"href":"https:\/\/bridalfashion.com\/ro\/wp-json\/wp\/v2\/types\/product"}],"replies":[{"embeddable":true,"href":"https:\/\/bridalfashion.com\/ro\/wp-json\/wp\/v2\/comments?post=10043"}],"wp:featuredmedia":[{"embeddable":true,"href":"https:\/\/bridalfashion.com\/ro\/wp-json\/wp\/v2\/media\/4095"}],"wp:attachment":[{"href":"https:\/\/bridalfashion.com\/ro\/wp-json\/wp\/v2\/media?parent=10043"}],"wp:term":[{"taxonomy":"product_brand","embeddable":true,"href":"https:\/\/bridalfashion.com\/ro\/wp-json\/wp\/v2\/product_brand?post=10043"},{"taxonomy":"product_cat","embeddable":true,"href":"https:\/\/bridalfashion.com\/ro\/wp-json\/wp\/v2\/product_cat?post=10043"},{"taxonomy":"product_tag","embeddable":true,"href":"https:\/\/bridalfashion.com\/ro\/wp-json\/wp\/v2\/product_tag?post=10043"}],"curies":[{"name":"wp","href":"https:\/\/api.w.org\/{rel}","templated":true}]}}