{"id":10040,"date":"2021-09-24T11:03:10","date_gmt":"2022-02-14T10:20:17","guid":{"rendered":"https:\/\/bridalfashion.com\/rochie-de-mireasa-cu-decolteu-in-spate\/"},"modified":"2022-02-14T10:20:17","modified_gmt":"2022-02-14T10:20:17","slug":"rochie-de-mireasa-cu-decolteu-spate-stil-bf0160","status":"publish","type":"product","link":"https:\/\/bridalfashion.com\/ro\/inamorata-ro\/rochie-de-mireasa-cu-decolteu-spate-stil-bf0160\/","title":{"rendered":"Rochie de mireas\u0103 cu decolteu \u00een spate"},"content":{"rendered":"<p>Silueta dreapt\u0103 a acestei rochii este un clasic al tuturor timpurilor. Designul s\u0103u minimalist subliniaz\u0103 cele mai bune caracteristici ale miresei, astfel \u00eenc\u00e2t toat\u0103 aten\u021bia va fi pe d\u00e2nsa. M\u00e2necile largi cu volane adaug\u0103 o imagine de extravagan\u021b\u0103 la look-ul general. Pe spate se afl\u0103 un decolteu \u00eencruci\u0219at \u0219i un fermoar. Fusta, realizat\u0103 din \u021bes\u0103tur\u0103 delicat\u0103, faciliteaz\u0103 mi\u0219carea miresei \u0219i este ideal\u0103 pentru primul dans al nou-casatorilor.<\/p>\n","protected":false},"excerpt":{"rendered":"<h4>Stil: BF0160<\/h4>\n","protected":false},"featured_media":4086,"comment_status":"open","ping_status":"closed","template":"","meta":[],"product_brand":[],"product_cat":[932],"product_tag":[],"class_list":{"0":"post-10040","1":"product","2":"type-product","3":"status-publish","4":"has-post-thumbnail","6":"product_cat-inamorata-ro","8":"first","9":"instock","10":"taxable","11":"shipping-taxable","12":"product-type-simple"},"yoast_head":"<!-- This site is optimized with the Yoast SEO plugin v27.5 - https:\/\/yoast.com\/product\/yoast-seo-wordpress\/ -->\n<title>Rochie de mireas\u0103 cu decolteu \u00een spate - BRIDAL FASHION \u2122 | Luxurious Wedding Dresses &amp; Fashionable Gowns for Women, Girls and Kids<\/title>\n<meta name=\"description\" content=\"Aceast\u0103 rochie spectaculoas\u0103 de m\u0103tase, cu m\u00e2neci largi \u0219i un decolteu \u00eencruci\u0219at \u00een spate, v\u0103 va oferi un aspect uimitor. Silueta dreapt\u0103 accentueaz\u0103 figura feminin\u0103 a miresei. Pe partea din spate exist\u0103 un fermoar care completeaz\u0103 imaginea.\" \/>\n<meta name=\"robots\" content=\"index, follow, max-snippet:-1, max-image-preview:large, max-video-preview:-1\" \/>\n<link rel=\"canonical\" href=\"https:\/\/bridalfashion.com\/ro\/inamorata-ro\/rochie-de-mireasa-cu-decolteu-spate-stil-bf0160\/\" \/>\n<meta property=\"og:locale\" content=\"ro_RO\" \/>\n<meta property=\"og:type\" content=\"article\" \/>\n<meta property=\"og:title\" content=\"Rochie de mireas\u0103 cu decolteu \u00een spate - BRIDAL FASHION \u2122 | Luxurious Wedding Dresses &amp; Fashionable Gowns for Women, Girls and Kids\" \/>\n<meta property=\"og:description\" content=\"Aceast\u0103 rochie spectaculoas\u0103 de m\u0103tase, cu m\u00e2neci largi \u0219i un decolteu \u00eencruci\u0219at \u00een spate, v\u0103 va oferi un aspect uimitor. Silueta dreapt\u0103 accentueaz\u0103 figura feminin\u0103 a miresei. Pe partea din spate exist\u0103 un fermoar care completeaz\u0103 imaginea.\" \/>\n<meta property=\"og:url\" content=\"https:\/\/bridalfashion.com\/ro\/inamorata-ro\/rochie-de-mireasa-cu-decolteu-spate-stil-bf0160\/\" \/>\n<meta property=\"og:site_name\" content=\"BRIDAL FASHION \u2122 | Luxurious Wedding Dresses &amp; Fashionable Gowns for Women, Girls and Kids\" \/>\n<meta property=\"og:image\" content=\"https:\/\/bridalfashion.com\/wp-content\/uploads\/2021\/09\/BF0160_B.jpg\" \/>\n\t<meta property=\"og:image:width\" content=\"1516\" \/>\n\t<meta property=\"og:image:height\" content=\"2000\" \/>\n\t<meta property=\"og:image:type\" content=\"image\/jpeg\" \/>\n<meta name=\"twitter:card\" content=\"summary_large_image\" \/>\n<script type=\"application\/ld+json\" class=\"yoast-schema-graph\">{\"@context\":\"https:\\\/\\\/schema.org\",\"@graph\":[{\"@type\":\"WebPage\",\"@id\":\"https:\\\/\\\/bridalfashion.com\\\/ro\\\/inamorata-ro\\\/rochie-de-mireasa-cu-decolteu-spate-stil-bf0160\\\/\",\"url\":\"https:\\\/\\\/bridalfashion.com\\\/ro\\\/inamorata-ro\\\/rochie-de-mireasa-cu-decolteu-spate-stil-bf0160\\\/\",\"name\":\"Rochie de mireas\u0103 cu decolteu \u00een spate - BRIDAL FASHION \u2122 | Luxurious Wedding Dresses &amp; Fashionable Gowns for Women, Girls and Kids\",\"isPartOf\":{\"@id\":\"https:\\\/\\\/bridalfashion.com\\\/ro\\\/#website\"},\"primaryImageOfPage\":{\"@id\":\"https:\\\/\\\/bridalfashion.com\\\/ro\\\/inamorata-ro\\\/rochie-de-mireasa-cu-decolteu-spate-stil-bf0160\\\/#primaryimage\"},\"image\":{\"@id\":\"https:\\\/\\\/bridalfashion.com\\\/ro\\\/inamorata-ro\\\/rochie-de-mireasa-cu-decolteu-spate-stil-bf0160\\\/#primaryimage\"},\"thumbnailUrl\":\"https:\\\/\\\/bridalfashion.com\\\/wp-content\\\/uploads\\\/2021\\\/09\\\/BF0160_B.jpg\",\"datePublished\":\"2022-02-14T10:20:17+00:00\",\"description\":\"Aceast\u0103 rochie spectaculoas\u0103 de m\u0103tase, cu m\u00e2neci largi \u0219i un decolteu \u00eencruci\u0219at \u00een spate, v\u0103 va oferi un aspect uimitor. Silueta dreapt\u0103 accentueaz\u0103 figura feminin\u0103 a miresei. Pe partea din spate exist\u0103 un fermoar care completeaz\u0103 imaginea.\",\"breadcrumb\":{\"@id\":\"https:\\\/\\\/bridalfashion.com\\\/ro\\\/inamorata-ro\\\/rochie-de-mireasa-cu-decolteu-spate-stil-bf0160\\\/#breadcrumb\"},\"inLanguage\":\"ro-RO\",\"potentialAction\":[{\"@type\":\"ReadAction\",\"target\":[\"https:\\\/\\\/bridalfashion.com\\\/ro\\\/inamorata-ro\\\/rochie-de-mireasa-cu-decolteu-spate-stil-bf0160\\\/\"]}]},{\"@type\":\"ImageObject\",\"inLanguage\":\"ro-RO\",\"@id\":\"https:\\\/\\\/bridalfashion.com\\\/ro\\\/inamorata-ro\\\/rochie-de-mireasa-cu-decolteu-spate-stil-bf0160\\\/#primaryimage\",\"url\":\"https:\\\/\\\/bridalfashion.com\\\/wp-content\\\/uploads\\\/2021\\\/09\\\/BF0160_B.jpg\",\"contentUrl\":\"https:\\\/\\\/bridalfashion.com\\\/wp-content\\\/uploads\\\/2021\\\/09\\\/BF0160_B.jpg\",\"width\":1516,\"height\":2000,\"caption\":\"Rochie de mireasa BF0160 Foto 3 - BRIDAL FASHION\"},{\"@type\":\"BreadcrumbList\",\"@id\":\"https:\\\/\\\/bridalfashion.com\\\/ro\\\/inamorata-ro\\\/rochie-de-mireasa-cu-decolteu-spate-stil-bf0160\\\/#breadcrumb\",\"itemListElement\":[{\"@type\":\"ListItem\",\"position\":1,\"name\":\"Home\",\"item\":\"https:\\\/\\\/bridalfashion.com\\\/ro\\\/\"},{\"@type\":\"ListItem\",\"position\":2,\"name\":\"Shop\",\"item\":\"https:\\\/\\\/bridalfashion.com\\\/shop-2\\\/\"},{\"@type\":\"ListItem\",\"position\":3,\"name\":\"Rochie de mireas\u0103 cu decolteu \u00een spate\"}]},{\"@type\":\"WebSite\",\"@id\":\"https:\\\/\\\/bridalfashion.com\\\/ro\\\/#website\",\"url\":\"https:\\\/\\\/bridalfashion.com\\\/ro\\\/\",\"name\":\"BRIDAL FASHION \u2122 | Luxurious Wedding Dresses &amp; Fashionable Gowns for Women, Girls and Kids\",\"description\":\"Welcome the leading manufacturer and supplier of wedding dresses. We offer in wholesale a large selection of high quality wedding dress collections and accessories for your business at competitive prices. Shop our full range of bridal products today!\",\"publisher\":{\"@id\":\"https:\\\/\\\/bridalfashion.com\\\/ro\\\/#organization\"},\"potentialAction\":[{\"@type\":\"SearchAction\",\"target\":{\"@type\":\"EntryPoint\",\"urlTemplate\":\"https:\\\/\\\/bridalfashion.com\\\/ro\\\/?s={search_term_string}\"},\"query-input\":{\"@type\":\"PropertyValueSpecification\",\"valueRequired\":true,\"valueName\":\"search_term_string\"}}],\"inLanguage\":\"ro-RO\"},{\"@type\":\"Organization\",\"@id\":\"https:\\\/\\\/bridalfashion.com\\\/ro\\\/#organization\",\"name\":\"BRIDAL FASHION \u2122 | Luxurious Wedding Dresses &amp; Fashionable Gowns for Women, Girls and Kids\",\"url\":\"https:\\\/\\\/bridalfashion.com\\\/ro\\\/\",\"logo\":{\"@type\":\"ImageObject\",\"inLanguage\":\"ro-RO\",\"@id\":\"https:\\\/\\\/bridalfashion.com\\\/ro\\\/#\\\/schema\\\/logo\\\/image\\\/\",\"url\":\"https:\\\/\\\/bridalfashion.com\\\/wp-content\\\/uploads\\\/2022\\\/05\\\/cropped-BFG.png\",\"contentUrl\":\"https:\\\/\\\/bridalfashion.com\\\/wp-content\\\/uploads\\\/2022\\\/05\\\/cropped-BFG.png\",\"width\":1771,\"height\":119,\"caption\":\"BRIDAL FASHION \u2122 | Luxurious Wedding Dresses &amp; Fashionable Gowns for Women, Girls and Kids\"},\"image\":{\"@id\":\"https:\\\/\\\/bridalfashion.com\\\/ro\\\/#\\\/schema\\\/logo\\\/image\\\/\"}}]}<\/script>\n<!-- \/ Yoast SEO plugin. -->","yoast_head_json":{"title":"Rochie de mireas\u0103 cu decolteu \u00een spate - BRIDAL FASHION \u2122 | Luxurious Wedding Dresses &amp; Fashionable Gowns for Women, Girls and Kids","description":"Aceast\u0103 rochie spectaculoas\u0103 de m\u0103tase, cu m\u00e2neci largi \u0219i un decolteu \u00eencruci\u0219at \u00een spate, v\u0103 va oferi un aspect uimitor. Silueta dreapt\u0103 accentueaz\u0103 figura feminin\u0103 a miresei. Pe partea din spate exist\u0103 un fermoar care completeaz\u0103 imaginea.","robots":{"index":"index","follow":"follow","max-snippet":"max-snippet:-1","max-image-preview":"max-image-preview:large","max-video-preview":"max-video-preview:-1"},"canonical":"https:\/\/bridalfashion.com\/ro\/inamorata-ro\/rochie-de-mireasa-cu-decolteu-spate-stil-bf0160\/","og_locale":"ro_RO","og_type":"article","og_title":"Rochie de mireas\u0103 cu decolteu \u00een spate - BRIDAL FASHION \u2122 | Luxurious Wedding Dresses &amp; Fashionable Gowns for Women, Girls and Kids","og_description":"Aceast\u0103 rochie spectaculoas\u0103 de m\u0103tase, cu m\u00e2neci largi \u0219i un decolteu \u00eencruci\u0219at \u00een spate, v\u0103 va oferi un aspect uimitor. Silueta dreapt\u0103 accentueaz\u0103 figura feminin\u0103 a miresei. Pe partea din spate exist\u0103 un fermoar care completeaz\u0103 imaginea.","og_url":"https:\/\/bridalfashion.com\/ro\/inamorata-ro\/rochie-de-mireasa-cu-decolteu-spate-stil-bf0160\/","og_site_name":"BRIDAL FASHION \u2122 | Luxurious Wedding Dresses &amp; Fashionable Gowns for Women, Girls and Kids","og_image":[{"width":1516,"height":2000,"url":"https:\/\/bridalfashion.com\/wp-content\/uploads\/2021\/09\/BF0160_B.jpg","type":"image\/jpeg"}],"twitter_card":"summary_large_image","schema":{"@context":"https:\/\/schema.org","@graph":[{"@type":"WebPage","@id":"https:\/\/bridalfashion.com\/ro\/inamorata-ro\/rochie-de-mireasa-cu-decolteu-spate-stil-bf0160\/","url":"https:\/\/bridalfashion.com\/ro\/inamorata-ro\/rochie-de-mireasa-cu-decolteu-spate-stil-bf0160\/","name":"Rochie de mireas\u0103 cu decolteu \u00een spate - BRIDAL FASHION \u2122 | Luxurious Wedding Dresses &amp; Fashionable Gowns for Women, Girls and Kids","isPartOf":{"@id":"https:\/\/bridalfashion.com\/ro\/#website"},"primaryImageOfPage":{"@id":"https:\/\/bridalfashion.com\/ro\/inamorata-ro\/rochie-de-mireasa-cu-decolteu-spate-stil-bf0160\/#primaryimage"},"image":{"@id":"https:\/\/bridalfashion.com\/ro\/inamorata-ro\/rochie-de-mireasa-cu-decolteu-spate-stil-bf0160\/#primaryimage"},"thumbnailUrl":"https:\/\/bridalfashion.com\/wp-content\/uploads\/2021\/09\/BF0160_B.jpg","datePublished":"2022-02-14T10:20:17+00:00","description":"Aceast\u0103 rochie spectaculoas\u0103 de m\u0103tase, cu m\u00e2neci largi \u0219i un decolteu \u00eencruci\u0219at \u00een spate, v\u0103 va oferi un aspect uimitor. Silueta dreapt\u0103 accentueaz\u0103 figura feminin\u0103 a miresei. Pe partea din spate exist\u0103 un fermoar care completeaz\u0103 imaginea.","breadcrumb":{"@id":"https:\/\/bridalfashion.com\/ro\/inamorata-ro\/rochie-de-mireasa-cu-decolteu-spate-stil-bf0160\/#breadcrumb"},"inLanguage":"ro-RO","potentialAction":[{"@type":"ReadAction","target":["https:\/\/bridalfashion.com\/ro\/inamorata-ro\/rochie-de-mireasa-cu-decolteu-spate-stil-bf0160\/"]}]},{"@type":"ImageObject","inLanguage":"ro-RO","@id":"https:\/\/bridalfashion.com\/ro\/inamorata-ro\/rochie-de-mireasa-cu-decolteu-spate-stil-bf0160\/#primaryimage","url":"https:\/\/bridalfashion.com\/wp-content\/uploads\/2021\/09\/BF0160_B.jpg","contentUrl":"https:\/\/bridalfashion.com\/wp-content\/uploads\/2021\/09\/BF0160_B.jpg","width":1516,"height":2000,"caption":"Rochie de mireasa BF0160 Foto 3 - BRIDAL FASHION"},{"@type":"BreadcrumbList","@id":"https:\/\/bridalfashion.com\/ro\/inamorata-ro\/rochie-de-mireasa-cu-decolteu-spate-stil-bf0160\/#breadcrumb","itemListElement":[{"@type":"ListItem","position":1,"name":"Home","item":"https:\/\/bridalfashion.com\/ro\/"},{"@type":"ListItem","position":2,"name":"Shop","item":"https:\/\/bridalfashion.com\/shop-2\/"},{"@type":"ListItem","position":3,"name":"Rochie de mireas\u0103 cu decolteu \u00een spate"}]},{"@type":"WebSite","@id":"https:\/\/bridalfashion.com\/ro\/#website","url":"https:\/\/bridalfashion.com\/ro\/","name":"BRIDAL FASHION \u2122 | Luxurious Wedding Dresses &amp; Fashionable Gowns for Women, Girls and Kids","description":"Welcome the leading manufacturer and supplier of wedding dresses. We offer in wholesale a large selection of high quality wedding dress collections and accessories for your business at competitive prices. Shop our full range of bridal products today!","publisher":{"@id":"https:\/\/bridalfashion.com\/ro\/#organization"},"potentialAction":[{"@type":"SearchAction","target":{"@type":"EntryPoint","urlTemplate":"https:\/\/bridalfashion.com\/ro\/?s={search_term_string}"},"query-input":{"@type":"PropertyValueSpecification","valueRequired":true,"valueName":"search_term_string"}}],"inLanguage":"ro-RO"},{"@type":"Organization","@id":"https:\/\/bridalfashion.com\/ro\/#organization","name":"BRIDAL FASHION \u2122 | Luxurious Wedding Dresses &amp; Fashionable Gowns for Women, Girls and Kids","url":"https:\/\/bridalfashion.com\/ro\/","logo":{"@type":"ImageObject","inLanguage":"ro-RO","@id":"https:\/\/bridalfashion.com\/ro\/#\/schema\/logo\/image\/","url":"https:\/\/bridalfashion.com\/wp-content\/uploads\/2022\/05\/cropped-BFG.png","contentUrl":"https:\/\/bridalfashion.com\/wp-content\/uploads\/2022\/05\/cropped-BFG.png","width":1771,"height":119,"caption":"BRIDAL FASHION \u2122 | Luxurious Wedding Dresses &amp; Fashionable Gowns for Women, Girls and Kids"},"image":{"@id":"https:\/\/bridalfashion.com\/ro\/#\/schema\/logo\/image\/"}}]}},"_links":{"self":[{"href":"https:\/\/bridalfashion.com\/ro\/wp-json\/wp\/v2\/product\/10040","targetHints":{"allow":["GET"]}}],"collection":[{"href":"https:\/\/bridalfashion.com\/ro\/wp-json\/wp\/v2\/product"}],"about":[{"href":"https:\/\/bridalfashion.com\/ro\/wp-json\/wp\/v2\/types\/product"}],"replies":[{"embeddable":true,"href":"https:\/\/bridalfashion.com\/ro\/wp-json\/wp\/v2\/comments?post=10040"}],"wp:featuredmedia":[{"embeddable":true,"href":"https:\/\/bridalfashion.com\/ro\/wp-json\/wp\/v2\/media\/4086"}],"wp:attachment":[{"href":"https:\/\/bridalfashion.com\/ro\/wp-json\/wp\/v2\/media?parent=10040"}],"wp:term":[{"taxonomy":"product_brand","embeddable":true,"href":"https:\/\/bridalfashion.com\/ro\/wp-json\/wp\/v2\/product_brand?post=10040"},{"taxonomy":"product_cat","embeddable":true,"href":"https:\/\/bridalfashion.com\/ro\/wp-json\/wp\/v2\/product_cat?post=10040"},{"taxonomy":"product_tag","embeddable":true,"href":"https:\/\/bridalfashion.com\/ro\/wp-json\/wp\/v2\/product_tag?post=10040"}],"curies":[{"name":"wp","href":"https:\/\/api.w.org\/{rel}","templated":true}]}}