{"id":10037,"date":"2021-09-24T11:00:33","date_gmt":"2022-02-14T10:11:03","guid":{"rendered":"https:\/\/bridalfashion.com\/rochie-de-mireasa-din-dantela-cu-broderie-si-paiete\/"},"modified":"2022-02-14T10:11:03","modified_gmt":"2022-02-14T10:11:03","slug":"rochie-de-mireasa-din-dantela-cu-broderie-si-paiete-stil-bf0159","status":"publish","type":"product","link":"https:\/\/bridalfashion.com\/ro\/inamorata-ro\/rochie-de-mireasa-din-dantela-cu-broderie-si-paiete-stil-bf0159\/","title":{"rendered":"Rochie de mireas\u0103 din dantel\u0103 cu broderie \u0219i paiete"},"content":{"rendered":"<p>Aceast\u0103 rochie este o solu\u021bie exclusiv\u0103 de design pentru mireasa care \u00ee\u0219i dore\u0219te un look simplu, dar elegant. Corsetul este confec\u021bionat dintr-o \u021bes\u0103tur\u0103 transparent\u0103, decorat cu detalii magistrale ale m\u0103rgelelor. T\u0103ietura ad\u00e2nc\u0103 \u00een V flateaz\u0103 decolteul, iar spatele deschis subliniaz\u0103 figura delicat\u0103 a miresei. Fusta este elegant\u0103 \u0219i rafinat\u0103. \u00cen plus, are o frumoas\u0103 tren\u0103 lung\u0103 care completeaz\u0103 imaginea.<\/p>\n","protected":false},"excerpt":{"rendered":"<h4>Stil: BF0159<\/h4>\n","protected":false},"featured_media":4074,"comment_status":"open","ping_status":"closed","template":"","meta":[],"product_brand":[],"product_cat":[932],"product_tag":[],"class_list":{"0":"post-10037","1":"product","2":"type-product","3":"status-publish","4":"has-post-thumbnail","6":"product_cat-inamorata-ro","8":"first","9":"instock","10":"taxable","11":"shipping-taxable","12":"product-type-simple"},"yoast_head":"<!-- This site is optimized with the Yoast SEO plugin v27.3 - https:\/\/yoast.com\/product\/yoast-seo-wordpress\/ -->\n<title>Rochie de mireas\u0103 din dantel\u0103 cu broderie \u0219i paiete - BRIDAL FASHION \u2122 | Luxurious Wedding Dresses &amp; Fashionable Gowns for Women, Girls and Kids<\/title>\n<meta name=\"description\" content=\"Aceast\u0103 rochie de mireas\u0103 de lux decorat\u0103 cu dantel\u0103 v\u0103 va oferi un aspect uimitor la s\u0103rb\u0103toarea dvs. Aplica\u021biile lineare de dantel\u0103 care \u00eempodobesc corsetul, subliniaz\u0103 frumos figura miresei. G\u00e2tul \u00een V face ca aceast\u0103 rochie s\u0103 fie \u0219i mai fermec\u0103toare.\" \/>\n<meta name=\"robots\" content=\"index, follow, max-snippet:-1, max-image-preview:large, max-video-preview:-1\" \/>\n<link rel=\"canonical\" href=\"https:\/\/bridalfashion.com\/ro\/inamorata-ro\/rochie-de-mireasa-din-dantela-cu-broderie-si-paiete-stil-bf0159\/\" \/>\n<meta property=\"og:locale\" content=\"ro_RO\" \/>\n<meta property=\"og:type\" content=\"article\" \/>\n<meta property=\"og:title\" content=\"Rochie de mireas\u0103 din dantel\u0103 cu broderie \u0219i paiete - BRIDAL FASHION \u2122 | Luxurious Wedding Dresses &amp; Fashionable Gowns for Women, Girls and Kids\" \/>\n<meta property=\"og:description\" content=\"Aceast\u0103 rochie de mireas\u0103 de lux decorat\u0103 cu dantel\u0103 v\u0103 va oferi un aspect uimitor la s\u0103rb\u0103toarea dvs. Aplica\u021biile lineare de dantel\u0103 care \u00eempodobesc corsetul, subliniaz\u0103 frumos figura miresei. G\u00e2tul \u00een V face ca aceast\u0103 rochie s\u0103 fie \u0219i mai fermec\u0103toare.\" \/>\n<meta property=\"og:url\" content=\"https:\/\/bridalfashion.com\/ro\/inamorata-ro\/rochie-de-mireasa-din-dantela-cu-broderie-si-paiete-stil-bf0159\/\" \/>\n<meta property=\"og:site_name\" content=\"BRIDAL FASHION \u2122 | Luxurious Wedding Dresses &amp; Fashionable Gowns for Women, Girls and Kids\" \/>\n<meta property=\"og:image\" content=\"https:\/\/bridalfashion.com\/wp-content\/uploads\/2021\/09\/BF0159_B.jpg\" \/>\n\t<meta property=\"og:image:width\" content=\"1516\" \/>\n\t<meta property=\"og:image:height\" content=\"2000\" \/>\n\t<meta property=\"og:image:type\" content=\"image\/jpeg\" \/>\n<meta name=\"twitter:card\" content=\"summary_large_image\" \/>\n<script type=\"application\/ld+json\" class=\"yoast-schema-graph\">{\"@context\":\"https:\\\/\\\/schema.org\",\"@graph\":[{\"@type\":\"WebPage\",\"@id\":\"https:\\\/\\\/bridalfashion.com\\\/ro\\\/inamorata-ro\\\/rochie-de-mireasa-din-dantela-cu-broderie-si-paiete-stil-bf0159\\\/\",\"url\":\"https:\\\/\\\/bridalfashion.com\\\/ro\\\/inamorata-ro\\\/rochie-de-mireasa-din-dantela-cu-broderie-si-paiete-stil-bf0159\\\/\",\"name\":\"Rochie de mireas\u0103 din dantel\u0103 cu broderie \u0219i paiete - BRIDAL FASHION \u2122 | Luxurious Wedding Dresses &amp; Fashionable Gowns for Women, Girls and Kids\",\"isPartOf\":{\"@id\":\"https:\\\/\\\/bridalfashion.com\\\/ro\\\/#website\"},\"primaryImageOfPage\":{\"@id\":\"https:\\\/\\\/bridalfashion.com\\\/ro\\\/inamorata-ro\\\/rochie-de-mireasa-din-dantela-cu-broderie-si-paiete-stil-bf0159\\\/#primaryimage\"},\"image\":{\"@id\":\"https:\\\/\\\/bridalfashion.com\\\/ro\\\/inamorata-ro\\\/rochie-de-mireasa-din-dantela-cu-broderie-si-paiete-stil-bf0159\\\/#primaryimage\"},\"thumbnailUrl\":\"https:\\\/\\\/bridalfashion.com\\\/wp-content\\\/uploads\\\/2021\\\/09\\\/BF0159_B.jpg\",\"datePublished\":\"2022-02-14T10:11:03+00:00\",\"description\":\"Aceast\u0103 rochie de mireas\u0103 de lux decorat\u0103 cu dantel\u0103 v\u0103 va oferi un aspect uimitor la s\u0103rb\u0103toarea dvs. Aplica\u021biile lineare de dantel\u0103 care \u00eempodobesc corsetul, subliniaz\u0103 frumos figura miresei. G\u00e2tul \u00een V face ca aceast\u0103 rochie s\u0103 fie \u0219i mai fermec\u0103toare.\",\"breadcrumb\":{\"@id\":\"https:\\\/\\\/bridalfashion.com\\\/ro\\\/inamorata-ro\\\/rochie-de-mireasa-din-dantela-cu-broderie-si-paiete-stil-bf0159\\\/#breadcrumb\"},\"inLanguage\":\"ro-RO\",\"potentialAction\":[{\"@type\":\"ReadAction\",\"target\":[\"https:\\\/\\\/bridalfashion.com\\\/ro\\\/inamorata-ro\\\/rochie-de-mireasa-din-dantela-cu-broderie-si-paiete-stil-bf0159\\\/\"]}]},{\"@type\":\"ImageObject\",\"inLanguage\":\"ro-RO\",\"@id\":\"https:\\\/\\\/bridalfashion.com\\\/ro\\\/inamorata-ro\\\/rochie-de-mireasa-din-dantela-cu-broderie-si-paiete-stil-bf0159\\\/#primaryimage\",\"url\":\"https:\\\/\\\/bridalfashion.com\\\/wp-content\\\/uploads\\\/2021\\\/09\\\/BF0159_B.jpg\",\"contentUrl\":\"https:\\\/\\\/bridalfashion.com\\\/wp-content\\\/uploads\\\/2021\\\/09\\\/BF0159_B.jpg\",\"width\":1516,\"height\":2000,\"caption\":\"Rochie de mireasa BF0159 Foto 3 - BRIDAL FASHION\"},{\"@type\":\"BreadcrumbList\",\"@id\":\"https:\\\/\\\/bridalfashion.com\\\/ro\\\/inamorata-ro\\\/rochie-de-mireasa-din-dantela-cu-broderie-si-paiete-stil-bf0159\\\/#breadcrumb\",\"itemListElement\":[{\"@type\":\"ListItem\",\"position\":1,\"name\":\"Home\",\"item\":\"https:\\\/\\\/bridalfashion.com\\\/ro\\\/\"},{\"@type\":\"ListItem\",\"position\":2,\"name\":\"Shop\",\"item\":\"https:\\\/\\\/bridalfashion.com\\\/shop-2\\\/\"},{\"@type\":\"ListItem\",\"position\":3,\"name\":\"Rochie de mireas\u0103 din dantel\u0103 cu broderie \u0219i paiete\"}]},{\"@type\":\"WebSite\",\"@id\":\"https:\\\/\\\/bridalfashion.com\\\/ro\\\/#website\",\"url\":\"https:\\\/\\\/bridalfashion.com\\\/ro\\\/\",\"name\":\"BRIDAL FASHION \u2122 | Luxurious Wedding Dresses &amp; Fashionable Gowns for Women, Girls and Kids\",\"description\":\"Welcome the leading manufacturer and supplier of wedding dresses. We offer in wholesale a large selection of high quality wedding dress collections and accessories for your business at competitive prices. Shop our full range of bridal products today!\",\"publisher\":{\"@id\":\"https:\\\/\\\/bridalfashion.com\\\/ro\\\/#organization\"},\"potentialAction\":[{\"@type\":\"SearchAction\",\"target\":{\"@type\":\"EntryPoint\",\"urlTemplate\":\"https:\\\/\\\/bridalfashion.com\\\/ro\\\/?s={search_term_string}\"},\"query-input\":{\"@type\":\"PropertyValueSpecification\",\"valueRequired\":true,\"valueName\":\"search_term_string\"}}],\"inLanguage\":\"ro-RO\"},{\"@type\":\"Organization\",\"@id\":\"https:\\\/\\\/bridalfashion.com\\\/ro\\\/#organization\",\"name\":\"BRIDAL FASHION \u2122 | Luxurious Wedding Dresses &amp; Fashionable Gowns for Women, Girls and Kids\",\"url\":\"https:\\\/\\\/bridalfashion.com\\\/ro\\\/\",\"logo\":{\"@type\":\"ImageObject\",\"inLanguage\":\"ro-RO\",\"@id\":\"https:\\\/\\\/bridalfashion.com\\\/ro\\\/#\\\/schema\\\/logo\\\/image\\\/\",\"url\":\"https:\\\/\\\/bridalfashion.com\\\/wp-content\\\/uploads\\\/2022\\\/05\\\/cropped-BFG.png\",\"contentUrl\":\"https:\\\/\\\/bridalfashion.com\\\/wp-content\\\/uploads\\\/2022\\\/05\\\/cropped-BFG.png\",\"width\":1771,\"height\":119,\"caption\":\"BRIDAL FASHION \u2122 | Luxurious Wedding Dresses &amp; Fashionable Gowns for Women, Girls and Kids\"},\"image\":{\"@id\":\"https:\\\/\\\/bridalfashion.com\\\/ro\\\/#\\\/schema\\\/logo\\\/image\\\/\"}}]}<\/script>\n<!-- \/ Yoast SEO plugin. -->","yoast_head_json":{"title":"Rochie de mireas\u0103 din dantel\u0103 cu broderie \u0219i paiete - BRIDAL FASHION \u2122 | Luxurious Wedding Dresses &amp; Fashionable Gowns for Women, Girls and Kids","description":"Aceast\u0103 rochie de mireas\u0103 de lux decorat\u0103 cu dantel\u0103 v\u0103 va oferi un aspect uimitor la s\u0103rb\u0103toarea dvs. Aplica\u021biile lineare de dantel\u0103 care \u00eempodobesc corsetul, subliniaz\u0103 frumos figura miresei. G\u00e2tul \u00een V face ca aceast\u0103 rochie s\u0103 fie \u0219i mai fermec\u0103toare.","robots":{"index":"index","follow":"follow","max-snippet":"max-snippet:-1","max-image-preview":"max-image-preview:large","max-video-preview":"max-video-preview:-1"},"canonical":"https:\/\/bridalfashion.com\/ro\/inamorata-ro\/rochie-de-mireasa-din-dantela-cu-broderie-si-paiete-stil-bf0159\/","og_locale":"ro_RO","og_type":"article","og_title":"Rochie de mireas\u0103 din dantel\u0103 cu broderie \u0219i paiete - BRIDAL FASHION \u2122 | Luxurious Wedding Dresses &amp; Fashionable Gowns for Women, Girls and Kids","og_description":"Aceast\u0103 rochie de mireas\u0103 de lux decorat\u0103 cu dantel\u0103 v\u0103 va oferi un aspect uimitor la s\u0103rb\u0103toarea dvs. Aplica\u021biile lineare de dantel\u0103 care \u00eempodobesc corsetul, subliniaz\u0103 frumos figura miresei. G\u00e2tul \u00een V face ca aceast\u0103 rochie s\u0103 fie \u0219i mai fermec\u0103toare.","og_url":"https:\/\/bridalfashion.com\/ro\/inamorata-ro\/rochie-de-mireasa-din-dantela-cu-broderie-si-paiete-stil-bf0159\/","og_site_name":"BRIDAL FASHION \u2122 | Luxurious Wedding Dresses &amp; Fashionable Gowns for Women, Girls and Kids","og_image":[{"width":1516,"height":2000,"url":"https:\/\/bridalfashion.com\/wp-content\/uploads\/2021\/09\/BF0159_B.jpg","type":"image\/jpeg"}],"twitter_card":"summary_large_image","schema":{"@context":"https:\/\/schema.org","@graph":[{"@type":"WebPage","@id":"https:\/\/bridalfashion.com\/ro\/inamorata-ro\/rochie-de-mireasa-din-dantela-cu-broderie-si-paiete-stil-bf0159\/","url":"https:\/\/bridalfashion.com\/ro\/inamorata-ro\/rochie-de-mireasa-din-dantela-cu-broderie-si-paiete-stil-bf0159\/","name":"Rochie de mireas\u0103 din dantel\u0103 cu broderie \u0219i paiete - BRIDAL FASHION \u2122 | Luxurious Wedding Dresses &amp; Fashionable Gowns for Women, Girls and Kids","isPartOf":{"@id":"https:\/\/bridalfashion.com\/ro\/#website"},"primaryImageOfPage":{"@id":"https:\/\/bridalfashion.com\/ro\/inamorata-ro\/rochie-de-mireasa-din-dantela-cu-broderie-si-paiete-stil-bf0159\/#primaryimage"},"image":{"@id":"https:\/\/bridalfashion.com\/ro\/inamorata-ro\/rochie-de-mireasa-din-dantela-cu-broderie-si-paiete-stil-bf0159\/#primaryimage"},"thumbnailUrl":"https:\/\/bridalfashion.com\/wp-content\/uploads\/2021\/09\/BF0159_B.jpg","datePublished":"2022-02-14T10:11:03+00:00","description":"Aceast\u0103 rochie de mireas\u0103 de lux decorat\u0103 cu dantel\u0103 v\u0103 va oferi un aspect uimitor la s\u0103rb\u0103toarea dvs. Aplica\u021biile lineare de dantel\u0103 care \u00eempodobesc corsetul, subliniaz\u0103 frumos figura miresei. G\u00e2tul \u00een V face ca aceast\u0103 rochie s\u0103 fie \u0219i mai fermec\u0103toare.","breadcrumb":{"@id":"https:\/\/bridalfashion.com\/ro\/inamorata-ro\/rochie-de-mireasa-din-dantela-cu-broderie-si-paiete-stil-bf0159\/#breadcrumb"},"inLanguage":"ro-RO","potentialAction":[{"@type":"ReadAction","target":["https:\/\/bridalfashion.com\/ro\/inamorata-ro\/rochie-de-mireasa-din-dantela-cu-broderie-si-paiete-stil-bf0159\/"]}]},{"@type":"ImageObject","inLanguage":"ro-RO","@id":"https:\/\/bridalfashion.com\/ro\/inamorata-ro\/rochie-de-mireasa-din-dantela-cu-broderie-si-paiete-stil-bf0159\/#primaryimage","url":"https:\/\/bridalfashion.com\/wp-content\/uploads\/2021\/09\/BF0159_B.jpg","contentUrl":"https:\/\/bridalfashion.com\/wp-content\/uploads\/2021\/09\/BF0159_B.jpg","width":1516,"height":2000,"caption":"Rochie de mireasa BF0159 Foto 3 - BRIDAL FASHION"},{"@type":"BreadcrumbList","@id":"https:\/\/bridalfashion.com\/ro\/inamorata-ro\/rochie-de-mireasa-din-dantela-cu-broderie-si-paiete-stil-bf0159\/#breadcrumb","itemListElement":[{"@type":"ListItem","position":1,"name":"Home","item":"https:\/\/bridalfashion.com\/ro\/"},{"@type":"ListItem","position":2,"name":"Shop","item":"https:\/\/bridalfashion.com\/shop-2\/"},{"@type":"ListItem","position":3,"name":"Rochie de mireas\u0103 din dantel\u0103 cu broderie \u0219i paiete"}]},{"@type":"WebSite","@id":"https:\/\/bridalfashion.com\/ro\/#website","url":"https:\/\/bridalfashion.com\/ro\/","name":"BRIDAL FASHION \u2122 | Luxurious Wedding Dresses &amp; Fashionable Gowns for Women, Girls and Kids","description":"Welcome the leading manufacturer and supplier of wedding dresses. We offer in wholesale a large selection of high quality wedding dress collections and accessories for your business at competitive prices. Shop our full range of bridal products today!","publisher":{"@id":"https:\/\/bridalfashion.com\/ro\/#organization"},"potentialAction":[{"@type":"SearchAction","target":{"@type":"EntryPoint","urlTemplate":"https:\/\/bridalfashion.com\/ro\/?s={search_term_string}"},"query-input":{"@type":"PropertyValueSpecification","valueRequired":true,"valueName":"search_term_string"}}],"inLanguage":"ro-RO"},{"@type":"Organization","@id":"https:\/\/bridalfashion.com\/ro\/#organization","name":"BRIDAL FASHION \u2122 | Luxurious Wedding Dresses &amp; Fashionable Gowns for Women, Girls and Kids","url":"https:\/\/bridalfashion.com\/ro\/","logo":{"@type":"ImageObject","inLanguage":"ro-RO","@id":"https:\/\/bridalfashion.com\/ro\/#\/schema\/logo\/image\/","url":"https:\/\/bridalfashion.com\/wp-content\/uploads\/2022\/05\/cropped-BFG.png","contentUrl":"https:\/\/bridalfashion.com\/wp-content\/uploads\/2022\/05\/cropped-BFG.png","width":1771,"height":119,"caption":"BRIDAL FASHION \u2122 | Luxurious Wedding Dresses &amp; Fashionable Gowns for Women, Girls and Kids"},"image":{"@id":"https:\/\/bridalfashion.com\/ro\/#\/schema\/logo\/image\/"}}]}},"_links":{"self":[{"href":"https:\/\/bridalfashion.com\/ro\/wp-json\/wp\/v2\/product\/10037","targetHints":{"allow":["GET"]}}],"collection":[{"href":"https:\/\/bridalfashion.com\/ro\/wp-json\/wp\/v2\/product"}],"about":[{"href":"https:\/\/bridalfashion.com\/ro\/wp-json\/wp\/v2\/types\/product"}],"replies":[{"embeddable":true,"href":"https:\/\/bridalfashion.com\/ro\/wp-json\/wp\/v2\/comments?post=10037"}],"wp:featuredmedia":[{"embeddable":true,"href":"https:\/\/bridalfashion.com\/ro\/wp-json\/wp\/v2\/media\/4074"}],"wp:attachment":[{"href":"https:\/\/bridalfashion.com\/ro\/wp-json\/wp\/v2\/media?parent=10037"}],"wp:term":[{"taxonomy":"product_brand","embeddable":true,"href":"https:\/\/bridalfashion.com\/ro\/wp-json\/wp\/v2\/product_brand?post=10037"},{"taxonomy":"product_cat","embeddable":true,"href":"https:\/\/bridalfashion.com\/ro\/wp-json\/wp\/v2\/product_cat?post=10037"},{"taxonomy":"product_tag","embeddable":true,"href":"https:\/\/bridalfashion.com\/ro\/wp-json\/wp\/v2\/product_tag?post=10037"}],"curies":[{"name":"wp","href":"https:\/\/api.w.org\/{rel}","templated":true}]}}